{"id":958,"date":"2026-04-13T10:30:03","date_gmt":"2026-04-13T10:30:03","guid":{"rendered":"https:\/\/www.southvillabath.com\/?post_type=product&#038;p=958"},"modified":"2026-04-22T06:30:37","modified_gmt":"2026-04-22T06:30:37","slug":"wholesale-washdown-one-piece-toilets","status":"publish","type":"product","link":"https:\/\/www.southvillabath.com\/pt\/product\/wholesale-washdown-one-piece-toilets\/","title":{"rendered":"Sanita de uma pe\u00e7a para lavagem por atacado SH-271 - Fornecimento a granel de alta qualidade"},"content":{"rendered":"<div class=\"wp-block-columns is-layout-flex wp-container-core-columns-is-layout-9d6595d7 wp-block-columns-is-layout-flex\">\n<div class=\"wp-block-column is-layout-flow wp-block-column-is-layout-flow\">\n<h3 class=\"wp-block-heading\">Carater\u00edsticas da sanita de uma s\u00f3 pe\u00e7a<\/h3>\n\n\n\n<ul class=\"wp-block-list\">\n<li><strong>Design de uma s\u00f3 pe\u00e7a sem costuras:<\/strong> Ao contr\u00e1rio dos modelos tradicionais de duas pe\u00e7as, n\u00e3o existem espa\u00e7os ou fendas onde a sujidade, o bolor ou as bact\u00e9rias se possam acumular ao longo do tempo.<\/li>\n\n\n\n<li><strong>Ergonomicamente curvo: <\/strong>O design aerodin\u00e2mico e arredondado n\u00e3o s\u00f3 poupa espa\u00e7o como tamb\u00e9m aumenta o conforto dos utilizadores, adaptando-se naturalmente \u00e0 postura do corpo.<\/li>\n\n\n\n<li><strong>Materiais dur\u00e1veis e de alta qualidade: <\/strong>Constru\u00eddas em cer\u00e2mica de primeira qualidade com um acabamento em esmalte de alto brilho, estas sanitas foram concebidas para resistir a anos de utiliza\u00e7\u00e3o frequente sem perder a sua integridade ou aspeto.<\/li>\n\n\n\n<li><strong>Compacto e economizador de espa\u00e7o:<\/strong> Cuidadosamente concebidas para maximizar o conforto e minimizar a \u00e1rea ocupada, estas sanitas s\u00e3o ideais para casas de banho modernas onde o espa\u00e7o \u00e9 escasso.<\/li>\n\n\n\n<li><strong>Poupan\u00e7a de \u00e1gua e conformidade: <\/strong>Possu\u00edmos documenta\u00e7\u00e3o e certifica\u00e7\u00f5es de conformidade abrangentes e as nossas sanitas s\u00e3o concebidas para cumprir as normas modernas de poupan\u00e7a de \u00e1gua, permitindo aos clientes entrar com \u00eaxito nos mercados regulamentados (EUA, UE e M\u00e9dio Oriente).<\/li>\n\n\n\n<li><strong>Fornecimento a granel com boa rela\u00e7\u00e3o custo-benef\u00edcio: <\/strong>Como fabricante profissional de sanitas, oferecemos pre\u00e7os competitivos sem comprometer a qualidade.<\/li>\n<\/ul>\n<\/div>\n\n\n\n<div class=\"wp-block-column is-layout-flow wp-block-column-is-layout-flow\">\n<figure class=\"wp-block-image size-full\"><img decoding=\"async\" width=\"1173\" height=\"832\" src=\"https:\/\/www.southvillabath.com\/wp-content\/uploads\/2026\/03\/wholesale-washdown-one\u2011piece-toilet-2.webp\" alt=\"sanita de uma pe\u00e7a com lavagem por atacado (2)\" class=\"wp-image-962\" srcset=\"https:\/\/www.southvillabath.com\/wp-content\/uploads\/2026\/03\/wholesale-washdown-one\u2011piece-toilet-2.webp 1173w, https:\/\/www.southvillabath.com\/wp-content\/uploads\/2026\/03\/wholesale-washdown-one\u2011piece-toilet-2-300x213.webp 300w, https:\/\/www.southvillabath.com\/wp-content\/uploads\/2026\/03\/wholesale-washdown-one\u2011piece-toilet-2-768x545.webp 768w, https:\/\/www.southvillabath.com\/wp-content\/uploads\/2026\/03\/wholesale-washdown-one\u2011piece-toilet-2-18x12.webp 18w, https:\/\/www.southvillabath.com\/wp-content\/uploads\/2026\/03\/wholesale-washdown-one\u2011piece-toilet-2-600x426.webp 600w\" sizes=\"(max-width: 1173px) 100vw, 1173px\" \/><\/figure>\n<\/div>\n<\/div>","protected":false},"excerpt":{"rendered":"<p data-pm-slice=\"0 0 []\">Melhore os seus projectos de casa de banho com as nossas sanitas monobloco de qualidade superior, concebidas para aplica\u00e7\u00f5es residenciais e comerciais. Combinando uma constru\u00e7\u00e3o em cer\u00e2mica dur\u00e1vel, um design elegante e arredondado e um autoclismo de alto desempenho, estas sanitas de uma s\u00f3 pe\u00e7a oferecem um desempenho fi\u00e1vel, uma manuten\u00e7\u00e3o higi\u00e9nica f\u00e1cil e uma est\u00e9tica moderna, o que as torna a escolha ideal para projectos comerciais e de venda por grosso.<\/p>\n<p data-pm-slice=\"0 0 []\">Como fabricante de sanit\u00e1rios, fornecemos servi\u00e7os profissionais de apoio B2B - incluindo cota\u00e7\u00e3o r\u00e1pida e assist\u00eancia t\u00e9cnica - para facilitar aos compradores B2B a venda, instala\u00e7\u00e3o e apoio dos nossos produtos.<\/p>\n<h2><strong><b>Sanita de uma s\u00f3 pe\u00e7a <\/b><\/strong><strong><b>Especifica\u00e7\u00e3o<\/b><\/strong><\/h2>\n<table>\n<tbody>\n<tr>\n<td><strong><b>Especifica\u00e7\u00e3o<\/b><\/strong><\/td>\n<td><strong><b>Detalhes<\/b><\/strong><\/td>\n<\/tr>\n<tr>\n<td>Modelo<\/td>\n<td>SH-271<\/td>\n<\/tr>\n<tr>\n<td>Tipo de sanita<\/td>\n<td>Sanita de uma pe\u00e7a<\/td>\n<\/tr>\n<tr>\n<td>Tamanho<\/td>\n<td>630 mm x 380 mm x 770 mm<\/td>\n<\/tr>\n<tr>\n<td>Sistema de descarga<\/td>\n<td>Jato de lavagem<\/td>\n<\/tr>\n<tr>\n<td>Carater\u00edstica do assento<\/td>\n<td>Assento com fecho suave<\/td>\n<\/tr>\n<tr>\n<td>Servi\u00e7o OEM e ODM<\/td>\n<td>Log\u00f3tipo, cores, embalagem, forma do produto e carater\u00edsticas personalizadas dispon\u00edveis<\/td>\n<\/tr>\n<tr>\n<td>Tipo de drenagem<\/td>\n<td>P-trap: 180mm \/ S-trap: 250mm<\/td>\n<\/tr>\n<tr>\n<td>MOQ<\/td>\n<td>50 unidades, flex\u00edvel para discuss\u00e3o posterior<\/td>\n<\/tr>\n<\/tbody>\n<\/table>\n<p>&nbsp;<\/p>\n<\/p><\/p>","protected":false},"featured_media":961,"comment_status":"closed","ping_status":"closed","template":"","meta":{"_acf_changed":false},"product_brand":[],"product_cat":[17,36],"product_tag":[],"class_list":{"0":"post-958","1":"product","2":"type-product","3":"status-publish","4":"has-post-thumbnail","6":"product_cat-wholesale-one-piece-toilets","7":"product_cat-wholesale-washdown-one-piece-toilets","9":"first","10":"instock","11":"shipping-taxable","12":"product-type-simple"},"acf":[],"_links":{"self":[{"href":"https:\/\/www.southvillabath.com\/pt\/wp-json\/wp\/v2\/product\/958","targetHints":{"allow":["GET"]}}],"collection":[{"href":"https:\/\/www.southvillabath.com\/pt\/wp-json\/wp\/v2\/product"}],"about":[{"href":"https:\/\/www.southvillabath.com\/pt\/wp-json\/wp\/v2\/types\/product"}],"replies":[{"embeddable":true,"href":"https:\/\/www.southvillabath.com\/pt\/wp-json\/wp\/v2\/comments?post=958"}],"wp:featuredmedia":[{"embeddable":true,"href":"https:\/\/www.southvillabath.com\/pt\/wp-json\/wp\/v2\/media\/961"}],"wp:attachment":[{"href":"https:\/\/www.southvillabath.com\/pt\/wp-json\/wp\/v2\/media?parent=958"}],"wp:term":[{"taxonomy":"product_brand","embeddable":true,"href":"https:\/\/www.southvillabath.com\/pt\/wp-json\/wp\/v2\/product_brand?post=958"},{"taxonomy":"product_cat","embeddable":true,"href":"https:\/\/www.southvillabath.com\/pt\/wp-json\/wp\/v2\/product_cat?post=958"},{"taxonomy":"product_tag","embeddable":true,"href":"https:\/\/www.southvillabath.com\/pt\/wp-json\/wp\/v2\/product_tag?post=958"}],"curies":[{"name":"wp","href":"https:\/\/api.w.org\/{rel}","templated":true}]}}