{"id":957,"date":"2026-04-09T00:56:26","date_gmt":"2026-04-09T00:56:26","guid":{"rendered":"https:\/\/www.southvillabath.com\/?post_type=product&#038;p=957"},"modified":"2026-04-09T03:36:50","modified_gmt":"2026-04-09T03:36:50","slug":"ce-certification-wall-mounted-toilets-wholesale","status":"publish","type":"product","link":"https:\/\/www.southvillabath.com\/pt\/product\/ce-certification-wall-mounted-toilets-wholesale\/","title":{"rendered":"Retalho de sanita de parede moderna e elegante SH-004 - Certifica\u00e7\u00e3o CE e tamanho grande"},"content":{"rendered":"<div class=\"wp-block-columns is-layout-flex wp-container-core-columns-is-layout-9d6595d7 wp-block-columns-is-layout-flex\">\n<div class=\"wp-block-column is-layout-flow wp-block-column-is-layout-flow\">\n<h3 class=\"wp-block-heading\">Carater\u00edsticas da sanita suspensa<\/h3>\n\n\n\n<ul class=\"wp-block-list\">\n<li><strong>Optimized Space Utilization:<\/strong> Featuring a wall-hung structure, this toilet frees up valuable floor space. The concealed cistern design enhances visual openness, making it ideal for apartments, hotels, and small commercial restrooms.<\/li>\n\n\n\n<li><strong>Clean, Minimalist Aesthetic:<\/strong> The sleek, fully skirted body delivers a modern, seamless look that aligns with contemporary bathroom trends. It integrates easily into high-end residential and commercial interior designs.<\/li>\n\n\n\n<li><strong>Efficient Washdown Jet Flushing: <\/strong>Equipped with a washdown jet system, the toilet provides strong, direct flushing power. This ensures fast waste removal, reduces clogging risk.<\/li>\n\n\n\n<li><strong>Comfortable \u201cLarge Size\u201d Design: <\/strong>The enlarged bowl design enhances user comfort compared to compact models. It offers a more ergonomic seating experience, meeting the expectations of both residential and hospitality users.<\/li>\n\n\n\n<li><strong>Certified Quality Assurance:<\/strong> This toilet has obtained CE certification, making it a reliable choice for the global market and large-scale procurement.<\/li>\n<\/ul>\n<\/div>\n\n\n\n<div class=\"wp-block-column is-layout-flow wp-block-column-is-layout-flow\">\n<figure class=\"wp-block-image size-full\"><img decoding=\"async\" width=\"1211\" height=\"750\" src=\"https:\/\/www.southvillabath.com\/wp-content\/uploads\/2026\/03\/wholesale-wall-hung-toilets-2.webp\" alt=\"wholesale wall-hung toilets (2)\" class=\"wp-image-986\" srcset=\"https:\/\/www.southvillabath.com\/wp-content\/uploads\/2026\/03\/wholesale-wall-hung-toilets-2.webp 1211w, https:\/\/www.southvillabath.com\/wp-content\/uploads\/2026\/03\/wholesale-wall-hung-toilets-2-300x186.webp 300w, https:\/\/www.southvillabath.com\/wp-content\/uploads\/2026\/03\/wholesale-wall-hung-toilets-2-768x476.webp 768w, https:\/\/www.southvillabath.com\/wp-content\/uploads\/2026\/03\/wholesale-wall-hung-toilets-2-18x12.webp 18w, https:\/\/www.southvillabath.com\/wp-content\/uploads\/2026\/03\/wholesale-wall-hung-toilets-2-1200x743.webp 1200w, https:\/\/www.southvillabath.com\/wp-content\/uploads\/2026\/03\/wholesale-wall-hung-toilets-2-600x372.webp 600w\" sizes=\"(max-width: 1211px) 100vw, 1211px\" \/><\/figure>\n<\/div>\n<\/div>","protected":false},"excerpt":{"rendered":"<p>The wholesale Wall-Hung Toilet maximizes space without compromising style. Its minimalist design seamlessly integrates into modern apartments, boutique hotels, and small commercial restrooms, while the efficient washdown system ensures superior hygiene and easy cleaning.<\/p>\n<h2><strong><b>Sanita suspensa <\/b><\/strong><strong><b>Especifica\u00e7\u00e3o<\/b><\/strong><\/h2>\n<table>\n<tbody>\n<tr>\n<td><strong><b>Especifica\u00e7\u00e3o<\/b><\/strong><\/td>\n<td><strong><b>Detalhes<\/b><\/strong><\/td>\n<\/tr>\n<tr>\n<td>Modelo<\/td>\n<td>SH-004<\/td>\n<\/tr>\n<tr>\n<td>Tipo de sanita<\/td>\n<td>Sanita suspensa<\/td>\n<\/tr>\n<tr>\n<td>Tamanho<\/td>\n<td>570mm x 350mm x 340mm<\/td>\n<\/tr>\n<tr>\n<td>Sistema de descarga<\/td>\n<td>Jato de lavagem<\/td>\n<\/tr>\n<tr>\n<td>Carater\u00edstica do assento<\/td>\n<td>Assento com fecho suave<\/td>\n<\/tr>\n<tr>\n<td>Servi\u00e7o OEM e ODM<\/td>\n<td>Log\u00f3tipo, cores, embalagem, forma do produto e carater\u00edsticas personalizadas dispon\u00edveis<\/td>\n<\/tr>\n<tr>\n<tr>\n<td>Tipo de drenagem<\/td>\n<td>P-trap: 180mm<\/td>\n<\/tr>\n<td>MOQ<\/td>\n<td>50 unidades, flex\u00edvel para discuss\u00e3o posterior<\/td>\n<\/tr>\n<\/tbody>\n<\/table>\n<p>&nbsp;<\/p>\n<\/p><\/p>","protected":false},"featured_media":985,"comment_status":"closed","ping_status":"closed","template":"","meta":{"_acf_changed":true},"product_brand":[],"product_cat":[19],"product_tag":[],"class_list":{"0":"post-957","1":"product","2":"type-product","3":"status-publish","4":"has-post-thumbnail","6":"product_cat-wholesale-wall-hung-toilets","8":"first","9":"instock","10":"shipping-taxable","11":"product-type-simple"},"acf":[],"_links":{"self":[{"href":"https:\/\/www.southvillabath.com\/pt\/wp-json\/wp\/v2\/product\/957","targetHints":{"allow":["GET"]}}],"collection":[{"href":"https:\/\/www.southvillabath.com\/pt\/wp-json\/wp\/v2\/product"}],"about":[{"href":"https:\/\/www.southvillabath.com\/pt\/wp-json\/wp\/v2\/types\/product"}],"replies":[{"embeddable":true,"href":"https:\/\/www.southvillabath.com\/pt\/wp-json\/wp\/v2\/comments?post=957"}],"wp:featuredmedia":[{"embeddable":true,"href":"https:\/\/www.southvillabath.com\/pt\/wp-json\/wp\/v2\/media\/985"}],"wp:attachment":[{"href":"https:\/\/www.southvillabath.com\/pt\/wp-json\/wp\/v2\/media?parent=957"}],"wp:term":[{"taxonomy":"product_brand","embeddable":true,"href":"https:\/\/www.southvillabath.com\/pt\/wp-json\/wp\/v2\/product_brand?post=957"},{"taxonomy":"product_cat","embeddable":true,"href":"https:\/\/www.southvillabath.com\/pt\/wp-json\/wp\/v2\/product_cat?post=957"},{"taxonomy":"product_tag","embeddable":true,"href":"https:\/\/www.southvillabath.com\/pt\/wp-json\/wp\/v2\/product_tag?post=957"}],"curies":[{"name":"wp","href":"https:\/\/api.w.org\/{rel}","templated":true}]}}