{"id":771,"date":"2026-03-10T10:02:36","date_gmt":"2026-03-10T10:02:36","guid":{"rendered":"https:\/\/shangcai.tongdeceramic.com\/?post_type=product&#038;p=771"},"modified":"2026-03-10T23:52:05","modified_gmt":"2026-03-10T23:52:05","slug":"bulk-wall-hung-basin-factory-and-supplier","status":"publish","type":"product","link":"https:\/\/www.southvillabath.com\/pt\/product\/bulk-wall-hung-basin-factory-and-supplier\/","title":{"rendered":"F\u00e1brica e fornecedor de lavat\u00f3rio suspenso a granel, alta qualidade, pre\u00e7o direto da f\u00e1brica, apoio \u00e0 personaliza\u00e7\u00e3o da marca"},"content":{"rendered":"<div class=\"wp-block-columns is-layout-flex wp-container-core-columns-is-layout-9d6595d7 wp-block-columns-is-layout-flex\">\n<div class=\"wp-block-column is-layout-flow wp-block-column-is-layout-flow\">\n<h3 class=\"wp-block-heading\">Wall Hung Basin Features<\/h3>\n\n\n\n<ul class=\"wp-block-list\">\n<li><strong>Space-Saving &amp; Versatile Design:<\/strong> Wall-mounted installation frees up floor space, making the basins perfect for hotels, commercial projects, apartments, and modern residential bathrooms.<\/li>\n\n\n\n<li><strong>F\u00e1cil instala\u00e7\u00e3o e manuten\u00e7\u00e3o: <\/strong>Lightweight, ergonomic, and easy to mount, the basins reduce labor costs and simplify large-scale project implementation.<\/li>\n\n\n\n<li><strong>High-Quality Construction: <\/strong>Made from premium glazed ceramic, each basin is durable, scratch-resistant, and easy to maintain. High-temperature firing ensures low water absorption, long-lasting performance, and a premium finish.<\/li>\n\n\n\n<li><strong>Factory-Direct Supply: <\/strong>As a basin manufacturer, we provide basins directly from our factory, eliminating middlemen and ensuring competitive pricing for bulk orders.<\/li>\n\n\n\n<li><strong>Custom Branding &amp; Design Support: <\/strong>We offer brand customization options including logo engraving, packaging solutions, and color variations, helping businesses create a unique product line for their clients.<\/li>\n<\/ul>\n<\/div>\n\n\n\n<div class=\"wp-block-column is-layout-flow wp-block-column-is-layout-flow\">\n<figure class=\"wp-block-image size-full\"><img decoding=\"async\" width=\"734\" height=\"859\" src=\"https:\/\/www.southvillabath.com\/wp-content\/uploads\/2026\/03\/wall-hung-basin-details.webp\" alt=\"wall hung basin details\" class=\"wp-image-783\" srcset=\"https:\/\/www.southvillabath.com\/wp-content\/uploads\/2026\/03\/wall-hung-basin-details.webp 734w, https:\/\/www.southvillabath.com\/wp-content\/uploads\/2026\/03\/wall-hung-basin-details-256x300.webp 256w, https:\/\/www.southvillabath.com\/wp-content\/uploads\/2026\/03\/wall-hung-basin-details-600x702.webp 600w\" sizes=\"(max-width: 734px) 100vw, 734px\" \/><\/figure>\n<\/div>\n<\/div>\n\n\n\n<p><\/p>","protected":false},"excerpt":{"rendered":"<p>Our high-quality ceramic wall-hung basins combine durability, modern design, and easy installation, offering brand customization support for logos, packaging, or colors. Perfect for bulk orders, hotels, apartments, and commercial projects. Welcome to contact us!<\/p>\n<h2><strong><b>Especifica\u00e7\u00f5es do lavat\u00f3rio suspenso<\/b><\/strong><\/h2>\n<table>\n<tbody>\n<tr>\n<td><strong><b>Especifica\u00e7\u00e3o<\/b><\/strong><\/td>\n<td><strong><b>Detalhes<\/b><\/strong><\/td>\n<\/tr>\n<tr>\n<td>Modelo<\/td>\n<td>SH-115<\/td>\n<\/tr>\n<tr>\n<td>Tipo de produto<\/td>\n<td>Lavat\u00f3rio suspenso<\/td>\n<\/tr>\n<tr>\n<td>Estilo<\/td>\n<td>Moderno<\/td>\n<\/tr>\n<tr>\n<td>Carater\u00edstica<\/td>\n<td>Suave<\/td>\n<\/tr>\n<tr>\n<td>Aplica\u00e7\u00e3o<\/td>\n<td>Casa de banho<\/td>\n<\/tr>\n<tr>\n<td>Servi\u00e7o OEM e ODM<\/td>\n<td>Log\u00f3tipo, cores, embalagem, forma do produto e carater\u00edsticas personalizadas dispon\u00edveis<\/td>\n<\/tr>\n<tr>\n<td>MOQ<\/td>\n<td>50 unidades, flex\u00edvel para discuss\u00e3o posterior<\/td>\n<\/tr>\n<\/tbody>\n<\/table>\n<p>&nbsp;<\/p>\n<p><script src=\"chrome-extension:\/\/fpelahbljekknahkcaegamhcndkfpfnc\/iFrame.js\" type=\"text\/javascript\"><\/script><\/p>\n<p>\n<script src=\"chrome-extension:\/\/fpelahbljekknahkcaegamhcndkfpfnc\/iFrame.js\" type=\"text\/javascript\"><\/script><\/p>","protected":false},"featured_media":778,"comment_status":"closed","ping_status":"closed","template":"","meta":{"_acf_changed":true},"product_brand":[],"product_cat":[23],"product_tag":[],"class_list":{"0":"post-771","1":"product","2":"type-product","3":"status-publish","4":"has-post-thumbnail","6":"product_cat-wholesale-washbasins","8":"first","9":"instock","10":"shipping-taxable","11":"product-type-simple"},"acf":[],"_links":{"self":[{"href":"https:\/\/www.southvillabath.com\/pt\/wp-json\/wp\/v2\/product\/771","targetHints":{"allow":["GET"]}}],"collection":[{"href":"https:\/\/www.southvillabath.com\/pt\/wp-json\/wp\/v2\/product"}],"about":[{"href":"https:\/\/www.southvillabath.com\/pt\/wp-json\/wp\/v2\/types\/product"}],"replies":[{"embeddable":true,"href":"https:\/\/www.southvillabath.com\/pt\/wp-json\/wp\/v2\/comments?post=771"}],"wp:featuredmedia":[{"embeddable":true,"href":"https:\/\/www.southvillabath.com\/pt\/wp-json\/wp\/v2\/media\/778"}],"wp:attachment":[{"href":"https:\/\/www.southvillabath.com\/pt\/wp-json\/wp\/v2\/media?parent=771"}],"wp:term":[{"taxonomy":"product_brand","embeddable":true,"href":"https:\/\/www.southvillabath.com\/pt\/wp-json\/wp\/v2\/product_brand?post=771"},{"taxonomy":"product_cat","embeddable":true,"href":"https:\/\/www.southvillabath.com\/pt\/wp-json\/wp\/v2\/product_cat?post=771"},{"taxonomy":"product_tag","embeddable":true,"href":"https:\/\/www.southvillabath.com\/pt\/wp-json\/wp\/v2\/product_tag?post=771"}],"curies":[{"name":"wp","href":"https:\/\/api.w.org\/{rel}","templated":true}]}}