{"id":756,"date":"2026-03-10T09:22:33","date_gmt":"2026-03-10T09:22:33","guid":{"rendered":"https:\/\/shangcai.tongdeceramic.com\/?post_type=product&#038;p=756"},"modified":"2026-03-10T09:53:16","modified_gmt":"2026-03-10T09:53:16","slug":"wholesale-premium-wall-hung-basins","status":"publish","type":"product","link":"https:\/\/www.southvillabath.com\/pt\/product\/wholesale-premium-wall-hung-basins\/","title":{"rendered":"Lavat\u00f3rios suspensos Premium por atacado, Fornecimento de f\u00e1brica de lavat\u00f3rios de casa de banho modernos"},"content":{"rendered":"<div class=\"wp-block-columns is-layout-flex wp-container-core-columns-is-layout-9d6595d7 wp-block-columns-is-layout-flex\">\n<div class=\"wp-block-column is-layout-flow wp-block-column-is-layout-flow\">\n<h3 class=\"wp-block-heading\">Wall-Hung Basin Features<\/h3>\n\n\n\n<ul class=\"wp-block-list\">\n<li><strong>Space-Saving Design: <\/strong>Wall-mounted installation frees up floor space, making bathrooms look more spacious and open. Ideal for small apartments, guest bathrooms, and modern layouts.<\/li>\n\n\n\n<li><strong>Limpeza e manuten\u00e7\u00e3o f\u00e1ceis: <\/strong>With no floor supports, cleaning under the basin is effortless. High-quality glazed ceramic resists stains and scratches, ensuring a smooth, hygienic surface.<\/li>\n\n\n\n<li><strong>Durabilidade Premium: <\/strong>Fabricadas em cer\u00e2mica cozida a alta temperatura com baixa absor\u00e7\u00e3o de \u00e1gua, estas bacias resistem a fissuras, amarelecimento e desgaste.<\/li>\n\n\n\n<li><strong>Versatilidade comercial e grossista: <\/strong>Adjustable wall-mount height and consistent yet varied design options make this series perfect for hotels, offices, and residential projects requiring bulk procurement.<\/li>\n\n\n\n<li><strong>Fabrico direto na f\u00e1brica: <\/strong>Somos um fabricante direto de lavat\u00f3rio, oferecendo pre\u00e7os de f\u00e1brica, capacidade de produ\u00e7\u00e3o est\u00e1vel e fornecimento a granel fi\u00e1vel para compradores globais.<\/li>\n<\/ul>\n<\/div>\n\n\n\n<div class=\"wp-block-column is-layout-flow wp-block-column-is-layout-flow\">\n<figure class=\"wp-block-image size-full\"><img decoding=\"async\" width=\"750\" height=\"750\" src=\"https:\/\/www.southvillabath.com\/wp-content\/uploads\/2026\/03\/Wholesale-Wall-Hung-Basin-5.webp\" alt=\"Wholesale Wall-Hung Basin (5)\" class=\"wp-image-763\" srcset=\"https:\/\/www.southvillabath.com\/wp-content\/uploads\/2026\/03\/Wholesale-Wall-Hung-Basin-5.webp 750w, https:\/\/www.southvillabath.com\/wp-content\/uploads\/2026\/03\/Wholesale-Wall-Hung-Basin-5-300x300.webp 300w, https:\/\/www.southvillabath.com\/wp-content\/uploads\/2026\/03\/Wholesale-Wall-Hung-Basin-5-150x150.webp 150w, https:\/\/www.southvillabath.com\/wp-content\/uploads\/2026\/03\/Wholesale-Wall-Hung-Basin-5-600x600.webp 600w, https:\/\/www.southvillabath.com\/wp-content\/uploads\/2026\/03\/Wholesale-Wall-Hung-Basin-5-100x100.webp 100w\" sizes=\"(max-width: 750px) 100vw, 750px\" \/><\/figure>\n<\/div>\n<\/div>","protected":false},"excerpt":{"rendered":"<p data-pm-slice=\"0 0 []\">Our Wholesale Premium Wall-Hung Basins combine modern aesthetics with practical functionality, designed specifically for B2B buyers and large-scale projects. The series offers four different looks to choose from.<\/p>\n<p>As a manufacturer, we ensure consistent quality, durability, and efficient production, delivering reliable, high-quality bathroom solutions for distributors, contractors, and property developers.<\/p>\n<h2><strong><b>Premium Wall-Hung Basin <\/b><\/strong><strong><b>Especifica\u00e7\u00e3o<\/b><\/strong><\/h2>\n<table>\n<tbody>\n<tr>\n<td><strong><b>Especifica\u00e7\u00e3o<\/b><\/strong><\/td>\n<td><strong><b>Detalhes<\/b><\/strong><\/td>\n<\/tr>\n<tr>\n<td>Modelo<\/td>\n<td>SH-222\/SH-224\/SH-226\/SH-228<\/td>\n<\/tr>\n<tr>\n<td>Tipo de produto<\/td>\n<td>Lavat\u00f3rio suspenso<\/td>\n<\/tr>\n<tr>\n<td>Estilo<\/td>\n<td>Moderno<\/td>\n<\/tr>\n<tr>\n<td>Carater\u00edstica<\/td>\n<td>Suave<\/td>\n<\/tr>\n<tr>\n<td>Aplica\u00e7\u00e3o<\/td>\n<td>Casa de banho<\/td>\n<\/tr>\n<tr>\n<td>Servi\u00e7o OEM e ODM<\/td>\n<td>Log\u00f3tipo, cores, embalagem, forma do produto e carater\u00edsticas personalizadas dispon\u00edveis<\/td>\n<\/tr>\n<tr>\n<td>MOQ<\/td>\n<td>50 unidades, flex\u00edvel para discuss\u00e3o posterior<\/td>\n<\/tr>\n<\/tbody>\n<\/table>\n<p>&nbsp;<\/p>\n<p>\n<script src=\"chrome-extension:\/\/fpelahbljekknahkcaegamhcndkfpfnc\/iFrame.js\" type=\"text\/javascript\"><\/script><\/p>","protected":false},"featured_media":759,"comment_status":"closed","ping_status":"closed","template":"","meta":{"_acf_changed":true},"product_brand":[],"product_cat":[23],"product_tag":[],"class_list":{"0":"post-756","1":"product","2":"type-product","3":"status-publish","4":"has-post-thumbnail","6":"product_cat-wholesale-washbasins","8":"first","9":"instock","10":"shipping-taxable","11":"product-type-simple"},"acf":[],"_links":{"self":[{"href":"https:\/\/www.southvillabath.com\/pt\/wp-json\/wp\/v2\/product\/756","targetHints":{"allow":["GET"]}}],"collection":[{"href":"https:\/\/www.southvillabath.com\/pt\/wp-json\/wp\/v2\/product"}],"about":[{"href":"https:\/\/www.southvillabath.com\/pt\/wp-json\/wp\/v2\/types\/product"}],"replies":[{"embeddable":true,"href":"https:\/\/www.southvillabath.com\/pt\/wp-json\/wp\/v2\/comments?post=756"}],"wp:featuredmedia":[{"embeddable":true,"href":"https:\/\/www.southvillabath.com\/pt\/wp-json\/wp\/v2\/media\/759"}],"wp:attachment":[{"href":"https:\/\/www.southvillabath.com\/pt\/wp-json\/wp\/v2\/media?parent=756"}],"wp:term":[{"taxonomy":"product_brand","embeddable":true,"href":"https:\/\/www.southvillabath.com\/pt\/wp-json\/wp\/v2\/product_brand?post=756"},{"taxonomy":"product_cat","embeddable":true,"href":"https:\/\/www.southvillabath.com\/pt\/wp-json\/wp\/v2\/product_cat?post=756"},{"taxonomy":"product_tag","embeddable":true,"href":"https:\/\/www.southvillabath.com\/pt\/wp-json\/wp\/v2\/product_tag?post=756"}],"curies":[{"name":"wp","href":"https:\/\/api.w.org\/{rel}","templated":true}]}}