{"id":716,"date":"2026-03-11T01:53:40","date_gmt":"2026-03-11T01:53:40","guid":{"rendered":"https:\/\/shangcai.tongdeceramic.com\/?post_type=product&#038;p=716"},"modified":"2026-03-21T10:02:44","modified_gmt":"2026-03-21T10:02:44","slug":"bulk-smart-toilets-from-china","status":"publish","type":"product","link":"https:\/\/www.southvillabath.com\/pt\/product\/bulk-smart-toilets-from-china\/","title":{"rendered":"Fornecimento a granel de sanita inteligente chinesa SH-V9, sanita inteligente de lavagem Fornecimento do fabricante"},"content":{"rendered":"<div class=\"wp-block-columns is-layout-flex wp-container-core-columns-is-layout-9d6595d7 wp-block-columns-is-layout-flex\">\n<div class=\"wp-block-column is-layout-flow wp-block-column-is-layout-flow\">\n<h3 class=\"wp-block-heading\"> Carater\u00edsticas da sanita inteligente<\/h3>\n\n\n\n<ul class=\"wp-block-list\">\n<li><strong>Assento aquecido com conforto de temperatura constante:<\/strong> O banco aquecido inteligente mant\u00e9m uma temperatura constante para proporcionar conforto durante todo o ano. Elimina o desconforto dos bancos frios no inverno e ajuda a manter uma experi\u00eancia de assento agrad\u00e1vel em todas as esta\u00e7\u00f5es.<\/li>\n<\/ul>\n\n\n\n<ul class=\"wp-block-list\">\n<li><strong>Sistema de ilumina\u00e7\u00e3o ambiente RGB: <\/strong>Uma abordagem integrada <strong>sistema de ilumina\u00e7\u00e3o RGB a cores<\/strong> cria uma ilumina\u00e7\u00e3o ambiente personaliz\u00e1vel \u00e0 volta da sanita, que \u00e9 apreciada pelos jovens. A ilumina\u00e7\u00e3o melhora a utiliza\u00e7\u00e3o nocturna, ao mesmo tempo que acrescenta uma atmosfera decorativa moderna ao espa\u00e7o de banho.<\/li>\n<\/ul>\n\n\n\n<ul class=\"wp-block-list\">\n<li><strong>Est\u00e3o dispon\u00edveis tr\u00eas estilos: <\/strong>Oferecemos tr\u00eas estilos \u00e0 escolha para satisfazer as prefer\u00eancias de diferentes utilizadores.<\/li>\n<\/ul>\n\n\n\n<ul class=\"wp-block-list\">\n<li><strong>Design est\u00e9tico moderno e integrado: <\/strong>As linhas suaves da sanita e os componentes estruturais ocultos criam um aspeto limpo e simplificado. Os tubos e dep\u00f3sitos ocultos mant\u00eam um aspeto minimalista que complementa os estilos de interiores contempor\u00e2neos.<\/li>\n<\/ul>\n<\/div>\n\n\n\n<div class=\"wp-block-column is-layout-flow wp-block-column-is-layout-flow\">\n<figure class=\"wp-block-image size-full\"><img decoding=\"async\" width=\"750\" height=\"750\" src=\"https:\/\/www.southvillabath.com\/wp-content\/uploads\/2026\/03\/bulk-Chinese-smart-toilet-supply-1.webp\" alt=\"fornecimento de sanitas inteligentes chinesas a granel 1\" class=\"wp-image-717\" srcset=\"https:\/\/www.southvillabath.com\/wp-content\/uploads\/2026\/03\/bulk-Chinese-smart-toilet-supply-1.webp 750w, https:\/\/www.southvillabath.com\/wp-content\/uploads\/2026\/03\/bulk-Chinese-smart-toilet-supply-1-300x300.webp 300w, https:\/\/www.southvillabath.com\/wp-content\/uploads\/2026\/03\/bulk-Chinese-smart-toilet-supply-1-150x150.webp 150w, https:\/\/www.southvillabath.com\/wp-content\/uploads\/2026\/03\/bulk-Chinese-smart-toilet-supply-1-600x600.webp 600w, https:\/\/www.southvillabath.com\/wp-content\/uploads\/2026\/03\/bulk-Chinese-smart-toilet-supply-1-100x100.webp 100w\" sizes=\"(max-width: 750px) 100vw, 750px\" \/><\/figure>\n<\/div>\n<\/div>\n\n\n\n<p><\/p>","protected":false},"excerpt":{"rendered":"<p>Fornecimento de sanita inteligente chinesa a granel da f\u00e1brica. A nossa sanita inteligente por atacado combina uma est\u00e9tica minimalista com carater\u00edsticas de conforto avan\u00e7adas. Dispon\u00edvel em tr\u00eas cores elegantes e equipada com um assento aquecido, ilumina\u00e7\u00e3o ambiente RGB, melhora a funcionalidade e a harmonia visual nas casas de banho contempor\u00e2neas.<\/p>\n<p>Como um dos principais <strong>fabricantes de sanitas inteligentes<\/strong> na China, a South Villa fornece servi\u00e7os de sanita inteligente por atacado e solu\u00e7\u00f5es personalizadas de sanita inteligente em todo o mundo. Contacte-nos agora!<\/p>\n<h2><strong><b>Sanita inteligente <\/b><\/strong><strong><b>Especifica\u00e7\u00e3o<\/b><\/strong><\/h2>\n<table>\n<tbody>\n<tr>\n<td><strong><b>Especifica\u00e7\u00e3o<\/b><\/strong><\/td>\n<td><strong><b>Detalhes<\/b><\/strong><\/td>\n<\/tr>\n<tr>\n<td>Modelo<\/td>\n<td>SH-V9<\/td>\n<\/tr>\n<tr>\n<td>Tipo de sanita<\/td>\n<td>Sanita inteligente<\/td>\n<\/tr>\n<tr>\n<td>Volume de descarga<\/td>\n<td>3.0-4.5L<\/td>\n<\/tr>\n<tr>\n<td>Sistema de descarga<\/td>\n<td>Lavagem<\/td>\n<\/tr>\n<tr>\n<td>Carater\u00edstica do assento<\/td>\n<td>Assento redondo, de fecho suave<\/td>\n<\/tr>\n<tr>\n<td>Servi\u00e7o OEM e ODM<\/td>\n<td>Log\u00f3tipo, cores, embalagem, forma do produto e carater\u00edsticas personalizadas dispon\u00edveis<\/td>\n<\/tr>\n<tr>\n<td>MOQ<\/td>\n<td>50 unidades, flex\u00edvel para discuss\u00e3o posterior<\/td>\n<\/tr>\n<\/tbody>\n<\/table>\n<p>&nbsp;<\/p>\n<p><script src=\"chrome-extension:\/\/fpelahbljekknahkcaegamhcndkfpfnc\/iFrame.js\" type=\"text\/javascript\"><\/script><\/p>\n<p>\n<script src=\"chrome-extension:\/\/fpelahbljekknahkcaegamhcndkfpfnc\/iFrame.js\" type=\"text\/javascript\"><\/script><\/p>","protected":false},"featured_media":718,"comment_status":"closed","ping_status":"closed","template":"","meta":{"_acf_changed":false},"product_brand":[],"product_cat":[20],"product_tag":[],"class_list":{"0":"post-716","1":"product","2":"type-product","3":"status-publish","4":"has-post-thumbnail","6":"product_cat-wholesale-smart-toilets","8":"first","9":"instock","10":"shipping-taxable","11":"product-type-simple"},"acf":[],"_links":{"self":[{"href":"https:\/\/www.southvillabath.com\/pt\/wp-json\/wp\/v2\/product\/716","targetHints":{"allow":["GET"]}}],"collection":[{"href":"https:\/\/www.southvillabath.com\/pt\/wp-json\/wp\/v2\/product"}],"about":[{"href":"https:\/\/www.southvillabath.com\/pt\/wp-json\/wp\/v2\/types\/product"}],"replies":[{"embeddable":true,"href":"https:\/\/www.southvillabath.com\/pt\/wp-json\/wp\/v2\/comments?post=716"}],"wp:featuredmedia":[{"embeddable":true,"href":"https:\/\/www.southvillabath.com\/pt\/wp-json\/wp\/v2\/media\/718"}],"wp:attachment":[{"href":"https:\/\/www.southvillabath.com\/pt\/wp-json\/wp\/v2\/media?parent=716"}],"wp:term":[{"taxonomy":"product_brand","embeddable":true,"href":"https:\/\/www.southvillabath.com\/pt\/wp-json\/wp\/v2\/product_brand?post=716"},{"taxonomy":"product_cat","embeddable":true,"href":"https:\/\/www.southvillabath.com\/pt\/wp-json\/wp\/v2\/product_cat?post=716"},{"taxonomy":"product_tag","embeddable":true,"href":"https:\/\/www.southvillabath.com\/pt\/wp-json\/wp\/v2\/product_tag?post=716"}],"curies":[{"name":"wp","href":"https:\/\/api.w.org\/{rel}","templated":true}]}}