{"id":705,"date":"2026-03-10T07:17:43","date_gmt":"2026-03-10T07:17:43","guid":{"rendered":"https:\/\/shangcai.tongdeceramic.com\/?post_type=product&#038;p=705"},"modified":"2026-03-10T07:50:14","modified_gmt":"2026-03-10T07:50:14","slug":"wholesale-ceramic-bathroom-set","status":"publish","type":"product","link":"https:\/\/www.southvillabath.com\/pt\/product\/wholesale-ceramic-bathroom-set\/","title":{"rendered":"Conjunto de casa de banho por atacado, sanitas e lavat\u00f3rios em v\u00e1rios estilos e que podem ser combinados livremente"},"content":{"rendered":"<div class=\"wp-block-columns is-layout-flex wp-container-core-columns-is-layout-9d6595d7 wp-block-columns-is-layout-flex\">\n<div class=\"wp-block-column is-layout-flow wp-block-column-is-layout-flow\">\n<h3 class=\"wp-block-heading\">Carater\u00edsticas do conjunto de casa de banho<\/h3>\n\n\n\n<ul class=\"wp-block-list\">\n<li><strong>Combina\u00e7\u00f5es de estilos flex\u00edveis:<\/strong> As nossas sanitas e lavat\u00f3rios est\u00e3o dispon\u00edveis numa variedade de estilos e modelos, permitindo combina\u00e7\u00f5es flex\u00edveis para corresponder a diferentes estilos de casa de banho e necessidades de projectos.<\/li>\n\n\n\n<li><strong>Sistema de lavagem eficiente e potente: <\/strong>A sanita est\u00e1 equipada com uma estrutura de descarga optimizada que proporciona uma remo\u00e7\u00e3o de res\u00edduos forte e fi\u00e1vel, mantendo um baixo consumo de \u00e1gua, ajudando a equilibrar o desempenho com a efici\u00eancia h\u00eddrica.<\/li>\n\n\n\n<li><strong>Qualidade fi\u00e1vel para grandes projectos: <\/strong>Cada produto \u00e9 submetido a rigorosas inspec\u00e7\u00f5es de qualidade para garantir um desempenho est\u00e1vel e uma qualidade consistente, tornando o conjunto ideal para hot\u00e9is, apartamentos, empreendimentos imobili\u00e1rios e aquisi\u00e7\u00f5es em grande escala.<\/li>\n\n\n\n<li><strong>Controlo de qualidade rigoroso:<\/strong> Cada sanita \u00e9 submetida a v\u00e1rias inspec\u00e7\u00f5es, incluindo inspe\u00e7\u00e3o do esmalte, teste de descarga, teste de fugas de \u00e1gua e verifica\u00e7\u00f5es de qualidade estrutural antes da expedi\u00e7\u00e3o.<\/li>\n<\/ul>\n<\/div>\n\n\n\n<div class=\"wp-block-column is-layout-flow wp-block-column-is-layout-flow\">\n<figure class=\"wp-block-image size-full\"><img decoding=\"async\" width=\"781\" height=\"781\" src=\"https:\/\/www.southvillabath.com\/wp-content\/uploads\/2026\/03\/bathroom-set-1.webp\" alt=\"conjunto de casa de banho (1)\" class=\"wp-image-706\" srcset=\"https:\/\/www.southvillabath.com\/wp-content\/uploads\/2026\/03\/bathroom-set-1.webp 781w, https:\/\/www.southvillabath.com\/wp-content\/uploads\/2026\/03\/bathroom-set-1-300x300.webp 300w, https:\/\/www.southvillabath.com\/wp-content\/uploads\/2026\/03\/bathroom-set-1-150x150.webp 150w, https:\/\/www.southvillabath.com\/wp-content\/uploads\/2026\/03\/bathroom-set-1-768x768.webp 768w, https:\/\/www.southvillabath.com\/wp-content\/uploads\/2026\/03\/bathroom-set-1-600x600.webp 600w, https:\/\/www.southvillabath.com\/wp-content\/uploads\/2026\/03\/bathroom-set-1-100x100.webp 100w\" sizes=\"(max-width: 781px) 100vw, 781px\" \/><\/figure>\n<\/div>\n<\/div>","protected":false},"excerpt":{"rendered":"<p>Este conjunto de casa de banho por atacado inclui uma sanita e um lavat\u00f3rio a condizer, concebidos para criar uma solu\u00e7\u00e3o de casa de banho completa e coordenada. Tanto a sanita como o lavat\u00f3rio s\u00e3o feitos de cer\u00e2mica de alta qualidade com uma superf\u00edcie lisa, oferecendo uma durabilidade superior, resist\u00eancia a manchas e um acabamento branco de longa dura\u00e7\u00e3o.<\/p>\n<p>Como fabricante, oferecemos uma variedade de estilos e tamanhos de sanitas e lavat\u00f3rios \u00e0 escolha, permitindo combina\u00e7\u00f5es flex\u00edveis para se adequarem a diferentes disposi\u00e7\u00f5es da casa de banho.<\/p>\n<h2><strong><b>Conjunto de casa de banho <\/b><\/strong><strong><b>Especifica\u00e7\u00e3o<\/b><\/strong><\/h2>\n<table>\n<tbody>\n<tr>\n<td><strong><b>Especifica\u00e7\u00e3o<\/b><\/strong><\/td>\n<td><strong><b>Detalhes<\/b><\/strong><\/td>\n<\/tr>\n<tr>\n<td>Modelo<\/td>\n<td>Sanita: SH-285BL \/ SH-295BL Lavat\u00f3rios:SH-B199BL\/SH-8802BL<br \/>\/SH-P128BL<\/td>\n<\/tr>\n<tr>\n<td>Tipo de sanita<\/td>\n<td>Conjunto de casa de banho<\/td>\n<\/tr>\n<tr>\n<td>Volume de descarga<\/td>\n<td>3.0-4.5L<\/td>\n<\/tr>\n<tr>\n<td>Sistema de descarga<\/td>\n<td>Lavagem<\/td>\n<\/tr>\n<tr>\n<td>Carater\u00edstica do assento<\/td>\n<td>Assento com fecho suave<\/td>\n<\/tr>\n<tr>\n<td>Servi\u00e7o OEM e ODM<\/td>\n<td>Log\u00f3tipo, cores, embalagem, forma do produto e carater\u00edsticas personalizadas dispon\u00edveis<\/td>\n<\/tr>\n<tr>\n<td>MOQ<\/td>\n<td>50 unidades, flex\u00edvel para discuss\u00e3o posterior<\/td>\n<\/tr>\n<\/tbody>\n<\/table>\n<p>&nbsp;<\/p>","protected":false},"featured_media":710,"comment_status":"closed","ping_status":"closed","template":"","meta":{"_acf_changed":true},"product_brand":[],"product_cat":[22],"product_tag":[],"class_list":{"0":"post-705","1":"product","2":"type-product","3":"status-publish","4":"has-post-thumbnail","6":"product_cat-wholesale-bathroom-sets","8":"first","9":"instock","10":"shipping-taxable","11":"product-type-simple"},"acf":[],"_links":{"self":[{"href":"https:\/\/www.southvillabath.com\/pt\/wp-json\/wp\/v2\/product\/705","targetHints":{"allow":["GET"]}}],"collection":[{"href":"https:\/\/www.southvillabath.com\/pt\/wp-json\/wp\/v2\/product"}],"about":[{"href":"https:\/\/www.southvillabath.com\/pt\/wp-json\/wp\/v2\/types\/product"}],"replies":[{"embeddable":true,"href":"https:\/\/www.southvillabath.com\/pt\/wp-json\/wp\/v2\/comments?post=705"}],"wp:featuredmedia":[{"embeddable":true,"href":"https:\/\/www.southvillabath.com\/pt\/wp-json\/wp\/v2\/media\/710"}],"wp:attachment":[{"href":"https:\/\/www.southvillabath.com\/pt\/wp-json\/wp\/v2\/media?parent=705"}],"wp:term":[{"taxonomy":"product_brand","embeddable":true,"href":"https:\/\/www.southvillabath.com\/pt\/wp-json\/wp\/v2\/product_brand?post=705"},{"taxonomy":"product_cat","embeddable":true,"href":"https:\/\/www.southvillabath.com\/pt\/wp-json\/wp\/v2\/product_cat?post=705"},{"taxonomy":"product_tag","embeddable":true,"href":"https:\/\/www.southvillabath.com\/pt\/wp-json\/wp\/v2\/product_tag?post=705"}],"curies":[{"name":"wp","href":"https:\/\/api.w.org\/{rel}","templated":true}]}}