{"id":698,"date":"2026-03-11T01:38:19","date_gmt":"2026-03-11T01:38:19","guid":{"rendered":"https:\/\/shangcai.tongdeceramic.com\/?post_type=product&#038;p=698"},"modified":"2026-03-21T10:03:47","modified_gmt":"2026-03-21T10:03:47","slug":"smart-toilet-wholesale","status":"publish","type":"product","link":"https:\/\/www.southvillabath.com\/pt\/product\/smart-toilet-wholesale\/","title":{"rendered":"Casa de banho inteligente chinesa SH-681 Fornecimento por atacado - Casa de banho inteligente de lavagem direta da f\u00e1brica"},"content":{"rendered":"<div class=\"wp-block-columns is-layout-flex wp-container-core-columns-is-layout-9d6595d7 wp-block-columns-is-layout-flex\">\n<div class=\"wp-block-column is-layout-flow wp-block-column-is-layout-flow\">\n<h3 class=\"wp-block-heading\"> Carater\u00edsticas da sanita inteligente\u00a0 \u00a0<\/h3>\n\n\n\n<ul class=\"wp-block-list\">\n<li><strong>Multi-Mode Intelligent Washing System: <\/strong>The toilet offers multiple washing modes, including rear wash, feminine wash, and more. These adjustable cleansing functions provide personalized hygiene and a comfortable washing experience for different user needs.<\/li>\n<\/ul>\n\n\n\n<ul class=\"wp-block-list\">\n<li><strong>Instant Warm Water &amp; Warm Air Drying: <\/strong>An instant heating system provides continuous warm water during washing without the need for a storage tank. After cleaning, a gentle warm air drying function reduces the need for toilet paper and improves overall comfort.<\/li>\n<\/ul>\n\n\n\n<ul class=\"wp-block-list\">\n<li><strong>Self-Cleaning Hygienic Nozzle: <\/strong>The spray nozzle automatically cleans itself before and after each use to maintain hygienic conditions. This ensures every wash cycle remains sanitary and safe for users.<\/li>\n<\/ul>\n\n\n\n<ul class=\"wp-block-list\">\n<li><strong>Compact Wall-Hung Space-Saving Design: <\/strong>The wall-mounted structure creates a floating visual effect while freeing up floor space. Its compact size makes it suitable for modern bathrooms, especially where space optimization is important.<\/li>\n<\/ul>\n<\/div>\n\n\n\n<div class=\"wp-block-column is-layout-flow wp-block-column-is-layout-flow\">\n<figure class=\"wp-block-image size-full\"><img decoding=\"async\" width=\"750\" height=\"750\" src=\"https:\/\/www.southvillabath.com\/wp-content\/uploads\/2026\/03\/Chinese-smart-toilet-wholesale-6.webp\" alt=\"Chinese smart toilet wholesale 6\" class=\"wp-image-700\" srcset=\"https:\/\/www.southvillabath.com\/wp-content\/uploads\/2026\/03\/Chinese-smart-toilet-wholesale-6.webp 750w, https:\/\/www.southvillabath.com\/wp-content\/uploads\/2026\/03\/Chinese-smart-toilet-wholesale-6-300x300.webp 300w, https:\/\/www.southvillabath.com\/wp-content\/uploads\/2026\/03\/Chinese-smart-toilet-wholesale-6-150x150.webp 150w, https:\/\/www.southvillabath.com\/wp-content\/uploads\/2026\/03\/Chinese-smart-toilet-wholesale-6-600x600.webp 600w, https:\/\/www.southvillabath.com\/wp-content\/uploads\/2026\/03\/Chinese-smart-toilet-wholesale-6-100x100.webp 100w\" sizes=\"(max-width: 750px) 100vw, 750px\" \/><\/figure>\n<\/div>\n<\/div>","protected":false},"excerpt":{"rendered":"<p>We offer wholesale smart toilets from China at factory prices. They are designed for maximum hygiene, comfort, and intelligent operation. Featuring hands-free laser foot-sensing, a 360\u00b0 foam-shield system, instant warm-water washing, and zero-water-pressure flushing technology. It delivers a premium, fully automated bathroom experience<\/p>\n<p>As one of China&#8217;s leading smart toilet manufacturers, South Villa provides wholesale smart toilet services\u00a0and custom smart toilet solutions worldwide. Contact us now!<\/p>\n<h2><strong><b>Sanita inteligente <\/b><\/strong><strong><b>Especifica\u00e7\u00e3o<\/b><\/strong><\/h2>\n<table>\n<tbody>\n<tr>\n<td><strong><b>Especifica\u00e7\u00e3o<\/b><\/strong><\/td>\n<td><strong><b>Detalhes<\/b><\/strong><\/td>\n<\/tr>\n<tr>\n<td>Modelo<\/td>\n<td>SH-681<\/td>\n<\/tr>\n<tr>\n<td>Tipo de sanita<\/td>\n<td>Sanita inteligente<\/td>\n<\/tr>\n<tr>\n<td>Volume de descarga<\/td>\n<td>3.0-4.5L<\/td>\n<\/tr>\n<tr>\n<td>Sistema de descarga<\/td>\n<td>Lavagem<\/td>\n<\/tr>\n<tr>\n<td>Carater\u00edstica do assento<\/td>\n<td>Assento redondo, de fecho suave<\/td>\n<\/tr>\n<tr>\n<td>Servi\u00e7o OEM e ODM<\/td>\n<td>Log\u00f3tipo, cores, embalagem, forma do produto e carater\u00edsticas personalizadas dispon\u00edveis<\/td>\n<\/tr>\n<tr>\n<td>MOQ<\/td>\n<td>50 unidades, flex\u00edvel para discuss\u00e3o posterior<\/td>\n<\/tr>\n<\/tbody>\n<\/table>\n<p>&nbsp;<\/p>\n<p><script src=\"chrome-extension:\/\/fpelahbljekknahkcaegamhcndkfpfnc\/iFrame.js\" type=\"text\/javascript\"><\/script><\/p>\n<p>\n<script src=\"chrome-extension:\/\/fpelahbljekknahkcaegamhcndkfpfnc\/iFrame.js\" type=\"text\/javascript\"><\/script><\/p>","protected":false},"featured_media":704,"comment_status":"closed","ping_status":"closed","template":"","meta":{"_acf_changed":true},"product_brand":[],"product_cat":[20],"product_tag":[],"class_list":{"0":"post-698","1":"product","2":"type-product","3":"status-publish","4":"has-post-thumbnail","6":"product_cat-wholesale-smart-toilets","8":"first","9":"instock","10":"shipping-taxable","11":"product-type-simple"},"acf":[],"_links":{"self":[{"href":"https:\/\/www.southvillabath.com\/pt\/wp-json\/wp\/v2\/product\/698","targetHints":{"allow":["GET"]}}],"collection":[{"href":"https:\/\/www.southvillabath.com\/pt\/wp-json\/wp\/v2\/product"}],"about":[{"href":"https:\/\/www.southvillabath.com\/pt\/wp-json\/wp\/v2\/types\/product"}],"replies":[{"embeddable":true,"href":"https:\/\/www.southvillabath.com\/pt\/wp-json\/wp\/v2\/comments?post=698"}],"wp:featuredmedia":[{"embeddable":true,"href":"https:\/\/www.southvillabath.com\/pt\/wp-json\/wp\/v2\/media\/704"}],"wp:attachment":[{"href":"https:\/\/www.southvillabath.com\/pt\/wp-json\/wp\/v2\/media?parent=698"}],"wp:term":[{"taxonomy":"product_brand","embeddable":true,"href":"https:\/\/www.southvillabath.com\/pt\/wp-json\/wp\/v2\/product_brand?post=698"},{"taxonomy":"product_cat","embeddable":true,"href":"https:\/\/www.southvillabath.com\/pt\/wp-json\/wp\/v2\/product_cat?post=698"},{"taxonomy":"product_tag","embeddable":true,"href":"https:\/\/www.southvillabath.com\/pt\/wp-json\/wp\/v2\/product_tag?post=698"}],"curies":[{"name":"wp","href":"https:\/\/api.w.org\/{rel}","templated":true}]}}