{"id":613,"date":"2026-04-13T10:28:52","date_gmt":"2026-04-13T10:28:52","guid":{"rendered":"https:\/\/shangcai.tongdeceramic.com\/?post_type=product&#038;p=613"},"modified":"2026-04-22T06:32:29","modified_gmt":"2026-04-22T06:32:29","slug":"factory-supplied-bulk-one-piece-toilets","status":"publish","type":"product","link":"https:\/\/www.southvillabath.com\/pt\/product\/factory-supplied-bulk-one-piece-toilets\/","title":{"rendered":"Sanitas monobloco a granel fornecidas pela f\u00e1brica - Fabricante especializado de sanitas de lavagem"},"content":{"rendered":"<div class=\"wp-block-columns is-layout-flex wp-container-core-columns-is-layout-9d6595d7 wp-block-columns-is-layout-flex\">\n<div class=\"wp-block-column is-layout-flow wp-block-column-is-layout-flow\">\n<h3 class=\"wp-block-heading\">Carater\u00edsticas da sanita de uma s\u00f3 pe\u00e7a<\/h3>\n\n\n\n<ul class=\"wp-block-list\">\n<li><strong>Design moderno:<\/strong> Estilo elegante e contempor\u00e2neo adequado para hot\u00e9is e espa\u00e7os de luxo.<\/li>\n\n\n\n<li><strong>Carater\u00edsticas avan\u00e7adas: <\/strong>Tampa do assento com fecho macio para evitar o bater, melhorando a experi\u00eancia do utilizador.<\/li>\n\n\n\n<li><strong>P-Trap Sa\u00edda de res\u00edduos: <\/strong>Drenagem standard do pavimento para uma instala\u00e7\u00e3o fi\u00e1vel.<\/li>\n\n\n\n<li><strong>Estrutura higi\u00e9nica f\u00e1cil de limpar: <\/strong>Os contornos suaves e o design de f\u00e1cil limpeza reduzem a acumula\u00e7\u00e3o de sujidade e simplificam a manuten\u00e7\u00e3o di\u00e1ria.<\/li>\n\n\n\n<li><strong>Controlo de qualidade rigoroso: <\/strong>Cada sanita \u00e9 submetida a v\u00e1rias inspec\u00e7\u00f5es, incluindo inspe\u00e7\u00e3o do esmalte, teste de descarga, teste de fugas de \u00e1gua e verifica\u00e7\u00f5es de qualidade estrutural antes da expedi\u00e7\u00e3o.<\/li>\n<\/ul>\n<\/div>\n\n\n\n<div class=\"wp-block-column is-layout-flow wp-block-column-is-layout-flow\">\n<figure class=\"wp-block-image size-full\"><img decoding=\"async\" width=\"724\" height=\"931\" src=\"https:\/\/www.southvillabath.com\/wp-content\/uploads\/2026\/03\/factory-supplied-bulk-one-piece-toilet-8869-dimension.webp\" alt=\"sanita monobloco a granel fornecida pela f\u00e1brica 8869 dimens\u00e3o\" class=\"wp-image-1255\" srcset=\"https:\/\/www.southvillabath.com\/wp-content\/uploads\/2026\/03\/factory-supplied-bulk-one-piece-toilet-8869-dimension.webp 724w, https:\/\/www.southvillabath.com\/wp-content\/uploads\/2026\/03\/factory-supplied-bulk-one-piece-toilet-8869-dimension-233x300.webp 233w, https:\/\/www.southvillabath.com\/wp-content\/uploads\/2026\/03\/factory-supplied-bulk-one-piece-toilet-8869-dimension-9x12.webp 9w, https:\/\/www.southvillabath.com\/wp-content\/uploads\/2026\/03\/factory-supplied-bulk-one-piece-toilet-8869-dimension-600x772.webp 600w\" sizes=\"(max-width: 724px) 100vw, 724px\" \/><\/figure>\n<\/div>\n<\/div>","protected":false},"excerpt":{"rendered":"<p>Esta moderna sanita de uma s\u00f3 pe\u00e7a combina um design elegante com um desempenho fi\u00e1vel, apresentando um vaso cer\u00e2mico alongado, um sistema de descarga duplo (3,0-4,5L) para efici\u00eancia h\u00eddrica e uma estrutura \u201cSea King\u201d sem rebordo para uma limpeza f\u00e1cil. \u00c9 ideal para hot\u00e9is e espa\u00e7os de luxo.<\/p>\n<p>Como <a href=\"https:\/\/www.southvillabath.com\/pt\/\" target=\"_blank\" rel=\"noopener\"><strong>fabricante de sanitas<\/strong><\/a>, A nossa empresa oferece cota\u00e7\u00f5es de f\u00e1brica e apoio OEM e ODM. Contacte-nos agora.<\/p>\n<h2><strong><b>Sanita de uma s\u00f3 pe\u00e7a <\/b><\/strong><strong><b>Especifica\u00e7\u00e3o<\/b><\/strong><\/h2>\n<table>\n<tbody>\n<tr>\n<td><strong><b>Especifica\u00e7\u00e3o<\/b><\/strong><\/td>\n<td><strong><b>Detalhes<\/b><\/strong><\/td>\n<\/tr>\n<tr>\n<td>Modelo<\/td>\n<td>SH-6689<\/td>\n<\/tr>\n<tr>\n<td>Tipo de sanita<\/td>\n<td>Sanita de uma pe\u00e7a<\/td>\n<\/tr>\n<tr>\n<td>Volume de descarga<\/td>\n<td>3.0-4.5L<\/td>\n<\/tr>\n<tr>\n<td>Sistema de descarga<\/td>\n<td>Lavagem<\/td>\n<\/tr>\n<tr>\n<td>Carater\u00edstica do assento<\/td>\n<td>Assento com fecho suave<\/td>\n<\/tr>\n<tr>\n<td>Servi\u00e7o OEM e ODM<\/td>\n<td>Log\u00f3tipo, cores, embalagem, forma do produto e carater\u00edsticas personalizadas dispon\u00edveis<\/td>\n<\/tr>\n<tr>\n<td>Tipo de drenagem<\/td>\n<td>P-trap: 180mm \/ S-trap: 250mm<\/td>\n<\/tr>\n<tr>\n<td>MOQ<\/td>\n<td>50 unidades, flex\u00edvel para discuss\u00e3o posterior<\/td>\n<\/tr>\n<\/tbody>\n<\/table>\n<p>&nbsp;<\/p>\n<p><script src=\"chrome-extension:\/\/fpelahbljekknahkcaegamhcndkfpfnc\/iFrame.js\" type=\"text\/javascript\"><\/script><\/p>\n<p>\n<script src=\"chrome-extension:\/\/fpelahbljekknahkcaegamhcndkfpfnc\/iFrame.js\" type=\"text\/javascript\"><\/script><\/p>","protected":false},"featured_media":1257,"comment_status":"closed","ping_status":"closed","template":"","meta":{"_acf_changed":false},"product_brand":[],"product_cat":[17,36],"product_tag":[],"class_list":{"0":"post-613","1":"product","2":"type-product","3":"status-publish","4":"has-post-thumbnail","6":"product_cat-wholesale-one-piece-toilets","7":"product_cat-wholesale-washdown-one-piece-toilets","9":"first","10":"instock","11":"shipping-taxable","12":"product-type-simple"},"acf":[],"_links":{"self":[{"href":"https:\/\/www.southvillabath.com\/pt\/wp-json\/wp\/v2\/product\/613","targetHints":{"allow":["GET"]}}],"collection":[{"href":"https:\/\/www.southvillabath.com\/pt\/wp-json\/wp\/v2\/product"}],"about":[{"href":"https:\/\/www.southvillabath.com\/pt\/wp-json\/wp\/v2\/types\/product"}],"replies":[{"embeddable":true,"href":"https:\/\/www.southvillabath.com\/pt\/wp-json\/wp\/v2\/comments?post=613"}],"wp:featuredmedia":[{"embeddable":true,"href":"https:\/\/www.southvillabath.com\/pt\/wp-json\/wp\/v2\/media\/1257"}],"wp:attachment":[{"href":"https:\/\/www.southvillabath.com\/pt\/wp-json\/wp\/v2\/media?parent=613"}],"wp:term":[{"taxonomy":"product_brand","embeddable":true,"href":"https:\/\/www.southvillabath.com\/pt\/wp-json\/wp\/v2\/product_brand?post=613"},{"taxonomy":"product_cat","embeddable":true,"href":"https:\/\/www.southvillabath.com\/pt\/wp-json\/wp\/v2\/product_cat?post=613"},{"taxonomy":"product_tag","embeddable":true,"href":"https:\/\/www.southvillabath.com\/pt\/wp-json\/wp\/v2\/product_tag?post=613"}],"curies":[{"name":"wp","href":"https:\/\/api.w.org\/{rel}","templated":true}]}}