{"id":606,"date":"2026-04-15T04:30:33","date_gmt":"2026-04-15T04:30:33","guid":{"rendered":"https:\/\/shangcai.tongdeceramic.com\/?post_type=product&#038;p=606"},"modified":"2026-04-22T06:24:19","modified_gmt":"2026-04-22T06:24:19","slug":"factory-direct-wholesale-washdown-one-piece-toilets","status":"publish","type":"product","link":"https:\/\/www.southvillabath.com\/pt\/product\/factory-direct-wholesale-washdown-one-piece-toilets\/","title":{"rendered":"Sanita de uma pe\u00e7a com lavagem por atacado direta da f\u00e1brica - Fabricante de sanita de uma pe\u00e7a na China"},"content":{"rendered":"<div class=\"wp-block-columns is-layout-flex wp-container-core-columns-is-layout-9d6595d7 wp-block-columns-is-layout-flex\">\n<div class=\"wp-block-column is-layout-flow wp-block-column-is-layout-flow\">\n<h3 class=\"wp-block-heading\">Carater\u00edsticas da sanita de uma s\u00f3 pe\u00e7a<\/h3>\n\n\n\n<ul class=\"wp-block-list\">\n<li><strong>Superf\u00edcie totalmente envidra\u00e7ada de 360\u00b0:<\/strong> Toda a superf\u00edcie interior e exterior \u00e9 totalmente vidrada, proporcionando uma elevada planicidade, uma textura suave e um acabamento branco puro que resiste \u00e0s manchas e facilita a limpeza.<\/li>\n\n\n\n<li><strong>Sistema de lavagem potente: <\/strong>Equipado com um sistema de lavagem eficiente que proporciona um fluxo de \u00e1gua forte e direto para uma remo\u00e7\u00e3o eficaz dos res\u00edduos, mantendo um funcionamento silencioso.<\/li>\n\n\n\n<li><strong>Corpo em cer\u00e2mica de alta qualidade: <\/strong>Fabricado em cer\u00e2mica de primeira qualidade com uma forte integridade estrutural e durabilidade, adequado para uma utiliza\u00e7\u00e3o di\u00e1ria a longo prazo.<\/li>\n\n\n\n<li><strong>Cobertura do assento com fecho suave: <\/strong>Equipado com uma tampa do assento de fecho lento para evitar batidas, reduzir o ru\u00eddo e prolongar a vida \u00fatil do assento da sanita.<\/li>\n\n\n\n<li><strong>Fabrico direto na f\u00e1brica: <\/strong>Como uma f\u00e1brica profissional de sanita para lavagem, oferecemos pre\u00e7os de f\u00e1brica, capacidade de produ\u00e7\u00e3o est\u00e1vel e fornecimento a granel confi\u00e1vel para compradores em todo o mundo.<\/li>\n<\/ul>\n<\/div>\n\n\n\n<div class=\"wp-block-column is-layout-flow wp-block-column-is-layout-flow\">\n<figure class=\"wp-block-image size-full\"><img decoding=\"async\" width=\"1760\" height=\"2680\" src=\"https:\/\/www.southvillabath.com\/wp-content\/uploads\/2026\/03\/factory-direct-wholesale-washdown-one-piece-toilet-6628-dimension.webp\" alt=\"sanita de uma pe\u00e7a lav\u00e1vel direta da f\u00e1brica por atacado 6628 dimens\u00e3o\" class=\"wp-image-1239\" srcset=\"https:\/\/www.southvillabath.com\/wp-content\/uploads\/2026\/03\/factory-direct-wholesale-washdown-one-piece-toilet-6628-dimension.webp 1760w, https:\/\/www.southvillabath.com\/wp-content\/uploads\/2026\/03\/factory-direct-wholesale-washdown-one-piece-toilet-6628-dimension-197x300.webp 197w, https:\/\/www.southvillabath.com\/wp-content\/uploads\/2026\/03\/factory-direct-wholesale-washdown-one-piece-toilet-6628-dimension-768x1169.webp 768w, https:\/\/www.southvillabath.com\/wp-content\/uploads\/2026\/03\/factory-direct-wholesale-washdown-one-piece-toilet-6628-dimension-8x12.webp 8w, https:\/\/www.southvillabath.com\/wp-content\/uploads\/2026\/03\/factory-direct-wholesale-washdown-one-piece-toilet-6628-dimension-1200x1827.webp 1200w, https:\/\/www.southvillabath.com\/wp-content\/uploads\/2026\/03\/factory-direct-wholesale-washdown-one-piece-toilet-6628-dimension-600x914.webp 600w\" sizes=\"(max-width: 1760px) 100vw, 1760px\" \/><\/figure>\n<\/div>\n<\/div>","protected":false},"excerpt":{"rendered":"<p data-pm-slice=\"0 0 []\">A nossa sanita de uma pe\u00e7a para lavagem por atacado combina um design moderno com um elevado desempenho. Fabricada em cer\u00e2mica dur\u00e1vel e de baixa absor\u00e7\u00e3o, com uma superf\u00edcie lisa e totalmente vidrada, garante uma utiliza\u00e7\u00e3o duradoura e uma limpeza f\u00e1cil.<\/p>\n<p>A personaliza\u00e7\u00e3o OEM e ODM est\u00e1 dispon\u00edvel para log\u00f3tipo, cor, embalagem e carater\u00edsticas, tornando-a ideal para grossistas e distribuidores globais.<\/p>\n<h2><strong><b>Sanita de uma s\u00f3 pe\u00e7a <\/b><\/strong><strong><b>Especifica\u00e7\u00e3o<\/b><\/strong><\/h2>\n<table>\n<tbody>\n<tr>\n<td><strong><b>Especifica\u00e7\u00e3o<\/b><\/strong><\/td>\n<td><strong><b>Detalhes<\/b><\/strong><\/td>\n<\/tr>\n<tr>\n<td>Modelo<\/td>\n<td>SH-6628<\/td>\n<\/tr>\n<tr>\n<td>Tipo de sanita<\/td>\n<td>Sanita de uma pe\u00e7a<\/td>\n<\/tr>\n<tr>\n<td>Volume de descarga<\/td>\n<td>3.0-4.5L<\/td>\n<\/tr>\n<tr>\n<td>Sistema de descarga<\/td>\n<td>\u00a0Tornado de lavagem<\/td>\n<\/tr>\n<tr>\n<td>Carater\u00edstica do assento<\/td>\n<td>Assento com fecho suave<\/td>\n<\/tr>\n<tr>\n<td>Servi\u00e7o OEM e ODM<\/td>\n<td>Log\u00f3tipo, cores, embalagem, forma do produto e carater\u00edsticas personalizadas dispon\u00edveis<\/td>\n<\/tr>\n<tr>\n<td>Tipo de drenagem<\/td>\n<td>Coletor P:180mm \/ Coletor S: 250mm<\/td>\n<\/tr>\n<tr>\n<td>MOQ<\/td>\n<td>50 unidades, flex\u00edvel para discuss\u00e3o posterior<\/td>\n<\/tr>\n<\/tbody>\n<\/table>\n<p>&nbsp;<\/p>\n<p>&nbsp;<\/p>\n<p>&nbsp;<\/p>\n<p>&nbsp;<\/p>\n<p><script src=\"chrome-extension:\/\/fpelahbljekknahkcaegamhcndkfpfnc\/iFrame.js\" type=\"text\/javascript\"><\/script><\/p>","protected":false},"featured_media":1234,"comment_status":"closed","ping_status":"closed","template":"","meta":{"_acf_changed":false},"product_brand":[],"product_cat":[17,36],"product_tag":[],"class_list":{"0":"post-606","1":"product","2":"type-product","3":"status-publish","4":"has-post-thumbnail","6":"product_cat-wholesale-one-piece-toilets","7":"product_cat-wholesale-washdown-one-piece-toilets","9":"first","10":"instock","11":"shipping-taxable","12":"product-type-simple"},"acf":[],"_links":{"self":[{"href":"https:\/\/www.southvillabath.com\/pt\/wp-json\/wp\/v2\/product\/606","targetHints":{"allow":["GET"]}}],"collection":[{"href":"https:\/\/www.southvillabath.com\/pt\/wp-json\/wp\/v2\/product"}],"about":[{"href":"https:\/\/www.southvillabath.com\/pt\/wp-json\/wp\/v2\/types\/product"}],"replies":[{"embeddable":true,"href":"https:\/\/www.southvillabath.com\/pt\/wp-json\/wp\/v2\/comments?post=606"}],"wp:featuredmedia":[{"embeddable":true,"href":"https:\/\/www.southvillabath.com\/pt\/wp-json\/wp\/v2\/media\/1234"}],"wp:attachment":[{"href":"https:\/\/www.southvillabath.com\/pt\/wp-json\/wp\/v2\/media?parent=606"}],"wp:term":[{"taxonomy":"product_brand","embeddable":true,"href":"https:\/\/www.southvillabath.com\/pt\/wp-json\/wp\/v2\/product_brand?post=606"},{"taxonomy":"product_cat","embeddable":true,"href":"https:\/\/www.southvillabath.com\/pt\/wp-json\/wp\/v2\/product_cat?post=606"},{"taxonomy":"product_tag","embeddable":true,"href":"https:\/\/www.southvillabath.com\/pt\/wp-json\/wp\/v2\/product_tag?post=606"}],"curies":[{"name":"wp","href":"https:\/\/api.w.org\/{rel}","templated":true}]}}