{"id":597,"date":"2026-04-14T01:00:44","date_gmt":"2026-04-14T01:00:44","guid":{"rendered":"https:\/\/shangcai.tongdeceramic.com\/?post_type=product&#038;p=597"},"modified":"2026-04-22T06:25:08","modified_gmt":"2026-04-22T06:25:08","slug":"wholesale-high-quality-one-piece-toilets","status":"publish","type":"product","link":"https:\/\/www.southvillabath.com\/pt\/product\/wholesale-high-quality-one-piece-toilets\/","title":{"rendered":"Sanitas de uma pe\u00e7a por atacado - Certifica\u00e7\u00e3o de efici\u00eancia h\u00eddrica STL de Singapura"},"content":{"rendered":"<div class=\"wp-block-columns is-layout-flex wp-container-core-columns-is-layout-9d6595d7 wp-block-columns-is-layout-flex\">\n<div class=\"wp-block-column is-layout-flow wp-block-column-is-layout-flow\">\n<h3 class=\"wp-block-heading\">Carater\u00edsticas da sanita de uma s\u00f3 pe\u00e7a<\/h3>\n\n\n\n<ul class=\"wp-block-list\">\n<li><strong>Desempenho de poupan\u00e7a de \u00e1gua: <\/strong>Utiliza apenas 4,5 litros por descarga, ajudando a reduzir o consumo de \u00e1gua. A sanita passou no Teste de Efici\u00eancia H\u00eddrica STL de Singapura, cumprindo as rigorosas normas de poupan\u00e7a de \u00e1gua.<\/li>\n\n\n\n<li><strong>Remo\u00e7\u00e3o de res\u00edduos potente:<\/strong>&nbsp;Esta sanita foi concebida com uma potente capacidade de descarga, que permite descarregar eficazmente toalhas, 100 bolas de PP ou mesmo 12 ma\u00e7os de papel higi\u00e9nico.<\/li>\n\n\n\n<li><strong>Design higi\u00e9nico sem aros:<\/strong>&nbsp;Sem cantos escondidos, reduzindo a acumula\u00e7\u00e3o de bact\u00e9rias e facilitando a limpeza.<\/li>\n\n\n\n<li><strong>Assento silencioso de fecho suave:<\/strong>&nbsp;O assento fecha-se lenta e silenciosamente, sem perturbar o descanso da sua fam\u00edlia.<\/li>\n\n\n\n<li><strong>Servi\u00e7os personalizados OEM e ODM:<\/strong>&nbsp;Como fabricante de sanitas, apoiamos a personaliza\u00e7\u00e3o de log\u00f3tipos, cores, embalagens, design de produtos, modifica\u00e7\u00f5es no sistema de descarga, etc., para ajudar os clientes de marcas e projectos a diferenciarem-se no mercado.<\/li>\n<\/ul>\n<\/div>\n\n\n\n<div class=\"wp-block-column is-layout-flow wp-block-column-is-layout-flow\">\n<figure class=\"wp-block-image size-full\"><img decoding=\"async\" width=\"1671\" height=\"2134\" src=\"https:\/\/www.southvillabath.com\/wp-content\/uploads\/2026\/03\/wholesale-one-piece-toilet-6630-dimension.webp\" alt=\"sanita de uma pe\u00e7a por atacado 6630 dimens\u00e3o\" class=\"wp-image-1233\" srcset=\"https:\/\/www.southvillabath.com\/wp-content\/uploads\/2026\/03\/wholesale-one-piece-toilet-6630-dimension.webp 1671w, https:\/\/www.southvillabath.com\/wp-content\/uploads\/2026\/03\/wholesale-one-piece-toilet-6630-dimension-235x300.webp 235w, https:\/\/www.southvillabath.com\/wp-content\/uploads\/2026\/03\/wholesale-one-piece-toilet-6630-dimension-768x981.webp 768w, https:\/\/www.southvillabath.com\/wp-content\/uploads\/2026\/03\/wholesale-one-piece-toilet-6630-dimension-9x12.webp 9w, https:\/\/www.southvillabath.com\/wp-content\/uploads\/2026\/03\/wholesale-one-piece-toilet-6630-dimension-1200x1532.webp 1200w, https:\/\/www.southvillabath.com\/wp-content\/uploads\/2026\/03\/wholesale-one-piece-toilet-6630-dimension-600x766.webp 600w\" sizes=\"(max-width: 1671px) 100vw, 1671px\" \/><\/figure>\n<\/div>\n<\/div>","protected":false},"excerpt":{"rendered":"<p>Este <strong>sanita de uma pe\u00e7a por atacado<\/strong>\u00a0combina um design moderno, um potente desempenho de descarga e uma tecnologia de poupan\u00e7a de \u00e1gua. Utilizando apenas <strong>4,5 litros por descarga<\/strong>, A sanita tem um sistema de controlo de qualidade que ajuda a reduzir o consumo de \u00e1gua sem comprometer a efici\u00eancia. A sanita tamb\u00e9m tem <strong>passou no teste de efici\u00eancia da \u00e1gua do STL de Singapura<\/strong>, cumprindo as rigorosas normas de poupan\u00e7a de \u00e1gua e tornando-a ideal para mercados com elevados requisitos ambientais.<\/p>\n<h2><strong><b>Sanita de uma s\u00f3 pe\u00e7a <\/b><\/strong><strong><b>Especifica\u00e7\u00e3o<\/b><\/strong><\/h2>\n<table>\n<tbody>\n<tr>\n<td><strong><b>Especifica\u00e7\u00e3o<\/b><\/strong><\/td>\n<td><strong><b>Detalhes<\/b><\/strong><\/td>\n<\/tr>\n<tr>\n<td>Modelo<\/td>\n<td>SH-6630<\/td>\n<\/tr>\n<tr>\n<td>Tipo de sanita<\/td>\n<td>Sanita de uma pe\u00e7a<\/td>\n<\/tr>\n<tr>\n<td>Volume de descarga<\/td>\n<td>4.5 L<\/td>\n<\/tr>\n<tr>\n<td>Sistema de descarga<\/td>\n<td>Tornado de lavagem<\/td>\n<\/tr>\n<tr>\n<td>Carater\u00edstica do assento<\/td>\n<td>Assento com fecho suave<\/td>\n<\/tr>\n<tr>\n<td>Servi\u00e7o OEM e ODM<\/td>\n<td>Log\u00f3tipo, cores, embalagem, forma do produto e carater\u00edsticas personalizadas dispon\u00edveis<\/td>\n<\/tr>\n<tr>\n<td>Tipo de drenagem<\/td>\n<td>Coletor P:180mm \/ Coletor S:250mm<\/td>\n<\/tr>\n<tr>\n<td>MOQ<\/td>\n<td>50 unidades, flex\u00edvel para discuss\u00e3o posterior<\/td>\n<\/tr>\n<\/tbody>\n<\/table>\n<p>&nbsp;<\/p>","protected":false},"featured_media":1241,"comment_status":"closed","ping_status":"closed","template":"","meta":{"_acf_changed":true},"product_brand":[],"product_cat":[17,36],"product_tag":[],"class_list":{"0":"post-597","1":"product","2":"type-product","3":"status-publish","4":"has-post-thumbnail","6":"product_cat-wholesale-one-piece-toilets","7":"product_cat-wholesale-washdown-one-piece-toilets","9":"first","10":"instock","11":"shipping-taxable","12":"product-type-simple"},"acf":[],"_links":{"self":[{"href":"https:\/\/www.southvillabath.com\/pt\/wp-json\/wp\/v2\/product\/597","targetHints":{"allow":["GET"]}}],"collection":[{"href":"https:\/\/www.southvillabath.com\/pt\/wp-json\/wp\/v2\/product"}],"about":[{"href":"https:\/\/www.southvillabath.com\/pt\/wp-json\/wp\/v2\/types\/product"}],"replies":[{"embeddable":true,"href":"https:\/\/www.southvillabath.com\/pt\/wp-json\/wp\/v2\/comments?post=597"}],"wp:featuredmedia":[{"embeddable":true,"href":"https:\/\/www.southvillabath.com\/pt\/wp-json\/wp\/v2\/media\/1241"}],"wp:attachment":[{"href":"https:\/\/www.southvillabath.com\/pt\/wp-json\/wp\/v2\/media?parent=597"}],"wp:term":[{"taxonomy":"product_brand","embeddable":true,"href":"https:\/\/www.southvillabath.com\/pt\/wp-json\/wp\/v2\/product_brand?post=597"},{"taxonomy":"product_cat","embeddable":true,"href":"https:\/\/www.southvillabath.com\/pt\/wp-json\/wp\/v2\/product_cat?post=597"},{"taxonomy":"product_tag","embeddable":true,"href":"https:\/\/www.southvillabath.com\/pt\/wp-json\/wp\/v2\/product_tag?post=597"}],"curies":[{"name":"wp","href":"https:\/\/api.w.org\/{rel}","templated":true}]}}