{"id":1988,"date":"2026-05-12T01:20:57","date_gmt":"2026-05-12T01:20:57","guid":{"rendered":"https:\/\/www.southvillabath.com\/?post_type=product&#038;p=1988"},"modified":"2026-05-12T01:20:59","modified_gmt":"2026-05-12T01:20:59","slug":"smart-toilet-wholesale-supply","status":"publish","type":"product","link":"https:\/\/www.southvillabath.com\/pt\/product\/smart-toilet-wholesale-supply\/","title":{"rendered":"Sanita inteligente P trap SH-908 Fornecimento por atacado - F\u00e1brica de sanitas inteligentes Washdown"},"content":{"rendered":"<div class=\"wp-block-columns is-layout-flex wp-container-core-columns-is-layout-9d6595d7 wp-block-columns-is-layout-flex\">\n<div class=\"wp-block-column is-layout-flow wp-block-column-is-layout-flow\">\n<h3 class=\"wp-block-heading\"> Carater\u00edsticas da sanita inteligente&nbsp; &nbsp;<\/h3>\n\n\n\n<ul class=\"wp-block-list\">\n<li><strong>Design moderno e aerodin\u00e2mico: <\/strong>A sanita inteligente SH-908 apresenta um aspeto elegante e contempor\u00e2neo que complementa os espa\u00e7os de banho residenciais e comerciais modernos, maximizando a efici\u00eancia do espa\u00e7o.<\/li>\n\n\n\n<li><strong>Poderoso sistema de lavagem Tornado: <\/strong>Concebida com um mecanismo de descarga tornado, esta sanita inteligente proporciona um forte desempenho de lavagem com uma maior efici\u00eancia na poupan\u00e7a de \u00e1gua para utiliza\u00e7\u00e3o di\u00e1ria.<\/li>\n\n\n\n<li><strong>Aquecimento instant\u00e2neo Conforto do assento: <\/strong>O assento aquecido inteligente proporciona um conforto consistente em todas as esta\u00e7\u00f5es, melhorando a experi\u00eancia geral do utilizador em casas, hot\u00e9is e projectos de luxo.<\/li>\n\n\n\n<li><strong>Duas vers\u00f5es para mercados diferentes: <\/strong>Adequado para apartamentos, hot\u00e9is, edif\u00edcios de escrit\u00f3rios, projectos de retalho e empreendimentos residenciais, ajudando os compradores a satisfazer as diversas exig\u00eancias do mercado.<\/li>\n<\/ul>\n<\/div>\n\n\n\n<div class=\"wp-block-column is-layout-flow wp-block-column-is-layout-flow\">\n<figure class=\"wp-block-image size-full\"><img decoding=\"async\" width=\"1079\" height=\"1407\" src=\"https:\/\/www.southvillabath.com\/wp-content\/uploads\/2026\/05\/Wholesale-smart-toilet-SH-908-1.jpg\" alt=\"\" class=\"wp-image-1990\" srcset=\"https:\/\/www.southvillabath.com\/wp-content\/uploads\/2026\/05\/Wholesale-smart-toilet-SH-908-1.jpg 1079w, https:\/\/www.southvillabath.com\/wp-content\/uploads\/2026\/05\/Wholesale-smart-toilet-SH-908-1-230x300.jpg 230w, https:\/\/www.southvillabath.com\/wp-content\/uploads\/2026\/05\/Wholesale-smart-toilet-SH-908-1-768x1001.jpg 768w, https:\/\/www.southvillabath.com\/wp-content\/uploads\/2026\/05\/Wholesale-smart-toilet-SH-908-1-9x12.jpg 9w, https:\/\/www.southvillabath.com\/wp-content\/uploads\/2026\/05\/Wholesale-smart-toilet-SH-908-1-600x782.jpg 600w\" sizes=\"(max-width: 1079px) 100vw, 1079px\" \/><\/figure>\n<\/div>\n<\/div>","protected":false},"excerpt":{"rendered":"<p>Casas de banho inteligentes por atacado. A SH-908B\/D apresenta uma silhueta elegante e moderna com dimens\u00f5es de 680\u00d7400\u00d7450 mm, o que a torna ideal para espa\u00e7os residenciais e comerciais. Equipada com um sistema de descarga tornado, proporciona um desempenho potente e econ\u00f3mico em termos de \u00e1gua. O assento com aquecimento instant\u00e2neo garante conforto durante todo o ano. Est\u00e3o dispon\u00edveis duas vers\u00f5es: a vers\u00e3o B (invers\u00e3o manual) \u00e9 adequada para projectos econ\u00f3micos, enquanto a vers\u00e3o D (invers\u00e3o autom\u00e1tica) \u00e9 ideal para a comodidade sem contacto.<\/p>\n<h2><strong><b>Sanita inteligente <\/b><\/strong><strong><b>Especifica\u00e7\u00e3o<\/b><\/strong><\/h2>\n<table>\n<tbody>\n<tr>\n<td><strong><b>Especifica\u00e7\u00e3o<\/b><\/strong><\/td>\n<td><strong><b>Detalhes<\/b><\/strong><\/td>\n<\/tr>\n<tr>\n<td>Modelo<\/td>\n<td>SH-908<\/td>\n<\/tr>\n<tr>\n<td>Tipo de sanita<\/td>\n<td>Sanita inteligente<\/td>\n<\/tr>\n<tr>\n<td>Tamanho<\/td>\n<td>680 mm \u00d7 400 mm \u00d7 450 mm<\/td>\n<\/tr>\n<tr>\n<td>Volume de descarga<\/td>\n<td>3.0-4.5L<\/td>\n<\/tr>\n<tr>\n<td>Sistema de descarga<\/td>\n<td>Lavagem<\/td>\n<\/tr>\n<tr>\n<td>Carater\u00edstica do assento<\/td>\n<td>Assento redondo, de fecho suave<\/td>\n<\/tr>\n<tr>\n<td>Servi\u00e7o OEM e ODM<\/td>\n<td>Log\u00f3tipo, cores, embalagem, forma do produto e carater\u00edsticas personalizadas dispon\u00edveis<\/td>\n<\/tr>\n<tr>\n<td>MOQ<\/td>\n<td>50 unidades, flex\u00edvel para discuss\u00e3o posterior<\/td>\n<\/tr>\n<\/tbody>\n<\/table>\n<p>&nbsp;<\/p>\n<p>&nbsp;<\/p>\n<p>&nbsp;<\/p>\n<p>\n<script src=\"chrome-extension:\/\/fpelahbljekknahkcaegamhcndkfpfnc\/iFrame.js\" type=\"text\/javascript\"><\/script><\/p>","protected":false},"featured_media":1989,"comment_status":"closed","ping_status":"closed","template":"","meta":{"_acf_changed":false},"product_brand":[],"product_cat":[20],"product_tag":[],"class_list":{"0":"post-1988","1":"product","2":"type-product","3":"status-publish","4":"has-post-thumbnail","6":"product_cat-wholesale-smart-toilets","8":"first","9":"instock","10":"shipping-taxable","11":"product-type-simple"},"acf":[],"_links":{"self":[{"href":"https:\/\/www.southvillabath.com\/pt\/wp-json\/wp\/v2\/product\/1988","targetHints":{"allow":["GET"]}}],"collection":[{"href":"https:\/\/www.southvillabath.com\/pt\/wp-json\/wp\/v2\/product"}],"about":[{"href":"https:\/\/www.southvillabath.com\/pt\/wp-json\/wp\/v2\/types\/product"}],"replies":[{"embeddable":true,"href":"https:\/\/www.southvillabath.com\/pt\/wp-json\/wp\/v2\/comments?post=1988"}],"wp:featuredmedia":[{"embeddable":true,"href":"https:\/\/www.southvillabath.com\/pt\/wp-json\/wp\/v2\/media\/1989"}],"wp:attachment":[{"href":"https:\/\/www.southvillabath.com\/pt\/wp-json\/wp\/v2\/media?parent=1988"}],"wp:term":[{"taxonomy":"product_brand","embeddable":true,"href":"https:\/\/www.southvillabath.com\/pt\/wp-json\/wp\/v2\/product_brand?post=1988"},{"taxonomy":"product_cat","embeddable":true,"href":"https:\/\/www.southvillabath.com\/pt\/wp-json\/wp\/v2\/product_cat?post=1988"},{"taxonomy":"product_tag","embeddable":true,"href":"https:\/\/www.southvillabath.com\/pt\/wp-json\/wp\/v2\/product_tag?post=1988"}],"curies":[{"name":"wp","href":"https:\/\/api.w.org\/{rel}","templated":true}]}}