{"id":1980,"date":"2026-05-12T02:15:36","date_gmt":"2026-05-12T02:15:36","guid":{"rendered":"https:\/\/www.southvillabath.com\/?post_type=product&#038;p=1980"},"modified":"2026-05-12T02:17:06","modified_gmt":"2026-05-12T02:17:06","slug":"wholesale-smart-toilets-meet-north-american-requirements","status":"publish","type":"product","link":"https:\/\/www.southvillabath.com\/pt\/product\/wholesale-smart-toilets-meet-north-american-requirements\/","title":{"rendered":"High Quality Smart Toilet SH-906 Wholesale Supply \u2013 Meet North American requirements \u2013 Washdown Smart Toilet Factory"},"content":{"rendered":"<div class=\"wp-block-columns is-layout-flex wp-container-core-columns-is-layout-9d6595d7 wp-block-columns-is-layout-flex\">\n<div class=\"wp-block-column is-layout-flow wp-block-column-is-layout-flow\">\n<h3 class=\"wp-block-heading\"> Carater\u00edsticas da sanita inteligente&nbsp; &nbsp;<\/h3>\n\n\n\n<ul class=\"wp-block-list\">\n<li><strong>Efficient Tornado Washdown Flushing: <\/strong>Equipped with a tornado flushing system and built-in water tank, this smart toilet delivers strong and efficient washdown performance while helping improve water efficiency and hygiene.<\/li>\n\n\n\n<li><strong>Instant Heating Comfort System:<\/strong> The instant heating technology supports continuous warm water and seat heating functions, enhancing comfort for daily use in all seasons without waiting for water storage heating.<\/li>\n\n\n\n<li><strong>Multiple Intelligent Functions: <\/strong>Features including bidet washing, warm air drying, automatic flushing, and heated seating provide a convenient and hygienic bathroom experience for users in both residential and hospitality applications.<\/li>\n\n\n\n<li><strong>Flexible Installation Options: <\/strong>Available in both P-trap and S-trap configurations, the SH-905 is designed to meet various installation standards and project requirements in North American and international markets.<\/li>\n\n\n\n<li><strong>OEM &amp; ODM Manufacturing Support: <\/strong>As an experienced smart toilet factory, we support customized logos, packaging, product configurations, and bulk project solutions for importers, distributors, wholesalers, and private label brands.<\/li>\n<\/ul>\n<\/div>\n\n\n\n<div class=\"wp-block-column is-layout-flow wp-block-column-is-layout-flow\">\n<figure class=\"wp-block-image size-full\"><img decoding=\"async\" width=\"1155\" height=\"1476\" src=\"https:\/\/www.southvillabath.com\/wp-content\/uploads\/2026\/05\/Wholesale-smart-toilet-SH-906-2.jpg\" alt=\"\" class=\"wp-image-1982\" srcset=\"https:\/\/www.southvillabath.com\/wp-content\/uploads\/2026\/05\/Wholesale-smart-toilet-SH-906-2.jpg 1155w, https:\/\/www.southvillabath.com\/wp-content\/uploads\/2026\/05\/Wholesale-smart-toilet-SH-906-2-235x300.jpg 235w, https:\/\/www.southvillabath.com\/wp-content\/uploads\/2026\/05\/Wholesale-smart-toilet-SH-906-2-768x981.jpg 768w, https:\/\/www.southvillabath.com\/wp-content\/uploads\/2026\/05\/Wholesale-smart-toilet-SH-906-2-9x12.jpg 9w, https:\/\/www.southvillabath.com\/wp-content\/uploads\/2026\/05\/Wholesale-smart-toilet-SH-906-2-600x767.jpg 600w\" sizes=\"(max-width: 1155px) 100vw, 1155px\" \/><\/figure>\n<\/div>\n<\/div>","protected":false},"excerpt":{"rendered":"<p>Wholesale smart toilet SH-906. Equipped with an advanced tornado flushing system and an integrated water tank, the SH-905 delivers efficient and powerful flushing performance while maintaining water-saving functionality. The instant-heating seat system provides continuous comfort, while intelligent features such as bidet washing, warm air drying, auto flushing, and seat heating enhance the overall user experience.<\/p>\n<h2><strong><b>Sanita inteligente <\/b><\/strong><strong><b>Especifica\u00e7\u00e3o<\/b><\/strong><\/h2>\n<table>\n<tbody>\n<tr>\n<td><strong><b>Especifica\u00e7\u00e3o<\/b><\/strong><\/td>\n<td><strong><b>Detalhes<\/b><\/strong><\/td>\n<\/tr>\n<tr>\n<td>Modelo<\/td>\n<td>SH-906<\/td>\n<\/tr>\n<tr>\n<td>Tipo de sanita<\/td>\n<td>Sanita inteligente<\/td>\n<\/tr>\n<tr>\n<td>Tamanho<\/td>\n<td>670mm \u00d7 380mm \u00d7 510mm<\/td>\n<\/tr>\n<tr>\n<td>Volume de descarga<\/td>\n<td>3.0-4.5L<\/td>\n<\/tr>\n<tr>\n<td>Sistema de descarga<\/td>\n<td>Lavagem<\/td>\n<\/tr>\n<tr>\n<td>Carater\u00edstica do assento<\/td>\n<td>Assento redondo, de fecho suave<\/td>\n<\/tr>\n<tr>\n<td>Servi\u00e7o OEM e ODM<\/td>\n<td>Log\u00f3tipo, cores, embalagem, forma do produto e carater\u00edsticas personalizadas dispon\u00edveis<\/td>\n<\/tr>\n<tr>\n<td>MOQ<\/td>\n<td>50 unidades, flex\u00edvel para discuss\u00e3o posterior<\/td>\n<\/tr>\n<\/tbody>\n<\/table>\n<p>&nbsp;<\/p>\n<p>&nbsp;<\/p>\n<p>&nbsp;<\/p>\n<p>\n<script src=\"chrome-extension:\/\/fpelahbljekknahkcaegamhcndkfpfnc\/iFrame.js\" type=\"text\/javascript\"><\/script><\/p>","protected":false},"featured_media":1981,"comment_status":"closed","ping_status":"closed","template":"","meta":{"_acf_changed":false},"product_brand":[],"product_cat":[20],"product_tag":[],"class_list":{"0":"post-1980","1":"product","2":"type-product","3":"status-publish","4":"has-post-thumbnail","6":"product_cat-wholesale-smart-toilets","8":"first","9":"instock","10":"shipping-taxable","11":"product-type-simple"},"acf":[],"_links":{"self":[{"href":"https:\/\/www.southvillabath.com\/pt\/wp-json\/wp\/v2\/product\/1980","targetHints":{"allow":["GET"]}}],"collection":[{"href":"https:\/\/www.southvillabath.com\/pt\/wp-json\/wp\/v2\/product"}],"about":[{"href":"https:\/\/www.southvillabath.com\/pt\/wp-json\/wp\/v2\/types\/product"}],"replies":[{"embeddable":true,"href":"https:\/\/www.southvillabath.com\/pt\/wp-json\/wp\/v2\/comments?post=1980"}],"wp:featuredmedia":[{"embeddable":true,"href":"https:\/\/www.southvillabath.com\/pt\/wp-json\/wp\/v2\/media\/1981"}],"wp:attachment":[{"href":"https:\/\/www.southvillabath.com\/pt\/wp-json\/wp\/v2\/media?parent=1980"}],"wp:term":[{"taxonomy":"product_brand","embeddable":true,"href":"https:\/\/www.southvillabath.com\/pt\/wp-json\/wp\/v2\/product_brand?post=1980"},{"taxonomy":"product_cat","embeddable":true,"href":"https:\/\/www.southvillabath.com\/pt\/wp-json\/wp\/v2\/product_cat?post=1980"},{"taxonomy":"product_tag","embeddable":true,"href":"https:\/\/www.southvillabath.com\/pt\/wp-json\/wp\/v2\/product_tag?post=1980"}],"curies":[{"name":"wp","href":"https:\/\/api.w.org\/{rel}","templated":true}]}}