{"id":1868,"date":"2026-04-30T07:11:11","date_gmt":"2026-04-30T07:11:11","guid":{"rendered":"https:\/\/www.southvillabath.com\/?post_type=product&#038;p=1868"},"modified":"2026-04-30T07:32:13","modified_gmt":"2026-04-30T07:32:13","slug":"wholesale-marble-finish-one-piece-pedestal-basin","status":"publish","type":"product","link":"https:\/\/www.southvillabath.com\/pt\/product\/wholesale-marble-finish-one-piece-pedestal-basin\/","title":{"rendered":"Bacia de pedestal de uma pe\u00e7a com acabamento em m\u00e1rmore por atacado - Lavat\u00f3rios coloridos personalizados - Fabricante de lavat\u00f3rios"},"content":{"rendered":"<div class=\"wp-block-columns is-layout-flex wp-container-core-columns-is-layout-9d6595d7 wp-block-columns-is-layout-flex\">\n<div class=\"wp-block-column is-layout-flow wp-block-column-is-layout-flow\">\n<h3 class=\"wp-block-heading\">Bacia de pedestal de uma pe\u00e7a Carater\u00edsticas<\/h3>\n\n\n\n<ul class=\"wp-block-list\">\n<li><strong>Limpeza e manuten\u00e7\u00e3o f\u00e1ceis: <\/strong> A cer\u00e2mica vidrada de alta qualidade resiste a manchas e riscos, garantindo uma superf\u00edcie lisa e higi\u00e9nica.<\/li>\n\n\n\n<li><strong>Durabilidade Premium: <\/strong>Fabricadas em cer\u00e2mica cozida a alta temperatura com baixa absor\u00e7\u00e3o de \u00e1gua, estas bacias resistem a fissuras, amarelecimento e desgaste.<\/li>\n\n\n\n<li><strong>Versatilidade comercial e grossista: <\/strong>A multiplicidade de cores torna esta s\u00e9rie perfeita para hot\u00e9is, escrit\u00f3rios e projectos residenciais que exijam aquisi\u00e7\u00f5es a granel.<\/li>\n\n\n\n<li><strong>Fabrico direto na f\u00e1brica: <\/strong>Somos um fabricante direto de lavat\u00f3rio, oferecendo pre\u00e7os de f\u00e1brica, capacidade de produ\u00e7\u00e3o est\u00e1vel e fornecimento a granel fi\u00e1vel para compradores globais.<\/li>\n<\/ul>\n<\/div>\n\n\n\n<div class=\"wp-block-column is-layout-flow wp-block-column-is-layout-flow\">\n<figure class=\"wp-block-image size-full\"><img decoding=\"async\" width=\"1127\" height=\"1392\" src=\"https:\/\/www.southvillabath.com\/wp-content\/uploads\/2026\/04\/Wholesale-Pedestal-basin-SH-8802MGL-1.jpg\" alt=\"\" class=\"wp-image-1870\" srcset=\"https:\/\/www.southvillabath.com\/wp-content\/uploads\/2026\/04\/Wholesale-Pedestal-basin-SH-8802MGL-1.jpg 1127w, https:\/\/www.southvillabath.com\/wp-content\/uploads\/2026\/04\/Wholesale-Pedestal-basin-SH-8802MGL-1-243x300.jpg 243w, https:\/\/www.southvillabath.com\/wp-content\/uploads\/2026\/04\/Wholesale-Pedestal-basin-SH-8802MGL-1-768x949.jpg 768w, https:\/\/www.southvillabath.com\/wp-content\/uploads\/2026\/04\/Wholesale-Pedestal-basin-SH-8802MGL-1-10x12.jpg 10w, https:\/\/www.southvillabath.com\/wp-content\/uploads\/2026\/04\/Wholesale-Pedestal-basin-SH-8802MGL-1-600x741.jpg 600w\" sizes=\"(max-width: 1127px) 100vw, 1127px\" \/><\/figure>\n<\/div>\n<\/div>","protected":false},"excerpt":{"rendered":"<p data-pm-slice=\"0 0 []\">Lavat\u00f3rio de pedestal de uma pe\u00e7a com acabamento em m\u00e1rmore e incrusta\u00e7\u00f5es douradas. Este produto combina a est\u00e9tica luxuosa com o desempenho fi\u00e1vel da cer\u00e2mica, tornando-o uma adi\u00e7\u00e3o poderosa a qualquer portf\u00f3lio de produtos de casa de banho de alta qualidade. Como fabricante de lavat\u00f3rios, apoiamos OEM, ODM e produ\u00e7\u00e3o em massa; n\u00e3o hesite em contactar-nos.<\/p>\n<h2><strong><b>Lavat\u00f3rio suspenso em cer\u00e2mica <\/b><\/strong><strong><b>Especifica\u00e7\u00e3o<\/b><\/strong><\/h2>\n<table>\n<tbody>\n<tr>\n<td><strong><b>Especifica\u00e7\u00e3o<\/b><\/strong><\/td>\n<td><strong><b>Detalhes<\/b><\/strong><\/td>\n<\/tr>\n<tr>\n<td>Modelo<\/td>\n<td>SH-8802MGL<\/td>\n<\/tr>\n<tr>\n<td>Tipo de produto<\/td>\n<td>Bacia de pedestal de duas pe\u00e7as<\/td>\n<\/tr>\n<tr>\n<td>Tamanho<\/td>\n<td>430 mm x 355 mm x 850 mm<\/td>\n<\/tr>\n<tr>\n<td>Estilo<\/td>\n<td>Moderno<\/td>\n<\/tr>\n<tr>\n<td>Carater\u00edstica<\/td>\n<td>Suave<\/td>\n<\/tr>\n<tr>\n<td>Aplica\u00e7\u00e3o<\/td>\n<td>Casa de banho<\/td>\n<\/tr>\n<tr>\n<td>Servi\u00e7o OEM e ODM<\/td>\n<td>Log\u00f3tipo, cores, embalagem, forma do produto e carater\u00edsticas personalizadas dispon\u00edveis<\/td>\n<\/tr>\n<tr>\n<td>MOQ<\/td>\n<td>50 unidades, flex\u00edvel para discuss\u00e3o posterior<\/td>\n<\/tr>\n<\/tbody>\n<\/table>\n<p>&nbsp;<\/p>\n<p><script src=\"chrome-extension:\/\/fpelahbljekknahkcaegamhcndkfpfnc\/iFrame.js\" type=\"text\/javascript\"><\/script><\/p>\n<p>\n<script src=\"chrome-extension:\/\/fpelahbljekknahkcaegamhcndkfpfnc\/iFrame.js\" type=\"text\/javascript\"><\/script><\/p>","protected":false},"featured_media":1869,"comment_status":"closed","ping_status":"closed","template":"","meta":{"_acf_changed":true},"product_brand":[],"product_cat":[23],"product_tag":[],"class_list":{"0":"post-1868","1":"product","2":"type-product","3":"status-publish","4":"has-post-thumbnail","6":"product_cat-wholesale-washbasins","8":"first","9":"instock","10":"shipping-taxable","11":"product-type-simple"},"acf":[],"_links":{"self":[{"href":"https:\/\/www.southvillabath.com\/pt\/wp-json\/wp\/v2\/product\/1868","targetHints":{"allow":["GET"]}}],"collection":[{"href":"https:\/\/www.southvillabath.com\/pt\/wp-json\/wp\/v2\/product"}],"about":[{"href":"https:\/\/www.southvillabath.com\/pt\/wp-json\/wp\/v2\/types\/product"}],"replies":[{"embeddable":true,"href":"https:\/\/www.southvillabath.com\/pt\/wp-json\/wp\/v2\/comments?post=1868"}],"wp:featuredmedia":[{"embeddable":true,"href":"https:\/\/www.southvillabath.com\/pt\/wp-json\/wp\/v2\/media\/1869"}],"wp:attachment":[{"href":"https:\/\/www.southvillabath.com\/pt\/wp-json\/wp\/v2\/media?parent=1868"}],"wp:term":[{"taxonomy":"product_brand","embeddable":true,"href":"https:\/\/www.southvillabath.com\/pt\/wp-json\/wp\/v2\/product_brand?post=1868"},{"taxonomy":"product_cat","embeddable":true,"href":"https:\/\/www.southvillabath.com\/pt\/wp-json\/wp\/v2\/product_cat?post=1868"},{"taxonomy":"product_tag","embeddable":true,"href":"https:\/\/www.southvillabath.com\/pt\/wp-json\/wp\/v2\/product_tag?post=1868"}],"curies":[{"name":"wp","href":"https:\/\/api.w.org\/{rel}","templated":true}]}}