{"id":1853,"date":"2026-04-30T07:01:25","date_gmt":"2026-04-30T07:01:25","guid":{"rendered":"https:\/\/www.southvillabath.com\/?post_type=product&#038;p=1853"},"modified":"2026-04-30T07:01:26","modified_gmt":"2026-04-30T07:01:26","slug":"wholesale-luxury-black-and-gold-two-piece-pedestal-basin","status":"publish","type":"product","link":"https:\/\/www.southvillabath.com\/pt\/product\/wholesale-luxury-black-and-gold-two-piece-pedestal-basin\/","title":{"rendered":"Wholesale Luxury Black &amp; Gold Two Piece Pedestal Basin \u2013 Pedestal Basin Manufacturer"},"content":{"rendered":"<div class=\"wp-block-columns is-layout-flex wp-container-core-columns-is-layout-9d6595d7 wp-block-columns-is-layout-flex\">\n<div class=\"wp-block-column is-layout-flow wp-block-column-is-layout-flow\">\n<h3 class=\"wp-block-heading\">Two-Piece Pedestal Basin Features<\/h3>\n\n\n\n<ul class=\"wp-block-list\">\n<li><strong>Luxury Black &amp; Gold Design: <\/strong>A sophisticated combination of glossy black ceramic and metallic gold accents creates a high-end visual identity, ideal for upscale hospitality and retail environments.<\/li>\n\n\n\n<li><strong>Constru\u00e7\u00e3o em cer\u00e2mica de alta qualidade:<\/strong> Manufactured using durable ceramic materials, ensuring long-term performance, resistance to wear, and suitability for daily commercial use.<\/li>\n\n\n\n<li><strong>Two-Piece Design: <\/strong>The pedestal basin is designed as a two-piece structure, making it significantly more convenient for shipping, warehousing, and on-site handling.<\/li>\n\n\n\n<li><strong>Easy-to-Clean Surface: <\/strong>The smooth high-gloss ceramic surface with self-cleaning glaze minimizes dirt adhesion and water stains, making daily cleaning quick and effortless.<\/li>\n<\/ul>\n<\/div>\n\n\n\n<div class=\"wp-block-column is-layout-flow wp-block-column-is-layout-flow\">\n<figure class=\"wp-block-image size-full\"><img decoding=\"async\" width=\"1127\" height=\"1392\" src=\"https:\/\/www.southvillabath.com\/wp-content\/uploads\/2026\/04\/Wholesale-Pedestal-basin-SH-B-199BGL-1.jpg\" alt=\"\" class=\"wp-image-1855\" srcset=\"https:\/\/www.southvillabath.com\/wp-content\/uploads\/2026\/04\/Wholesale-Pedestal-basin-SH-B-199BGL-1.jpg 1127w, https:\/\/www.southvillabath.com\/wp-content\/uploads\/2026\/04\/Wholesale-Pedestal-basin-SH-B-199BGL-1-243x300.jpg 243w, https:\/\/www.southvillabath.com\/wp-content\/uploads\/2026\/04\/Wholesale-Pedestal-basin-SH-B-199BGL-1-768x949.jpg 768w, https:\/\/www.southvillabath.com\/wp-content\/uploads\/2026\/04\/Wholesale-Pedestal-basin-SH-B-199BGL-1-10x12.jpg 10w, https:\/\/www.southvillabath.com\/wp-content\/uploads\/2026\/04\/Wholesale-Pedestal-basin-SH-B-199BGL-1-600x741.jpg 600w\" sizes=\"(max-width: 1127px) 100vw, 1127px\" \/><\/figure>\n<\/div>\n<\/div>","protected":false},"excerpt":{"rendered":"<p>Welcome to bulk purchase of our wholesale pedestal basins. The Luxury Black &amp; Gold Pedestal Basin is a remarkable hygienic solution designed for high-end commercial and residential environments. The basin is made of high-quality ceramic with a smooth, glossy black surface accented with delicate gold details. Ideal for luxury hotels and upscale residential developments.<\/p>\n<h2><strong><b>Two Piece Pedestal Basin Specification<\/b><\/strong><\/h2>\n<table>\n<tbody>\n<tr>\n<td><strong><b>Especifica\u00e7\u00e3o<\/b><\/strong><\/td>\n<td><strong><b>Detalhes<\/b><\/strong><\/td>\n<\/tr>\n<tr>\n<td>Modelo<\/td>\n<td>SH-B199BGL<\/td>\n<\/tr>\n<tr>\n<td>Tipo de produto<\/td>\n<td>Bacia de pedestal de duas pe\u00e7as<\/td>\n<\/tr>\n<tr>\n<td>Tamanho<\/td>\n<td>610mm \u00d7 460mm \u00d7 805mm<\/td>\n<\/tr>\n<tr>\n<td>Estilo<\/td>\n<td>Moderno<\/td>\n<\/tr>\n<tr>\n<td>Carater\u00edstica<\/td>\n<td>Suave<\/td>\n<\/tr>\n<tr>\n<td>Aplica\u00e7\u00e3o<\/td>\n<td>Casa de banho<\/td>\n<\/tr>\n<tr>\n<td>Servi\u00e7o OEM e ODM<\/td>\n<td>Log\u00f3tipo, cores, embalagem, forma do produto e carater\u00edsticas personalizadas dispon\u00edveis<\/td>\n<\/tr>\n<tr>\n<td>MOQ<\/td>\n<td>50 unidades, flex\u00edvel para discuss\u00e3o posterior<\/td>\n<\/tr>\n<\/tbody>\n<\/table>\n<p>&nbsp;<\/p>\n<p>&nbsp;<\/p>\n<p>\n<script src=\"chrome-extension:\/\/fpelahbljekknahkcaegamhcndkfpfnc\/iFrame.js\" type=\"text\/javascript\"><\/script><\/p>","protected":false},"featured_media":1854,"comment_status":"closed","ping_status":"closed","template":"","meta":{"_acf_changed":false},"product_brand":[],"product_cat":[23],"product_tag":[],"class_list":{"0":"post-1853","1":"product","2":"type-product","3":"status-publish","4":"has-post-thumbnail","6":"product_cat-wholesale-washbasins","8":"first","9":"instock","10":"shipping-taxable","11":"product-type-simple"},"acf":[],"_links":{"self":[{"href":"https:\/\/www.southvillabath.com\/pt\/wp-json\/wp\/v2\/product\/1853","targetHints":{"allow":["GET"]}}],"collection":[{"href":"https:\/\/www.southvillabath.com\/pt\/wp-json\/wp\/v2\/product"}],"about":[{"href":"https:\/\/www.southvillabath.com\/pt\/wp-json\/wp\/v2\/types\/product"}],"replies":[{"embeddable":true,"href":"https:\/\/www.southvillabath.com\/pt\/wp-json\/wp\/v2\/comments?post=1853"}],"wp:featuredmedia":[{"embeddable":true,"href":"https:\/\/www.southvillabath.com\/pt\/wp-json\/wp\/v2\/media\/1854"}],"wp:attachment":[{"href":"https:\/\/www.southvillabath.com\/pt\/wp-json\/wp\/v2\/media?parent=1853"}],"wp:term":[{"taxonomy":"product_brand","embeddable":true,"href":"https:\/\/www.southvillabath.com\/pt\/wp-json\/wp\/v2\/product_brand?post=1853"},{"taxonomy":"product_cat","embeddable":true,"href":"https:\/\/www.southvillabath.com\/pt\/wp-json\/wp\/v2\/product_cat?post=1853"},{"taxonomy":"product_tag","embeddable":true,"href":"https:\/\/www.southvillabath.com\/pt\/wp-json\/wp\/v2\/product_tag?post=1853"}],"curies":[{"name":"wp","href":"https:\/\/api.w.org\/{rel}","templated":true}]}}