{"id":1844,"date":"2026-05-06T22:45:13","date_gmt":"2026-05-06T22:45:13","guid":{"rendered":"https:\/\/www.southvillabath.com\/?post_type=product&#038;p=1844"},"modified":"2026-05-06T22:45:14","modified_gmt":"2026-05-06T22:45:14","slug":"wholesale-colored-wall-hung-basin-factory-and-supplier","status":"publish","type":"product","link":"https:\/\/www.southvillabath.com\/pt\/product\/wholesale-colored-wall-hung-basin-factory-and-supplier\/","title":{"rendered":"F\u00e1brica e fornecedor grossista de bacias coloridas de parede - pre\u00e7os diretos da f\u00e1brica, apoio \u00e0 personaliza\u00e7\u00e3o da marca"},"content":{"rendered":"<div class=\"wp-block-columns is-layout-flex wp-container-core-columns-is-layout-9d6595d7 wp-block-columns-is-layout-flex\">\n<div class=\"wp-block-column is-layout-flow wp-block-column-is-layout-flow\">\n<h3 class=\"wp-block-heading\">Wall Hung Basin Features<\/h3>\n\n\n\n<ul class=\"wp-block-list\">\n<li><strong>Stylish Aesthetic:<\/strong> Sleek gray finish with gold accents; geometric design elevates bathrooms in hotels, homes, or commercial spaces.<\/li>\n\n\n\n<li><strong>Durable Ceramic Build:<\/strong> High &#8211; grade ceramic construction resists chipping\/cracking\u2014ensuring long &#8211; term use in high &#8211; traffic environments.<\/li>\n\n\n\n<li><strong>Antibacterial Pipe Glazing:<\/strong> Hygienic internal pipes reduce bacteria buildup\u2014perfect for healthcare, hospitality, or family &#8211; focused spaces.<\/li>\n\n\n\n<li><strong>Space-Saving Design: <\/strong>Wall-mounted installation frees floor space, making it suitable for small bathrooms, apartments, or powder rooms.<\/li>\n\n\n\n<li><strong>OEM\/ODM Support: <\/strong>Customize colors, sizes, or logos to align with your brand, ideal for retailers\/distributors seeking unique offerings.<\/li>\n<\/ul>\n<\/div>\n\n\n\n<div class=\"wp-block-column is-layout-flow wp-block-column-is-layout-flow\">\n<figure class=\"wp-block-image size-full\"><img decoding=\"async\" width=\"1127\" height=\"1392\" src=\"https:\/\/www.southvillabath.com\/wp-content\/uploads\/2026\/04\/Wholesale-Wall-hung-basin-SH-P128GGL-1.jpg\" alt=\"\" class=\"wp-image-1846\" srcset=\"https:\/\/www.southvillabath.com\/wp-content\/uploads\/2026\/04\/Wholesale-Wall-hung-basin-SH-P128GGL-1.jpg 1127w, https:\/\/www.southvillabath.com\/wp-content\/uploads\/2026\/04\/Wholesale-Wall-hung-basin-SH-P128GGL-1-243x300.jpg 243w, https:\/\/www.southvillabath.com\/wp-content\/uploads\/2026\/04\/Wholesale-Wall-hung-basin-SH-P128GGL-1-768x949.jpg 768w, https:\/\/www.southvillabath.com\/wp-content\/uploads\/2026\/04\/Wholesale-Wall-hung-basin-SH-P128GGL-1-10x12.jpg 10w, https:\/\/www.southvillabath.com\/wp-content\/uploads\/2026\/04\/Wholesale-Wall-hung-basin-SH-P128GGL-1-600x741.jpg 600w\" sizes=\"(max-width: 1127px) 100vw, 1127px\" \/><\/figure>\n<\/div>\n<\/div>","protected":false},"excerpt":{"rendered":"<p>Wholesale wall hung basin SH-P128GGL. Produced in our advanced factory, each basin features self &#8211; clean glazing and antibacterial pipe glazing\u2014critical for high-traffic spaces. We support OEM\/ODM customization, allowing you to tailor colors, sizes, or branding to match your market. Contact us for factory pricing.<\/p>\n<h2><strong><b>Especifica\u00e7\u00f5es do lavat\u00f3rio suspenso<\/b><\/strong><\/h2>\n<table>\n<tbody>\n<tr>\n<td><strong><b>Especifica\u00e7\u00e3o<\/b><\/strong><\/td>\n<td><strong><b>Detalhes<\/b><\/strong><\/td>\n<\/tr>\n<tr>\n<td>Modelo<\/td>\n<td>SH-P128GGL<\/td>\n<\/tr>\n<tr>\n<td>Tipo de produto<\/td>\n<td>Lavat\u00f3rio suspenso<\/td>\n<\/tr>\n<tr>\n<td>Estilo<\/td>\n<td>Moderno<\/td>\n<\/tr>\n<tr>\n<td>Tamanho<\/td>\n<td>495 mm \u00d7 440 mm \u00d7 390 mm<\/td>\n<\/tr>\n<tr>\n<td>Carater\u00edstica<\/td>\n<td>Suave<\/td>\n<\/tr>\n<tr>\n<td>Aplica\u00e7\u00e3o<\/td>\n<td>Casa de banho<\/td>\n<\/tr>\n<tr>\n<td>Servi\u00e7o OEM e ODM<\/td>\n<td>Log\u00f3tipo, cores, embalagem, forma do produto e carater\u00edsticas personalizadas dispon\u00edveis<\/td>\n<\/tr>\n<tr>\n<td>MOQ<\/td>\n<td>50 unidades, flex\u00edvel para discuss\u00e3o posterior<\/td>\n<\/tr>\n<\/tbody>\n<\/table>\n<p>&nbsp;<\/p>\n<p>\n<script src=\"chrome-extension:\/\/fpelahbljekknahkcaegamhcndkfpfnc\/iFrame.js\" type=\"text\/javascript\"><\/script><\/p>","protected":false},"featured_media":1845,"comment_status":"closed","ping_status":"closed","template":"","meta":{"_acf_changed":false},"product_brand":[],"product_cat":[23],"product_tag":[],"class_list":{"0":"post-1844","1":"product","2":"type-product","3":"status-publish","4":"has-post-thumbnail","6":"product_cat-wholesale-washbasins","8":"first","9":"instock","10":"shipping-taxable","11":"product-type-simple"},"acf":[],"_links":{"self":[{"href":"https:\/\/www.southvillabath.com\/pt\/wp-json\/wp\/v2\/product\/1844","targetHints":{"allow":["GET"]}}],"collection":[{"href":"https:\/\/www.southvillabath.com\/pt\/wp-json\/wp\/v2\/product"}],"about":[{"href":"https:\/\/www.southvillabath.com\/pt\/wp-json\/wp\/v2\/types\/product"}],"replies":[{"embeddable":true,"href":"https:\/\/www.southvillabath.com\/pt\/wp-json\/wp\/v2\/comments?post=1844"}],"wp:featuredmedia":[{"embeddable":true,"href":"https:\/\/www.southvillabath.com\/pt\/wp-json\/wp\/v2\/media\/1845"}],"wp:attachment":[{"href":"https:\/\/www.southvillabath.com\/pt\/wp-json\/wp\/v2\/media?parent=1844"}],"wp:term":[{"taxonomy":"product_brand","embeddable":true,"href":"https:\/\/www.southvillabath.com\/pt\/wp-json\/wp\/v2\/product_brand?post=1844"},{"taxonomy":"product_cat","embeddable":true,"href":"https:\/\/www.southvillabath.com\/pt\/wp-json\/wp\/v2\/product_cat?post=1844"},{"taxonomy":"product_tag","embeddable":true,"href":"https:\/\/www.southvillabath.com\/pt\/wp-json\/wp\/v2\/product_tag?post=1844"}],"curies":[{"name":"wp","href":"https:\/\/api.w.org\/{rel}","templated":true}]}}