{"id":1810,"date":"2026-05-06T23:12:19","date_gmt":"2026-05-06T23:12:19","guid":{"rendered":"https:\/\/www.southvillabath.com\/?post_type=product&#038;p=1810"},"modified":"2026-05-06T23:12:20","modified_gmt":"2026-05-06T23:12:20","slug":"factory-direct-wholesale-high-quality-one-piece-toilet","status":"publish","type":"product","link":"https:\/\/www.southvillabath.com\/pt\/product\/factory-direct-wholesale-high-quality-one-piece-toilet\/","title":{"rendered":"Sanita de uma pe\u00e7a SH-295GL - Suporte OEM e ODM"},"content":{"rendered":"<div class=\"wp-block-columns is-layout-flex wp-container-core-columns-is-layout-9d6595d7 wp-block-columns-is-layout-flex\">\n<div class=\"wp-block-column is-layout-flow wp-block-column-is-layout-flow\">\n<h3 class=\"wp-block-heading\">Carater\u00edsticas da sanita de uma s\u00f3 pe\u00e7a<\/h3>\n\n\n\n<ul class=\"wp-block-list\">\n<li><strong>Flushing options:<\/strong> available with washdown or siphonic systems, providing flexible performance options to meet different installation requirements and market preferences.<\/li>\n\n\n\n<li><strong>Versatile Installation: <\/strong>With multiple rough-in options (Siphonic S-trap: 300\/400mm; Washdown P-trap: 180mm \/ S-trap: 250mm), the SH-295GL adapts to global plumbing systems, simplifying procurement for international distributors.<\/li>\n\n\n\n<li><strong>Autolimpeza + Antibacteriano Vidros: <\/strong>Smooth, stain-resistant surface + antibacterial inner pipes minimize cleaning efforts, enhance hygiene, and extend product lifespan\u2014reducing after-sales costs.<\/li>\n\n\n\n<li><strong>Suporte OEM\/ODM direto da f\u00e1brica:<\/strong> Customize logos, colors, or designs to build your brand. Scalable production, strict QC, and fast delivery make us your reliable bulk-order partner.<\/li>\n<\/ul>\n<\/div>\n\n\n\n<div class=\"wp-block-column is-layout-flow wp-block-column-is-layout-flow\">\n<figure class=\"wp-block-image size-full\"><img decoding=\"async\" width=\"1127\" height=\"1392\" src=\"https:\/\/www.southvillabath.com\/wp-content\/uploads\/2026\/04\/Wholesale-one-Piece-Toilet-SH-295GL-1.jpg\" alt=\"\" class=\"wp-image-1812\" srcset=\"https:\/\/www.southvillabath.com\/wp-content\/uploads\/2026\/04\/Wholesale-one-Piece-Toilet-SH-295GL-1.jpg 1127w, https:\/\/www.southvillabath.com\/wp-content\/uploads\/2026\/04\/Wholesale-one-Piece-Toilet-SH-295GL-1-243x300.jpg 243w, https:\/\/www.southvillabath.com\/wp-content\/uploads\/2026\/04\/Wholesale-one-Piece-Toilet-SH-295GL-1-768x949.jpg 768w, https:\/\/www.southvillabath.com\/wp-content\/uploads\/2026\/04\/Wholesale-one-Piece-Toilet-SH-295GL-1-10x12.jpg 10w, https:\/\/www.southvillabath.com\/wp-content\/uploads\/2026\/04\/Wholesale-one-Piece-Toilet-SH-295GL-1-600x741.jpg 600w\" sizes=\"(max-width: 1127px) 100vw, 1127px\" \/><\/figure>\n<\/div>\n<\/div>","protected":false},"excerpt":{"rendered":"<p>Actualize a sua gama de produtos de casa de banho com a sanita de uma pe\u00e7a SH-295GL - concebida para casas de banho modernas e constru\u00edda para um desempenho duradouro. Como um produto de confian\u00e7a <a href=\"https:\/\/www.southvillabath.com\/pt\/wholesale-toilets\/\" target=\"_blank\" rel=\"noopener\"><strong>fabricante de sanitas diretamente da f\u00e1brica<\/strong><\/a>, A nossa empresa, a nossa empresa, permite que grossistas, retalhistas, importadores e distribuidores disponham de produtos de primeira qualidade a pre\u00e7os competitivos.<\/p>\n<h2><strong><b>Sanita de uma s\u00f3 pe\u00e7a <\/b><\/strong><strong><b>Especifica\u00e7\u00e3o<\/b><\/strong><\/h2>\n<table>\n<tbody>\n<tr>\n<td><strong><b>Especifica\u00e7\u00e3o<\/b><\/strong><\/td>\n<td><strong><b>Detalhes<\/b><\/strong><\/td>\n<\/tr>\n<tr>\n<td>Modelo<\/td>\n<td>SH-295GL<\/td>\n<\/tr>\n<tr>\n<td>Tipo de sanita<\/td>\n<td>Sanita de uma s\u00f3 pe\u00e7a<\/td>\n<\/tr>\n<tr>\n<td>Tamanho<\/td>\n<td>685 mm \u00d7 355 mm \u00d7 775 mm<\/td>\n<\/tr>\n<tr>\n<td>Sistema de descarga<\/td>\n<td>Jato de lavagem<\/td>\n<\/tr>\n<tr>\n<td>Carater\u00edstica do assento<\/td>\n<td>Assento com fecho suave<\/td>\n<\/tr>\n<tr>\n<td>Servi\u00e7o OEM e ODM<\/td>\n<td>Log\u00f3tipo, cores, embalagem, forma do produto e carater\u00edsticas personalizadas dispon\u00edveis<\/td>\n<\/tr>\n<tr>\n<td>Tipo de drenagem<\/td>\n<td>Sif\u00f3nico\/Sif\u00e3o: 300\/400mm Lavagem\/Pif\u00e3o: 180mm Lavagem\/Sif\u00e3o: 250mm<\/td>\n<\/tr>\n<tr>\n<td>MOQ<\/td>\n<td>50 unidades, flex\u00edvel para discuss\u00e3o posterior<\/td>\n<\/tr>\n<\/tbody>\n<\/table>\n<p>&nbsp;<\/p>\n<p>\n<script src=\"chrome-extension:\/\/fpelahbljekknahkcaegamhcndkfpfnc\/iFrame.js\" type=\"text\/javascript\"><\/script><\/p>","protected":false},"featured_media":1811,"comment_status":"closed","ping_status":"closed","template":"","meta":{"_acf_changed":false},"product_brand":[],"product_cat":[17,36],"product_tag":[],"class_list":{"0":"post-1810","1":"product","2":"type-product","3":"status-publish","4":"has-post-thumbnail","6":"product_cat-wholesale-one-piece-toilets","7":"product_cat-wholesale-washdown-one-piece-toilets","9":"first","10":"instock","11":"shipping-taxable","12":"product-type-simple"},"acf":[],"_links":{"self":[{"href":"https:\/\/www.southvillabath.com\/pt\/wp-json\/wp\/v2\/product\/1810","targetHints":{"allow":["GET"]}}],"collection":[{"href":"https:\/\/www.southvillabath.com\/pt\/wp-json\/wp\/v2\/product"}],"about":[{"href":"https:\/\/www.southvillabath.com\/pt\/wp-json\/wp\/v2\/types\/product"}],"replies":[{"embeddable":true,"href":"https:\/\/www.southvillabath.com\/pt\/wp-json\/wp\/v2\/comments?post=1810"}],"wp:featuredmedia":[{"embeddable":true,"href":"https:\/\/www.southvillabath.com\/pt\/wp-json\/wp\/v2\/media\/1811"}],"wp:attachment":[{"href":"https:\/\/www.southvillabath.com\/pt\/wp-json\/wp\/v2\/media?parent=1810"}],"wp:term":[{"taxonomy":"product_brand","embeddable":true,"href":"https:\/\/www.southvillabath.com\/pt\/wp-json\/wp\/v2\/product_brand?post=1810"},{"taxonomy":"product_cat","embeddable":true,"href":"https:\/\/www.southvillabath.com\/pt\/wp-json\/wp\/v2\/product_cat?post=1810"},{"taxonomy":"product_tag","embeddable":true,"href":"https:\/\/www.southvillabath.com\/pt\/wp-json\/wp\/v2\/product_tag?post=1810"}],"curies":[{"name":"wp","href":"https:\/\/api.w.org\/{rel}","templated":true}]}}