{"id":1764,"date":"2026-05-07T01:40:14","date_gmt":"2026-05-07T01:40:14","guid":{"rendered":"https:\/\/www.southvillabath.com\/?post_type=product&#038;p=1764"},"modified":"2026-05-07T01:40:16","modified_gmt":"2026-05-07T01:40:16","slug":"wholesale-two-piece-tornado-toilet","status":"publish","type":"product","link":"https:\/\/www.southvillabath.com\/pt\/product\/wholesale-two-piece-tornado-toilet\/","title":{"rendered":"Sanita de duas pe\u00e7as Tornado SH-5202 por atacado - Fabricante de sanitas na China"},"content":{"rendered":"<div class=\"wp-block-columns is-layout-flex wp-container-core-columns-is-layout-9d6595d7 wp-block-columns-is-layout-flex\">\n<div class=\"wp-block-column is-layout-flow wp-block-column-is-layout-flow\">\n<h3 class=\"wp-block-heading\">Carater\u00edsticas da sanita de duas pe\u00e7as<\/h3>\n\n\n\n<ul class=\"wp-block-list\">\n<li><strong>Tecnologia de lavagem Tornado 2.0:<\/strong> Proporciona uma descarga potente e eficiente para minimizar as obstru\u00e7\u00f5es e maximizar a higiene, ideal para ambientes de utiliza\u00e7\u00e3o intensiva como hot\u00e9is ou complexos de apartamentos.<\/li>\n\n\n\n<li><strong>Autolimpeza + Antibacteriano Vidros: <\/strong>A superf\u00edcie de cer\u00e2mica e os tubos internos possuem vidros avan\u00e7ados para repelir manchas, reduzir a acumula\u00e7\u00e3o de bact\u00e9rias e diminuir os custos de manuten\u00e7\u00e3o a longo prazo.<\/li>\n\n\n\n<li><strong>Qualidade certificada: <\/strong>As certifica\u00e7\u00f5es CE e Wdiark garantem a conformidade com as normas internacionais de seguran\u00e7a e desempenho, criando confian\u00e7a junto dos compradores globais.<\/li>\n\n\n\n<li><strong>Suporte OEM\/ODM direto da f\u00e1brica: <\/strong>Personalize a marca, a embalagem ou os detalhes de design para se alinharem com as necessidades da sua empresa, com o apoio da nossa experi\u00eancia de fabrico e pre\u00e7os por grosso.<\/li>\n<\/ul>\n<\/div>\n\n\n\n<div class=\"wp-block-column is-layout-flow wp-block-column-is-layout-flow\">\n<figure class=\"wp-block-image size-full\"><img decoding=\"async\" width=\"1825\" height=\"2296\" src=\"https:\/\/www.southvillabath.com\/wp-content\/uploads\/2026\/04\/Wholesale-Two-piece-toilet-SH-5202-1-1.jpg\" alt=\"\" class=\"wp-image-1766\" srcset=\"https:\/\/www.southvillabath.com\/wp-content\/uploads\/2026\/04\/Wholesale-Two-piece-toilet-SH-5202-1-1.jpg 1825w, https:\/\/www.southvillabath.com\/wp-content\/uploads\/2026\/04\/Wholesale-Two-piece-toilet-SH-5202-1-1-238x300.jpg 238w, https:\/\/www.southvillabath.com\/wp-content\/uploads\/2026\/04\/Wholesale-Two-piece-toilet-SH-5202-1-1-768x966.jpg 768w, https:\/\/www.southvillabath.com\/wp-content\/uploads\/2026\/04\/Wholesale-Two-piece-toilet-SH-5202-1-1-10x12.jpg 10w, https:\/\/www.southvillabath.com\/wp-content\/uploads\/2026\/04\/Wholesale-Two-piece-toilet-SH-5202-1-1-1200x1510.jpg 1200w, https:\/\/www.southvillabath.com\/wp-content\/uploads\/2026\/04\/Wholesale-Two-piece-toilet-SH-5202-1-1-600x755.jpg 600w\" sizes=\"(max-width: 1825px) 100vw, 1825px\" \/><\/figure>\n<\/div>\n<\/div>","protected":false},"excerpt":{"rendered":"<p>Sanita de duas pe\u00e7as por atacado. O SH-5202 apresenta uma silhueta elegante e moderna com um tamanho compacto, tornando-o adequado para v\u00e1rios espa\u00e7os de casa de banho. O sistema de descarga Tornado 2.0 proporciona um fluxo de \u00e1gua potente e eficiente, reduzindo as obstru\u00e7\u00f5es e melhorando a higiene. Contacte-nos para obter pre\u00e7os de f\u00e1brica.<\/p>\n<h2><strong><b>Sanita de duas pe\u00e7as <\/b><\/strong><strong><b>Especifica\u00e7\u00e3o<\/b><\/strong><\/h2>\n<table>\n<tbody>\n<tr>\n<td><strong><b>Especifica\u00e7\u00e3o<\/b><\/strong><\/td>\n<td><strong><b>Detalhes<\/b><\/strong><\/td>\n<\/tr>\n<tr>\n<td>Modelo<\/td>\n<td>SH-5202<\/td>\n<\/tr>\n<tr>\n<td>Tipo de sanita<\/td>\n<td>Sanita de duas pe\u00e7as<\/td>\n<\/tr>\n<tr>\n<td>Tamanho<\/td>\n<td>620 mm \u00d7 365 mm \u00d7 820 mm<\/td>\n<\/tr>\n<tr>\n<td>Sistema de descarga<\/td>\n<td>Tornado de lavagem<\/td>\n<\/tr>\n<tr>\n<td>Carater\u00edstica do assento<\/td>\n<td>Assento com fecho suave<\/td>\n<\/tr>\n<tr>\n<td>Servi\u00e7o OEM e ODM<\/td>\n<td>Log\u00f3tipo, cores, embalagem, forma do produto e carater\u00edsticas personalizadas dispon\u00edveis<\/td>\n<\/tr>\n<tr>\n<td>Tipo de drenagem<\/td>\n<td>Coletor P:180mm \/ Coletor S: 250mm<\/td>\n<\/tr>\n<tr>\n<td>MOQ<\/td>\n<td>50 unidades, flex\u00edvel para discuss\u00e3o posterior<\/td>\n<\/tr>\n<\/tbody>\n<\/table>\n<p>&nbsp;<\/p>\n<p>\n<script src=\"chrome-extension:\/\/fpelahbljekknahkcaegamhcndkfpfnc\/iFrame.js\" type=\"text\/javascript\"><\/script><\/p>","protected":false},"featured_media":1759,"comment_status":"closed","ping_status":"closed","template":"","meta":{"_acf_changed":false},"product_brand":[],"product_cat":[18],"product_tag":[],"class_list":{"0":"post-1764","1":"product","2":"type-product","3":"status-publish","4":"has-post-thumbnail","6":"product_cat-wholesale-two-piece-toilets","8":"first","9":"instock","10":"shipping-taxable","11":"product-type-simple"},"acf":[],"_links":{"self":[{"href":"https:\/\/www.southvillabath.com\/pt\/wp-json\/wp\/v2\/product\/1764","targetHints":{"allow":["GET"]}}],"collection":[{"href":"https:\/\/www.southvillabath.com\/pt\/wp-json\/wp\/v2\/product"}],"about":[{"href":"https:\/\/www.southvillabath.com\/pt\/wp-json\/wp\/v2\/types\/product"}],"replies":[{"embeddable":true,"href":"https:\/\/www.southvillabath.com\/pt\/wp-json\/wp\/v2\/comments?post=1764"}],"wp:featuredmedia":[{"embeddable":true,"href":"https:\/\/www.southvillabath.com\/pt\/wp-json\/wp\/v2\/media\/1759"}],"wp:attachment":[{"href":"https:\/\/www.southvillabath.com\/pt\/wp-json\/wp\/v2\/media?parent=1764"}],"wp:term":[{"taxonomy":"product_brand","embeddable":true,"href":"https:\/\/www.southvillabath.com\/pt\/wp-json\/wp\/v2\/product_brand?post=1764"},{"taxonomy":"product_cat","embeddable":true,"href":"https:\/\/www.southvillabath.com\/pt\/wp-json\/wp\/v2\/product_cat?post=1764"},{"taxonomy":"product_tag","embeddable":true,"href":"https:\/\/www.southvillabath.com\/pt\/wp-json\/wp\/v2\/product_tag?post=1764"}],"curies":[{"name":"wp","href":"https:\/\/api.w.org\/{rel}","templated":true}]}}