{"id":1753,"date":"2026-04-28T09:09:44","date_gmt":"2026-04-28T09:09:44","guid":{"rendered":"https:\/\/www.southvillabath.com\/?post_type=product&#038;p=1753"},"modified":"2026-04-29T00:58:23","modified_gmt":"2026-04-29T00:58:23","slug":"factory-wholesale-two-piece-tornado-flush-toilet-with-bidet","status":"publish","type":"product","link":"https:\/\/www.southvillabath.com\/pt\/product\/factory-wholesale-two-piece-tornado-flush-toilet-with-bidet\/","title":{"rendered":"F\u00e1brica por atacado de sanita de descarga Tornado de duas pe\u00e7as com bid\u00e9 SH-5201 - Certifica\u00e7\u00e3o CE e WaterMark"},"content":{"rendered":"<div class=\"wp-block-columns is-layout-flex wp-container-core-columns-is-layout-9d6595d7 wp-block-columns-is-layout-flex\">\n<div class=\"wp-block-column is-layout-flow wp-block-column-is-layout-flow\">\n<h3 class=\"wp-block-heading\">Sanita de duas pe\u00e7as com bid\u00e9<\/h3>\n\n\n\n<ul class=\"wp-block-list\">\n<li><strong>Certifica\u00e7\u00e3o CE e WaterMark para confian\u00e7a global: <\/strong>Totalmente certificado de acordo com as normas CE e WaterMark, garantindo a conformidade com os rigorosos regulamentos europeus e australianos. Isto proporciona aos importadores e distribuidores uma entrada mais f\u00e1cil nos mercados regulamentados com riscos de aprova\u00e7\u00e3o reduzidos.<\/li>\n\n\n\n<li><strong>Confian\u00e7a na marca:<\/strong> A certifica\u00e7\u00e3o refor\u00e7a a confian\u00e7a do cliente final, tornando mais f\u00e1cil para os distribuidores e retalhistas posicionarem o produto como uma solu\u00e7\u00e3o sanit\u00e1ria fi\u00e1vel e segura em mercados locais competitivos.<\/li>\n\n\n\n<li><strong>Tornado Flush Power: <\/strong>O sistema de descarga tornado concebido cria um fluxo de \u00e1gua forte e eficiente que melhora a limpeza do recipiente e reduz os res\u00edduos, tornando-o ideal para ambientes de utiliza\u00e7\u00e3o elevada.<\/li>\n\n\n\n<li><strong>Design fi\u00e1vel de duas pe\u00e7as para projectos de grande dimens\u00e3o: <\/strong>A estrutura separada do tanque e da cuba simplifica o transporte, a instala\u00e7\u00e3o e a manuten\u00e7\u00e3o, tornando-o altamente adequado para empreendimentos comerciais e residenciais de grande escala.<\/li>\n<\/ul>\n<\/div>\n\n\n\n<div class=\"wp-block-column is-layout-flow wp-block-column-is-layout-flow\">\n<figure class=\"wp-block-image size-full\"><img decoding=\"async\" width=\"728\" height=\"924\" src=\"https:\/\/www.southvillabath.com\/wp-content\/uploads\/2026\/04\/Wholesale-Two-piece-Toilet-SH-5201-2.jpg\" alt=\"\" class=\"wp-image-1345\" srcset=\"https:\/\/www.southvillabath.com\/wp-content\/uploads\/2026\/04\/Wholesale-Two-piece-Toilet-SH-5201-2.jpg 728w, https:\/\/www.southvillabath.com\/wp-content\/uploads\/2026\/04\/Wholesale-Two-piece-Toilet-SH-5201-2-236x300.jpg 236w, https:\/\/www.southvillabath.com\/wp-content\/uploads\/2026\/04\/Wholesale-Two-piece-Toilet-SH-5201-2-9x12.jpg 9w, https:\/\/www.southvillabath.com\/wp-content\/uploads\/2026\/04\/Wholesale-Two-piece-Toilet-SH-5201-2-600x762.jpg 600w\" sizes=\"(max-width: 728px) 100vw, 728px\" \/><\/figure>\n<\/div>\n<\/div>","protected":false},"excerpt":{"rendered":"<p>A casa de banho Tornado Flush de duas pe\u00e7as com bid\u00e9 SH-5201 destaca-se com uma forte vantagem de conformidade nos mercados globais. Os nossos produtos s\u00e3o totalmente certificados com <strong data-start=\"152\" data-end=\"179\">CE, SASO e WaterMark<\/strong>, A empresa tem uma vasta gama de produtos, garantindo o cumprimento de normas regulamentares rigorosas na Europa, M\u00e9dio Oriente e Austr\u00e1lia.<\/p>\n<h2><strong><b>Sanita de duas pe\u00e7as <\/b><\/strong><strong><b>Especifica\u00e7\u00e3o<\/b><\/strong><\/h2>\n<table>\n<tbody>\n<tr>\n<td><strong><b>Especifica\u00e7\u00e3o<\/b><\/strong><\/td>\n<td><strong><b>Detalhes<\/b><\/strong><\/td>\n<\/tr>\n<tr>\n<td>Modelo<\/td>\n<td>SH-5201<\/td>\n<\/tr>\n<tr>\n<td>Tipo de sanita<\/td>\n<td>Sanita de duas pe\u00e7as<\/td>\n<\/tr>\n<tr>\n<td>Tamanho<\/td>\n<td>620 mm x 365 mm x 820 mm<\/td>\n<\/tr>\n<tr>\n<td>Sistema de descarga<\/td>\n<td>Tornado de lavagem<\/td>\n<\/tr>\n<tr>\n<td>Carater\u00edstica do assento<\/td>\n<td>Assento com fecho suave<\/td>\n<\/tr>\n<tr>\n<td>Servi\u00e7o OEM e ODM<\/td>\n<td>Log\u00f3tipo, cores, embalagem, forma do produto e carater\u00edsticas personalizadas dispon\u00edveis<\/td>\n<\/tr>\n<tr>\n<td>Tipo de drenagem<\/td>\n<td>Coletor P:180mm \/ Coletor S: 250mm<\/td>\n<\/tr>\n<tr>\n<td>MOQ<\/td>\n<td>50 unidades, flex\u00edvel para discuss\u00e3o posterior<\/td>\n<\/tr>\n<\/tbody>\n<\/table>\n<p>&nbsp;<\/p>\n<p>\n<script src=\"chrome-extension:\/\/fpelahbljekknahkcaegamhcndkfpfnc\/iFrame.js\" type=\"text\/javascript\"><\/script><\/p>","protected":false},"featured_media":1748,"comment_status":"closed","ping_status":"closed","template":"","meta":{"_acf_changed":true},"product_brand":[],"product_cat":[40],"product_tag":[],"class_list":{"0":"post-1753","1":"product","2":"type-product","3":"status-publish","4":"has-post-thumbnail","6":"product_cat-wholesale-toilet-with-bidet","8":"first","9":"instock","10":"shipping-taxable","11":"product-type-simple"},"acf":[],"_links":{"self":[{"href":"https:\/\/www.southvillabath.com\/pt\/wp-json\/wp\/v2\/product\/1753","targetHints":{"allow":["GET"]}}],"collection":[{"href":"https:\/\/www.southvillabath.com\/pt\/wp-json\/wp\/v2\/product"}],"about":[{"href":"https:\/\/www.southvillabath.com\/pt\/wp-json\/wp\/v2\/types\/product"}],"replies":[{"embeddable":true,"href":"https:\/\/www.southvillabath.com\/pt\/wp-json\/wp\/v2\/comments?post=1753"}],"wp:featuredmedia":[{"embeddable":true,"href":"https:\/\/www.southvillabath.com\/pt\/wp-json\/wp\/v2\/media\/1748"}],"wp:attachment":[{"href":"https:\/\/www.southvillabath.com\/pt\/wp-json\/wp\/v2\/media?parent=1753"}],"wp:term":[{"taxonomy":"product_brand","embeddable":true,"href":"https:\/\/www.southvillabath.com\/pt\/wp-json\/wp\/v2\/product_brand?post=1753"},{"taxonomy":"product_cat","embeddable":true,"href":"https:\/\/www.southvillabath.com\/pt\/wp-json\/wp\/v2\/product_cat?post=1753"},{"taxonomy":"product_tag","embeddable":true,"href":"https:\/\/www.southvillabath.com\/pt\/wp-json\/wp\/v2\/product_tag?post=1753"}],"curies":[{"name":"wp","href":"https:\/\/api.w.org\/{rel}","templated":true}]}}