{"id":1747,"date":"2026-04-28T08:26:43","date_gmt":"2026-04-28T08:26:43","guid":{"rendered":"https:\/\/www.southvillabath.com\/?post_type=product&#038;p=1747"},"modified":"2026-04-28T08:27:48","modified_gmt":"2026-04-28T08:27:48","slug":"wholesale-global-best-selling-two-piece-toilet-with-bidet","status":"publish","type":"product","link":"https:\/\/www.southvillabath.com\/pt\/product\/wholesale-global-best-selling-two-piece-toilet-with-bidet\/","title":{"rendered":"Sanita de duas pe\u00e7as com bid\u00e9 SH-5101 - Modelo mais vendido a n\u00edvel mundial para projectos comerciais"},"content":{"rendered":"<div class=\"wp-block-columns is-layout-flex wp-container-core-columns-is-layout-9d6595d7 wp-block-columns-is-layout-flex\">\n<div class=\"wp-block-column is-layout-flow wp-block-column-is-layout-flow\">\n<h3 class=\"wp-block-heading\">Carater\u00edsticas da sanita de duas pe\u00e7as<\/h3>\n\n\n\n<ul class=\"wp-block-list\">\n<li><strong>Melhoria da higiene: <\/strong>A fun\u00e7\u00e3o de bid\u00e9 incorporada proporciona uma experi\u00eancia de limpeza superior, melhorando a higiene pessoal e reduzindo o consumo de papel higi\u00e9nico.<\/li>\n\n\n\n<li><strong>Estrutura fi\u00e1vel de duas pe\u00e7as: <\/strong>O design separado do tanque e da cuba garante uma instala\u00e7\u00e3o e manuten\u00e7\u00e3o mais f\u00e1ceis, tornando-o especialmente adequado para projectos de constru\u00e7\u00e3o e renova\u00e7\u00e3o em grande escala.<\/li>\n\n\n\n<li><strong>Solu\u00e7\u00e3o econ\u00f3mica para projectos de grande dimens\u00e3o:<\/strong> A SH-5101 foi concebida como uma sanita econ\u00f3mica com uma fun\u00e7\u00e3o de bid\u00e9, o que a torna muito adequada para importadores e grossistas que procuram pre\u00e7os competitivos para aquisi\u00e7\u00f5es de grandes volumes.<\/li>\n\n\n\n<li><strong>Amplamente aceite nos mercados globais: <\/strong>Este modelo \u00e9 amplamente adquirido por promotores, distribuidores e contratantes de projectos internacionais devido ao seu equil\u00edbrio entre custo, durabilidade e funcionalidade.<\/li>\n\n\n\n<li><strong>Personaliza\u00e7\u00e3o OEM\/ODM: <\/strong>Como fabricante profissional de sanitas, a nossa personaliza\u00e7\u00e3o apoiada pela f\u00e1brica permite aos clientes ajustar o design, a marca e a embalagem para um posicionamento mais forte no mercado.<\/li>\n<\/ul>\n<\/div>\n\n\n\n<div class=\"wp-block-column is-layout-flow wp-block-column-is-layout-flow\">\n<figure class=\"wp-block-image size-full\"><img decoding=\"async\" width=\"728\" height=\"924\" src=\"https:\/\/www.southvillabath.com\/wp-content\/uploads\/2026\/04\/wholesale-two-piece-toilet-SH-5101-2.jpg\" alt=\"\" class=\"wp-image-1260\" srcset=\"https:\/\/www.southvillabath.com\/wp-content\/uploads\/2026\/04\/wholesale-two-piece-toilet-SH-5101-2.jpg 728w, https:\/\/www.southvillabath.com\/wp-content\/uploads\/2026\/04\/wholesale-two-piece-toilet-SH-5101-2-236x300.jpg 236w, https:\/\/www.southvillabath.com\/wp-content\/uploads\/2026\/04\/wholesale-two-piece-toilet-SH-5101-2-9x12.jpg 9w, https:\/\/www.southvillabath.com\/wp-content\/uploads\/2026\/04\/wholesale-two-piece-toilet-SH-5101-2-600x762.jpg 600w\" sizes=\"(max-width: 728px) 100vw, 728px\" \/><\/figure>\n<\/div>\n<\/div>","protected":false},"excerpt":{"rendered":"<p>A sanita de duas pe\u00e7as com bid\u00e9 SH-5101 \u00e9 um modelo global de alta procura da nossa f\u00e1brica de sanitas. O seu excelente desempenho e pre\u00e7o competitivo levaram \u00e0 sua ado\u00e7\u00e3o generalizada por importadores, grossistas e promotores imobili\u00e1rios em todo o mundo.<\/p>\n<p>Como fornecedor e fabricante direto da f\u00e1brica, apoiamos encomendas por grosso de grande volume. Contacte-nos para obter uma cota\u00e7\u00e3o de f\u00e1brica.<\/p>\n<h2><strong><b>Sanita de duas pe\u00e7as <\/b><\/strong><strong><b>Especifica\u00e7\u00e3o<\/b><\/strong><\/h2>\n<table>\n<tbody>\n<tr>\n<td><strong><b>Especifica\u00e7\u00e3o<\/b><\/strong><\/td>\n<td><strong><b>Detalhes<\/b><\/strong><\/td>\n<\/tr>\n<tr>\n<td>Modelo<\/td>\n<td>SH-5101<\/td>\n<\/tr>\n<tr>\n<td>Tipo de sanita<\/td>\n<td>Sanita de duas pe\u00e7as<\/td>\n<\/tr>\n<tr>\n<td>Tamanho<\/td>\n<td>620 mm x 365 mm x 830 mm<\/td>\n<\/tr>\n<tr>\n<td>Sistema de descarga<\/td>\n<td>\n<p>Lavagem sem aro<\/p>\n<\/td>\n<\/tr>\n<tr>\n<td>Carater\u00edstica do assento<\/td>\n<td>Assento com fecho suave<\/td>\n<\/tr>\n<tr>\n<td>Servi\u00e7o OEM e ODM<\/td>\n<td>Log\u00f3tipo, cores, embalagem, forma do produto e carater\u00edsticas personalizadas dispon\u00edveis<\/td>\n<\/tr>\n<tr>\n<td>Tipo de drenagem<\/td>\n<td>P-trap: 180mm \/ S-trap: 100\/250mm<\/td>\n<\/tr>\n<tr>\n<td>MOQ<\/td>\n<td>50 unidades, flex\u00edvel para discuss\u00e3o posterior<\/td>\n<\/tr>\n<\/tbody>\n<\/table>\n<p>&nbsp;<\/p>\n<p>\n<script src=\"chrome-extension:\/\/fpelahbljekknahkcaegamhcndkfpfnc\/iFrame.js\" type=\"text\/javascript\"><\/script><\/p>","protected":false},"featured_media":1748,"comment_status":"closed","ping_status":"closed","template":"","meta":{"_acf_changed":false},"product_brand":[],"product_cat":[40],"product_tag":[],"class_list":{"0":"post-1747","1":"product","2":"type-product","3":"status-publish","4":"has-post-thumbnail","6":"product_cat-wholesale-toilet-with-bidet","8":"first","9":"instock","10":"shipping-taxable","11":"product-type-simple"},"acf":[],"_links":{"self":[{"href":"https:\/\/www.southvillabath.com\/pt\/wp-json\/wp\/v2\/product\/1747","targetHints":{"allow":["GET"]}}],"collection":[{"href":"https:\/\/www.southvillabath.com\/pt\/wp-json\/wp\/v2\/product"}],"about":[{"href":"https:\/\/www.southvillabath.com\/pt\/wp-json\/wp\/v2\/types\/product"}],"replies":[{"embeddable":true,"href":"https:\/\/www.southvillabath.com\/pt\/wp-json\/wp\/v2\/comments?post=1747"}],"wp:featuredmedia":[{"embeddable":true,"href":"https:\/\/www.southvillabath.com\/pt\/wp-json\/wp\/v2\/media\/1748"}],"wp:attachment":[{"href":"https:\/\/www.southvillabath.com\/pt\/wp-json\/wp\/v2\/media?parent=1747"}],"wp:term":[{"taxonomy":"product_brand","embeddable":true,"href":"https:\/\/www.southvillabath.com\/pt\/wp-json\/wp\/v2\/product_brand?post=1747"},{"taxonomy":"product_cat","embeddable":true,"href":"https:\/\/www.southvillabath.com\/pt\/wp-json\/wp\/v2\/product_cat?post=1747"},{"taxonomy":"product_tag","embeddable":true,"href":"https:\/\/www.southvillabath.com\/pt\/wp-json\/wp\/v2\/product_tag?post=1747"}],"curies":[{"name":"wp","href":"https:\/\/api.w.org\/{rel}","templated":true}]}}