{"id":1734,"date":"2026-04-28T07:47:17","date_gmt":"2026-04-28T07:47:17","guid":{"rendered":"https:\/\/www.southvillabath.com\/?post_type=product&#038;p=1734"},"modified":"2026-04-28T07:52:10","modified_gmt":"2026-04-28T07:52:10","slug":"factory-wholesale-wall-hung-toilet-with-bidet","status":"publish","type":"product","link":"https:\/\/www.southvillabath.com\/pt\/product\/factory-wholesale-wall-hung-toilet-with-bidet\/","title":{"rendered":"F\u00e1brica por atacado sanita suspensa com bid\u00e9 SH-006 - Fabricante profissional de sanita com bid\u00e9"},"content":{"rendered":"<div class=\"wp-block-columns is-layout-flex wp-container-core-columns-is-layout-9d6595d7 wp-block-columns-is-layout-flex\">\n<div class=\"wp-block-column is-layout-flow wp-block-column-is-layout-flow\">\n<h3 class=\"wp-block-heading\">Sanita suspensa com bid\u00e9 Carater\u00edsticas<\/h3>\n\n\n\n<ul class=\"wp-block-list\">\n<li><strong>Melhoria da experi\u00eancia do utilizador:<\/strong> Combina a funcionalidade da sanita e do bid\u00e9 numa \u00fanica unidade, oferecendo uma experi\u00eancia mais limpa e confort\u00e1vel.<\/li>\n\n\n\n<li><strong>Design minimalista de parede: <\/strong>O design da instala\u00e7\u00e3o flutuante cria um aspeto limpo e moderno na casa de banho, fazendo com que o espa\u00e7o pare\u00e7a maior, mais organizado e mais f\u00e1cil de manter.<\/li>\n\n\n\n<li><strong>Fornecimento direto da f\u00e1brica: <\/strong>Como fabricante de sanit\u00e1rios, fornecemos uma produ\u00e7\u00e3o est\u00e1vel a granel e vantagens de pre\u00e7os diretos, ajudando os grossistas e importadores a melhorar as margens e a efici\u00eancia do fornecimento.<\/li>\n<\/ul>\n<\/div>\n\n\n\n<div class=\"wp-block-column is-layout-flow wp-block-column-is-layout-flow\">\n<figure class=\"wp-block-image size-full\"><img decoding=\"async\" width=\"1211\" height=\"750\" src=\"https:\/\/www.southvillabath.com\/wp-content\/uploads\/2026\/04\/Wholesale-Wall-hung-Toilet-SH-006-2.jpg\" alt=\"\" class=\"wp-image-1280\" srcset=\"https:\/\/www.southvillabath.com\/wp-content\/uploads\/2026\/04\/Wholesale-Wall-hung-Toilet-SH-006-2.jpg 1211w, https:\/\/www.southvillabath.com\/wp-content\/uploads\/2026\/04\/Wholesale-Wall-hung-Toilet-SH-006-2-300x186.jpg 300w, https:\/\/www.southvillabath.com\/wp-content\/uploads\/2026\/04\/Wholesale-Wall-hung-Toilet-SH-006-2-768x476.jpg 768w, https:\/\/www.southvillabath.com\/wp-content\/uploads\/2026\/04\/Wholesale-Wall-hung-Toilet-SH-006-2-18x12.jpg 18w, https:\/\/www.southvillabath.com\/wp-content\/uploads\/2026\/04\/Wholesale-Wall-hung-Toilet-SH-006-2-1200x743.jpg 1200w, https:\/\/www.southvillabath.com\/wp-content\/uploads\/2026\/04\/Wholesale-Wall-hung-Toilet-SH-006-2-600x372.jpg 600w\" sizes=\"(max-width: 1211px) 100vw, 1211px\" \/><\/figure>\n<\/div>\n<\/div>","protected":false},"excerpt":{"rendered":"<p>Ao combinar uma estrutura elegante, montada na parede, com um sistema de bid\u00e9 integrado, este modelo transforma a utiliza\u00e7\u00e3o tradicional da casa de banho numa experi\u00eancia de cuidados pessoais mais limpa e avan\u00e7ada. Ajuda os utilizadores finais a usufruir de um ambiente mais higi\u00e9nico e pode ser um produto competitivo para promotores, grossistas e importadores.<\/p>\n<p>Como profissional <a href=\"https:\/\/www.southvillabath.com\/pt\/wholesale-toilets\/\" target=\"_blank\" rel=\"noopener\"><strong>fabricante de sanitas por atacado<\/strong><\/a> na China, concentramo-nos em apoiar os parceiros B2B. Bem-vindo a contactar-nos.<\/p>\n<h2><strong><b>Casa de banho suspensa com bid\u00e9 <\/b><\/strong><strong><b>Especifica\u00e7\u00e3o<\/b><\/strong><\/h2>\n<table>\n<tbody>\n<tr>\n<td><strong><b>Especifica\u00e7\u00e3o<\/b><\/strong><\/td>\n<td><strong><b>Detalhes<\/b><\/strong><\/td>\n<\/tr>\n<tr>\n<td>Modelo<\/td>\n<td>SH-006<\/td>\n<\/tr>\n<tr>\n<td>Tipo de sanita<\/td>\n<td>Sanita suspensa\u00a0<\/td>\n<\/tr>\n<tr>\n<td>Tamanho<\/td>\n<td>515 mm x 360 mm x 360 mm<\/td>\n<\/tr>\n<tr>\n<td>Sistema de descarga<\/td>\n<td>Lavagem sem aro<\/td>\n<\/tr>\n<tr>\n<td>Carater\u00edstica do assento<\/td>\n<td>Assento com fecho suave<\/td>\n<\/tr>\n<tr>\n<td>Servi\u00e7o OEM e ODM<\/td>\n<td>Log\u00f3tipo, cores, embalagem, forma do produto e carater\u00edsticas personalizadas dispon\u00edveis<\/td>\n<\/tr>\n<tr>\n<td>Tipo de drenagem<\/td>\n<td>P-trap: 180mm<\/td>\n<\/tr>\n<tr>\n<td>MOQ<\/td>\n<td>50 unidades, flex\u00edvel para discuss\u00e3o posterior<\/td>\n<\/tr>\n<\/tbody>\n<\/table>\n<p>&nbsp;<\/p>\n<p>\n<script src=\"chrome-extension:\/\/fpelahbljekknahkcaegamhcndkfpfnc\/iFrame.js\" type=\"text\/javascript\"><\/script><\/p>","protected":false},"featured_media":1735,"comment_status":"closed","ping_status":"closed","template":"","meta":{"_acf_changed":false},"product_brand":[],"product_cat":[40],"product_tag":[],"class_list":{"0":"post-1734","1":"product","2":"type-product","3":"status-publish","4":"has-post-thumbnail","6":"product_cat-wholesale-toilet-with-bidet","8":"first","9":"instock","10":"shipping-taxable","11":"product-type-simple"},"acf":[],"_links":{"self":[{"href":"https:\/\/www.southvillabath.com\/pt\/wp-json\/wp\/v2\/product\/1734","targetHints":{"allow":["GET"]}}],"collection":[{"href":"https:\/\/www.southvillabath.com\/pt\/wp-json\/wp\/v2\/product"}],"about":[{"href":"https:\/\/www.southvillabath.com\/pt\/wp-json\/wp\/v2\/types\/product"}],"replies":[{"embeddable":true,"href":"https:\/\/www.southvillabath.com\/pt\/wp-json\/wp\/v2\/comments?post=1734"}],"wp:featuredmedia":[{"embeddable":true,"href":"https:\/\/www.southvillabath.com\/pt\/wp-json\/wp\/v2\/media\/1735"}],"wp:attachment":[{"href":"https:\/\/www.southvillabath.com\/pt\/wp-json\/wp\/v2\/media?parent=1734"}],"wp:term":[{"taxonomy":"product_brand","embeddable":true,"href":"https:\/\/www.southvillabath.com\/pt\/wp-json\/wp\/v2\/product_brand?post=1734"},{"taxonomy":"product_cat","embeddable":true,"href":"https:\/\/www.southvillabath.com\/pt\/wp-json\/wp\/v2\/product_cat?post=1734"},{"taxonomy":"product_tag","embeddable":true,"href":"https:\/\/www.southvillabath.com\/pt\/wp-json\/wp\/v2\/product_tag?post=1734"}],"curies":[{"name":"wp","href":"https:\/\/api.w.org\/{rel}","templated":true}]}}