{"id":1704,"date":"2026-04-28T07:29:21","date_gmt":"2026-04-28T07:29:21","guid":{"rendered":"https:\/\/www.southvillabath.com\/?post_type=product&#038;p=1704"},"modified":"2026-04-28T07:29:22","modified_gmt":"2026-04-28T07:29:22","slug":"wholesale-wall-hung-toilet-with-bidet","status":"publish","type":"product","link":"https:\/\/www.southvillabath.com\/pt\/product\/wholesale-wall-hung-toilet-with-bidet\/","title":{"rendered":"Sanita suspensa com bid\u00e9 por atacado - Melhoria do conforto nos cuidados pessoais e moderniza\u00e7\u00e3o das casas de banho dos hot\u00e9is"},"content":{"rendered":"<div class=\"wp-block-columns is-layout-flex wp-container-core-columns-is-layout-9d6595d7 wp-block-columns-is-layout-flex\">\n<div class=\"wp-block-column is-layout-flow wp-block-column-is-layout-flow\">\n<h3 class=\"wp-block-heading\">Sanita suspensa com bid\u00e9 Carater\u00edsticas<\/h3>\n\n\n\n<ul class=\"wp-block-list\">\n<li><strong>Sistema integrado de sanita 2 em 1 + bid\u00e9: <\/strong>Esta solu\u00e7\u00e3o suspensa na parede combina a funcionalidade tradicional do autoclismo com uma experi\u00eancia de bid\u00e9 integrada, oferecendo uma solu\u00e7\u00e3o de casa de banho mais higi\u00e9nica e confort\u00e1vel.<\/li>\n\n\n\n<li><strong>Maior conforto para o utilizador: <\/strong>Em compara\u00e7\u00e3o com os sistemas de sanita tradicionais, a sanita com bid\u00e9 proporciona uma experi\u00eancia de utiliza\u00e7\u00e3o mais confort\u00e1vel, tornando-a ideal para projectos de topo de gama.<\/li>\n\n\n\n<li><strong>Personaliza\u00e7\u00e3o OEM\/ODM: <\/strong>Como fabricante profissional de sanitas, oferecemos op\u00e7\u00f5es de personaliza\u00e7\u00e3o flex\u00edveis para os parceiros B2B desenvolverem as suas pr\u00f3prias linhas de produtos e aumentarem a competitividade em diferentes mercados regionais.<\/li>\n\n\n\n<li><strong>Fornecimento direto da f\u00e1brica para compradores por grosso: <\/strong>Os produtos v\u00eam diretamente da nossa f\u00e1brica e apoiamos um fornecimento est\u00e1vel a granel a grossistas, importadores e distribuidores.<\/li>\n<\/ul>\n<\/div>\n\n\n\n<div class=\"wp-block-column is-layout-flow wp-block-column-is-layout-flow\">\n<figure class=\"wp-block-image size-full\"><img decoding=\"async\" width=\"1211\" height=\"750\" src=\"https:\/\/www.southvillabath.com\/wp-content\/uploads\/2026\/04\/Wholesale-Wall-hung-Toilet-SH-001-1.jpg\" alt=\"\" class=\"wp-image-1265\" srcset=\"https:\/\/www.southvillabath.com\/wp-content\/uploads\/2026\/04\/Wholesale-Wall-hung-Toilet-SH-001-1.jpg 1211w, https:\/\/www.southvillabath.com\/wp-content\/uploads\/2026\/04\/Wholesale-Wall-hung-Toilet-SH-001-1-300x186.jpg 300w, https:\/\/www.southvillabath.com\/wp-content\/uploads\/2026\/04\/Wholesale-Wall-hung-Toilet-SH-001-1-768x476.jpg 768w, https:\/\/www.southvillabath.com\/wp-content\/uploads\/2026\/04\/Wholesale-Wall-hung-Toilet-SH-001-1-18x12.jpg 18w, https:\/\/www.southvillabath.com\/wp-content\/uploads\/2026\/04\/Wholesale-Wall-hung-Toilet-SH-001-1-1200x743.jpg 1200w, https:\/\/www.southvillabath.com\/wp-content\/uploads\/2026\/04\/Wholesale-Wall-hung-Toilet-SH-001-1-600x372.jpg 600w\" sizes=\"(max-width: 1211px) 100vw, 1211px\" \/><\/figure>\n<\/div>\n<\/div>","protected":false},"excerpt":{"rendered":"<p>A sanita mural com bid\u00e9 por atacado combina as fun\u00e7\u00f5es de uma sanita normal e de um bid\u00e9, proporcionando uma experi\u00eancia de utiliza\u00e7\u00e3o mais higi\u00e9nica, moderna e confort\u00e1vel. Esta s\u00e9rie \u00e9 especialmente adequada para promotores hoteleiros, importadores e distribuidores de casas de banho, ajudando-os a construir um portf\u00f3lio de produtos mais competitivo no mercado de lou\u00e7a sanit\u00e1ria.<\/p>\n<h2><strong><b>Sanita suspensa <\/b><\/strong><strong><b>Especifica\u00e7\u00e3o<\/b><\/strong><\/h2>\n<table>\n<tbody>\n<tr>\n<td><strong><b>Especifica\u00e7\u00e3o<\/b><\/strong><\/td>\n<td><strong><b>Detalhes<\/b><\/strong><\/td>\n<\/tr>\n<tr>\n<td>Modelo<\/td>\n<td>SH-001<\/td>\n<\/tr>\n<tr>\n<td>Tipo de sanita<\/td>\n<td>Sanita suspensa\u00a0<\/td>\n<\/tr>\n<tr>\n<td>Tamanho<\/td>\n<td>490 mm x 360 mm x 360 mm<\/td>\n<\/tr>\n<tr>\n<td>Sistema de descarga<\/td>\n<td>Lavagem sem aro<\/td>\n<\/tr>\n<tr>\n<td>Carater\u00edstica do assento<\/td>\n<td>Assento com fecho suave<\/td>\n<\/tr>\n<tr>\n<td>Servi\u00e7o OEM e ODM<\/td>\n<td>Log\u00f3tipo, cores, embalagem, forma do produto e carater\u00edsticas personalizadas dispon\u00edveis<\/td>\n<\/tr>\n<tr>\n<td>Tipo de drenagem<\/td>\n<td>P-trap: 180mm<\/td>\n<\/tr>\n<tr>\n<td>MOQ<\/td>\n<td>50 unidades, flex\u00edvel para discuss\u00e3o posterior<\/td>\n<\/tr>\n<\/tbody>\n<\/table>\n<p>&nbsp;<\/p>\n<p>\n<script src=\"chrome-extension:\/\/fpelahbljekknahkcaegamhcndkfpfnc\/iFrame.js\" type=\"text\/javascript\"><\/script><\/p>","protected":false},"featured_media":1705,"comment_status":"closed","ping_status":"closed","template":"","meta":{"_acf_changed":false},"product_brand":[],"product_cat":[40],"product_tag":[],"class_list":{"0":"post-1704","1":"product","2":"type-product","3":"status-publish","4":"has-post-thumbnail","6":"product_cat-wholesale-toilet-with-bidet","8":"first","9":"instock","10":"shipping-taxable","11":"product-type-simple"},"acf":[],"_links":{"self":[{"href":"https:\/\/www.southvillabath.com\/pt\/wp-json\/wp\/v2\/product\/1704","targetHints":{"allow":["GET"]}}],"collection":[{"href":"https:\/\/www.southvillabath.com\/pt\/wp-json\/wp\/v2\/product"}],"about":[{"href":"https:\/\/www.southvillabath.com\/pt\/wp-json\/wp\/v2\/types\/product"}],"replies":[{"embeddable":true,"href":"https:\/\/www.southvillabath.com\/pt\/wp-json\/wp\/v2\/comments?post=1704"}],"wp:featuredmedia":[{"embeddable":true,"href":"https:\/\/www.southvillabath.com\/pt\/wp-json\/wp\/v2\/media\/1705"}],"wp:attachment":[{"href":"https:\/\/www.southvillabath.com\/pt\/wp-json\/wp\/v2\/media?parent=1704"}],"wp:term":[{"taxonomy":"product_brand","embeddable":true,"href":"https:\/\/www.southvillabath.com\/pt\/wp-json\/wp\/v2\/product_brand?post=1704"},{"taxonomy":"product_cat","embeddable":true,"href":"https:\/\/www.southvillabath.com\/pt\/wp-json\/wp\/v2\/product_cat?post=1704"},{"taxonomy":"product_tag","embeddable":true,"href":"https:\/\/www.southvillabath.com\/pt\/wp-json\/wp\/v2\/product_tag?post=1704"}],"curies":[{"name":"wp","href":"https:\/\/api.w.org\/{rel}","templated":true}]}}