{"id":1682,"date":"2026-04-28T06:39:02","date_gmt":"2026-04-28T06:39:02","guid":{"rendered":"https:\/\/www.southvillabath.com\/?post_type=product&#038;p=1682"},"modified":"2026-04-28T06:39:45","modified_gmt":"2026-04-28T06:39:45","slug":"wholesale-marble-patterned-wall-hung-toilets","status":"publish","type":"product","link":"https:\/\/www.southvillabath.com\/pt\/product\/wholesale-marble-patterned-wall-hung-toilets\/","title":{"rendered":"Sanita suspensa com padr\u00e3o de m\u00e1rmore por atacado SH-H088TP, v\u00e1rias texturas \u00e0 escolha e apar\u00eancia personalizada suportada"},"content":{"rendered":"<div class=\"wp-block-columns is-layout-flex wp-container-core-columns-is-layout-9d6595d7 wp-block-columns-is-layout-flex\">\n<div class=\"wp-block-column is-layout-flow wp-block-column-is-layout-flow\">\n<h3 class=\"wp-block-heading\">Carater\u00edsticas da sanita suspensa<\/h3>\n\n\n\n<ul class=\"wp-block-list\">\n<li><strong>Design Premium com padr\u00e3o de m\u00e1rmore: <\/strong>O acabamento inspirado no m\u00e1rmore proporciona uma est\u00e9tica luxuosa e moderna, ideal para projectos de casas de banho residenciais e comerciais de alta qualidade que procuram uma diferencia\u00e7\u00e3o visual.<\/li>\n\n\n\n<li><strong>V\u00e1rias op\u00e7\u00f5es de textura dispon\u00edveis: <\/strong>Pode ser selecionada uma gama de texturas de m\u00e1rmore para combinar com diferentes estilos de interiores, permitindo aos distribuidores satisfazer as diferentes prefer\u00eancias dos clientes em todos os mercados.<\/li>\n\n\n\n<li><strong>Estrutura de poupan\u00e7a de espa\u00e7o suspensa: <\/strong>O design de montagem na parede maximiza o espa\u00e7o no ch\u00e3o e simplifica a limpeza, tornando-o especialmente adequado para casas de banho compactas e disposi\u00e7\u00f5es arquitect\u00f3nicas modernas.<\/li>\n\n\n\n<li><strong>Superf\u00edcie dur\u00e1vel e f\u00e1cil de manter: <\/strong>A superf\u00edcie cuidadosamente acabada foi concebida para ter um aspeto duradouro e ser f\u00e1cil de limpar, apoiando um desempenho consistente na utiliza\u00e7\u00e3o di\u00e1ria.<\/li>\n<\/ul>\n<\/div>\n\n\n\n<div class=\"wp-block-column is-layout-flow wp-block-column-is-layout-flow\">\n<figure class=\"wp-block-image size-full\"><img decoding=\"async\" width=\"1127\" height=\"1392\" src=\"https:\/\/www.southvillabath.com\/wp-content\/uploads\/2026\/04\/Wholesale-Ceramic-Wall-hung-Toilet-SH-H088TP.jpg\" alt=\"\" class=\"wp-image-1684\" srcset=\"https:\/\/www.southvillabath.com\/wp-content\/uploads\/2026\/04\/Wholesale-Ceramic-Wall-hung-Toilet-SH-H088TP.jpg 1127w, https:\/\/www.southvillabath.com\/wp-content\/uploads\/2026\/04\/Wholesale-Ceramic-Wall-hung-Toilet-SH-H088TP-243x300.jpg 243w, https:\/\/www.southvillabath.com\/wp-content\/uploads\/2026\/04\/Wholesale-Ceramic-Wall-hung-Toilet-SH-H088TP-768x949.jpg 768w, https:\/\/www.southvillabath.com\/wp-content\/uploads\/2026\/04\/Wholesale-Ceramic-Wall-hung-Toilet-SH-H088TP-10x12.jpg 10w, https:\/\/www.southvillabath.com\/wp-content\/uploads\/2026\/04\/Wholesale-Ceramic-Wall-hung-Toilet-SH-H088TP-600x741.jpg 600w\" sizes=\"(max-width: 1127px) 100vw, 1127px\" \/><\/figure>\n<\/div>\n<\/div>","protected":false},"excerpt":{"rendered":"<p data-pm-slice=\"0 0 []\">Sanitas suspensas com padr\u00e3o de m\u00e1rmore por atacado com texturas e apar\u00eancias personaliz\u00e1veis. Ideal para distribuidores que procuram solu\u00e7\u00f5es de casa de banho de qualidade superior. Como fabricante de sanitas, oferecemos uma vasta gama de texturas e apar\u00eancias de m\u00e1rmore personaliz\u00e1veis; contacte-nos.<\/p>\n<h2><strong><b>Sanita suspensa <\/b><\/strong><strong><b>Especifica\u00e7\u00e3o<\/b><\/strong><\/h2>\n<table>\n<tbody>\n<tr>\n<td><strong><b>Especifica\u00e7\u00e3o<\/b><\/strong><\/td>\n<td><strong><b>Detalhes<\/b><\/strong><\/td>\n<\/tr>\n<tr>\n<td>Modelo<\/td>\n<td>SH-H088TP<\/td>\n<\/tr>\n<tr>\n<td>Tipo de sanita<\/td>\n<td>Sanita suspensa<\/td>\n<\/tr>\n<tr>\n<td>Tamanho<\/td>\n<td>520 mm x 360 mm x 330 mm<\/td>\n<\/tr>\n<tr>\n<td>Sistema de descarga<\/td>\n<td>Lavagem sem aro<\/td>\n<\/tr>\n<tr>\n<td>Carater\u00edstica do assento<\/td>\n<td>Assento com fecho suave<\/td>\n<\/tr>\n<tr>\n<td>Servi\u00e7o OEM e ODM<\/td>\n<td>Log\u00f3tipo, cores, embalagem, forma do produto e carater\u00edsticas personalizadas dispon\u00edveis<\/td>\n<\/tr>\n<tr>\n<td>Tipo de drenagem<\/td>\n<td>P-trap: 180mm<\/td>\n<\/tr>\n<tr>\n<td>MOQ<\/td>\n<td>50 unidades, flex\u00edvel para discuss\u00e3o posterior<\/td>\n<\/tr>\n<\/tbody>\n<\/table>\n<p>&nbsp;<\/p>\n<p>\n<script src=\"chrome-extension:\/\/fpelahbljekknahkcaegamhcndkfpfnc\/iFrame.js\" type=\"text\/javascript\"><\/script><\/p>","protected":false},"featured_media":1683,"comment_status":"closed","ping_status":"closed","template":"","meta":{"_acf_changed":false},"product_brand":[],"product_cat":[19],"product_tag":[],"class_list":{"0":"post-1682","1":"product","2":"type-product","3":"status-publish","4":"has-post-thumbnail","6":"product_cat-wholesale-wall-hung-toilets","8":"first","9":"instock","10":"shipping-taxable","11":"product-type-simple"},"acf":[],"_links":{"self":[{"href":"https:\/\/www.southvillabath.com\/pt\/wp-json\/wp\/v2\/product\/1682","targetHints":{"allow":["GET"]}}],"collection":[{"href":"https:\/\/www.southvillabath.com\/pt\/wp-json\/wp\/v2\/product"}],"about":[{"href":"https:\/\/www.southvillabath.com\/pt\/wp-json\/wp\/v2\/types\/product"}],"replies":[{"embeddable":true,"href":"https:\/\/www.southvillabath.com\/pt\/wp-json\/wp\/v2\/comments?post=1682"}],"wp:featuredmedia":[{"embeddable":true,"href":"https:\/\/www.southvillabath.com\/pt\/wp-json\/wp\/v2\/media\/1683"}],"wp:attachment":[{"href":"https:\/\/www.southvillabath.com\/pt\/wp-json\/wp\/v2\/media?parent=1682"}],"wp:term":[{"taxonomy":"product_brand","embeddable":true,"href":"https:\/\/www.southvillabath.com\/pt\/wp-json\/wp\/v2\/product_brand?post=1682"},{"taxonomy":"product_cat","embeddable":true,"href":"https:\/\/www.southvillabath.com\/pt\/wp-json\/wp\/v2\/product_cat?post=1682"},{"taxonomy":"product_tag","embeddable":true,"href":"https:\/\/www.southvillabath.com\/pt\/wp-json\/wp\/v2\/product_tag?post=1682"}],"curies":[{"name":"wp","href":"https:\/\/api.w.org\/{rel}","templated":true}]}}