{"id":1668,"date":"2026-04-25T03:43:30","date_gmt":"2026-04-25T03:43:30","guid":{"rendered":"https:\/\/www.southvillabath.com\/?post_type=product&#038;p=1668"},"modified":"2026-04-25T03:45:21","modified_gmt":"2026-04-25T03:45:21","slug":"wholesale-modern-wall-hung-marble-look-basin","status":"publish","type":"product","link":"https:\/\/www.southvillabath.com\/pt\/product\/wholesale-modern-wall-hung-marble-look-basin\/","title":{"rendered":"Lavat\u00f3rio mural moderno com aspeto de m\u00e1rmore SH-188M"},"content":{"rendered":"<div class=\"wp-block-columns is-layout-flex wp-container-core-columns-is-layout-9d6595d7 wp-block-columns-is-layout-flex\">\n<div class=\"wp-block-column is-layout-flow wp-block-column-is-layout-flow\">\n<h3 class=\"wp-block-heading\">Wall-Hung Basin Features<\/h3>\n\n\n\n<ul class=\"wp-block-list\">\n<li><strong>Luxury Marble-Effect Surface Design: <\/strong>The marble texture creates a natural stone appearance, offering a premium and elegant visual upgrade suitable for luxury bathroom environments.<\/li>\n\n\n\n<li><strong>Estrutura suspensa que poupa espa\u00e7o: <\/strong>Wall-mounted installation frees up floor space, making it ideal for compact bathrooms, modern apartments, and commercial restrooms.<\/li>\n\n\n\n<li><strong>Easy Cleaning &amp; Hygienic Design: <\/strong>The suspended structure reduces floor contact areas, making cleaning easier and improving overall bathroom hygiene.<\/li>\n\n\n\n<li><strong>Personaliza\u00e7\u00e3o OEM\/ODM: <\/strong>Como profissional <strong><a href=\"https:\/\/www.southvillabath.com\/pt\/categoria-produto\/wholesale-washbasins\/\" target=\"_blank\" rel=\"noreferrer noopener\">wash basin manufacturer<\/a><\/strong>, we support customization of size, shape, marble pattern, drainage design, and branding\u2014ideal for hotel groups, spa chains, and distributors.<\/li>\n<\/ul>\n<\/div>\n\n\n\n<div class=\"wp-block-column is-layout-flow wp-block-column-is-layout-flow\">\n<figure class=\"wp-block-image size-full\"><img decoding=\"async\" width=\"1127\" height=\"1392\" src=\"https:\/\/www.southvillabath.com\/wp-content\/uploads\/2026\/04\/Wholesale-Ceramic-Basin-SH-188M.jpg\" alt=\"\" class=\"wp-image-1671\" srcset=\"https:\/\/www.southvillabath.com\/wp-content\/uploads\/2026\/04\/Wholesale-Ceramic-Basin-SH-188M.jpg 1127w, https:\/\/www.southvillabath.com\/wp-content\/uploads\/2026\/04\/Wholesale-Ceramic-Basin-SH-188M-243x300.jpg 243w, https:\/\/www.southvillabath.com\/wp-content\/uploads\/2026\/04\/Wholesale-Ceramic-Basin-SH-188M-768x949.jpg 768w, https:\/\/www.southvillabath.com\/wp-content\/uploads\/2026\/04\/Wholesale-Ceramic-Basin-SH-188M-10x12.jpg 10w, https:\/\/www.southvillabath.com\/wp-content\/uploads\/2026\/04\/Wholesale-Ceramic-Basin-SH-188M-600x741.jpg 600w\" sizes=\"(max-width: 1127px) 100vw, 1127px\" \/><\/figure>\n<\/div>\n<\/div>","protected":false},"excerpt":{"rendered":"<p data-pm-slice=\"0 0 []\">Wholesale wall-hung basins. Featuring an exquisite marble-style finish, the elegant stone texture enhances the atmosphere of relaxation and sophistication, making them perfectly suited for luxurious spa environments and high-end hotel bathrooms. Contact us for factory pricing.<\/p>\n<h2><strong><b>Lavat\u00f3rio suspenso em cer\u00e2mica <\/b><\/strong><strong><b>Especifica\u00e7\u00e3o<\/b><\/strong><\/h2>\n<table>\n<tbody>\n<tr>\n<td><strong><b>Especifica\u00e7\u00e3o<\/b><\/strong><\/td>\n<td><strong><b>Detalhes<\/b><\/strong><\/td>\n<\/tr>\n<tr>\n<td>Modelo<\/td>\n<td>SH-188M<\/td>\n<\/tr>\n<tr>\n<td>Tipo de produto<\/td>\n<td>Lavat\u00f3rio suspenso<\/td>\n<\/tr>\n<tr>\n<td>Tamanho<\/td>\n<td>490 mm \u00d7 440 mm \u00d7 390 mm<\/td>\n<\/tr>\n<tr>\n<td>Estilo<\/td>\n<td>Moderno<\/td>\n<\/tr>\n<tr>\n<td>Carater\u00edstica<\/td>\n<td>Cor mate<\/td>\n<\/tr>\n<tr>\n<td>Aplica\u00e7\u00e3o<\/td>\n<td>Casa de banho<\/td>\n<\/tr>\n<tr>\n<td>Servi\u00e7o OEM e ODM<\/td>\n<td>Log\u00f3tipo, cores, embalagem, forma do produto e carater\u00edsticas personalizadas dispon\u00edveis<\/td>\n<\/tr>\n<tr>\n<td>MOQ<\/td>\n<td>50 unidades, flex\u00edvel para discuss\u00e3o posterior<\/td>\n<\/tr>\n<\/tbody>\n<\/table>\n<p>&nbsp;<\/p>\n<p>\n<script src=\"chrome-extension:\/\/fpelahbljekknahkcaegamhcndkfpfnc\/iFrame.js\" type=\"text\/javascript\"><\/script><\/p>","protected":false},"featured_media":1669,"comment_status":"closed","ping_status":"closed","template":"","meta":{"_acf_changed":false},"product_brand":[],"product_cat":[23],"product_tag":[],"class_list":{"0":"post-1668","1":"product","2":"type-product","3":"status-publish","4":"has-post-thumbnail","6":"product_cat-wholesale-washbasins","8":"first","9":"instock","10":"shipping-taxable","11":"product-type-simple"},"acf":[],"_links":{"self":[{"href":"https:\/\/www.southvillabath.com\/pt\/wp-json\/wp\/v2\/product\/1668","targetHints":{"allow":["GET"]}}],"collection":[{"href":"https:\/\/www.southvillabath.com\/pt\/wp-json\/wp\/v2\/product"}],"about":[{"href":"https:\/\/www.southvillabath.com\/pt\/wp-json\/wp\/v2\/types\/product"}],"replies":[{"embeddable":true,"href":"https:\/\/www.southvillabath.com\/pt\/wp-json\/wp\/v2\/comments?post=1668"}],"wp:featuredmedia":[{"embeddable":true,"href":"https:\/\/www.southvillabath.com\/pt\/wp-json\/wp\/v2\/media\/1669"}],"wp:attachment":[{"href":"https:\/\/www.southvillabath.com\/pt\/wp-json\/wp\/v2\/media?parent=1668"}],"wp:term":[{"taxonomy":"product_brand","embeddable":true,"href":"https:\/\/www.southvillabath.com\/pt\/wp-json\/wp\/v2\/product_brand?post=1668"},{"taxonomy":"product_cat","embeddable":true,"href":"https:\/\/www.southvillabath.com\/pt\/wp-json\/wp\/v2\/product_cat?post=1668"},{"taxonomy":"product_tag","embeddable":true,"href":"https:\/\/www.southvillabath.com\/pt\/wp-json\/wp\/v2\/product_tag?post=1668"}],"curies":[{"name":"wp","href":"https:\/\/api.w.org\/{rel}","templated":true}]}}