{"id":1664,"date":"2026-04-25T03:13:33","date_gmt":"2026-04-25T03:13:33","guid":{"rendered":"https:\/\/www.southvillabath.com\/?post_type=product&#038;p=1664"},"modified":"2026-04-26T00:57:42","modified_gmt":"2026-04-26T00:57:42","slug":"wholesale-electroplated-black-marble-one-piece-toilets","status":"publish","type":"product","link":"https:\/\/www.southvillabath.com\/pt\/product\/wholesale-electroplated-black-marble-one-piece-toilets\/","title":{"rendered":"Sanita moderna de uma pe\u00e7a com eletrodeposi\u00e7\u00e3o SH-6688GD - Sanita de uma pe\u00e7a em m\u00e1rmore preto de luxo"},"content":{"rendered":"<div class=\"wp-block-columns is-layout-flex wp-container-core-columns-is-layout-9d6595d7 wp-block-columns-is-layout-flex\">\n<div class=\"wp-block-column is-layout-flow wp-block-column-is-layout-flow\">\n<h3 class=\"wp-block-heading\">Carater\u00edsticas da sanita de uma s\u00f3 pe\u00e7a<\/h3>\n\n\n\n<ul class=\"wp-block-list\">\n<li><strong>Acabamento em m\u00e1rmore preto galvanizado de luxo<\/strong>: A superf\u00edcie adopta um processo galv\u00e2nico com uma textura inspirada no m\u00e1rmore preto, proporcionando um efeito visual de alta qualidade adequado para ambientes de casa de banho de luxo.<\/li>\n\n\n\n<li><strong>Superf\u00edcie galvanizada para um acabamento brilhante de alta qualidade: <\/strong>A tecnologia avan\u00e7ada de galvanoplastia melhora o brilho da superf\u00edcie e a profundidade da textura, conferindo \u00e0 sanita um aspeto mais art\u00edstico e de elevado valor, adequado a um posicionamento de luxo.<\/li>\n\n\n\n<li><strong>Estrutura de uma s\u00f3 pe\u00e7a sem costuras: <\/strong>O design integrado da carro\u00e7aria elimina os espa\u00e7os e as juntas, reduzindo a acumula\u00e7\u00e3o de sujidade e melhorando a higiene - especialmente importante para a utiliza\u00e7\u00e3o em hot\u00e9is e estabelecimentos comerciais.<\/li>\n\n\n\n<li><strong>Personaliza\u00e7\u00e3o OEM\/ODM para diferencia\u00e7\u00e3o da marca<\/strong>: Como uma f\u00e1brica profissional de sanitas na China, oferecemos op\u00e7\u00f5es totalmente personaliz\u00e1veis, incluindo acabamento de cor, estilo de padr\u00e3o de m\u00e1rmore, sistema de descarga, marca de logotipo e embalagem para atender \u00e0s diferentes exig\u00eancias do mercado.<\/li>\n<\/ul>\n<\/div>\n\n\n\n<div class=\"wp-block-column is-layout-flow wp-block-column-is-layout-flow\">\n<figure class=\"wp-block-image size-full\"><img decoding=\"async\" width=\"1127\" height=\"1392\" src=\"https:\/\/www.southvillabath.com\/wp-content\/uploads\/2026\/04\/Wholesale-Ceramic-One-Piece-Toilet-SH-6688GD.jpg\" alt=\"\" class=\"wp-image-1666\" srcset=\"https:\/\/www.southvillabath.com\/wp-content\/uploads\/2026\/04\/Wholesale-Ceramic-One-Piece-Toilet-SH-6688GD.jpg 1127w, https:\/\/www.southvillabath.com\/wp-content\/uploads\/2026\/04\/Wholesale-Ceramic-One-Piece-Toilet-SH-6688GD-243x300.jpg 243w, https:\/\/www.southvillabath.com\/wp-content\/uploads\/2026\/04\/Wholesale-Ceramic-One-Piece-Toilet-SH-6688GD-768x949.jpg 768w, https:\/\/www.southvillabath.com\/wp-content\/uploads\/2026\/04\/Wholesale-Ceramic-One-Piece-Toilet-SH-6688GD-10x12.jpg 10w, https:\/\/www.southvillabath.com\/wp-content\/uploads\/2026\/04\/Wholesale-Ceramic-One-Piece-Toilet-SH-6688GD-600x741.jpg 600w\" sizes=\"(max-width: 1127px) 100vw, 1127px\" \/><\/figure>\n<\/div>\n<\/div>","protected":false},"excerpt":{"rendered":"<p>A moderna sanita de uma s\u00f3 pe\u00e7a galvanizada e lav\u00e1vel por atacado com acabamento luxuoso em m\u00e1rmore preto foi concebida para projectos de casas de banho de alta qualidade que exigem impacto visual e desempenho fi\u00e1vel.<\/p>\n<p>Esta sanita foi desenvolvida com o objetivo de combinar uma apar\u00eancia luxuosa e uma utiliza\u00e7\u00e3o pr\u00e1tica, o que a torna uma escolha forte para as carteiras de produtos de casa de banho globais. Contacte-nos para obter pre\u00e7os de f\u00e1brica.<\/p>\n<h2><strong><b>Sanita de uma pe\u00e7a <\/b><\/strong><strong><b>Especifica\u00e7\u00e3o<\/b><\/strong><\/h2>\n<table>\n<tbody>\n<tr>\n<td><strong><b>Especifica\u00e7\u00e3o<\/b><\/strong><\/td>\n<td><strong><b>Detalhes<\/b><\/strong><\/td>\n<\/tr>\n<tr>\n<td>Modelo<\/td>\n<td>SH-6688GD<\/td>\n<\/tr>\n<tr>\n<td>Tipo de sanita<\/td>\n<td>Sanita de uma pe\u00e7a<\/td>\n<\/tr>\n<tr>\n<td>Volume de descarga<\/td>\n<td>3-4.5 L<\/td>\n<\/tr>\n<tr>\n<td>Sistema de descarga<\/td>\n<td>Lavagem sem aro<\/td>\n<\/tr>\n<tr>\n<td>Carater\u00edstica do assento<\/td>\n<td>Assento com fecho suave<\/td>\n<\/tr>\n<tr>\n<td>Servi\u00e7o OEM e ODM<\/td>\n<td>Log\u00f3tipo, cores, embalagem, forma do produto e carater\u00edsticas personalizadas dispon\u00edveis<\/td>\n<\/tr>\n<tr>\n<td>Tipo de drenagem<\/td>\n<td>Coletor P:180mm \/ Coletor S:250mm<\/td>\n<\/tr>\n<tr>\n<td>MOQ<\/td>\n<td>50 unidades, flex\u00edvel para discuss\u00e3o posterior<\/td>\n<\/tr>\n<\/tbody>\n<\/table>\n<p>&nbsp;<\/p>\n<p><script src=\"chrome-extension:\/\/fpelahbljekknahkcaegamhcndkfpfnc\/iFrame.js\" type=\"text\/javascript\"><\/script><\/p>\n<p>\n<script src=\"chrome-extension:\/\/fpelahbljekknahkcaegamhcndkfpfnc\/iFrame.js\" type=\"text\/javascript\"><\/script><\/p>","protected":false},"featured_media":1799,"comment_status":"closed","ping_status":"closed","template":"","meta":{"_acf_changed":false},"product_brand":[],"product_cat":[17,36],"product_tag":[],"class_list":{"0":"post-1664","1":"product","2":"type-product","3":"status-publish","4":"has-post-thumbnail","6":"product_cat-wholesale-one-piece-toilets","7":"product_cat-wholesale-washdown-one-piece-toilets","9":"first","10":"instock","11":"shipping-taxable","12":"product-type-simple"},"acf":[],"_links":{"self":[{"href":"https:\/\/www.southvillabath.com\/pt\/wp-json\/wp\/v2\/product\/1664","targetHints":{"allow":["GET"]}}],"collection":[{"href":"https:\/\/www.southvillabath.com\/pt\/wp-json\/wp\/v2\/product"}],"about":[{"href":"https:\/\/www.southvillabath.com\/pt\/wp-json\/wp\/v2\/types\/product"}],"replies":[{"embeddable":true,"href":"https:\/\/www.southvillabath.com\/pt\/wp-json\/wp\/v2\/comments?post=1664"}],"wp:featuredmedia":[{"embeddable":true,"href":"https:\/\/www.southvillabath.com\/pt\/wp-json\/wp\/v2\/media\/1799"}],"wp:attachment":[{"href":"https:\/\/www.southvillabath.com\/pt\/wp-json\/wp\/v2\/media?parent=1664"}],"wp:term":[{"taxonomy":"product_brand","embeddable":true,"href":"https:\/\/www.southvillabath.com\/pt\/wp-json\/wp\/v2\/product_brand?post=1664"},{"taxonomy":"product_cat","embeddable":true,"href":"https:\/\/www.southvillabath.com\/pt\/wp-json\/wp\/v2\/product_cat?post=1664"},{"taxonomy":"product_tag","embeddable":true,"href":"https:\/\/www.southvillabath.com\/pt\/wp-json\/wp\/v2\/product_tag?post=1664"}],"curies":[{"name":"wp","href":"https:\/\/api.w.org\/{rel}","templated":true}]}}