{"id":1661,"date":"2026-04-25T02:49:03","date_gmt":"2026-04-25T02:49:03","guid":{"rendered":"https:\/\/www.southvillabath.com\/?post_type=product&#038;p=1661"},"modified":"2026-04-26T00:58:46","modified_gmt":"2026-04-26T00:58:46","slug":"wholesale-luxury-gold-one-piece-toilets","status":"publish","type":"product","link":"https:\/\/www.southvillabath.com\/pt\/product\/wholesale-luxury-gold-one-piece-toilets\/","title":{"rendered":"Sanita de uma pe\u00e7a em ouro de luxo por atacado - Crie um interior de casa de banho luxuoso, perfeito para hot\u00e9is de luxo"},"content":{"rendered":"<div class=\"wp-block-columns is-layout-flex wp-container-core-columns-is-layout-9d6595d7 wp-block-columns-is-layout-flex\">\n<div class=\"wp-block-column is-layout-flow wp-block-column-is-layout-flow\">\n<h3 class=\"wp-block-heading\">Carater\u00edsticas da sanita de uma pe\u00e7a Luxury Gold<\/h3>\n\n\n\n<ul class=\"wp-block-list\">\n<li><strong>Est\u00e9tica de luxo impressionante:<\/strong> O acabamento dourado arrojado serve como um ponto focal instant\u00e2neo para interiores de casas de banho de qualidade superior, ideal para hot\u00e9is boutique de luxo e projectos residenciais de topo que procuram um elemento de design \u00fanico e de grande impacto.<\/li>\n\n\n\n<li><strong>Tecnologia avan\u00e7ada sem aros: <\/strong>O design da cuba sem rebordo para lavagem maximiza a efici\u00eancia da descarga, melhorando significativamente o saneamento, garantindo uma limpeza mais profunda e uma manuten\u00e7\u00e3o di\u00e1ria mais f\u00e1cil para os utilizadores finais.<\/li>\n\n\n\n<li><strong>Impacto visual mais forte: <\/strong>O luxuoso acabamento dourado tem um impacto visual mais forte, criando uma sinergia sofisticada com m\u00e1rmore, metal e designs de ilumina\u00e7\u00e3o.<\/li>\n\n\n\n<li><strong>Ideal para a estrat\u00e9gia de receitas de hot\u00e9is de luxo: <\/strong>Em ambientes hoteleiros, o luxo visual influencia diretamente a perce\u00e7\u00e3o dos h\u00f3spedes e a estrat\u00e9gia de pre\u00e7os. Um acess\u00f3rio de casa de banho dourado ajuda a refor\u00e7ar uma categoria de quarto premium.<\/li>\n<\/ul>\n<\/div>\n\n\n\n<div class=\"wp-block-column is-layout-flow wp-block-column-is-layout-flow\">\n<figure class=\"wp-block-image size-full\"><img decoding=\"async\" width=\"1127\" height=\"1392\" src=\"https:\/\/www.southvillabath.com\/wp-content\/uploads\/2026\/04\/Wholesale-Ceramic-One-Piece-Toilet-SH-6688GC.jpg\" alt=\"\" class=\"wp-image-1663\" srcset=\"https:\/\/www.southvillabath.com\/wp-content\/uploads\/2026\/04\/Wholesale-Ceramic-One-Piece-Toilet-SH-6688GC.jpg 1127w, https:\/\/www.southvillabath.com\/wp-content\/uploads\/2026\/04\/Wholesale-Ceramic-One-Piece-Toilet-SH-6688GC-243x300.jpg 243w, https:\/\/www.southvillabath.com\/wp-content\/uploads\/2026\/04\/Wholesale-Ceramic-One-Piece-Toilet-SH-6688GC-768x949.jpg 768w, https:\/\/www.southvillabath.com\/wp-content\/uploads\/2026\/04\/Wholesale-Ceramic-One-Piece-Toilet-SH-6688GC-10x12.jpg 10w, https:\/\/www.southvillabath.com\/wp-content\/uploads\/2026\/04\/Wholesale-Ceramic-One-Piece-Toilet-SH-6688GC-600x741.jpg 600w\" sizes=\"(max-width: 1127px) 100vw, 1127px\" \/><\/figure>\n<\/div>\n<\/div>","protected":false},"excerpt":{"rendered":"<p>Sanita de uma pe\u00e7a em ouro de luxo por atacado. Redefina o luxo moderno nos seus projectos hoteleiros e residenciais com a nossa requintada sanita de uma pe\u00e7a em ouro. O impressionante acabamento em ouro eleva os interiores das casas de banho, tornando-o uma carater\u00edstica de destaque em hot\u00e9is de luxo, resorts de luxo, vilas de design e espa\u00e7os comerciais de luxo. Aceitamos pedidos de or\u00e7amento de hot\u00e9is, retalhistas e clientes de projectos grossistas.<\/p>\n<h2><strong><b>Sanita de uma pe\u00e7a <\/b><\/strong><strong><b>Especifica\u00e7\u00e3o<\/b><\/strong><\/h2>\n<table>\n<tbody>\n<tr>\n<td><strong><b>Especifica\u00e7\u00e3o<\/b><\/strong><\/td>\n<td><strong><b>Detalhes<\/b><\/strong><\/td>\n<\/tr>\n<tr>\n<td>Modelo<\/td>\n<td>SH-6688GC<\/td>\n<\/tr>\n<tr>\n<td>Tipo de sanita<\/td>\n<td>Sanita de uma pe\u00e7a<\/td>\n<\/tr>\n<tr>\n<td>Volume de descarga<\/td>\n<td>3-4.5 L<\/td>\n<\/tr>\n<tr>\n<td>Sistema de descarga<\/td>\n<td>Lavagem sem aro<\/td>\n<\/tr>\n<tr>\n<td>Carater\u00edstica do assento<\/td>\n<td>Assento com fecho suave<\/td>\n<\/tr>\n<tr>\n<td>Servi\u00e7o OEM e ODM<\/td>\n<td>Log\u00f3tipo, cores, embalagem, forma do produto e carater\u00edsticas personalizadas dispon\u00edveis<\/td>\n<\/tr>\n<tr>\n<td>Tipo de drenagem<\/td>\n<td>Coletor P:180mm \/ Coletor S:250mm<\/td>\n<\/tr>\n<tr>\n<td>MOQ<\/td>\n<td>50 unidades, flex\u00edvel para discuss\u00e3o posterior<\/td>\n<\/tr>\n<\/tbody>\n<\/table>\n<p>&nbsp;<\/p>\n<p><script src=\"chrome-extension:\/\/fpelahbljekknahkcaegamhcndkfpfnc\/iFrame.js\" type=\"text\/javascript\"><\/script><\/p>\n<p>\n<script src=\"chrome-extension:\/\/fpelahbljekknahkcaegamhcndkfpfnc\/iFrame.js\" type=\"text\/javascript\"><\/script><\/p>","protected":false},"featured_media":1800,"comment_status":"closed","ping_status":"closed","template":"","meta":{"_acf_changed":false},"product_brand":[],"product_cat":[17,36],"product_tag":[],"class_list":{"0":"post-1661","1":"product","2":"type-product","3":"status-publish","4":"has-post-thumbnail","6":"product_cat-wholesale-one-piece-toilets","7":"product_cat-wholesale-washdown-one-piece-toilets","9":"first","10":"instock","11":"shipping-taxable","12":"product-type-simple"},"acf":[],"_links":{"self":[{"href":"https:\/\/www.southvillabath.com\/pt\/wp-json\/wp\/v2\/product\/1661","targetHints":{"allow":["GET"]}}],"collection":[{"href":"https:\/\/www.southvillabath.com\/pt\/wp-json\/wp\/v2\/product"}],"about":[{"href":"https:\/\/www.southvillabath.com\/pt\/wp-json\/wp\/v2\/types\/product"}],"replies":[{"embeddable":true,"href":"https:\/\/www.southvillabath.com\/pt\/wp-json\/wp\/v2\/comments?post=1661"}],"wp:featuredmedia":[{"embeddable":true,"href":"https:\/\/www.southvillabath.com\/pt\/wp-json\/wp\/v2\/media\/1800"}],"wp:attachment":[{"href":"https:\/\/www.southvillabath.com\/pt\/wp-json\/wp\/v2\/media?parent=1661"}],"wp:term":[{"taxonomy":"product_brand","embeddable":true,"href":"https:\/\/www.southvillabath.com\/pt\/wp-json\/wp\/v2\/product_brand?post=1661"},{"taxonomy":"product_cat","embeddable":true,"href":"https:\/\/www.southvillabath.com\/pt\/wp-json\/wp\/v2\/product_cat?post=1661"},{"taxonomy":"product_tag","embeddable":true,"href":"https:\/\/www.southvillabath.com\/pt\/wp-json\/wp\/v2\/product_tag?post=1661"}],"curies":[{"name":"wp","href":"https:\/\/api.w.org\/{rel}","templated":true}]}}