{"id":1648,"date":"2026-04-23T03:14:21","date_gmt":"2026-04-23T03:14:21","guid":{"rendered":"https:\/\/www.southvillabath.com\/?post_type=product&#038;p=1648"},"modified":"2026-04-23T03:14:22","modified_gmt":"2026-04-23T03:14:22","slug":"bulk-matte-gray-rimless-wall-hung-toilets","status":"publish","type":"product","link":"https:\/\/www.southvillabath.com\/pt\/product\/bulk-matte-gray-rimless-wall-hung-toilets\/","title":{"rendered":"Retalho de sanita suspensa sem rebordo cinza mate SH-088MG - Fornecimento direto do fabricante"},"content":{"rendered":"<div class=\"wp-block-columns is-layout-flex wp-container-core-columns-is-layout-9d6595d7 wp-block-columns-is-layout-flex\">\n<div class=\"wp-block-column is-layout-flow wp-block-column-is-layout-flow\">\n<h3 class=\"wp-block-heading\">Carater\u00edsticas da sanita suspensa<\/h3>\n\n\n\n<ul class=\"wp-block-list\">\n<li><strong>Acabamento de superf\u00edcie Premium Matte Gray: <\/strong>O revestimento cinzento mate oferece um aspeto moderno e de inspira\u00e7\u00e3o luxuosa que real\u00e7a os projectos de design de casas de banho e ajuda os produtos a destacarem-se nos expositores de retalho e de cat\u00e1logos.<\/li>\n\n\n\n<li><strong>Design avan\u00e7ado sem aros: <\/strong>A sanita possui um sistema de descarga sem rebordo que elimina os cantos escondidos onde as bact\u00e9rias se podem acumular, garantindo uma limpeza mais profunda e higi\u00e9nica em cada descarga.<\/li>\n\n\n\n<li><strong>Personaliza\u00e7\u00e3o extensiva de cores: <\/strong>Dispon\u00edvel numa gama diversificada de acabamentos, incluindo op\u00e7\u00f5es mate, brilhantes e met\u00e1licas, o que permite aos distribuidores satisfazerem as v\u00e1rias tend\u00eancias de design de interiores.<\/li>\n\n\n\n<li><strong>Suporte OEM\/ODM direto da f\u00e1brica: <\/strong>Fornecemos solu\u00e7\u00f5es de fabrico flex\u00edveis, permitindo que os parceiros personalizem o produto para satisfazer exig\u00eancias espec\u00edficas do mercado, necessidades de marca ou especifica\u00e7\u00f5es t\u00e9cnicas para projectos de grande escala.<\/li>\n<\/ul>\n<\/div>\n\n\n\n<div class=\"wp-block-column is-layout-flow wp-block-column-is-layout-flow\">\n<figure class=\"wp-block-image size-full\"><img decoding=\"async\" width=\"1127\" height=\"1392\" src=\"https:\/\/www.southvillabath.com\/wp-content\/uploads\/2026\/04\/Wholesale-Wall-hung-toilet-SH-088MG1.webp\" alt=\"\" class=\"wp-image-1650\" srcset=\"https:\/\/www.southvillabath.com\/wp-content\/uploads\/2026\/04\/Wholesale-Wall-hung-toilet-SH-088MG1.webp 1127w, https:\/\/www.southvillabath.com\/wp-content\/uploads\/2026\/04\/Wholesale-Wall-hung-toilet-SH-088MG1-243x300.webp 243w, https:\/\/www.southvillabath.com\/wp-content\/uploads\/2026\/04\/Wholesale-Wall-hung-toilet-SH-088MG1-768x949.webp 768w, https:\/\/www.southvillabath.com\/wp-content\/uploads\/2026\/04\/Wholesale-Wall-hung-toilet-SH-088MG1-10x12.webp 10w, https:\/\/www.southvillabath.com\/wp-content\/uploads\/2026\/04\/Wholesale-Wall-hung-toilet-SH-088MG1-600x741.webp 600w\" sizes=\"(max-width: 1127px) 100vw, 1127px\" \/><\/figure>\n<\/div>\n<\/div>","protected":false},"excerpt":{"rendered":"<p data-pm-slice=\"0 0 []\">Sanita de parede em cinzento mate por grosso. Este produto permite que os retalhistas expandam os seus cat\u00e1logos com uma paleta de cores mais diversificada, atraindo assim clientes preocupados com o design e compradores baseados em projectos. O seu design sem rebordo aumenta a efici\u00eancia da descarga e minimiza as fendas ocultas, tornando a limpeza mais conveniente e proporcionando uma experi\u00eancia superior ao utilizador. Contacte-nos para obter pre\u00e7os de f\u00e1brica.<\/p>\n<h2><strong><b>Sanita suspensa <\/b><\/strong><strong><b>Especifica\u00e7\u00e3o<\/b><\/strong><\/h2>\n<table>\n<tbody>\n<tr>\n<td><strong><b>Especifica\u00e7\u00e3o<\/b><\/strong><\/td>\n<td><strong><b>Detalhes<\/b><\/strong><\/td>\n<\/tr>\n<tr>\n<td>Modelo<\/td>\n<td>SH-088MG<\/td>\n<\/tr>\n<tr>\n<td>Tipo de sanita<\/td>\n<td>Sanita suspensa<\/td>\n<\/tr>\n<tr>\n<td>Tamanho<\/td>\n<td>520 mm x 360 mm x 330 mm<\/td>\n<\/tr>\n<tr>\n<td>Sistema de descarga<\/td>\n<td>Lavagem sem aro<\/td>\n<\/tr>\n<tr>\n<td>Carater\u00edstica do assento<\/td>\n<td>Assento com fecho suave<\/td>\n<\/tr>\n<tr>\n<td>Servi\u00e7o OEM e ODM<\/td>\n<td>Log\u00f3tipo, cores, embalagem, forma do produto e carater\u00edsticas personalizadas dispon\u00edveis<\/td>\n<\/tr>\n<tr>\n<td>Tipo de drenagem<\/td>\n<td>P-trap: 180mm<\/td>\n<\/tr>\n<tr>\n<td>MOQ<\/td>\n<td>50 unidades, flex\u00edvel para discuss\u00e3o posterior<\/td>\n<\/tr>\n<\/tbody>\n<\/table>\n<p>&nbsp;<\/p>\n<p>&nbsp;<\/p>\n<p>\n<script src=\"chrome-extension:\/\/fpelahbljekknahkcaegamhcndkfpfnc\/iFrame.js\" type=\"text\/javascript\"><\/script><\/p>","protected":false},"featured_media":1649,"comment_status":"closed","ping_status":"closed","template":"","meta":{"_acf_changed":false},"product_brand":[],"product_cat":[19],"product_tag":[],"class_list":{"0":"post-1648","1":"product","2":"type-product","3":"status-publish","4":"has-post-thumbnail","6":"product_cat-wholesale-wall-hung-toilets","8":"first","9":"instock","10":"shipping-taxable","11":"product-type-simple"},"acf":[],"_links":{"self":[{"href":"https:\/\/www.southvillabath.com\/pt\/wp-json\/wp\/v2\/product\/1648","targetHints":{"allow":["GET"]}}],"collection":[{"href":"https:\/\/www.southvillabath.com\/pt\/wp-json\/wp\/v2\/product"}],"about":[{"href":"https:\/\/www.southvillabath.com\/pt\/wp-json\/wp\/v2\/types\/product"}],"replies":[{"embeddable":true,"href":"https:\/\/www.southvillabath.com\/pt\/wp-json\/wp\/v2\/comments?post=1648"}],"wp:featuredmedia":[{"embeddable":true,"href":"https:\/\/www.southvillabath.com\/pt\/wp-json\/wp\/v2\/media\/1649"}],"wp:attachment":[{"href":"https:\/\/www.southvillabath.com\/pt\/wp-json\/wp\/v2\/media?parent=1648"}],"wp:term":[{"taxonomy":"product_brand","embeddable":true,"href":"https:\/\/www.southvillabath.com\/pt\/wp-json\/wp\/v2\/product_brand?post=1648"},{"taxonomy":"product_cat","embeddable":true,"href":"https:\/\/www.southvillabath.com\/pt\/wp-json\/wp\/v2\/product_cat?post=1648"},{"taxonomy":"product_tag","embeddable":true,"href":"https:\/\/www.southvillabath.com\/pt\/wp-json\/wp\/v2\/product_tag?post=1648"}],"curies":[{"name":"wp","href":"https:\/\/api.w.org\/{rel}","templated":true}]}}