{"id":1642,"date":"2026-04-22T10:00:35","date_gmt":"2026-04-22T10:00:35","guid":{"rendered":"https:\/\/www.southvillabath.com\/?post_type=product&#038;p=1642"},"modified":"2026-04-22T10:03:53","modified_gmt":"2026-04-22T10:03:53","slug":"wholesale-washdown-matte-gray-one-piece-toilets","status":"publish","type":"product","link":"https:\/\/www.southvillabath.com\/pt\/product\/wholesale-washdown-matte-gray-one-piece-toilets\/","title":{"rendered":"F\u00e1brica de sanitas modernas de uma pe\u00e7a em cinzento mate SH-6688MG - Hotel-Ready Design"},"content":{"rendered":"<div class=\"wp-block-columns is-layout-flex wp-container-core-columns-is-layout-9d6595d7 wp-block-columns-is-layout-flex\">\n<div class=\"wp-block-column is-layout-flow wp-block-column-is-layout-flow\">\n<h3 class=\"wp-block-heading\">Carater\u00edsticas da sanita de uma s\u00f3 pe\u00e7a<\/h3>\n\n\n\n<ul class=\"wp-block-list\">\n<li><strong>Acabamento moderno em cinzento mate: <\/strong>A elegante superf\u00edcie cinzenta mate oferece uma est\u00e9tica contempor\u00e2nea e neutra, adequada para hot\u00e9is, projectos residenciais e interiores comerciais.<\/li>\n\n\n\n<li><strong>Design integrado numa s\u00f3 pe\u00e7a:<\/strong> A estrutura sem costuras aumenta o aspeto visual, melhora a estabilidade e facilita a limpeza e a manuten\u00e7\u00e3o.<\/li>\n\n\n\n<li><strong>Fornecimento de fabrico direto da f\u00e1brica: <\/strong>Uma capacidade de produ\u00e7\u00e3o est\u00e1vel garante uma qualidade consistente e uma entrega fi\u00e1vel para aquisi\u00e7\u00f5es por grosso e a granel.<\/li>\n\n\n\n<li><strong>Ideal para utiliza\u00e7\u00e3o em hot\u00e9is e projectos: <\/strong>Perfeitamente adequado para hot\u00e9is, apartamentos e projectos de constru\u00e7\u00e3o em grande escala que requerem solu\u00e7\u00f5es sanit\u00e1rias duradouras e modernas.<\/li>\n<\/ul>\n<\/div>\n\n\n\n<div class=\"wp-block-column is-layout-flow wp-block-column-is-layout-flow\">\n<figure class=\"wp-block-image size-full\"><img decoding=\"async\" width=\"1127\" height=\"1392\" src=\"https:\/\/www.southvillabath.com\/wp-content\/uploads\/2026\/04\/\u8fde\u4f53\u9a6c\u6876.jpg\" alt=\"\" class=\"wp-image-1644\" srcset=\"https:\/\/www.southvillabath.com\/wp-content\/uploads\/2026\/04\/\u8fde\u4f53\u9a6c\u6876.jpg 1127w, https:\/\/www.southvillabath.com\/wp-content\/uploads\/2026\/04\/\u8fde\u4f53\u9a6c\u6876-243x300.jpg 243w, https:\/\/www.southvillabath.com\/wp-content\/uploads\/2026\/04\/\u8fde\u4f53\u9a6c\u6876-768x949.jpg 768w, https:\/\/www.southvillabath.com\/wp-content\/uploads\/2026\/04\/\u8fde\u4f53\u9a6c\u6876-10x12.jpg 10w, https:\/\/www.southvillabath.com\/wp-content\/uploads\/2026\/04\/\u8fde\u4f53\u9a6c\u6876-600x741.jpg 600w\" sizes=\"(max-width: 1127px) 100vw, 1127px\" \/><\/figure>\n<\/div>\n<\/div>","protected":false},"excerpt":{"rendered":"<p>Sanitas de uma pe\u00e7a por atacado. Com um acabamento cinzento mate que exala uma est\u00e9tica industrial suave, esta sanita possui uma constru\u00e7\u00e3o de uma s\u00f3 pe\u00e7a sem costuras que real\u00e7a o seu apelo visual minimalista, tornando-a uma escolha ideal para hot\u00e9is boutique e apartamentos de luxo. Contacte-nos para encomendas a granel.<\/p>\n<h2><strong><b>Sanita de uma pe\u00e7a <\/b><\/strong><strong><b>Especifica\u00e7\u00e3o<\/b><\/strong><\/h2>\n<table>\n<tbody>\n<tr>\n<td><strong><b>Especifica\u00e7\u00e3o<\/b><\/strong><\/td>\n<td><strong><b>Detalhes<\/b><\/strong><\/td>\n<\/tr>\n<tr>\n<td>Modelo<\/td>\n<td>SH-6688MG<\/td>\n<\/tr>\n<tr>\n<td>Tipo de sanita<\/td>\n<td>Sanita de uma pe\u00e7a<\/td>\n<\/tr>\n<tr>\n<td>Volume de descarga<\/td>\n<td>3-4.5 L<\/td>\n<\/tr>\n<tr>\n<td>Sistema de descarga<\/td>\n<td>Lavagem sem aro<\/td>\n<\/tr>\n<tr>\n<td>Carater\u00edstica do assento<\/td>\n<td>Assento com fecho suave<\/td>\n<\/tr>\n<tr>\n<td>Servi\u00e7o OEM e ODM<\/td>\n<td>Log\u00f3tipo, cores, embalagem, forma do produto e carater\u00edsticas personalizadas dispon\u00edveis<\/td>\n<\/tr>\n<tr>\n<td>Tipo de drenagem<\/td>\n<td>Coletor P:180mm \/ Coletor S:250mm<\/td>\n<\/tr>\n<tr>\n<td>MOQ<\/td>\n<td>50 unidades, flex\u00edvel para discuss\u00e3o posterior<\/td>\n<\/tr>\n<\/tbody>\n<\/table>\n<p>&nbsp;<\/p>\n<p>\n<script src=\"chrome-extension:\/\/fpelahbljekknahkcaegamhcndkfpfnc\/iFrame.js\" type=\"text\/javascript\"><\/script><\/p>","protected":false},"featured_media":1643,"comment_status":"closed","ping_status":"closed","template":"","meta":{"_acf_changed":false},"product_brand":[],"product_cat":[17,36],"product_tag":[],"class_list":{"0":"post-1642","1":"product","2":"type-product","3":"status-publish","4":"has-post-thumbnail","6":"product_cat-wholesale-one-piece-toilets","7":"product_cat-wholesale-washdown-one-piece-toilets","9":"first","10":"instock","11":"shipping-taxable","12":"product-type-simple"},"acf":[],"_links":{"self":[{"href":"https:\/\/www.southvillabath.com\/pt\/wp-json\/wp\/v2\/product\/1642","targetHints":{"allow":["GET"]}}],"collection":[{"href":"https:\/\/www.southvillabath.com\/pt\/wp-json\/wp\/v2\/product"}],"about":[{"href":"https:\/\/www.southvillabath.com\/pt\/wp-json\/wp\/v2\/types\/product"}],"replies":[{"embeddable":true,"href":"https:\/\/www.southvillabath.com\/pt\/wp-json\/wp\/v2\/comments?post=1642"}],"wp:featuredmedia":[{"embeddable":true,"href":"https:\/\/www.southvillabath.com\/pt\/wp-json\/wp\/v2\/media\/1643"}],"wp:attachment":[{"href":"https:\/\/www.southvillabath.com\/pt\/wp-json\/wp\/v2\/media?parent=1642"}],"wp:term":[{"taxonomy":"product_brand","embeddable":true,"href":"https:\/\/www.southvillabath.com\/pt\/wp-json\/wp\/v2\/product_brand?post=1642"},{"taxonomy":"product_cat","embeddable":true,"href":"https:\/\/www.southvillabath.com\/pt\/wp-json\/wp\/v2\/product_cat?post=1642"},{"taxonomy":"product_tag","embeddable":true,"href":"https:\/\/www.southvillabath.com\/pt\/wp-json\/wp\/v2\/product_tag?post=1642"}],"curies":[{"name":"wp","href":"https:\/\/api.w.org\/{rel}","templated":true}]}}