{"id":1636,"date":"2026-04-23T07:40:39","date_gmt":"2026-04-23T07:40:39","guid":{"rendered":"https:\/\/www.southvillabath.com\/?post_type=product&#038;p=1636"},"modified":"2026-04-23T07:46:16","modified_gmt":"2026-04-23T07:46:16","slug":"bulk-modern-matte-black-art-basin","status":"publish","type":"product","link":"https:\/\/www.southvillabath.com\/pt\/product\/bulk-modern-matte-black-art-basin\/","title":{"rendered":"Lavat\u00f3rio de arte moderno preto mate por atacado - Fornecimento direto da f\u00e1brica de lavat\u00f3rios a granel"},"content":{"rendered":"<div class=\"wp-block-columns is-layout-flex wp-container-core-columns-is-layout-9d6595d7 wp-block-columns-is-layout-flex\">\n<div class=\"wp-block-column is-layout-flow wp-block-column-is-layout-flow\">\n<h3 class=\"wp-block-heading\">Bacia de arte em cer\u00e2mica Carater\u00edsticas<\/h3>\n\n\n\n<ul class=\"wp-block-list\">\n<li><strong>Conce\u00e7\u00e3o funcional integrada:<\/strong> Inclui um orif\u00edcio de torneira e um sistema de transbordo pr\u00e9-concebidos, garantindo a facilidade de instala\u00e7\u00e3o e a compatibilidade com acess\u00f3rios padr\u00e3o em todos os mercados globais.<\/li>\n\n\n\n<li><strong>Contempor\u00e2neo Acabamento em preto mate: <\/strong>A deslumbrante superf\u00edcie preta n\u00e3o reflectora proporciona uma est\u00e9tica sofisticada e moderna que serve de ponto focal para qualquer projeto de renova\u00e7\u00e3o ou constru\u00e7\u00e3o de uma casa de banho de alta qualidade.<\/li>\n\n\n\n<li><strong>Apelo est\u00e9tico orientado para as tend\u00eancias: <\/strong>O preto mate continua a ser uma escolha popular nos mercados globais, ajudando os retalhistas e distribuidores a atrair clientes centrados no design.<\/li>\n\n\n\n<li><strong>Op\u00e7\u00f5es de acabamento em v\u00e1rias cores: <\/strong>Para al\u00e9m do preto mate, \u00e9 poss\u00edvel personalizar uma variedade de acabamentos de superf\u00edcie e cores, permitindo que os grossistas e retalhistas satisfa\u00e7am as diversas tend\u00eancias regionais e as prefer\u00eancias dos clientes.<\/li>\n<\/ul>\n<\/div>\n\n\n\n<div class=\"wp-block-column is-layout-flow wp-block-column-is-layout-flow\">\n<figure class=\"wp-block-image size-full\"><img decoding=\"async\" width=\"1024\" height=\"662\" src=\"https:\/\/www.southvillabath.com\/wp-content\/uploads\/2026\/04\/Wholesale-Art-Basin-SH-8388MB-2.webp\" alt=\"\" class=\"wp-image-1637\" srcset=\"https:\/\/www.southvillabath.com\/wp-content\/uploads\/2026\/04\/Wholesale-Art-Basin-SH-8388MB-2.webp 1024w, https:\/\/www.southvillabath.com\/wp-content\/uploads\/2026\/04\/Wholesale-Art-Basin-SH-8388MB-2-300x194.webp 300w, https:\/\/www.southvillabath.com\/wp-content\/uploads\/2026\/04\/Wholesale-Art-Basin-SH-8388MB-2-768x497.webp 768w, https:\/\/www.southvillabath.com\/wp-content\/uploads\/2026\/04\/Wholesale-Art-Basin-SH-8388MB-2-18x12.webp 18w, https:\/\/www.southvillabath.com\/wp-content\/uploads\/2026\/04\/Wholesale-Art-Basin-SH-8388MB-2-600x388.webp 600w\" sizes=\"(max-width: 1024px) 100vw, 1024px\" \/><\/figure>\n<\/div>\n<\/div>","protected":false},"excerpt":{"rendered":"<p data-pm-slice=\"0 0 []\">Lavat\u00f3rios de cer\u00e2mica preta por grosso. Concebida com um forte enfoque na est\u00e9tica moderna, esta bacia de arte em preto mate traz uma afirma\u00e7\u00e3o arrojada mas refinada aos espa\u00e7os de banho contempor\u00e2neos. As suas propor\u00e7\u00f5es harmoniosas adaptam-se a v\u00e1rias disposi\u00e7\u00f5es. Contacte-nos para obter pre\u00e7os de f\u00e1brica.<\/p>\n<h2><strong><b>Bacia de arte em cer\u00e2mica <\/b><\/strong><strong><b>Especifica\u00e7\u00e3o<\/b><\/strong><\/h2>\n<table>\n<tbody>\n<tr>\n<td><strong><b>Especifica\u00e7\u00e3o<\/b><\/strong><\/td>\n<td><strong><b>Detalhes<\/b><\/strong><\/td>\n<\/tr>\n<tr>\n<td>Modelo<\/td>\n<td>SH-8388MB<\/td>\n<\/tr>\n<tr>\n<td>Tipo de produto<\/td>\n<td>Bacia de arte<\/td>\n<\/tr>\n<tr>\n<td>Tamanho<\/td>\n<td>620 mm x 430 mm x 140 mm<\/td>\n<\/tr>\n<tr>\n<td>Estilo<\/td>\n<td>Moderno<\/td>\n<\/tr>\n<tr>\n<td>Carater\u00edstica<\/td>\n<td>Cor mate<\/td>\n<\/tr>\n<tr>\n<td>Aplica\u00e7\u00e3o<\/td>\n<td>Casa de banho<\/td>\n<\/tr>\n<tr>\n<td>Servi\u00e7o OEM e ODM<\/td>\n<td>Log\u00f3tipo, cores, embalagem, forma do produto e carater\u00edsticas personalizadas dispon\u00edveis<\/td>\n<\/tr>\n<tr>\n<td>MOQ<\/td>\n<td>50 unidades, flex\u00edvel para discuss\u00e3o posterior<\/td>\n<\/tr>\n<\/tbody>\n<\/table>\n<p>&nbsp;<\/p>\n<p>&nbsp;<\/p>\n<p>\n<script src=\"chrome-extension:\/\/fpelahbljekknahkcaegamhcndkfpfnc\/iFrame.js\" type=\"text\/javascript\"><\/script><\/p>","protected":false},"featured_media":1623,"comment_status":"closed","ping_status":"closed","template":"","meta":{"_acf_changed":false},"product_brand":[],"product_cat":[23],"product_tag":[],"class_list":{"0":"post-1636","1":"product","2":"type-product","3":"status-publish","4":"has-post-thumbnail","6":"product_cat-wholesale-washbasins","8":"first","9":"instock","10":"shipping-taxable","11":"product-type-simple"},"acf":[],"_links":{"self":[{"href":"https:\/\/www.southvillabath.com\/pt\/wp-json\/wp\/v2\/product\/1636","targetHints":{"allow":["GET"]}}],"collection":[{"href":"https:\/\/www.southvillabath.com\/pt\/wp-json\/wp\/v2\/product"}],"about":[{"href":"https:\/\/www.southvillabath.com\/pt\/wp-json\/wp\/v2\/types\/product"}],"replies":[{"embeddable":true,"href":"https:\/\/www.southvillabath.com\/pt\/wp-json\/wp\/v2\/comments?post=1636"}],"wp:featuredmedia":[{"embeddable":true,"href":"https:\/\/www.southvillabath.com\/pt\/wp-json\/wp\/v2\/media\/1623"}],"wp:attachment":[{"href":"https:\/\/www.southvillabath.com\/pt\/wp-json\/wp\/v2\/media?parent=1636"}],"wp:term":[{"taxonomy":"product_brand","embeddable":true,"href":"https:\/\/www.southvillabath.com\/pt\/wp-json\/wp\/v2\/product_brand?post=1636"},{"taxonomy":"product_cat","embeddable":true,"href":"https:\/\/www.southvillabath.com\/pt\/wp-json\/wp\/v2\/product_cat?post=1636"},{"taxonomy":"product_tag","embeddable":true,"href":"https:\/\/www.southvillabath.com\/pt\/wp-json\/wp\/v2\/product_tag?post=1636"}],"curies":[{"name":"wp","href":"https:\/\/api.w.org\/{rel}","templated":true}]}}