{"id":1632,"date":"2026-04-25T02:20:29","date_gmt":"2026-04-25T02:20:29","guid":{"rendered":"https:\/\/www.southvillabath.com\/?post_type=product&#038;p=1632"},"modified":"2026-04-25T02:20:30","modified_gmt":"2026-04-25T02:20:30","slug":"matte-black-wall-hung-basin-wholesale","status":"publish","type":"product","link":"https:\/\/www.southvillabath.com\/pt\/product\/matte-black-wall-hung-basin-wholesale\/","title":{"rendered":"Wholesale Sleek Matte Black Wall-Hung Basin SH-188MB \u2013 Suitable for High-End Bathroom Design"},"content":{"rendered":"<div class=\"wp-block-columns is-layout-flex wp-container-core-columns-is-layout-9d6595d7 wp-block-columns-is-layout-flex\">\n<div class=\"wp-block-column is-layout-flow wp-block-column-is-layout-flow\">\n<h3 class=\"wp-block-heading\">Wall-Hung Basin Features<\/h3>\n\n\n\n<ul class=\"wp-block-list\">\n<li><strong>Modern Matte Black Finish:<\/strong> The elegant matte black surface enhances contemporary bathroom aesthetics while offering a premium look that appeals to high-end markets and design-focused customers.<\/li>\n\n\n\n<li><strong>Durable Surface &amp; Long-Lasting Appeal:<\/strong> Matte finishes are typically resistant to fingerprints and minor scratches, ensuring the product maintains its appearance over time.<\/li>\n\n\n\n<li><strong>Design suspenso que poupa espa\u00e7o: <\/strong>The wall-mounted structure maximizes floor space and creates a clean, open environment, ideal for compact bathrooms and modern commercial interiors.<\/li>\n\n\n\n<li><strong>OEM and ODM Support<\/strong>: As a washbasin manufacturer, we can provide customized surface finishes, logos, and packaging, making it easier for distributors and brand owners to differentiate their product lines.<\/li>\n<\/ul>\n<\/div>\n\n\n\n<div class=\"wp-block-column is-layout-flow wp-block-column-is-layout-flow\">\n<figure class=\"wp-block-image size-full\"><img decoding=\"async\" width=\"1024\" height=\"662\" src=\"https:\/\/www.southvillabath.com\/wp-content\/uploads\/2026\/04\/Wholesale-Wall-Hung-Basin-SH-188MB-2.webp\" alt=\"\" class=\"wp-image-1633\" srcset=\"https:\/\/www.southvillabath.com\/wp-content\/uploads\/2026\/04\/Wholesale-Wall-Hung-Basin-SH-188MB-2.webp 1024w, https:\/\/www.southvillabath.com\/wp-content\/uploads\/2026\/04\/Wholesale-Wall-Hung-Basin-SH-188MB-2-300x194.webp 300w, https:\/\/www.southvillabath.com\/wp-content\/uploads\/2026\/04\/Wholesale-Wall-Hung-Basin-SH-188MB-2-768x497.webp 768w, https:\/\/www.southvillabath.com\/wp-content\/uploads\/2026\/04\/Wholesale-Wall-Hung-Basin-SH-188MB-2-18x12.webp 18w, https:\/\/www.southvillabath.com\/wp-content\/uploads\/2026\/04\/Wholesale-Wall-Hung-Basin-SH-188MB-2-600x388.webp 600w\" sizes=\"(max-width: 1024px) 100vw, 1024px\" \/><\/figure>\n<\/div>\n<\/div>","protected":false},"excerpt":{"rendered":"<p>Wholesale wall-hung basins. Adopting a minimalist aesthetic, paired with a refined matte black finish, creates a bold yet elegant visual statement. Our washbasin factory supports flexible OEM and ODM services, enabling wholesalers, distributors, and brand owners to customize product details, including surface treatment variations, logo branding, packaging, and design adjustments.\u00a0<\/p>\n<h2><strong><b>Lavat\u00f3rio suspenso em cer\u00e2mica <\/b><\/strong><strong><b>Especifica\u00e7\u00e3o<\/b><\/strong><\/h2>\n<table>\n<tbody>\n<tr>\n<td><strong><b>Especifica\u00e7\u00e3o<\/b><\/strong><\/td>\n<td><strong><b>Detalhes<\/b><\/strong><\/td>\n<\/tr>\n<tr>\n<td>Modelo<\/td>\n<td>SH-188MB<\/td>\n<\/tr>\n<tr>\n<td>Tipo de produto<\/td>\n<td>Lavat\u00f3rio suspenso<\/td>\n<\/tr>\n<tr>\n<td>Tamanho<\/td>\n<td>490 mm \u00d7 440 mm \u00d7 390 mm<\/td>\n<\/tr>\n<tr>\n<td>Estilo<\/td>\n<td>Moderno<\/td>\n<\/tr>\n<tr>\n<td>Carater\u00edstica<\/td>\n<td>Cor mate<\/td>\n<\/tr>\n<tr>\n<td>Aplica\u00e7\u00e3o<\/td>\n<td>Casa de banho<\/td>\n<\/tr>\n<tr>\n<td>Servi\u00e7o OEM e ODM<\/td>\n<td>Log\u00f3tipo, cores, embalagem, forma do produto e carater\u00edsticas personalizadas dispon\u00edveis<\/td>\n<\/tr>\n<tr>\n<td>MOQ<\/td>\n<td>50 unidades, flex\u00edvel para discuss\u00e3o posterior<\/td>\n<\/tr>\n<\/tbody>\n<\/table>\n<p>&nbsp;<\/p>\n<p>&nbsp;<\/p>\n<p>\n<script src=\"chrome-extension:\/\/fpelahbljekknahkcaegamhcndkfpfnc\/iFrame.js\" type=\"text\/javascript\"><\/script><\/p>","protected":false},"featured_media":1621,"comment_status":"closed","ping_status":"closed","template":"","meta":{"_acf_changed":false},"product_brand":[],"product_cat":[23],"product_tag":[],"class_list":{"0":"post-1632","1":"product","2":"type-product","3":"status-publish","4":"has-post-thumbnail","6":"product_cat-wholesale-washbasins","8":"first","9":"instock","10":"shipping-taxable","11":"product-type-simple"},"acf":[],"_links":{"self":[{"href":"https:\/\/www.southvillabath.com\/pt\/wp-json\/wp\/v2\/product\/1632","targetHints":{"allow":["GET"]}}],"collection":[{"href":"https:\/\/www.southvillabath.com\/pt\/wp-json\/wp\/v2\/product"}],"about":[{"href":"https:\/\/www.southvillabath.com\/pt\/wp-json\/wp\/v2\/types\/product"}],"replies":[{"embeddable":true,"href":"https:\/\/www.southvillabath.com\/pt\/wp-json\/wp\/v2\/comments?post=1632"}],"wp:featuredmedia":[{"embeddable":true,"href":"https:\/\/www.southvillabath.com\/pt\/wp-json\/wp\/v2\/media\/1621"}],"wp:attachment":[{"href":"https:\/\/www.southvillabath.com\/pt\/wp-json\/wp\/v2\/media?parent=1632"}],"wp:term":[{"taxonomy":"product_brand","embeddable":true,"href":"https:\/\/www.southvillabath.com\/pt\/wp-json\/wp\/v2\/product_brand?post=1632"},{"taxonomy":"product_cat","embeddable":true,"href":"https:\/\/www.southvillabath.com\/pt\/wp-json\/wp\/v2\/product_cat?post=1632"},{"taxonomy":"product_tag","embeddable":true,"href":"https:\/\/www.southvillabath.com\/pt\/wp-json\/wp\/v2\/product_tag?post=1632"}],"curies":[{"name":"wp","href":"https:\/\/api.w.org\/{rel}","templated":true}]}}