{"id":1628,"date":"2026-04-28T07:05:20","date_gmt":"2026-04-28T07:05:20","guid":{"rendered":"https:\/\/www.southvillabath.com\/?post_type=product&#038;p=1628"},"modified":"2026-04-28T07:07:42","modified_gmt":"2026-04-28T07:07:42","slug":"bulk-matte-black-wall-hung-toilets","status":"publish","type":"product","link":"https:\/\/www.southvillabath.com\/pt\/product\/bulk-matte-black-wall-hung-toilets\/","title":{"rendered":"Sanita suspensa em preto mate SH-088MB - Dispon\u00edvel numa variedade de op\u00e7\u00f5es de cores personalizadas"},"content":{"rendered":"<div class=\"wp-block-columns is-layout-flex wp-container-core-columns-is-layout-9d6595d7 wp-block-columns-is-layout-flex\">\n<div class=\"wp-block-column is-layout-flow wp-block-column-is-layout-flow\">\n<h3 class=\"wp-block-heading\">Carater\u00edsticas da sanita suspensa<\/h3>\n\n\n\n<ul class=\"wp-block-list\">\n<li><strong>Flexibilidade de conce\u00e7\u00e3o:<\/strong> Acabamento standard em preto mate com m\u00faltiplas op\u00e7\u00f5es de cores personalizadas, permitindo uma adapta\u00e7\u00e3o flex\u00edvel a diferentes estilos de conce\u00e7\u00e3o de projectos e prefer\u00eancias de mercado.<\/li>\n\n\n\n<li><strong>Design suspenso que poupa espa\u00e7o: <\/strong>A estrutura suspensa ajuda a poupar espa\u00e7o no ch\u00e3o, fazendo com que as \u00e1reas da casa de banho pare\u00e7am mais limpas, mais modernas e mais f\u00e1ceis de manter.<\/li>\n\n\n\n<li><strong>Suporte \u00e0 personaliza\u00e7\u00e3o OEM\/ODM: <\/strong>Fortes capacidades OEM\/ODM, incluindo personaliza\u00e7\u00e3o de cores, marcas e solu\u00e7\u00f5es de embalagem adaptadas a compradores grossistas e a granel.<\/li>\n<\/ul>\n<\/div>\n\n\n\n<div class=\"wp-block-column is-layout-flow wp-block-column-is-layout-flow\">\n<figure class=\"wp-block-image size-full\"><img decoding=\"async\" width=\"778\" height=\"503\" src=\"https:\/\/www.southvillabath.com\/wp-content\/uploads\/2026\/04\/Wholesale-Wall-Hung-Toilet-SH-088MB-1.webp\" alt=\"\" class=\"wp-image-1631\" srcset=\"https:\/\/www.southvillabath.com\/wp-content\/uploads\/2026\/04\/Wholesale-Wall-Hung-Toilet-SH-088MB-1.webp 778w, https:\/\/www.southvillabath.com\/wp-content\/uploads\/2026\/04\/Wholesale-Wall-Hung-Toilet-SH-088MB-1-300x194.webp 300w, https:\/\/www.southvillabath.com\/wp-content\/uploads\/2026\/04\/Wholesale-Wall-Hung-Toilet-SH-088MB-1-768x497.webp 768w, https:\/\/www.southvillabath.com\/wp-content\/uploads\/2026\/04\/Wholesale-Wall-Hung-Toilet-SH-088MB-1-18x12.webp 18w, https:\/\/www.southvillabath.com\/wp-content\/uploads\/2026\/04\/Wholesale-Wall-Hung-Toilet-SH-088MB-1-600x388.webp 600w\" sizes=\"(max-width: 778px) 100vw, 778px\" \/><\/figure>\n<\/div>\n<\/div>","protected":false},"excerpt":{"rendered":"<p data-pm-slice=\"0 0 []\">Sanita suspensa de alta qualidade para venda por grosso. Este modelo \u00e9 fornecido de s\u00e9rie com um acabamento preto mate suave e suporta uma variedade de esquemas de cores personalizados para se adaptar a diferentes conceitos de design de interiores.  Contacte-nos para obter pre\u00e7os de f\u00e1brica.<\/p>\n<h2><strong><b>Sanita suspensa <\/b><\/strong><strong><b>Especifica\u00e7\u00e3o<\/b><\/strong><\/h2>\n<table>\n<tbody>\n<tr>\n<td><strong><b>Especifica\u00e7\u00e3o<\/b><\/strong><\/td>\n<td><strong><b>Detalhes<\/b><\/strong><\/td>\n<\/tr>\n<tr>\n<td>Modelo<\/td>\n<td>SH-088MB<\/td>\n<\/tr>\n<tr>\n<td>Tipo de sanita<\/td>\n<td>Sanita suspensa<\/td>\n<\/tr>\n<tr>\n<td>Tamanho<\/td>\n<td>520 mm x 360 mm x 330 mm<\/td>\n<\/tr>\n<tr>\n<td>Sistema de descarga<\/td>\n<td>Lavagem sem aro<\/td>\n<\/tr>\n<tr>\n<td>Carater\u00edstica do assento<\/td>\n<td>Assento com fecho suave<\/td>\n<\/tr>\n<tr>\n<td>Servi\u00e7o OEM e ODM<\/td>\n<td>Log\u00f3tipo, cores, embalagem, forma do produto e carater\u00edsticas personalizadas dispon\u00edveis<\/td>\n<\/tr>\n<tr>\n<td>Tipo de drenagem<\/td>\n<td>P-trap: 180mm<\/td>\n<\/tr>\n<tr>\n<td>MOQ<\/td>\n<td>50 unidades, flex\u00edvel para discuss\u00e3o posterior<\/td>\n<\/tr>\n<\/tbody>\n<\/table>\n<p>&nbsp;<\/p>\n<p>\n<script src=\"chrome-extension:\/\/fpelahbljekknahkcaegamhcndkfpfnc\/iFrame.js\" type=\"text\/javascript\"><\/script><\/p>","protected":false},"featured_media":1622,"comment_status":"closed","ping_status":"closed","template":"","meta":{"_acf_changed":true},"product_brand":[],"product_cat":[19],"product_tag":[],"class_list":{"0":"post-1628","1":"product","2":"type-product","3":"status-publish","4":"has-post-thumbnail","6":"product_cat-wholesale-wall-hung-toilets","8":"first","9":"instock","10":"shipping-taxable","11":"product-type-simple"},"acf":[],"_links":{"self":[{"href":"https:\/\/www.southvillabath.com\/pt\/wp-json\/wp\/v2\/product\/1628","targetHints":{"allow":["GET"]}}],"collection":[{"href":"https:\/\/www.southvillabath.com\/pt\/wp-json\/wp\/v2\/product"}],"about":[{"href":"https:\/\/www.southvillabath.com\/pt\/wp-json\/wp\/v2\/types\/product"}],"replies":[{"embeddable":true,"href":"https:\/\/www.southvillabath.com\/pt\/wp-json\/wp\/v2\/comments?post=1628"}],"wp:featuredmedia":[{"embeddable":true,"href":"https:\/\/www.southvillabath.com\/pt\/wp-json\/wp\/v2\/media\/1622"}],"wp:attachment":[{"href":"https:\/\/www.southvillabath.com\/pt\/wp-json\/wp\/v2\/media?parent=1628"}],"wp:term":[{"taxonomy":"product_brand","embeddable":true,"href":"https:\/\/www.southvillabath.com\/pt\/wp-json\/wp\/v2\/product_brand?post=1628"},{"taxonomy":"product_cat","embeddable":true,"href":"https:\/\/www.southvillabath.com\/pt\/wp-json\/wp\/v2\/product_cat?post=1628"},{"taxonomy":"product_tag","embeddable":true,"href":"https:\/\/www.southvillabath.com\/pt\/wp-json\/wp\/v2\/product_tag?post=1628"}],"curies":[{"name":"wp","href":"https:\/\/api.w.org\/{rel}","templated":true}]}}