{"id":1624,"date":"2026-04-22T09:50:13","date_gmt":"2026-04-22T09:50:13","guid":{"rendered":"https:\/\/www.southvillabath.com\/?post_type=product&#038;p=1624"},"modified":"2026-04-23T02:38:48","modified_gmt":"2026-04-23T02:38:48","slug":"wholesale-matte-black-one-piece-toilet","status":"publish","type":"product","link":"https:\/\/www.southvillabath.com\/pt\/product\/wholesale-matte-black-one-piece-toilet\/","title":{"rendered":"Wholesale Modern Washdown Matte Black One-Piece Toilet SH-6688 \u2013 Hotel-Ready Design"},"content":{"rendered":"<div class=\"wp-block-columns is-layout-flex wp-container-core-columns-is-layout-9d6595d7 wp-block-columns-is-layout-flex\">\n<div class=\"wp-block-column is-layout-flow wp-block-column-is-layout-flow\">\n<h3 class=\"wp-block-heading\">Carater\u00edsticas da sanita de uma s\u00f3 pe\u00e7a<\/h3>\n\n\n\n<ul class=\"wp-block-list\">\n<li><strong>Constru\u00e7\u00e3o em cer\u00e2mica dur\u00e1vel: <\/strong>Made from premium ceramic, this toilet boasts exceptional strength and durability. Ideal for high-traffic commercial areas and everyday residential use.<\/li>\n\n\n\n<li><strong>Design higi\u00e9nico sem aros: <\/strong>Designed without a traditional rim, this toilet eliminates hidden corners where bacteria and grime typically accumulate.<\/li>\n\n\n\n<li><strong>Dual-Flush System: <\/strong>Featuring an advanced dual-flush mechanism, this toilet offers 3.0L for liquid waste and 4.5L for solid waste, delivering efficient water conservation without compromising performance.<\/li>\n\n\n\n<li><strong>Powerful Flushing: <\/strong>Equipped with a P-Trap drainage system and a top-mounted dual-button flush, this toilet delivers strong, reliable waste removal every time. The optimized water flow efficiently clears waste in a single flush, preventing clogs and maintaining sanitation standards.<\/li>\n\n\n\n<li><strong>Versatile Installation: <\/strong>This floor-mounted toilet is designed for flexible installation in diverse spaces, including homes, hotels, offices, and public restrooms. Its adaptable design accommodates various plumbing layouts, making it a reliable choice for both new constructions and renovation projects.<\/li>\n<\/ul>\n<\/div>\n\n\n\n<div class=\"wp-block-column is-layout-flow wp-block-column-is-layout-flow\">\n<figure class=\"wp-block-image size-full\"><img decoding=\"async\" width=\"1127\" height=\"1392\" src=\"https:\/\/www.southvillabath.com\/wp-content\/uploads\/2026\/04\/Wholesale-One-Piece-Toilet-SH-6688MB-2.webp\" alt=\"\" class=\"wp-image-1626\" srcset=\"https:\/\/www.southvillabath.com\/wp-content\/uploads\/2026\/04\/Wholesale-One-Piece-Toilet-SH-6688MB-2.webp 1127w, https:\/\/www.southvillabath.com\/wp-content\/uploads\/2026\/04\/Wholesale-One-Piece-Toilet-SH-6688MB-2-243x300.webp 243w, https:\/\/www.southvillabath.com\/wp-content\/uploads\/2026\/04\/Wholesale-One-Piece-Toilet-SH-6688MB-2-768x949.webp 768w, https:\/\/www.southvillabath.com\/wp-content\/uploads\/2026\/04\/Wholesale-One-Piece-Toilet-SH-6688MB-2-10x12.webp 10w, https:\/\/www.southvillabath.com\/wp-content\/uploads\/2026\/04\/Wholesale-One-Piece-Toilet-SH-6688MB-2-600x741.webp 600w\" sizes=\"(max-width: 1127px) 100vw, 1127px\" \/><\/figure>\n<\/div>\n<\/div>","protected":false},"excerpt":{"rendered":"<p>Wholesale high-quality toilet, featuring a smooth matte black finish and a one-piece molded structure, this toilet exudes a high-end, modern aesthetic, making it particularly well-suited for hotels, luxury apartments, and commercial development projects.<\/p>\n<h2><strong><b>Sanita de uma pe\u00e7a <\/b><\/strong><strong><b>Especifica\u00e7\u00e3o<\/b><\/strong><\/h2>\n<table>\n<tbody>\n<tr>\n<td><strong><b>Especifica\u00e7\u00e3o<\/b><\/strong><\/td>\n<td><strong><b>Detalhes<\/b><\/strong><\/td>\n<\/tr>\n<tr>\n<td>Modelo<\/td>\n<td>SH-6688MB<\/td>\n<\/tr>\n<tr>\n<td>Tipo de sanita<\/td>\n<td>Sanita de uma pe\u00e7a<\/td>\n<\/tr>\n<tr>\n<td>Volume de descarga<\/td>\n<td>3-4.5 L<\/td>\n<\/tr>\n<tr>\n<td>Sistema de descarga<\/td>\n<td>Lavagem sem aro<\/td>\n<\/tr>\n<tr>\n<td>Carater\u00edstica do assento<\/td>\n<td>Assento com fecho suave<\/td>\n<\/tr>\n<tr>\n<td>Servi\u00e7o OEM e ODM<\/td>\n<td>Log\u00f3tipo, cores, embalagem, forma do produto e carater\u00edsticas personalizadas dispon\u00edveis<\/td>\n<\/tr>\n<tr>\n<td>Tipo de drenagem<\/td>\n<td>Coletor P:180mm \/ Coletor S:250mm<\/td>\n<\/tr>\n<tr>\n<td>MOQ<\/td>\n<td>50 unidades, flex\u00edvel para discuss\u00e3o posterior<\/td>\n<\/tr>\n<\/tbody>\n<\/table>\n<p>&nbsp;<\/p>\n<p><script src=\"chrome-extension:\/\/fpelahbljekknahkcaegamhcndkfpfnc\/iFrame.js\" type=\"text\/javascript\"><\/script><\/p>\n<p>\n<script src=\"chrome-extension:\/\/fpelahbljekknahkcaegamhcndkfpfnc\/iFrame.js\" type=\"text\/javascript\"><\/script><\/p>","protected":false},"featured_media":1700,"comment_status":"closed","ping_status":"closed","template":"","meta":{"_acf_changed":false},"product_brand":[],"product_cat":[17,36],"product_tag":[],"class_list":{"0":"post-1624","1":"product","2":"type-product","3":"status-publish","4":"has-post-thumbnail","6":"product_cat-wholesale-one-piece-toilets","7":"product_cat-wholesale-washdown-one-piece-toilets","9":"first","10":"instock","11":"shipping-taxable","12":"product-type-simple"},"acf":[],"_links":{"self":[{"href":"https:\/\/www.southvillabath.com\/pt\/wp-json\/wp\/v2\/product\/1624","targetHints":{"allow":["GET"]}}],"collection":[{"href":"https:\/\/www.southvillabath.com\/pt\/wp-json\/wp\/v2\/product"}],"about":[{"href":"https:\/\/www.southvillabath.com\/pt\/wp-json\/wp\/v2\/types\/product"}],"replies":[{"embeddable":true,"href":"https:\/\/www.southvillabath.com\/pt\/wp-json\/wp\/v2\/comments?post=1624"}],"wp:featuredmedia":[{"embeddable":true,"href":"https:\/\/www.southvillabath.com\/pt\/wp-json\/wp\/v2\/media\/1700"}],"wp:attachment":[{"href":"https:\/\/www.southvillabath.com\/pt\/wp-json\/wp\/v2\/media?parent=1624"}],"wp:term":[{"taxonomy":"product_brand","embeddable":true,"href":"https:\/\/www.southvillabath.com\/pt\/wp-json\/wp\/v2\/product_brand?post=1624"},{"taxonomy":"product_cat","embeddable":true,"href":"https:\/\/www.southvillabath.com\/pt\/wp-json\/wp\/v2\/product_cat?post=1624"},{"taxonomy":"product_tag","embeddable":true,"href":"https:\/\/www.southvillabath.com\/pt\/wp-json\/wp\/v2\/product_tag?post=1624"}],"curies":[{"name":"wp","href":"https:\/\/api.w.org\/{rel}","templated":true}]}}