{"id":1617,"date":"2026-04-23T01:26:54","date_gmt":"2026-04-23T01:26:54","guid":{"rendered":"https:\/\/www.southvillabath.com\/?post_type=product&#038;p=1617"},"modified":"2026-04-23T01:34:37","modified_gmt":"2026-04-23T01:34:37","slug":"wholesale-matte-black-bathroom-suites","status":"publish","type":"product","link":"https:\/\/www.southvillabath.com\/pt\/product\/wholesale-matte-black-bathroom-suites\/","title":{"rendered":"Conjunto de casa de banho por atacado - Sanitas e lavat\u00f3rios em preto mate com combina\u00e7\u00f5es personaliz\u00e1veis SH-6688MB\/SH-088MB\/SH-188MB\/SH-8388MB"},"content":{"rendered":"<div class=\"wp-block-columns is-layout-flex wp-container-core-columns-is-layout-9d6595d7 wp-block-columns-is-layout-flex\">\n<div class=\"wp-block-column is-layout-flow wp-block-column-is-layout-flow\">\n<h3 class=\"wp-block-heading\">Carater\u00edsticas da casa de banho<\/h3>\n\n\n\n<ul class=\"wp-block-list\">\n<li><strong>Premium, Est\u00e9tica contempor\u00e2nea: <\/strong>O preto mate cria um aspeto sofisticado e de alta qualidade que se alinha com as tend\u00eancias de design de interiores moderno, minimalista e de luxo. Ajuda os produtos a destacarem-se nos competitivos mercados de retalho e de projectos.<\/li>\n\n\n\n<li><strong>Melhor para ocultar manchas e marcas de \u00e1gua: <\/strong>As superf\u00edcies em preto mate s\u00e3o mais tolerantes no que diz respeito a impress\u00f5es digitais, manchas de \u00e1gua e pequenas n\u00f3doas, ajudando a manter um aspeto mais limpo com uma manuten\u00e7\u00e3o menos frequente.<\/li>\n\n\n\n<li><strong>Apoia a diferencia\u00e7\u00e3o da marca: <\/strong>A oferta de variantes em preto mate permite que os distribuidores e retalhistas diversifiquem as suas linhas de produtos e visem eficazmente segmentos de mercado de gama alta.<\/li>\n\n\n\n<li><strong>Suporte para v\u00e1rias op\u00e7\u00f5es de cores: <\/strong>Para al\u00e9m do preto mate, \u00e9 poss\u00edvel desenvolver e personalizar uma variedade de acabamentos de cor, permitindo aos distribuidores e retalhistas expandir a sua gama de produtos e servir melhor diferentes segmentos de mercado.<\/li>\n<\/ul>\n<\/div>\n\n\n\n<div class=\"wp-block-column is-layout-flow wp-block-column-is-layout-flow\">\n<figure class=\"wp-block-image size-full\"><img decoding=\"async\" width=\"616\" height=\"996\" src=\"https:\/\/www.southvillabath.com\/wp-content\/uploads\/2026\/04\/Wholesale-bathroom-set-SH-6688MB.png\" alt=\"\" class=\"wp-image-1619\" srcset=\"https:\/\/www.southvillabath.com\/wp-content\/uploads\/2026\/04\/Wholesale-bathroom-set-SH-6688MB.png 616w, https:\/\/www.southvillabath.com\/wp-content\/uploads\/2026\/04\/Wholesale-bathroom-set-SH-6688MB-186x300.png 186w, https:\/\/www.southvillabath.com\/wp-content\/uploads\/2026\/04\/Wholesale-bathroom-set-SH-6688MB-7x12.png 7w, https:\/\/www.southvillabath.com\/wp-content\/uploads\/2026\/04\/Wholesale-bathroom-set-SH-6688MB-600x970.png 600w\" sizes=\"(max-width: 616px) 100vw, 616px\" \/><\/figure>\n<\/div>\n<\/div>","protected":false},"excerpt":{"rendered":"<p data-pm-slice=\"0 0 []\">Suites de casa de banho pretas mate por atacado. Ao contr\u00e1rio dos acabamentos brilhantes, uma superf\u00edcie mate absorve - em vez de refletir - a luz, oferecendo uma est\u00e9tica visual mais suave. Al\u00e9m disso, as superf\u00edcies em preto mate s\u00e3o mais tolerantes a impress\u00f5es digitais, manchas de \u00e1gua e pequenas n\u00f3doas, ajudando a manter uma apar\u00eancia mais limpa. Este acabamento \u00e9 ideal para espa\u00e7os que privilegiam o conforto e a eleg\u00e2ncia discreta, como as casas de banho de hot\u00e9is e residenciais. Como fabricante de lou\u00e7a sanit\u00e1ria, oferecemos fornecimentos a granel; contacte-nos para obter uma cota\u00e7\u00e3o de f\u00e1brica.<\/p>\n<h2><strong><b>Suite de casa de banho <\/b><\/strong><strong><b>Especifica\u00e7\u00f5es<\/b><\/strong><\/h2>\n<table>\n<tbody>\n<tr>\n<td><strong><b>Especifica\u00e7\u00e3o<\/b><\/strong><\/td>\n<td><strong><b>Detalhes<\/b><\/strong><\/td>\n<\/tr>\n<tr>\n<td>Modelo<\/td>\n<td>\n<p>Casa de banho: SH-6688MB\/SH-088MB\u00a0<\/p>\n<p>Washbasins:SH-188MB\/SH-8388MB<\/p>\n<\/td>\n<\/tr>\n<tr>\n<td>Tipo de sanita<\/td>\n<td>Suite de casa de banho<\/td>\n<\/tr>\n<tr>\n<td>Volume de descarga<\/td>\n<td>3.0-4.5L<\/td>\n<\/tr>\n<tr>\n<td>Sistema de descarga<\/td>\n<td>Rimless de lavagem\/Tornado sif\u00f3nico<\/td>\n<\/tr>\n<tr>\n<td>Carater\u00edstica do assento<\/td>\n<td>Assento com fecho suave<\/td>\n<\/tr>\n<tr>\n<td>Servi\u00e7o OEM e ODM<\/td>\n<td>Log\u00f3tipo, cores, embalagem, forma do produto e carater\u00edsticas personalizadas dispon\u00edveis<\/td>\n<\/tr>\n<tr>\n<td>Tipo de drenagem<\/td>\n<td>Coletor P:180mm \/ Coletor S: 250mm<\/td>\n<\/tr>\n<tr>\n<td>MOQ<\/td>\n<td>50 unidades, flex\u00edvel para discuss\u00e3o posterior<\/td>\n<\/tr>\n<\/tbody>\n<\/table>\n<p>&nbsp;<\/p>\n<p>\n<script src=\"chrome-extension:\/\/fpelahbljekknahkcaegamhcndkfpfnc\/iFrame.js\" type=\"text\/javascript\"><\/script><\/p>","protected":false},"featured_media":1618,"comment_status":"closed","ping_status":"closed","template":"","meta":{"_acf_changed":true},"product_brand":[],"product_cat":[22],"product_tag":[],"class_list":{"0":"post-1617","1":"product","2":"type-product","3":"status-publish","4":"has-post-thumbnail","6":"product_cat-wholesale-bathroom-sets","8":"first","9":"instock","10":"shipping-taxable","11":"product-type-simple"},"acf":[],"_links":{"self":[{"href":"https:\/\/www.southvillabath.com\/pt\/wp-json\/wp\/v2\/product\/1617","targetHints":{"allow":["GET"]}}],"collection":[{"href":"https:\/\/www.southvillabath.com\/pt\/wp-json\/wp\/v2\/product"}],"about":[{"href":"https:\/\/www.southvillabath.com\/pt\/wp-json\/wp\/v2\/types\/product"}],"replies":[{"embeddable":true,"href":"https:\/\/www.southvillabath.com\/pt\/wp-json\/wp\/v2\/comments?post=1617"}],"wp:featuredmedia":[{"embeddable":true,"href":"https:\/\/www.southvillabath.com\/pt\/wp-json\/wp\/v2\/media\/1618"}],"wp:attachment":[{"href":"https:\/\/www.southvillabath.com\/pt\/wp-json\/wp\/v2\/media?parent=1617"}],"wp:term":[{"taxonomy":"product_brand","embeddable":true,"href":"https:\/\/www.southvillabath.com\/pt\/wp-json\/wp\/v2\/product_brand?post=1617"},{"taxonomy":"product_cat","embeddable":true,"href":"https:\/\/www.southvillabath.com\/pt\/wp-json\/wp\/v2\/product_cat?post=1617"},{"taxonomy":"product_tag","embeddable":true,"href":"https:\/\/www.southvillabath.com\/pt\/wp-json\/wp\/v2\/product_tag?post=1617"}],"curies":[{"name":"wp","href":"https:\/\/api.w.org\/{rel}","templated":true}]}}