{"id":1609,"date":"2026-04-22T09:32:15","date_gmt":"2026-04-22T09:32:15","guid":{"rendered":"https:\/\/www.southvillabath.com\/?post_type=product&#038;p=1609"},"modified":"2026-04-22T09:32:15","modified_gmt":"2026-04-22T09:32:15","slug":"wholesale-bathroom-suite-manufacturer","status":"publish","type":"product","link":"https:\/\/www.southvillabath.com\/pt\/product\/wholesale-bathroom-suite-manufacturer\/","title":{"rendered":"Fabricante grossista de conjuntos de casa de banho - Conjunto de sanitas e lavat\u00f3rios SH-6688\/SH-088\/SH-188\/SH-8388"},"content":{"rendered":"<div class=\"wp-block-columns is-layout-flex wp-container-core-columns-is-layout-9d6595d7 wp-block-columns-is-layout-flex\">\n<div class=\"wp-block-column is-layout-flow wp-block-column-is-layout-flow\">\n<h3 class=\"wp-block-heading\">Carater\u00edsticas da casa de banho<\/h3>\n\n\n\n<ul class=\"wp-block-list\">\n<li><strong>Op\u00e7\u00f5es de combina\u00e7\u00e3o flex\u00edveis: <\/strong>As nossas s\u00e9ries de sanitas, bacias e lavat\u00f3rios permitem combina\u00e7\u00f5es flex\u00edveis de sanitas e lavat\u00f3rios, ajudando os compradores a personalizar conjuntos de casas de banho para satisfazer as diversas necessidades dos clientes e dos projectos.<\/li>\n\n\n\n<li><strong>Design moderno e coordenado: <\/strong>Concebidos com um estilo visual consistente, estes conjuntos proporcionam um aspeto limpo e contempor\u00e2neo, tornando-os ideais para empreendimentos residenciais, hot\u00e9is e espa\u00e7os comerciais.<\/li>\n\n\n\n<li><strong>Constru\u00e7\u00e3o em cer\u00e2mica dur\u00e1vel:<\/strong> Fabricados com materiais cer\u00e2micos de alta qualidade, os produtos oferecem uma durabilidade duradoura, superf\u00edcies lisas e uma manuten\u00e7\u00e3o f\u00e1cil para uma utiliza\u00e7\u00e3o quotidiana.<\/li>\n\n\n\n<li><strong>Ampla aplicabilidade no mercado:<\/strong> Adequados para v\u00e1rios mercados internacionais, estes conjuntos de casa de banho destinam-se aos segmentos standard e m\u00e9dio, o que os torna uma escolha pr\u00e1tica para a distribui\u00e7\u00e3o por grosso.<\/li>\n<\/ul>\n<\/div>\n\n\n\n<div class=\"wp-block-column is-layout-flow wp-block-column-is-layout-flow\">\n<figure class=\"wp-block-image size-full\"><img decoding=\"async\" width=\"637\" height=\"1033\" src=\"https:\/\/www.southvillabath.com\/wp-content\/uploads\/2026\/04\/Wholesale-bathroom-set-SH-6688.png\" alt=\"\" class=\"wp-image-1612\" srcset=\"https:\/\/www.southvillabath.com\/wp-content\/uploads\/2026\/04\/Wholesale-bathroom-set-SH-6688.png 637w, https:\/\/www.southvillabath.com\/wp-content\/uploads\/2026\/04\/Wholesale-bathroom-set-SH-6688-185x300.png 185w, https:\/\/www.southvillabath.com\/wp-content\/uploads\/2026\/04\/Wholesale-bathroom-set-SH-6688-7x12.png 7w, https:\/\/www.southvillabath.com\/wp-content\/uploads\/2026\/04\/Wholesale-bathroom-set-SH-6688-600x973.png 600w\" sizes=\"(max-width: 637px) 100vw, 637px\" \/><\/figure>\n<\/div>\n<\/div>","protected":false},"excerpt":{"rendered":"<p data-pm-slice=\"0 0 []\">Conjunto de casa de banho por atacado. O conjunto enfatiza tanto a harmonia est\u00e9tica como a usabilidade pr\u00e1tica, ajudando os utilizadores finais a obter um ambiente de casa de banho limpo, moderno e unificado. Com vantagens de produ\u00e7\u00e3o direta da f\u00e1brica, oferecemos pre\u00e7os competitivos. Bem-vindo a contactar-nos.<\/p>\n<h2><strong><b>Suite de casa de banho <\/b><\/strong><strong><b>Especifica\u00e7\u00f5es<\/b><\/strong><\/h2>\n<table>\n<tbody>\n<tr>\n<td><strong><b>Especifica\u00e7\u00e3o<\/b><\/strong><\/td>\n<td><strong><b>Detalhes<\/b><\/strong><\/td>\n<\/tr>\n<tr>\n<td>Modelo<\/td>\n<td>Sanita: SH-6688\/SH-088 Washbasins:SH-188\/SH-8388<\/td>\n<\/tr>\n<tr>\n<td>Tipo de sanita<\/td>\n<td>Suite de casa de banho<\/td>\n<\/tr>\n<tr>\n<td>Volume de descarga<\/td>\n<td>3.0-4.5L<\/td>\n<\/tr>\n<tr>\n<td>Sistema de descarga<\/td>\n<td>Rimless de lavagem\/Tornado sif\u00f3nico<\/td>\n<\/tr>\n<tr>\n<td>Carater\u00edstica do assento<\/td>\n<td>Assento com fecho suave<\/td>\n<\/tr>\n<tr>\n<td>Servi\u00e7o OEM e ODM<\/td>\n<td>Log\u00f3tipo, cores, embalagem, forma do produto e carater\u00edsticas personalizadas dispon\u00edveis<\/td>\n<\/tr>\n<tr>\n<td>Tipo de drenagem<\/td>\n<td>Coletor P:180mm \/ Coletor S: 250mm<\/td>\n<\/tr>\n<tr>\n<td>MOQ<\/td>\n<td>50 unidades, flex\u00edvel para discuss\u00e3o posterior<\/td>\n<\/tr>\n<\/tbody>\n<\/table>\n<p>&nbsp;<\/p>\n<p>\n<script src=\"chrome-extension:\/\/fpelahbljekknahkcaegamhcndkfpfnc\/iFrame.js\" type=\"text\/javascript\"><\/script><\/p>","protected":false},"featured_media":1611,"comment_status":"closed","ping_status":"closed","template":"","meta":{"_acf_changed":true},"product_brand":[],"product_cat":[22],"product_tag":[],"class_list":{"0":"post-1609","1":"product","2":"type-product","3":"status-publish","4":"has-post-thumbnail","6":"product_cat-wholesale-bathroom-sets","8":"first","9":"instock","10":"shipping-taxable","11":"product-type-simple"},"acf":[],"_links":{"self":[{"href":"https:\/\/www.southvillabath.com\/pt\/wp-json\/wp\/v2\/product\/1609","targetHints":{"allow":["GET"]}}],"collection":[{"href":"https:\/\/www.southvillabath.com\/pt\/wp-json\/wp\/v2\/product"}],"about":[{"href":"https:\/\/www.southvillabath.com\/pt\/wp-json\/wp\/v2\/types\/product"}],"replies":[{"embeddable":true,"href":"https:\/\/www.southvillabath.com\/pt\/wp-json\/wp\/v2\/comments?post=1609"}],"wp:featuredmedia":[{"embeddable":true,"href":"https:\/\/www.southvillabath.com\/pt\/wp-json\/wp\/v2\/media\/1611"}],"wp:attachment":[{"href":"https:\/\/www.southvillabath.com\/pt\/wp-json\/wp\/v2\/media?parent=1609"}],"wp:term":[{"taxonomy":"product_brand","embeddable":true,"href":"https:\/\/www.southvillabath.com\/pt\/wp-json\/wp\/v2\/product_brand?post=1609"},{"taxonomy":"product_cat","embeddable":true,"href":"https:\/\/www.southvillabath.com\/pt\/wp-json\/wp\/v2\/product_cat?post=1609"},{"taxonomy":"product_tag","embeddable":true,"href":"https:\/\/www.southvillabath.com\/pt\/wp-json\/wp\/v2\/product_tag?post=1609"}],"curies":[{"name":"wp","href":"https:\/\/api.w.org\/{rel}","templated":true}]}}