{"id":1584,"date":"2026-04-18T06:53:35","date_gmt":"2026-04-18T06:53:35","guid":{"rendered":"https:\/\/www.southvillabath.com\/?post_type=product&#038;p=1584"},"modified":"2026-04-18T07:03:57","modified_gmt":"2026-04-18T07:03:57","slug":"wholesale-premium-floor-mounted-bidet-manufacturer","status":"publish","type":"product","link":"https:\/\/www.southvillabath.com\/pt\/product\/wholesale-premium-floor-mounted-bidet-manufacturer\/","title":{"rendered":"Bid\u00e9 de Ch\u00e3o Premium por atacado SH-F005B - Fabricante de Bid\u00e9 Profissional"},"content":{"rendered":"<div class=\"wp-block-columns is-layout-flex wp-container-core-columns-is-layout-9d6595d7 wp-block-columns-is-layout-flex\">\n<div class=\"wp-block-column is-layout-flow wp-block-column-is-layout-flow\">\n<h3 class=\"wp-block-heading\">Bid\u00e9 de ch\u00e3o<\/h3>\n\n\n\n<ul class=\"wp-block-list\">\n<li><strong>Design est\u00e9tico moderno:<\/strong> Aspeto geom\u00e9trico limpo que complementa os estilos de casa de banho contempor\u00e2neos, ideal para projectos residenciais e comerciais.<\/li>\n\n\n\n<li><strong>Experi\u00eancia confort\u00e1vel para o utilizador: <\/strong>O design ergon\u00f3mico melhora a facilidade de utiliza\u00e7\u00e3o e a higiene, sendo adequado para ambientes de casa de banho privada.<\/li>\n\n\n\n<li><strong>Forte capacidade de fornecimento B2B a n\u00edvel mundial:<\/strong> Como um fabricante profissional de bid\u00e9, n\u00f3s servimos atacadistas, importadores e distribuidores com produ\u00e7\u00e3o a granel est\u00e1vel e capacidade de entrega confi\u00e1vel.<\/li>\n\n\n\n<li><strong>Vasta experi\u00eancia no mercado internacional:<\/strong> Rica experi\u00eancia de exporta\u00e7\u00e3o na Europa, Am\u00e9rica do Norte, M\u00e9dio Oriente e outras regi\u00f5es do mundo, familiarizada com diversas normas de mercado.<\/li>\n<\/ul>\n<\/div>\n\n\n\n<div class=\"wp-block-column is-layout-flow wp-block-column-is-layout-flow\">\n<figure class=\"wp-block-image size-full\"><img decoding=\"async\" width=\"728\" height=\"924\" src=\"https:\/\/www.southvillabath.com\/wp-content\/uploads\/2026\/04\/Wholesale-Floor-Mounted-Bidet-SH-F005B-2.jpg\" alt=\"\" class=\"wp-image-1586\" srcset=\"https:\/\/www.southvillabath.com\/wp-content\/uploads\/2026\/04\/Wholesale-Floor-Mounted-Bidet-SH-F005B-2.jpg 728w, https:\/\/www.southvillabath.com\/wp-content\/uploads\/2026\/04\/Wholesale-Floor-Mounted-Bidet-SH-F005B-2-236x300.jpg 236w, https:\/\/www.southvillabath.com\/wp-content\/uploads\/2026\/04\/Wholesale-Floor-Mounted-Bidet-SH-F005B-2-9x12.jpg 9w, https:\/\/www.southvillabath.com\/wp-content\/uploads\/2026\/04\/Wholesale-Floor-Mounted-Bidet-SH-F005B-2-600x762.jpg 600w\" sizes=\"(max-width: 728px) 100vw, 728px\" \/><\/figure>\n<\/div>\n<\/div>","protected":false},"excerpt":{"rendered":"<p data-pm-slice=\"0 0 []\">Bid\u00e9 de cer\u00e2mica por atacado. O design geom\u00e9trico simples e a constru\u00e7\u00e3o em cer\u00e2mica duradoura fazem dele uma escolha pr\u00e1tica para colec\u00e7\u00f5es de casas de banho modernas. \u00c9 especialmente adequado para parceiros B2B que procuram expandir a sua linha de produtos de lou\u00e7a sanit\u00e1ria com solu\u00e7\u00f5es de bid\u00e9 funcionais e visualmente apelativas. Contacte-nos para obter pre\u00e7os de f\u00e1brica.<\/p>\n<h2><strong><b>Especifica\u00e7\u00f5es do bid\u00e9 de ch\u00e3o<\/b><\/strong><\/h2>\n<table>\n<tbody>\n<tr>\n<td><strong><b>Especifica\u00e7\u00e3o<\/b><\/strong><\/td>\n<td><strong><b>Detalhes<\/b><\/strong><\/td>\n<\/tr>\n<tr>\n<td>Modelo<\/td>\n<td>SH-F005B<\/td>\n<\/tr>\n<tr>\n<td>Tipo de sanita<\/td>\n<td>Bid\u00e9 de ch\u00e3o<\/td>\n<\/tr>\n<tr>\n<td>Tamanho<\/td>\n<td>540 mm x 375 mm x 410 mm<\/td>\n<\/tr>\n<tr>\n<td>Servi\u00e7o OEM e ODM<\/td>\n<td>Log\u00f3tipo, cores, embalagem, forma do produto e carater\u00edsticas personalizadas dispon\u00edveis<\/td>\n<\/tr>\n<tr>\n<td>Tipo de drenagem<\/td>\n<td>P-trap: 180mm<\/td>\n<\/tr>\n<tr>\n<td>MOQ<\/td>\n<td>50 unidades, flex\u00edvel para discuss\u00e3o posterior<\/td>\n<\/tr>\n<\/tbody>\n<\/table>\n<p>&nbsp;<\/p>\n<p>\n<script src=\"chrome-extension:\/\/fpelahbljekknahkcaegamhcndkfpfnc\/iFrame.js\" type=\"text\/javascript\"><\/script><\/p>","protected":false},"featured_media":1585,"comment_status":"closed","ping_status":"closed","template":"","meta":{"_acf_changed":false},"product_brand":[],"product_cat":[39],"product_tag":[],"class_list":{"0":"post-1584","1":"product","2":"type-product","3":"status-publish","4":"has-post-thumbnail","6":"product_cat-wholesale-bidets","8":"first","9":"instock","10":"shipping-taxable","11":"product-type-simple"},"acf":[],"_links":{"self":[{"href":"https:\/\/www.southvillabath.com\/pt\/wp-json\/wp\/v2\/product\/1584","targetHints":{"allow":["GET"]}}],"collection":[{"href":"https:\/\/www.southvillabath.com\/pt\/wp-json\/wp\/v2\/product"}],"about":[{"href":"https:\/\/www.southvillabath.com\/pt\/wp-json\/wp\/v2\/types\/product"}],"replies":[{"embeddable":true,"href":"https:\/\/www.southvillabath.com\/pt\/wp-json\/wp\/v2\/comments?post=1584"}],"wp:featuredmedia":[{"embeddable":true,"href":"https:\/\/www.southvillabath.com\/pt\/wp-json\/wp\/v2\/media\/1585"}],"wp:attachment":[{"href":"https:\/\/www.southvillabath.com\/pt\/wp-json\/wp\/v2\/media?parent=1584"}],"wp:term":[{"taxonomy":"product_brand","embeddable":true,"href":"https:\/\/www.southvillabath.com\/pt\/wp-json\/wp\/v2\/product_brand?post=1584"},{"taxonomy":"product_cat","embeddable":true,"href":"https:\/\/www.southvillabath.com\/pt\/wp-json\/wp\/v2\/product_cat?post=1584"},{"taxonomy":"product_tag","embeddable":true,"href":"https:\/\/www.southvillabath.com\/pt\/wp-json\/wp\/v2\/product_tag?post=1584"}],"curies":[{"name":"wp","href":"https:\/\/api.w.org\/{rel}","templated":true}]}}