{"id":1580,"date":"2026-04-17T07:24:50","date_gmt":"2026-04-17T07:24:50","guid":{"rendered":"https:\/\/www.southvillabath.com\/?post_type=product&#038;p=1580"},"modified":"2026-04-21T09:24:02","modified_gmt":"2026-04-21T09:24:02","slug":"sanitary-ware-factory-direct-floor-mounted-bidet","status":"publish","type":"product","link":"https:\/\/www.southvillabath.com\/pt\/product\/sanitary-ware-factory-direct-floor-mounted-bidet\/","title":{"rendered":"Lou\u00e7a sanit\u00e1ria Bid\u00e9 de ch\u00e3o direto de f\u00e1brica SH-F003B"},"content":{"rendered":"<div class=\"wp-block-columns is-layout-flex wp-container-core-columns-is-layout-9d6595d7 wp-block-columns-is-layout-flex\">\n<div class=\"wp-block-column is-layout-flow wp-block-column-is-layout-flow\">\n<h3 class=\"wp-block-heading\">Carater\u00edsticas da sanita montada no ch\u00e3o<\/h3>\n\n\n\n<ul class=\"wp-block-list\">\n<li><strong>Constru\u00e7\u00e3o robusta em cer\u00e2mica: <\/strong>Fabricado a partir de cer\u00e2mica de alta densidade de primeira qualidade, este produto oferece uma excelente durabilidade com uma forte resist\u00eancia ao desgaste di\u00e1rio, \u00e0 exposi\u00e7\u00e3o ao calor e aos produtos de limpeza qu\u00edmicos comuns, garantindo um desempenho fi\u00e1vel a longo prazo na utiliza\u00e7\u00e3o comercial e residencial.<\/li>\n\n\n\n<li><strong>Design ergon\u00f3mico moderno: <\/strong>Com um design moderno e ergon\u00f3mico montado no ch\u00e3o, proporciona uma \u00e1rea de cobertura eficiente em termos de espa\u00e7o, mantendo o conforto do utilizador. A sua forma simples e simplificada integra-se perfeitamente numa vasta gama de disposi\u00e7\u00f5es de casas de banho e estilos de interiores contempor\u00e2neos.<\/li>\n\n\n\n<li><strong>Personaliza\u00e7\u00e3o flex\u00edvel OEM\/ODM:<\/strong> As nossas instala\u00e7\u00f5es de fabrico fornecem apoio total para pedidos OEM e ODM, permitindo aos grossistas personalizar a marca e as especifica\u00e7\u00f5es para satisfazer as exig\u00eancias do mercado local.<\/li>\n<\/ul>\n<\/div>\n\n\n\n<div class=\"wp-block-column is-layout-flow wp-block-column-is-layout-flow\">\n<figure class=\"wp-block-image size-full\"><img decoding=\"async\" width=\"728\" height=\"924\" src=\"https:\/\/www.southvillabath.com\/wp-content\/uploads\/2026\/04\/Wholesale-Bidet-SH-F003B-2.jpg\" alt=\"\" class=\"wp-image-1583\" srcset=\"https:\/\/www.southvillabath.com\/wp-content\/uploads\/2026\/04\/Wholesale-Bidet-SH-F003B-2.jpg 728w, https:\/\/www.southvillabath.com\/wp-content\/uploads\/2026\/04\/Wholesale-Bidet-SH-F003B-2-236x300.jpg 236w, https:\/\/www.southvillabath.com\/wp-content\/uploads\/2026\/04\/Wholesale-Bidet-SH-F003B-2-9x12.jpg 9w, https:\/\/www.southvillabath.com\/wp-content\/uploads\/2026\/04\/Wholesale-Bidet-SH-F003B-2-600x762.jpg 600w\" sizes=\"(max-width: 728px) 100vw, 728px\" \/><\/figure>\n<\/div>\n<\/div>","protected":false},"excerpt":{"rendered":"<p data-pm-slice=\"0 0 []\">Eleve a sua cole\u00e7\u00e3o de lou\u00e7a sanit\u00e1ria de casa de banho com o SH-F003B, um bid\u00e9 de cer\u00e2mica de qualidade superior montado no ch\u00e3o, concebido para uma efici\u00eancia moderna e um apelo est\u00e9tico intemporal. Como um bid\u00e9 dedicado <b data-path-to-node=\"7\" data-index-in-node=\"181\">fabricante<\/b>, A nossa oferta de alta qualidade responde \u00e0s exig\u00eancias rigorosas dos grossistas, distribuidores e empresas de decora\u00e7\u00e3o de interiores de todo o mundo.<span class=\"notranslate immersive-translate-target-wrapper\" lang=\"zh-CN\"><br \/><\/span><\/p>\n<h2><strong><b>Bid\u00e9 de ch\u00e3o <\/b><\/strong><strong><b>Especifica\u00e7\u00e3o<\/b><\/strong><\/h2>\n<table>\n<tbody>\n<tr>\n<td><strong><b>Especifica\u00e7\u00e3o<\/b><\/strong><\/td>\n<td><strong><b>Detalhes<\/b><\/strong><\/td>\n<\/tr>\n<tr>\n<td>Modelo<\/td>\n<td>SH-F003B<\/td>\n<\/tr>\n<tr>\n<td>Tipo de sanita<\/td>\n<td>Bid\u00e9 de ch\u00e3o<\/td>\n<\/tr>\n<tr>\n<td>Servi\u00e7o OEM e ODM<\/td>\n<td>Log\u00f3tipo, cores, embalagem, forma do produto e carater\u00edsticas personalizadas dispon\u00edveis<\/td>\n<\/tr>\n<tr>\n<td>Tamanho<\/td>\n<td>610 mm x 490 mm x 420 mm<\/td>\n<\/tr>\n<tr>\n<td>Tipo de drenagem<\/td>\n<td>P-trap: 180mm<\/td>\n<\/tr>\n<tr>\n<td>MOQ<\/td>\n<td>50 unidades, flex\u00edvel para discuss\u00e3o posterior<\/td>\n<\/tr>\n<\/tbody>\n<\/table>\n<p>&nbsp;<\/p>\n<p>&nbsp;<\/p>\n<p>&nbsp;<\/p>\n<p>&nbsp;<\/p>\n<p>&nbsp;<\/p>\n<p>&nbsp;<\/p><\/p>","protected":false},"featured_media":1582,"comment_status":"closed","ping_status":"closed","template":"","meta":{"_acf_changed":false},"product_brand":[],"product_cat":[39],"product_tag":[],"class_list":{"0":"post-1580","1":"product","2":"type-product","3":"status-publish","4":"has-post-thumbnail","6":"product_cat-wholesale-bidets","8":"first","9":"instock","10":"shipping-taxable","11":"product-type-simple"},"acf":[],"_links":{"self":[{"href":"https:\/\/www.southvillabath.com\/pt\/wp-json\/wp\/v2\/product\/1580","targetHints":{"allow":["GET"]}}],"collection":[{"href":"https:\/\/www.southvillabath.com\/pt\/wp-json\/wp\/v2\/product"}],"about":[{"href":"https:\/\/www.southvillabath.com\/pt\/wp-json\/wp\/v2\/types\/product"}],"replies":[{"embeddable":true,"href":"https:\/\/www.southvillabath.com\/pt\/wp-json\/wp\/v2\/comments?post=1580"}],"wp:featuredmedia":[{"embeddable":true,"href":"https:\/\/www.southvillabath.com\/pt\/wp-json\/wp\/v2\/media\/1582"}],"wp:attachment":[{"href":"https:\/\/www.southvillabath.com\/pt\/wp-json\/wp\/v2\/media?parent=1580"}],"wp:term":[{"taxonomy":"product_brand","embeddable":true,"href":"https:\/\/www.southvillabath.com\/pt\/wp-json\/wp\/v2\/product_brand?post=1580"},{"taxonomy":"product_cat","embeddable":true,"href":"https:\/\/www.southvillabath.com\/pt\/wp-json\/wp\/v2\/product_cat?post=1580"},{"taxonomy":"product_tag","embeddable":true,"href":"https:\/\/www.southvillabath.com\/pt\/wp-json\/wp\/v2\/product_tag?post=1580"}],"curies":[{"name":"wp","href":"https:\/\/api.w.org\/{rel}","templated":true}]}}