{"id":1565,"date":"2026-04-16T06:34:21","date_gmt":"2026-04-16T06:34:21","guid":{"rendered":"https:\/\/www.southvillabath.com\/?post_type=product&#038;p=1565"},"modified":"2026-04-16T07:05:52","modified_gmt":"2026-04-16T07:05:52","slug":"wholesale-2-piece-bathroom-set","status":"publish","type":"product","link":"https:\/\/www.southvillabath.com\/pt\/product\/wholesale-2-piece-bathroom-set\/","title":{"rendered":"Conjunto de casa de banho por atacado - Sanitas e lavat\u00f3rio SH-271\/SH-P117 Lou\u00e7a sanit\u00e1ria de grande sucesso"},"content":{"rendered":"<div class=\"wp-block-columns is-layout-flex wp-container-core-columns-is-layout-9d6595d7 wp-block-columns-is-layout-flex\">\n<div class=\"wp-block-column is-layout-flow wp-block-column-is-layout-flow\">\n<h3 class=\"wp-block-heading\">Carater\u00edsticas do conjunto de casa de banho<\/h3>\n\n\n\n<ul class=\"wp-block-list\">\n<li><strong>Sistema de lavagem eficiente e potente: <\/strong>A sanita est\u00e1 equipada com uma estrutura de descarga optimizada que proporciona uma remo\u00e7\u00e3o de res\u00edduos forte e fi\u00e1vel, mantendo um baixo consumo de \u00e1gua, ajudando a equilibrar o desempenho com a efici\u00eancia h\u00eddrica.<\/li>\n\n\n\n<li><strong>Qualidade fi\u00e1vel para grandes projectos: <\/strong>Cada produto \u00e9 submetido a rigorosas inspec\u00e7\u00f5es de qualidade para garantir um desempenho est\u00e1vel e uma qualidade consistente, tornando o conjunto ideal para hot\u00e9is, apartamentos, empreendimentos imobili\u00e1rios e aquisi\u00e7\u00f5es em grande escala.<\/li>\n\n\n\n<li><strong>Controlo de qualidade rigoroso:<\/strong> Cada sanita \u00e9 submetida a v\u00e1rias inspec\u00e7\u00f5es, incluindo inspe\u00e7\u00e3o do esmalte, teste de descarga, teste de fugas de \u00e1gua e verifica\u00e7\u00f5es de qualidade estrutural antes da expedi\u00e7\u00e3o.<\/li>\n<\/ul>\n<\/div>\n\n\n\n<div class=\"wp-block-column is-layout-flow wp-block-column-is-layout-flow\">\n<figure class=\"wp-block-image size-full\"><img decoding=\"async\" width=\"704\" height=\"770\" src=\"https:\/\/www.southvillabath.com\/wp-content\/uploads\/2026\/04\/Wholesale-Bathroom-Set-SH-271-1.png\" alt=\"\" class=\"wp-image-1567\" srcset=\"https:\/\/www.southvillabath.com\/wp-content\/uploads\/2026\/04\/Wholesale-Bathroom-Set-SH-271-1.png 704w, https:\/\/www.southvillabath.com\/wp-content\/uploads\/2026\/04\/Wholesale-Bathroom-Set-SH-271-1-274x300.png 274w, https:\/\/www.southvillabath.com\/wp-content\/uploads\/2026\/04\/Wholesale-Bathroom-Set-SH-271-1-11x12.png 11w, https:\/\/www.southvillabath.com\/wp-content\/uploads\/2026\/04\/Wholesale-Bathroom-Set-SH-271-1-600x656.png 600w\" sizes=\"(max-width: 704px) 100vw, 704px\" \/><\/figure>\n<\/div>\n<\/div>","protected":false},"excerpt":{"rendered":"<p>Este conjunto de casa de banho por atacado inclui uma sanita e um lavat\u00f3rio a condizer. Todos os produtos s\u00e3o feitos de cer\u00e2mica de alta qualidade com uma superf\u00edcie lisa, oferecendo uma durabilidade superior, resist\u00eancia \u00e0s manchas e um acabamento branco duradouro.<\/p>\n<p>Como fabricante, oferecemos uma variedade de estilos e tamanhos de sanitas e lavat\u00f3rios \u00e0 escolha, permitindo combina\u00e7\u00f5es flex\u00edveis para se adequarem a diferentes disposi\u00e7\u00f5es da casa de banho.<\/p>\n<h2><strong><b>Conjunto de casa de banho <\/b><\/strong><strong><b>Especifica\u00e7\u00e3o<\/b><\/strong><\/h2>\n<table>\n<tbody>\n<tr>\n<td><strong><b>Especifica\u00e7\u00e3o<\/b><\/strong><\/td>\n<td><strong><b>Detalhes<\/b><\/strong><\/td>\n<\/tr>\n<tr>\n<td>Modelo<\/td>\n<td>Sanita: SH-271 Lavat\u00f3rio:SH-P117\u00a0<\/td>\n<\/tr>\n<tr>\n<td>Tipo de sanita<\/td>\n<td>Conjunto de casa de banho<\/td>\n<\/tr>\n<tr>\n<td>Volume de descarga<\/td>\n<td>3.0-4.5L<\/td>\n<\/tr>\n<tr>\n<td>Sistema de descarga<\/td>\n<td>Lavagem sem aro<\/td>\n<\/tr>\n<tr>\n<td>Carater\u00edstica do assento<\/td>\n<td>Assento com fecho suave<\/td>\n<\/tr>\n<tr>\n<td>Servi\u00e7o OEM e ODM<\/td>\n<td>Log\u00f3tipo, cores, embalagem, forma do produto e carater\u00edsticas personalizadas dispon\u00edveis<\/td>\n<\/tr>\n<tr>\n<td>Tipo de drenagem<\/td>\n<td>Coletor P:180mm \/ Coletor S: 250mm<\/td>\n<\/tr>\n<tr>\n<td>MOQ<\/td>\n<td>50 unidades, flex\u00edvel para discuss\u00e3o posterior<\/td>\n<\/tr>\n<\/tbody>\n<\/table>\n<p>&nbsp;<\/p>\n<p><script src=\"chrome-extension:\/\/fpelahbljekknahkcaegamhcndkfpfnc\/iFrame.js\" type=\"text\/javascript\"><\/script><\/p>\n<p><script src=\"chrome-extension:\/\/fpelahbljekknahkcaegamhcndkfpfnc\/iFrame.js\" type=\"text\/javascript\"><\/script><\/p>","protected":false},"featured_media":1566,"comment_status":"closed","ping_status":"closed","template":"","meta":{"_acf_changed":true},"product_brand":[],"product_cat":[22],"product_tag":[],"class_list":{"0":"post-1565","1":"product","2":"type-product","3":"status-publish","4":"has-post-thumbnail","6":"product_cat-wholesale-bathroom-sets","8":"first","9":"instock","10":"shipping-taxable","11":"product-type-simple"},"acf":[],"_links":{"self":[{"href":"https:\/\/www.southvillabath.com\/pt\/wp-json\/wp\/v2\/product\/1565","targetHints":{"allow":["GET"]}}],"collection":[{"href":"https:\/\/www.southvillabath.com\/pt\/wp-json\/wp\/v2\/product"}],"about":[{"href":"https:\/\/www.southvillabath.com\/pt\/wp-json\/wp\/v2\/types\/product"}],"replies":[{"embeddable":true,"href":"https:\/\/www.southvillabath.com\/pt\/wp-json\/wp\/v2\/comments?post=1565"}],"wp:featuredmedia":[{"embeddable":true,"href":"https:\/\/www.southvillabath.com\/pt\/wp-json\/wp\/v2\/media\/1566"}],"wp:attachment":[{"href":"https:\/\/www.southvillabath.com\/pt\/wp-json\/wp\/v2\/media?parent=1565"}],"wp:term":[{"taxonomy":"product_brand","embeddable":true,"href":"https:\/\/www.southvillabath.com\/pt\/wp-json\/wp\/v2\/product_brand?post=1565"},{"taxonomy":"product_cat","embeddable":true,"href":"https:\/\/www.southvillabath.com\/pt\/wp-json\/wp\/v2\/product_cat?post=1565"},{"taxonomy":"product_tag","embeddable":true,"href":"https:\/\/www.southvillabath.com\/pt\/wp-json\/wp\/v2\/product_tag?post=1565"}],"curies":[{"name":"wp","href":"https:\/\/api.w.org\/{rel}","templated":true}]}}