{"id":1562,"date":"2026-04-16T06:52:09","date_gmt":"2026-04-16T06:52:09","guid":{"rendered":"https:\/\/www.southvillabath.com\/?post_type=product&#038;p=1562"},"modified":"2026-04-16T07:08:06","modified_gmt":"2026-04-16T07:08:06","slug":"wholesale-bathroom-suite-3-piece","status":"publish","type":"product","link":"https:\/\/www.southvillabath.com\/pt\/product\/wholesale-bathroom-suite-3-piece\/","title":{"rendered":"Conjunto de casa de banho por atacado - sanitas, bid\u00e9 e lavat\u00f3rio SH-6120\/SH-F005B\/SH-B183, conjunto de lou\u00e7a sanit\u00e1ria com pre\u00e7o competitivo"},"content":{"rendered":"<div class=\"wp-block-columns is-layout-flex wp-container-core-columns-is-layout-9d6595d7 wp-block-columns-is-layout-flex\">\n<div class=\"wp-block-column is-layout-flow wp-block-column-is-layout-flow\">\n<h3 class=\"wp-block-heading\">Carater\u00edsticas do conjunto de casa de banho<\/h3>\n\n\n\n<ul class=\"wp-block-list\">\n<li><strong>Solu\u00e7\u00e3o completa de 3 pe\u00e7as para a casa de banho: <\/strong>Inclui uma sanita de uma s\u00f3 pe\u00e7a, um bid\u00e9 e uma bacia de pedestal, proporcionando um design coordenado que simplifica a aquisi\u00e7\u00e3o para compradores a granel e o fornecimento de projectos.<\/li>\n\n\n\n<li><strong>Constru\u00e7\u00e3o em cer\u00e2mica dur\u00e1vel:<\/strong> Fabricado em material cer\u00e2mico de alta qualidade com um acabamento esmaltado suave, oferece resist\u00eancia ao desgaste e facilidade de limpeza para uma utiliza\u00e7\u00e3o a longo prazo.<\/li>\n\n\n\n<li><strong>Design elegante e intemporal: <\/strong>As linhas simples e a estrutura cl\u00e1ssica garantem a compatibilidade com v\u00e1rios estilos de interiores, tornando-o adequado para empreendimentos residenciais, hot\u00e9is e espa\u00e7os comerciais.<\/li>\n\n\n\n<li><strong>Personaliza\u00e7\u00e3o OEM e ODM: <\/strong>Suporta marcas, dimens\u00f5es e embalagens personalizadas, permitindo que os distribuidores e retalhistas criem linhas de produtos diferenciadas para os seus mercados.<\/li>\n<\/ul>\n<\/div>\n\n\n\n<div class=\"wp-block-column is-layout-flow wp-block-column-is-layout-flow\">\n<figure class=\"wp-block-image size-full\"><img decoding=\"async\" width=\"968\" height=\"768\" src=\"https:\/\/www.southvillabath.com\/wp-content\/uploads\/2026\/04\/Wholesale-Bathroom-Set-SH-6120-1.png\" alt=\"\" class=\"wp-image-1564\" srcset=\"https:\/\/www.southvillabath.com\/wp-content\/uploads\/2026\/04\/Wholesale-Bathroom-Set-SH-6120-1.png 968w, https:\/\/www.southvillabath.com\/wp-content\/uploads\/2026\/04\/Wholesale-Bathroom-Set-SH-6120-1-300x238.png 300w, https:\/\/www.southvillabath.com\/wp-content\/uploads\/2026\/04\/Wholesale-Bathroom-Set-SH-6120-1-768x609.png 768w, https:\/\/www.southvillabath.com\/wp-content\/uploads\/2026\/04\/Wholesale-Bathroom-Set-SH-6120-1-15x12.png 15w, https:\/\/www.southvillabath.com\/wp-content\/uploads\/2026\/04\/Wholesale-Bathroom-Set-SH-6120-1-600x476.png 600w\" sizes=\"(max-width: 968px) 100vw, 968px\" \/><\/figure>\n<\/div>\n<\/div>","protected":false},"excerpt":{"rendered":"<p>Este conjunto completo de lou\u00e7a sanit\u00e1ria para casa de banho inclui uma sanita de uma pe\u00e7a, um bid\u00e9 e um lavat\u00f3rio de pedestal. Concebido com linhas simples e propor\u00e7\u00f5es equilibradas, o conjunto incorpora um estilo est\u00e9tico refinado adequado para projectos residenciais, de hotelaria e comerciais.<\/p>\n<p>Enquanto fabricante profissional, oferecemos solu\u00e7\u00f5es OEM e ODM, bem como servi\u00e7os grossistas. Contacte-nos para obter pre\u00e7os de f\u00e1brica.<\/p>\n<h2><strong><b>Conjunto de casa de banho <\/b><\/strong><strong><b>Especifica\u00e7\u00e3o<\/b><\/strong><\/h2>\n<table>\n<tbody>\n<tr>\n<td><strong><b>Especifica\u00e7\u00e3o<\/b><\/strong><\/td>\n<td><strong><b>Detalhes<\/b><\/strong><\/td>\n<\/tr>\n<tr>\n<td>Modelo<\/td>\n<td>Sanita: SH-6120 Lavat\u00f3rio:SH-P183 Bid\u00e9:SH-F005B<\/td>\n<\/tr>\n<tr>\n<td>Tipo de sanita<\/td>\n<td>Conjunto de casa de banho<\/td>\n<\/tr>\n<tr>\n<td>Volume de descarga<\/td>\n<td>3.0-4.5L<\/td>\n<\/tr>\n<tr>\n<td>Sistema de descarga<\/td>\n<td>Lavagem sem aro<\/td>\n<\/tr>\n<tr>\n<td>Carater\u00edstica do assento<\/td>\n<td>Assento com fecho suave<\/td>\n<\/tr>\n<tr>\n<td>Servi\u00e7o OEM e ODM<\/td>\n<td>Log\u00f3tipo, cores, embalagem, forma do produto e carater\u00edsticas personalizadas dispon\u00edveis<\/td>\n<\/tr>\n<tr>\n<td>Tipo de drenagem<\/td>\n<td>Coletor P:180mm \/ Coletor S: 250mm<\/td>\n<\/tr>\n<tr>\n<td>MOQ<\/td>\n<td>50 unidades, flex\u00edvel para discuss\u00e3o posterior<\/td>\n<\/tr>\n<\/tbody>\n<\/table>\n<p>&nbsp;<\/p>","protected":false},"featured_media":1563,"comment_status":"closed","ping_status":"closed","template":"","meta":{"_acf_changed":true},"product_brand":[],"product_cat":[22],"product_tag":[],"class_list":{"0":"post-1562","1":"product","2":"type-product","3":"status-publish","4":"has-post-thumbnail","6":"product_cat-wholesale-bathroom-sets","8":"first","9":"instock","10":"shipping-taxable","11":"product-type-simple"},"acf":[],"_links":{"self":[{"href":"https:\/\/www.southvillabath.com\/pt\/wp-json\/wp\/v2\/product\/1562","targetHints":{"allow":["GET"]}}],"collection":[{"href":"https:\/\/www.southvillabath.com\/pt\/wp-json\/wp\/v2\/product"}],"about":[{"href":"https:\/\/www.southvillabath.com\/pt\/wp-json\/wp\/v2\/types\/product"}],"replies":[{"embeddable":true,"href":"https:\/\/www.southvillabath.com\/pt\/wp-json\/wp\/v2\/comments?post=1562"}],"wp:featuredmedia":[{"embeddable":true,"href":"https:\/\/www.southvillabath.com\/pt\/wp-json\/wp\/v2\/media\/1563"}],"wp:attachment":[{"href":"https:\/\/www.southvillabath.com\/pt\/wp-json\/wp\/v2\/media?parent=1562"}],"wp:term":[{"taxonomy":"product_brand","embeddable":true,"href":"https:\/\/www.southvillabath.com\/pt\/wp-json\/wp\/v2\/product_brand?post=1562"},{"taxonomy":"product_cat","embeddable":true,"href":"https:\/\/www.southvillabath.com\/pt\/wp-json\/wp\/v2\/product_cat?post=1562"},{"taxonomy":"product_tag","embeddable":true,"href":"https:\/\/www.southvillabath.com\/pt\/wp-json\/wp\/v2\/product_tag?post=1562"}],"curies":[{"name":"wp","href":"https:\/\/api.w.org\/{rel}","templated":true}]}}