{"id":1559,"date":"2026-04-16T07:29:26","date_gmt":"2026-04-16T07:29:26","guid":{"rendered":"https:\/\/www.southvillabath.com\/?post_type=product&#038;p=1559"},"modified":"2026-04-16T07:30:08","modified_gmt":"2026-04-16T07:30:08","slug":"wholesale-bathroom-suite-toilet-bidet-and-basin-set","status":"publish","type":"product","link":"https:\/\/www.southvillabath.com\/pt\/product\/wholesale-bathroom-suite-toilet-bidet-and-basin-set\/","title":{"rendered":"Conjunto de casa de banho por atacado - sanita, bid\u00e9 e lavat\u00f3rio SH-9009\/SH-F003B\/SH-P118"},"content":{"rendered":"<div class=\"wp-block-columns is-layout-flex wp-container-core-columns-is-layout-9d6595d7 wp-block-columns-is-layout-flex\">\n<div class=\"wp-block-column is-layout-flow wp-block-column-is-layout-flow\">\n<h3 class=\"wp-block-heading\">Carater\u00edsticas da casa de banho<\/h3>\n\n\n\n<ul class=\"wp-block-list\">\n<li><strong>Sistema de lavagem eficiente:<\/strong> Esta sanita possui um sistema de lavagem eficiente que proporciona um desempenho de descarga potente e consistente, adequado tanto para uso comercial como residencial.<\/li>\n\n\n\n<li><strong>Design integrado numa s\u00f3 pe\u00e7a: <\/strong>A constru\u00e7\u00e3o sem costuras melhora a higiene e simplifica a limpeza, reduzindo os custos de manuten\u00e7\u00e3o para os utilizadores finais.<\/li>\n\n\n\n<li><strong>Compatibilidade de instala\u00e7\u00e3o flex\u00edvel: <\/strong>Suporta configura\u00e7\u00f5es de S-trap e P-trap, oferecendo uma maior adaptabilidade \u00e0s normas internacionais de canaliza\u00e7\u00e3o.<\/li>\n\n\n\n<li><strong>Solu\u00e7\u00e3o completa para a casa de banho: <\/strong>Suporta configura\u00e7\u00f5es de S-trap e P-trap, oferecendo uma maior adaptabilidade \u00e0s normas internacionais de canaliza\u00e7\u00e3o.<\/li>\n<\/ul>\n<\/div>\n\n\n\n<div class=\"wp-block-column is-layout-flow wp-block-column-is-layout-flow\">\n<figure class=\"wp-block-image size-full\"><img decoding=\"async\" width=\"951\" height=\"769\" src=\"https:\/\/www.southvillabath.com\/wp-content\/uploads\/2026\/04\/Wholesale-Bathroom-Set-SH-9009-1.png\" alt=\"\" class=\"wp-image-1561\" srcset=\"https:\/\/www.southvillabath.com\/wp-content\/uploads\/2026\/04\/Wholesale-Bathroom-Set-SH-9009-1.png 951w, https:\/\/www.southvillabath.com\/wp-content\/uploads\/2026\/04\/Wholesale-Bathroom-Set-SH-9009-1-300x243.png 300w, https:\/\/www.southvillabath.com\/wp-content\/uploads\/2026\/04\/Wholesale-Bathroom-Set-SH-9009-1-768x621.png 768w, https:\/\/www.southvillabath.com\/wp-content\/uploads\/2026\/04\/Wholesale-Bathroom-Set-SH-9009-1-15x12.png 15w, https:\/\/www.southvillabath.com\/wp-content\/uploads\/2026\/04\/Wholesale-Bathroom-Set-SH-9009-1-600x485.png 600w\" sizes=\"(max-width: 951px) 100vw, 951px\" \/><\/figure>\n<\/div>\n<\/div>","protected":false},"excerpt":{"rendered":"<p>Oferecemos acesso grossista a um conjunto de casa de banho fi\u00e1vel e pronto para o mercado. Este conjunto inclui uma sanita de uma pe\u00e7a, um bid\u00e9 montado no ch\u00e3o e um lavat\u00f3rio; equilibrando o desempenho, a durabilidade e a flexibilidade de instala\u00e7\u00e3o, \u00e9 uma escolha pr\u00e1tica para distribuidores, empreiteiros e fornecedores de projectos.<\/p>\n<p>Como fabricante profissional de artigos sanit\u00e1rios, fornecemos fornecimentos por atacado diretamente da f\u00e1brica, garantindo um controlo de qualidade consistente, oferecendo pre\u00e7os de f\u00e1brica competitivos e apoiando servi\u00e7os OEM e ODM. Contacte-nos hoje.<\/p>\n<h2><strong><b>Suite de casa de banho <\/b><\/strong><strong><b>Especifica\u00e7\u00e3o<\/b><\/strong><\/h2>\n<table>\n<tbody>\n<tr>\n<td><strong><b>Especifica\u00e7\u00e3o<\/b><\/strong><\/td>\n<td><strong><b>Detalhes<\/b><\/strong><\/td>\n<\/tr>\n<tr>\n<td>Modelo<\/td>\n<td>Sanita: SH-9009 Lavat\u00f3rio:SH-P118 Bid\u00e9:SH-F003B<\/td>\n<\/tr>\n<tr>\n<td>Tipo de produto<\/td>\n<td>Conjunto de casa de banho<\/td>\n<\/tr>\n<tr>\n<td>Volume de descarga<\/td>\n<td>3.0-4.5L<\/td>\n<\/tr>\n<tr>\n<td>Sistema de descarga<\/td>\n<td>Lavagem sem aro<\/td>\n<\/tr>\n<tr>\n<td>Carater\u00edstica do assento<\/td>\n<td>Assento com fecho suave<\/td>\n<\/tr>\n<tr>\n<td>Servi\u00e7o OEM e ODM<\/td>\n<td>Log\u00f3tipo, cores, embalagem, forma do produto e carater\u00edsticas personalizadas dispon\u00edveis<\/td>\n<\/tr>\n<tr>\n<td>Tipo de drenagem<\/td>\n<td>Coletor P:180mm \/ Coletor S: 250mm<\/td>\n<\/tr>\n<tr>\n<td>MOQ<\/td>\n<td>50 unidades, flex\u00edvel para discuss\u00e3o posterior<\/td>\n<\/tr>\n<\/tbody>\n<\/table>\n<p>&nbsp;<\/p>","protected":false},"featured_media":1560,"comment_status":"closed","ping_status":"closed","template":"","meta":{"_acf_changed":true},"product_brand":[],"product_cat":[22],"product_tag":[],"class_list":{"0":"post-1559","1":"product","2":"type-product","3":"status-publish","4":"has-post-thumbnail","6":"product_cat-wholesale-bathroom-sets","8":"first","9":"instock","10":"shipping-taxable","11":"product-type-simple"},"acf":[],"_links":{"self":[{"href":"https:\/\/www.southvillabath.com\/pt\/wp-json\/wp\/v2\/product\/1559","targetHints":{"allow":["GET"]}}],"collection":[{"href":"https:\/\/www.southvillabath.com\/pt\/wp-json\/wp\/v2\/product"}],"about":[{"href":"https:\/\/www.southvillabath.com\/pt\/wp-json\/wp\/v2\/types\/product"}],"replies":[{"embeddable":true,"href":"https:\/\/www.southvillabath.com\/pt\/wp-json\/wp\/v2\/comments?post=1559"}],"wp:featuredmedia":[{"embeddable":true,"href":"https:\/\/www.southvillabath.com\/pt\/wp-json\/wp\/v2\/media\/1560"}],"wp:attachment":[{"href":"https:\/\/www.southvillabath.com\/pt\/wp-json\/wp\/v2\/media?parent=1559"}],"wp:term":[{"taxonomy":"product_brand","embeddable":true,"href":"https:\/\/www.southvillabath.com\/pt\/wp-json\/wp\/v2\/product_brand?post=1559"},{"taxonomy":"product_cat","embeddable":true,"href":"https:\/\/www.southvillabath.com\/pt\/wp-json\/wp\/v2\/product_cat?post=1559"},{"taxonomy":"product_tag","embeddable":true,"href":"https:\/\/www.southvillabath.com\/pt\/wp-json\/wp\/v2\/product_tag?post=1559"}],"curies":[{"name":"wp","href":"https:\/\/api.w.org\/{rel}","templated":true}]}}