{"id":1549,"date":"2026-04-16T09:32:22","date_gmt":"2026-04-16T09:32:22","guid":{"rendered":"https:\/\/www.southvillabath.com\/?post_type=product&#038;p=1549"},"modified":"2026-04-17T07:16:34","modified_gmt":"2026-04-17T07:16:34","slug":"wholesale-bathroom-set-with-factory-price","status":"publish","type":"product","link":"https:\/\/www.southvillabath.com\/pt\/product\/wholesale-bathroom-set-with-factory-price\/","title":{"rendered":"Conjunto de casa de banho por atacado com pre\u00e7o de f\u00e1brica - Conjunto de sanita, bid\u00e9 e lavat\u00f3rio SH-8869\/SH-F006B\/SH-P111 - Fornecedor de lou\u00e7a sanit\u00e1ria"},"content":{"rendered":"<div class=\"wp-block-columns is-layout-flex wp-container-core-columns-is-layout-9d6595d7 wp-block-columns-is-layout-flex\">\n<div class=\"wp-block-column is-layout-flow wp-block-column-is-layout-flow\">\n<h3 class=\"wp-block-heading\">Carater\u00edsticas do conjunto de casa de banho<\/h3>\n\n\n\n<ul class=\"wp-block-list\">\n<li><strong>Tecnologia avan\u00e7ada de higiene sem aros:<\/strong> A sanita monobloco SH-8869 apresenta um design sem rebordo para lavagem, reduzindo significativamente a acumula\u00e7\u00e3o de bact\u00e9rias e tornando a unidade muito mais f\u00e1cil de limpar para os utilizadores finais, em compara\u00e7\u00e3o com os tradicionais rebordos em caixa.<\/li>\n\n\n\n<li><strong>Cer\u00e2mica v\u00edtrea de alta durabilidade:<\/strong> Cada pe\u00e7a \u00e9 cozida a altas temperaturas para criar um corpo cer\u00e2mico denso e n\u00e3o poroso. Isto garante uma durabilidade a longo prazo e um acabamento branco brilhante que mant\u00e9m o seu brilho mesmo em ambientes comerciais com muito tr\u00e1fego.<\/li>\n\n\n\n<li><strong>Op\u00e7\u00f5es de instala\u00e7\u00e3o vers\u00e1teis:<\/strong> Para se adaptarem \u00e0s normas globais de canaliza\u00e7\u00e3o, as nossas sanitas suportam configura\u00e7\u00f5es de coletor P (180 mm) e coletor S (250 mm), enquanto os nossos bid\u00e9s e bacias apresentam pontos de fixa\u00e7\u00e3o padr\u00e3o para compatibilidade universal.<\/li>\n\n\n\n<li><strong>Potencial de personaliza\u00e7\u00e3o e OEM\/ODM:<\/strong> Oferecemos solu\u00e7\u00f5es de fabrico flex\u00edveis para retalhistas e propriet\u00e1rios de marcas, incluindo etiquetagem privada, cria\u00e7\u00e3o de log\u00f3tipos personalizados e designs de embalagens \u00e0 medida para o ajudar a estabelecer uma presen\u00e7a \u00fanica no mercado.<\/li>\n<\/ul>\n<\/div>\n\n\n\n<div class=\"wp-block-column is-layout-flow wp-block-column-is-layout-flow\">\n<figure class=\"wp-block-image size-full\"><img decoding=\"async\" width=\"903\" height=\"776\" src=\"https:\/\/www.southvillabath.com\/wp-content\/uploads\/2026\/04\/Wholesale-Bathroom-Set-SH-8869-1.png\" alt=\"\" class=\"wp-image-1551\" srcset=\"https:\/\/www.southvillabath.com\/wp-content\/uploads\/2026\/04\/Wholesale-Bathroom-Set-SH-8869-1.png 903w, https:\/\/www.southvillabath.com\/wp-content\/uploads\/2026\/04\/Wholesale-Bathroom-Set-SH-8869-1-300x258.png 300w, https:\/\/www.southvillabath.com\/wp-content\/uploads\/2026\/04\/Wholesale-Bathroom-Set-SH-8869-1-768x660.png 768w, https:\/\/www.southvillabath.com\/wp-content\/uploads\/2026\/04\/Wholesale-Bathroom-Set-SH-8869-1-14x12.png 14w, https:\/\/www.southvillabath.com\/wp-content\/uploads\/2026\/04\/Wholesale-Bathroom-Set-SH-8869-1-600x516.png 600w\" sizes=\"(max-width: 903px) 100vw, 903px\" \/><\/figure>\n<\/div>\n<\/div>","protected":false},"excerpt":{"rendered":"<p>Melhore o seu portf\u00f3lio de produtos com a nossa cole\u00e7\u00e3o de lou\u00e7a sanit\u00e1ria moderna, concebida para o exigente mercado grossista global. Concebida com uma est\u00e9tica limpa e minimalista e uma funcionalidade fi\u00e1vel, esta gama coordenada \u00e9 ideal para projectos residenciais de topo de gama, espa\u00e7os comerciais e empreendimentos hoteleiros. Contacte-nos para obter pre\u00e7os de f\u00e1brica.<\/p>\n<h2><strong><b>Conjunto de casa de banho <\/b><\/strong><strong><b>Especifica\u00e7\u00e3o<\/b><\/strong><\/h2>\n<table>\n<tbody>\n<tr>\n<td><strong><b>Especifica\u00e7\u00e3o<\/b><\/strong><\/td>\n<td><strong><b>Detalhes<\/b><\/strong><\/td>\n<\/tr>\n<tr>\n<td>Modelo<\/td>\n<td>Sanita: SH-8869 Lavat\u00f3rio:SH-P111 Bid\u00e9:SH-F006B<\/td>\n<\/tr>\n<tr>\n<td>Tipo de sanita<\/td>\n<td>Conjunto de casa de banho<\/td>\n<\/tr>\n<tr>\n<td>Volume de descarga<\/td>\n<td>3.0-4.5L<\/td>\n<\/tr>\n<tr>\n<td>Sistema de descarga<\/td>\n<td>Lavagem sem aro<\/td>\n<\/tr>\n<tr>\n<td>Carater\u00edstica do assento<\/td>\n<td>Assento com fecho suave<\/td>\n<\/tr>\n<tr>\n<td>Servi\u00e7o OEM e ODM<\/td>\n<td>Log\u00f3tipo, cores, embalagem, forma do produto e carater\u00edsticas personalizadas dispon\u00edveis<\/td>\n<\/tr>\n<tr>\n<td>Tipo de drenagem<\/td>\n<td>Coletor P:180mm \/ Coletor S: 250mm<\/td>\n<\/tr>\n<tr>\n<td>MOQ<\/td>\n<td>50 unidades, flex\u00edvel para discuss\u00e3o posterior<\/td>\n<\/tr>\n<\/tbody>\n<\/table>\n<p>&nbsp;<\/p>\n<p>\n<script src=\"chrome-extension:\/\/fpelahbljekknahkcaegamhcndkfpfnc\/iFrame.js\" type=\"text\/javascript\"><\/script><\/p>","protected":false},"featured_media":1550,"comment_status":"closed","ping_status":"closed","template":"","meta":{"_acf_changed":true},"product_brand":[],"product_cat":[22],"product_tag":[],"class_list":{"0":"post-1549","1":"product","2":"type-product","3":"status-publish","4":"has-post-thumbnail","6":"product_cat-wholesale-bathroom-sets","8":"first","9":"instock","10":"shipping-taxable","11":"product-type-simple"},"acf":[],"_links":{"self":[{"href":"https:\/\/www.southvillabath.com\/pt\/wp-json\/wp\/v2\/product\/1549","targetHints":{"allow":["GET"]}}],"collection":[{"href":"https:\/\/www.southvillabath.com\/pt\/wp-json\/wp\/v2\/product"}],"about":[{"href":"https:\/\/www.southvillabath.com\/pt\/wp-json\/wp\/v2\/types\/product"}],"replies":[{"embeddable":true,"href":"https:\/\/www.southvillabath.com\/pt\/wp-json\/wp\/v2\/comments?post=1549"}],"wp:featuredmedia":[{"embeddable":true,"href":"https:\/\/www.southvillabath.com\/pt\/wp-json\/wp\/v2\/media\/1550"}],"wp:attachment":[{"href":"https:\/\/www.southvillabath.com\/pt\/wp-json\/wp\/v2\/media?parent=1549"}],"wp:term":[{"taxonomy":"product_brand","embeddable":true,"href":"https:\/\/www.southvillabath.com\/pt\/wp-json\/wp\/v2\/product_brand?post=1549"},{"taxonomy":"product_cat","embeddable":true,"href":"https:\/\/www.southvillabath.com\/pt\/wp-json\/wp\/v2\/product_cat?post=1549"},{"taxonomy":"product_tag","embeddable":true,"href":"https:\/\/www.southvillabath.com\/pt\/wp-json\/wp\/v2\/product_tag?post=1549"}],"curies":[{"name":"wp","href":"https:\/\/api.w.org\/{rel}","templated":true}]}}