{"id":1545,"date":"2026-04-16T09:15:59","date_gmt":"2026-04-16T09:15:59","guid":{"rendered":"https:\/\/www.southvillabath.com\/?post_type=product&#038;p=1545"},"modified":"2026-04-16T09:17:28","modified_gmt":"2026-04-16T09:17:28","slug":"wholesale-sanitary-ware-bathroom-set","status":"publish","type":"product","link":"https:\/\/www.southvillabath.com\/pt\/product\/wholesale-sanitary-ware-bathroom-set\/","title":{"rendered":"Conjunto de artigos sanit\u00e1rios para casa de banho por atacado - Conjunto de sanita, bid\u00e9 e lavat\u00f3rio SH-8809 \/ SH-F002B \/ SH-P123\/"},"content":{"rendered":"<div class=\"wp-block-columns is-layout-flex wp-container-core-columns-is-layout-9d6595d7 wp-block-columns-is-layout-flex\">\n<div class=\"wp-block-column is-layout-flow wp-block-column-is-layout-flow\">\n<h3 class=\"wp-block-heading\">Carater\u00edsticas da casa de banho<\/h3>\n\n\n\n<ul class=\"wp-block-list\">\n<li><strong>Est\u00e9tica moderna integrada: <\/strong>Este conjunto apresenta uma linguagem de design unificada e minimalista, caracterizada por bases suaves e c\u00f3nicas e perfis de arestas finas. O aspeto coeso simplifica o processo de aquisi\u00e7\u00e3o para os promotores que procuram uma solu\u00e7\u00e3o de casa de banho pronta a instalar.<\/li>\n\n\n\n<li><strong>Tecnologia avan\u00e7ada de descarga sem aro:<\/strong> A sanita de uma s\u00f3 pe\u00e7a utiliza um design de lavagem sem rebordo, que melhora significativamente a higiene ao eliminar as \u00e1reas onde as bact\u00e9rias se podem acumular.<\/li>\n\n\n\n<li><strong>Venda por grosso e personaliza\u00e7\u00e3o: <\/strong>Como fornecedor dedicado, oferecemos op\u00e7\u00f5es de fabrico flex\u00edveis. Podemos acomodar encomendas em massa com impress\u00e3o de log\u00f3tipo personalizado, embalagens especializadas para retalhistas de com\u00e9rcio eletr\u00f3nico e acabamentos de hardware espec\u00edficos para corresponder ao portef\u00f3lio da sua marca.<\/li>\n<\/ul>\n<\/div>\n\n\n\n<div class=\"wp-block-column is-layout-flow wp-block-column-is-layout-flow\">\n<figure class=\"wp-block-image size-full\"><img decoding=\"async\" width=\"949\" height=\"799\" src=\"https:\/\/www.southvillabath.com\/wp-content\/uploads\/2026\/04\/Wholesale-Bathroom-Set-SH-8809-1.png\" alt=\"\" class=\"wp-image-1547\" srcset=\"https:\/\/www.southvillabath.com\/wp-content\/uploads\/2026\/04\/Wholesale-Bathroom-Set-SH-8809-1.png 949w, https:\/\/www.southvillabath.com\/wp-content\/uploads\/2026\/04\/Wholesale-Bathroom-Set-SH-8809-1-300x253.png 300w, https:\/\/www.southvillabath.com\/wp-content\/uploads\/2026\/04\/Wholesale-Bathroom-Set-SH-8809-1-768x647.png 768w, https:\/\/www.southvillabath.com\/wp-content\/uploads\/2026\/04\/Wholesale-Bathroom-Set-SH-8809-1-14x12.png 14w, https:\/\/www.southvillabath.com\/wp-content\/uploads\/2026\/04\/Wholesale-Bathroom-Set-SH-8809-1-600x505.png 600w\" sizes=\"(max-width: 949px) 100vw, 949px\" \/><\/figure>\n<\/div>\n<\/div>","protected":false},"excerpt":{"rendered":"<p>Eleve o seu invent\u00e1rio com o nosso conjunto de casa de banho em cer\u00e2mica de tr\u00eas pe\u00e7as de primeira qualidade, meticulosamente concebido para projectos residenciais e comerciais modernos. Como fabricante l\u00edder de lou\u00e7a sanit\u00e1ria, oferecemos este conjunto coordenado - composto por uma sanita de uma pe\u00e7a sem rebordo, um bid\u00e9 montado no ch\u00e3o e um lavat\u00f3rio minimalista suspenso na parede - para proporcionar uma est\u00e9tica perfeita para desenvolvimentos de alta qualidade. Contacte-nos para obter pre\u00e7os de f\u00e1brica.<\/p>\n<h2><strong><b>Conjunto de casa de banho <\/b><\/strong><strong><b>Especifica\u00e7\u00e3o<\/b><\/strong><\/h2>\n<table>\n<tbody>\n<tr>\n<td><strong><b>Especifica\u00e7\u00e3o<\/b><\/strong><\/td>\n<td><strong><b>Detalhes<\/b><\/strong><\/td>\n<\/tr>\n<tr>\n<td>Modelo<\/td>\n<td>Sanita: SH-8809 Lavat\u00f3rio:SH-P123 Bid\u00e9:SH-F002B<\/td>\n<\/tr>\n<tr>\n<td>Tipo de sanita<\/td>\n<td>Conjunto de casa de banho<\/td>\n<\/tr>\n<tr>\n<td>Volume de descarga<\/td>\n<td>3.0-4.5L<\/td>\n<\/tr>\n<tr>\n<td>Sistema de descarga<\/td>\n<td>Lavagem sem aro<\/td>\n<\/tr>\n<tr>\n<td>Carater\u00edstica do assento<\/td>\n<td>Assento com fecho suave<\/td>\n<\/tr>\n<tr>\n<td>Servi\u00e7o OEM e ODM<\/td>\n<td>Log\u00f3tipo, cores, embalagem, forma do produto e carater\u00edsticas personalizadas dispon\u00edveis<\/td>\n<\/tr>\n<tr>\n<td>Tipo de drenagem<\/td>\n<td>Coletor P:180mm \/ Coletor S: 250mm<\/td>\n<\/tr>\n<tr>\n<td>MOQ<\/td>\n<td>50 unidades, flex\u00edvel para discuss\u00e3o posterior<\/td>\n<\/tr>\n<\/tbody>\n<\/table>\n<p>&nbsp;<\/p>","protected":false},"featured_media":1546,"comment_status":"closed","ping_status":"closed","template":"","meta":{"_acf_changed":true},"product_brand":[],"product_cat":[22],"product_tag":[],"class_list":{"0":"post-1545","1":"product","2":"type-product","3":"status-publish","4":"has-post-thumbnail","6":"product_cat-wholesale-bathroom-sets","8":"first","9":"instock","10":"shipping-taxable","11":"product-type-simple"},"acf":[],"_links":{"self":[{"href":"https:\/\/www.southvillabath.com\/pt\/wp-json\/wp\/v2\/product\/1545","targetHints":{"allow":["GET"]}}],"collection":[{"href":"https:\/\/www.southvillabath.com\/pt\/wp-json\/wp\/v2\/product"}],"about":[{"href":"https:\/\/www.southvillabath.com\/pt\/wp-json\/wp\/v2\/types\/product"}],"replies":[{"embeddable":true,"href":"https:\/\/www.southvillabath.com\/pt\/wp-json\/wp\/v2\/comments?post=1545"}],"wp:featuredmedia":[{"embeddable":true,"href":"https:\/\/www.southvillabath.com\/pt\/wp-json\/wp\/v2\/media\/1546"}],"wp:attachment":[{"href":"https:\/\/www.southvillabath.com\/pt\/wp-json\/wp\/v2\/media?parent=1545"}],"wp:term":[{"taxonomy":"product_brand","embeddable":true,"href":"https:\/\/www.southvillabath.com\/pt\/wp-json\/wp\/v2\/product_brand?post=1545"},{"taxonomy":"product_cat","embeddable":true,"href":"https:\/\/www.southvillabath.com\/pt\/wp-json\/wp\/v2\/product_cat?post=1545"},{"taxonomy":"product_tag","embeddable":true,"href":"https:\/\/www.southvillabath.com\/pt\/wp-json\/wp\/v2\/product_tag?post=1545"}],"curies":[{"name":"wp","href":"https:\/\/api.w.org\/{rel}","templated":true}]}}