{"id":1542,"date":"2026-04-16T09:50:30","date_gmt":"2026-04-16T09:50:30","guid":{"rendered":"https:\/\/www.southvillabath.com\/?post_type=product&#038;p=1542"},"modified":"2026-04-16T09:50:31","modified_gmt":"2026-04-16T09:50:31","slug":"factory-direct-wholesale-bathroom-suite-with-good-price","status":"publish","type":"product","link":"https:\/\/www.southvillabath.com\/pt\/product\/factory-direct-wholesale-bathroom-suite-with-good-price\/","title":{"rendered":"Conjunto de casa de banho por atacado com bom pre\u00e7o - Conjunto de sanita, lavat\u00f3rio e bid\u00e9 SH-8808\/SH-P175\/SH-F001B"},"content":{"rendered":"<div class=\"wp-block-columns is-layout-flex wp-container-core-columns-is-layout-9d6595d7 wp-block-columns-is-layout-flex\">\n<div class=\"wp-block-column is-layout-flow wp-block-column-is-layout-flow\">\n<h3 class=\"wp-block-heading\">Carater\u00edsticas da casa de banho<\/h3>\n\n\n\n<ul class=\"wp-block-list\">\n<li><strong>Design sem aro: <\/strong>O nosso modelo emblem\u00e1tico SH-8808 possui um sistema de lavagem sem rebordo. Esta constru\u00e7\u00e3o simplificada e de uma s\u00f3 pe\u00e7a elimina os espa\u00e7os onde as bact\u00e9rias se podem desenvolver, tornando-o numa escolha popular para empreendimentos residenciais e comerciais de topo de gama.<\/li>\n\n\n\n<li><strong>Versatilidade de instala\u00e7\u00e3o dupla: <\/strong>Para se adaptarem a v\u00e1rias normas de canaliza\u00e7\u00e3o a n\u00edvel mundial, as nossas sanitas s\u00e3o concebidas com op\u00e7\u00f5es de desbaste flex\u00edveis, incluindo configura\u00e7\u00f5es de P-trap (180 mm) e S-trap (250 mm), garantindo uma instala\u00e7\u00e3o f\u00e1cil para os seus empreiteiros.<\/li>\n\n\n\n<li><strong>Suporte abrangente de OEM\/ODM e em massa: <\/strong>Somos especializados no fornecimento por grosso em grande escala, oferecendo embalagens personaliz\u00e1veis e op\u00e7\u00f5es de marca. A nossa capacidade de produ\u00e7\u00e3o garante prazos de entrega est\u00e1veis, ajudando-o a manter n\u00edveis de invent\u00e1rio consistentes para os seus clientes de retalho ou de constru\u00e7\u00e3o.<\/li>\n<\/ul>\n<\/div>\n\n\n\n<div class=\"wp-block-column is-layout-flow wp-block-column-is-layout-flow\">\n<figure class=\"wp-block-image size-full\"><img decoding=\"async\" width=\"933\" height=\"790\" src=\"https:\/\/www.southvillabath.com\/wp-content\/uploads\/2026\/04\/Wholesale-Bathroom-Set-SH-8808-1.png\" alt=\"\" class=\"wp-image-1544\" srcset=\"https:\/\/www.southvillabath.com\/wp-content\/uploads\/2026\/04\/Wholesale-Bathroom-Set-SH-8808-1.png 933w, https:\/\/www.southvillabath.com\/wp-content\/uploads\/2026\/04\/Wholesale-Bathroom-Set-SH-8808-1-300x254.png 300w, https:\/\/www.southvillabath.com\/wp-content\/uploads\/2026\/04\/Wholesale-Bathroom-Set-SH-8808-1-768x650.png 768w, https:\/\/www.southvillabath.com\/wp-content\/uploads\/2026\/04\/Wholesale-Bathroom-Set-SH-8808-1-14x12.png 14w, https:\/\/www.southvillabath.com\/wp-content\/uploads\/2026\/04\/Wholesale-Bathroom-Set-SH-8808-1-600x508.png 600w\" sizes=\"(max-width: 933px) 100vw, 933px\" \/><\/figure>\n<\/div>\n<\/div>","protected":false},"excerpt":{"rendered":"<p>Procura um fabricante de sanitas fi\u00e1vel que combine um design moderno com um forte desempenho? A nossa cole\u00e7\u00e3o de cer\u00e2mica para casa de banho, incluindo a sanita de uma pe\u00e7a SH-8808, o bid\u00e9 de ch\u00e3o SH-F001B e o lavat\u00f3rio suspenso SH-P175, foi desenvolvida para o mercado B2B global, satisfazendo as necessidades de grossistas, distribuidores e fornecedores de projectos.<\/p>\n<h2><strong><b>Suite de casa de banho <\/b><\/strong><strong><b>Especifica\u00e7\u00e3o<\/b><\/strong><\/h2>\n<table>\n<tbody>\n<tr>\n<td><strong><b>Especifica\u00e7\u00e3o<\/b><\/strong><\/td>\n<td><strong><b>Detalhes<\/b><\/strong><\/td>\n<\/tr>\n<tr>\n<td>Modelo<\/td>\n<td>Sanita: SH-8808 Lavat\u00f3rio:SH-P175 Bid\u00e9:SH-F001B<\/td>\n<\/tr>\n<tr>\n<td>Tipo de sanita<\/td>\n<td>Conjunto de casa de banho<\/td>\n<\/tr>\n<tr>\n<td>Volume de descarga<\/td>\n<td>3.0-4.5L<\/td>\n<\/tr>\n<tr>\n<td>Sistema de descarga<\/td>\n<td>Lavagem sem aro<\/td>\n<\/tr>\n<tr>\n<td>Carater\u00edstica do assento<\/td>\n<td>Assento com fecho suave<\/td>\n<\/tr>\n<tr>\n<td>Servi\u00e7o OEM e ODM<\/td>\n<td>Log\u00f3tipo, cores, embalagem, forma do produto e carater\u00edsticas personalizadas dispon\u00edveis<\/td>\n<\/tr>\n<tr>\n<td>Tipo de drenagem<\/td>\n<td>Coletor P:180mm \/ Coletor S: 250mm<\/td>\n<\/tr>\n<tr>\n<td>MOQ<\/td>\n<td>50 unidades, flex\u00edvel para discuss\u00e3o posterior<\/td>\n<\/tr>\n<\/tbody>\n<\/table>\n<p>&nbsp;<\/p>","protected":false},"featured_media":1543,"comment_status":"closed","ping_status":"closed","template":"","meta":{"_acf_changed":true},"product_brand":[],"product_cat":[22],"product_tag":[],"class_list":{"0":"post-1542","1":"product","2":"type-product","3":"status-publish","4":"has-post-thumbnail","6":"product_cat-wholesale-bathroom-sets","8":"first","9":"instock","10":"shipping-taxable","11":"product-type-simple"},"acf":[],"_links":{"self":[{"href":"https:\/\/www.southvillabath.com\/pt\/wp-json\/wp\/v2\/product\/1542","targetHints":{"allow":["GET"]}}],"collection":[{"href":"https:\/\/www.southvillabath.com\/pt\/wp-json\/wp\/v2\/product"}],"about":[{"href":"https:\/\/www.southvillabath.com\/pt\/wp-json\/wp\/v2\/types\/product"}],"replies":[{"embeddable":true,"href":"https:\/\/www.southvillabath.com\/pt\/wp-json\/wp\/v2\/comments?post=1542"}],"wp:featuredmedia":[{"embeddable":true,"href":"https:\/\/www.southvillabath.com\/pt\/wp-json\/wp\/v2\/media\/1543"}],"wp:attachment":[{"href":"https:\/\/www.southvillabath.com\/pt\/wp-json\/wp\/v2\/media?parent=1542"}],"wp:term":[{"taxonomy":"product_brand","embeddable":true,"href":"https:\/\/www.southvillabath.com\/pt\/wp-json\/wp\/v2\/product_brand?post=1542"},{"taxonomy":"product_cat","embeddable":true,"href":"https:\/\/www.southvillabath.com\/pt\/wp-json\/wp\/v2\/product_cat?post=1542"},{"taxonomy":"product_tag","embeddable":true,"href":"https:\/\/www.southvillabath.com\/pt\/wp-json\/wp\/v2\/product_tag?post=1542"}],"curies":[{"name":"wp","href":"https:\/\/api.w.org\/{rel}","templated":true}]}}