{"id":1541,"date":"2026-04-16T07:42:11","date_gmt":"2026-04-16T07:42:11","guid":{"rendered":"https:\/\/www.southvillabath.com\/?post_type=product&#038;p=1541"},"modified":"2026-04-23T01:07:31","modified_gmt":"2026-04-23T01:07:31","slug":"wholesale-premium-rimless-toilet-bidet-collection","status":"publish","type":"product","link":"https:\/\/www.southvillabath.com\/pt\/product\/wholesale-premium-rimless-toilet-bidet-collection\/","title":{"rendered":"Conjunto de casa de banho, sanita e bid\u00e9 por atacado - SH-5102\/SH-3380\/SH-F002B - V\u00e1rios estilos dispon\u00edveis para combina\u00e7\u00e3o livre"},"content":{"rendered":"<div class=\"wp-block-columns is-layout-flex wp-container-core-columns-is-layout-9d6595d7 wp-block-columns-is-layout-flex\">\n<div class=\"wp-block-column is-layout-flow wp-block-column-is-layout-flow\">\n<h3 class=\"wp-block-heading\">Carater\u00edsticas da casa de banho<\/h3>\n\n\n\n<ul class=\"wp-block-list\">\n<li><strong>Tecnologia avan\u00e7ada sem aros: <\/strong>Both toilet models (SH-5102 and SH-3380) feature a rimless design, which eliminates hidden crevices for bacteria, ensuring easier maintenance and superior hygiene for demanding residential and commercial clients.<\/li>\n\n\n\n<li><strong>Modern Aesthetic Design: <\/strong>Featuring a contemporary, streamlined look, these fixtures provide a clean, high-end visual appeal that enhances the value of any bathroom renovation or new construction project.<\/li>\n\n\n\n<li><strong>Flexible Installation Options: <\/strong>The product range offers versatile rough-in options, including 180mm P-trap and 100\/250mm S-trap configurations, allowing for seamless integration into diverse piping setups and bathroom layouts.<\/li>\n\n\n\n<li><strong>Suporte \u00e0 personaliza\u00e7\u00e3o OEM e ODM: <\/strong>As a factory-direct toilet supplier, we offer customization in design, branding, and packaging to help clients create differentiated products for their markets.<\/li>\n<\/ul>\n<\/div>\n\n\n\n<div class=\"wp-block-column is-layout-flow wp-block-column-is-layout-flow\">\n<figure class=\"wp-block-image size-full\"><img decoding=\"async\" width=\"954\" height=\"789\" src=\"https:\/\/www.southvillabath.com\/wp-content\/uploads\/2026\/04\/Wholesale-Bathroom-Set-SH-5102-1.png\" alt=\"\" class=\"wp-image-1553\" srcset=\"https:\/\/www.southvillabath.com\/wp-content\/uploads\/2026\/04\/Wholesale-Bathroom-Set-SH-5102-1.png 954w, https:\/\/www.southvillabath.com\/wp-content\/uploads\/2026\/04\/Wholesale-Bathroom-Set-SH-5102-1-300x248.png 300w, https:\/\/www.southvillabath.com\/wp-content\/uploads\/2026\/04\/Wholesale-Bathroom-Set-SH-5102-1-768x635.png 768w, https:\/\/www.southvillabath.com\/wp-content\/uploads\/2026\/04\/Wholesale-Bathroom-Set-SH-5102-1-15x12.png 15w, https:\/\/www.southvillabath.com\/wp-content\/uploads\/2026\/04\/Wholesale-Bathroom-Set-SH-5102-1-600x496.png 600w\" sizes=\"(max-width: 954px) 100vw, 954px\" \/><\/figure>\n<\/div>\n<\/div>","protected":false},"excerpt":{"rendered":"<p>Conjunto de casa de banho por atacado. A nossa gama de produtos inclui a sanita de duas pe\u00e7as SH-5102, o modelo compacto de ch\u00e3o SH-3380 e o elegante bid\u00e9 SH-F02B. Cada pe\u00e7a \u00e9 concebida com um perfil moderno e aerodin\u00e2mico que complementa os designs de casa de banho contempor\u00e2neos.<\/p>\n<p>Compreendemos as exig\u00eancias do mercado global e oferecemos solu\u00e7\u00f5es abrangentes de venda por grosso adaptadas \u00e0s necessidades dos importadores, distribuidores e retalhistas. Contacte-nos para obter pre\u00e7os de f\u00e1brica.<\/p>\n<h2><strong><b>Suite de casa de banho <\/b><\/strong><strong><b>Especifica\u00e7\u00e3o<\/b><\/strong><\/h2>\n<table>\n<tbody>\n<tr>\n<td><strong><b>Especifica\u00e7\u00e3o<\/b><\/strong><\/td>\n<td><strong><b>Detalhes<\/b><\/strong><\/td>\n<\/tr>\n<tr>\n<td>Modelo<\/td>\n<td>Sanita: SH-5102\/SH-3380 Bid\u00e9:SH-F002B<\/td>\n<\/tr>\n<tr>\n<td>Tipo de sanita<\/td>\n<td>Suite de casa de banho<\/td>\n<\/tr>\n<tr>\n<td>Volume de descarga<\/td>\n<td>3.0-4.5L<\/td>\n<\/tr>\n<tr>\n<td>Sistema de descarga<\/td>\n<td>Lavagem sem aro<\/td>\n<\/tr>\n<tr>\n<td>Carater\u00edstica do assento<\/td>\n<td>Assento com fecho suave<\/td>\n<\/tr>\n<tr>\n<td>Tipo de drenagem(5102)<\/td>\n<td>P-trap:180mm \/ S-trap: 100\/250mm<\/td>\n<\/tr>\n<tr>\n<td>Tipo de drenagem(3380)<\/td>\n<td>P-trap:180mm<\/td>\n<\/tr>\n<tr>\n<td>Servi\u00e7o OEM e ODM<\/td>\n<td>Log\u00f3tipo, cores, embalagem, forma do produto e carater\u00edsticas personalizadas dispon\u00edveis<\/td>\n<\/tr>\n<tr>\n<td>MOQ<\/td>\n<td>50 unidades, flex\u00edvel para discuss\u00e3o posterior<\/td>\n<\/tr>\n<\/tbody>\n<\/table>\n<p>&nbsp;<\/p>\n<p>\n<script src=\"chrome-extension:\/\/fpelahbljekknahkcaegamhcndkfpfnc\/iFrame.js\" type=\"text\/javascript\"><\/script><\/p>","protected":false},"featured_media":1552,"comment_status":"closed","ping_status":"closed","template":"","meta":{"_acf_changed":false},"product_brand":[],"product_cat":[22],"product_tag":[],"class_list":{"0":"post-1541","1":"product","2":"type-product","3":"status-publish","4":"has-post-thumbnail","6":"product_cat-wholesale-bathroom-sets","8":"first","9":"instock","10":"shipping-taxable","11":"product-type-simple"},"acf":[],"_links":{"self":[{"href":"https:\/\/www.southvillabath.com\/pt\/wp-json\/wp\/v2\/product\/1541","targetHints":{"allow":["GET"]}}],"collection":[{"href":"https:\/\/www.southvillabath.com\/pt\/wp-json\/wp\/v2\/product"}],"about":[{"href":"https:\/\/www.southvillabath.com\/pt\/wp-json\/wp\/v2\/types\/product"}],"replies":[{"embeddable":true,"href":"https:\/\/www.southvillabath.com\/pt\/wp-json\/wp\/v2\/comments?post=1541"}],"wp:featuredmedia":[{"embeddable":true,"href":"https:\/\/www.southvillabath.com\/pt\/wp-json\/wp\/v2\/media\/1552"}],"wp:attachment":[{"href":"https:\/\/www.southvillabath.com\/pt\/wp-json\/wp\/v2\/media?parent=1541"}],"wp:term":[{"taxonomy":"product_brand","embeddable":true,"href":"https:\/\/www.southvillabath.com\/pt\/wp-json\/wp\/v2\/product_brand?post=1541"},{"taxonomy":"product_cat","embeddable":true,"href":"https:\/\/www.southvillabath.com\/pt\/wp-json\/wp\/v2\/product_cat?post=1541"},{"taxonomy":"product_tag","embeddable":true,"href":"https:\/\/www.southvillabath.com\/pt\/wp-json\/wp\/v2\/product_tag?post=1541"}],"curies":[{"name":"wp","href":"https:\/\/api.w.org\/{rel}","templated":true}]}}