{"id":1529,"date":"2026-04-16T10:07:51","date_gmt":"2026-04-16T10:07:51","guid":{"rendered":"https:\/\/www.southvillabath.com\/?post_type=product&#038;p=1529"},"modified":"2026-04-17T07:17:20","modified_gmt":"2026-04-17T07:17:20","slug":"sanitary-ware-factory-direct-wholesale-bathroom-suite","status":"publish","type":"product","link":"https:\/\/www.southvillabath.com\/pt\/product\/sanitary-ware-factory-direct-wholesale-bathroom-suite\/","title":{"rendered":"Lou\u00e7a sanit\u00e1ria Conjunto de casa de banho por atacado direto da f\u00e1brica - Conjunto de sanita, bid\u00e9 e lavat\u00f3rio SH-8604\/SH-F004B\/SH-B104"},"content":{"rendered":"<div class=\"wp-block-columns is-layout-flex wp-container-core-columns-is-layout-9d6595d7 wp-block-columns-is-layout-flex\">\n<div class=\"wp-block-column is-layout-flow wp-block-column-is-layout-flow\">\n<h3 class=\"wp-block-heading\">Carater\u00edsticas do conjunto de casa de banho<\/h3>\n\n\n\n<ul class=\"wp-block-list\">\n<li><strong>Est\u00e9tica de design moderno integrado: <\/strong>A suite apresenta uma linguagem de design unificada e minimalista com contornos suaves e arredondados. Este aspeto coeso \u00e9 muito procurado por designers de interiores e promotores imobili\u00e1rios, o que o torna f\u00e1cil de vender para empresas de retalho e de projectos.<\/li>\n\n\n\n<li><strong>Constru\u00e7\u00e3o em cer\u00e2mica de alta qualidade: <\/strong>Fabricados com mat\u00e9rias-primas de primeira qualidade e processos de cozedura a alta temperatura, estes produtos possuem um esmalte n\u00e3o poroso e antibacteriano. Isto garante uma durabilidade a longo prazo, resist\u00eancia \u00e0s n\u00f3doas e facilidade de limpeza em ambientes comerciais de elevado tr\u00e1fego.<\/li>\n\n\n\n<li><strong>Vantagem do fornecimento direto da f\u00e1brica:<\/strong> Enquanto fabricante e fornecedor, oferecemos pre\u00e7os competitivos e uma capacidade de produ\u00e7\u00e3o est\u00e1vel para encomendas por grosso e a granel.<\/li>\n<\/ul>\n<\/div>\n\n\n\n<div class=\"wp-block-column is-layout-flow wp-block-column-is-layout-flow\">\n<figure class=\"wp-block-image size-full\"><img decoding=\"async\" width=\"992\" height=\"778\" src=\"https:\/\/www.southvillabath.com\/wp-content\/uploads\/2026\/04\/Wholesale-Bathroom-Set-SH-8604-1.png\" alt=\"\" class=\"wp-image-1531\" srcset=\"https:\/\/www.southvillabath.com\/wp-content\/uploads\/2026\/04\/Wholesale-Bathroom-Set-SH-8604-1.png 992w, https:\/\/www.southvillabath.com\/wp-content\/uploads\/2026\/04\/Wholesale-Bathroom-Set-SH-8604-1-300x235.png 300w, https:\/\/www.southvillabath.com\/wp-content\/uploads\/2026\/04\/Wholesale-Bathroom-Set-SH-8604-1-768x602.png 768w, https:\/\/www.southvillabath.com\/wp-content\/uploads\/2026\/04\/Wholesale-Bathroom-Set-SH-8604-1-15x12.png 15w, https:\/\/www.southvillabath.com\/wp-content\/uploads\/2026\/04\/Wholesale-Bathroom-Set-SH-8604-1-600x471.png 600w\" sizes=\"(max-width: 992px) 100vw, 992px\" \/><\/figure>\n<\/div>\n<\/div>","protected":false},"excerpt":{"rendered":"<p>Cada produto desta cole\u00e7\u00e3o \u00e9 fabricado em porcelana v\u00edtrea de alta qualidade, proporcionando uma superf\u00edcie lisa e de alto brilho com uma forte resist\u00eancia aos riscos que satisfaz as expectativas de qualidade internacionais. A sanita monobloco SH-8604 possui um sistema de jato de lavagem eficiente e suporta as op\u00e7\u00f5es de sif\u00e3o P e S para se adaptar \u00e0s diferentes normas de canaliza\u00e7\u00e3o nos mercados globais.<\/p>\n<p>O bid\u00e9 SH-F004B e o lavat\u00f3rio de pedestal SH-B104 utilizam um design de encosto \u00e0 parede que poupa espa\u00e7o, ajudando a maximizar o espa\u00e7o no ch\u00e3o e mantendo um aspeto limpo e moderno para projectos residenciais e comerciais.<\/p>\n<h2><strong><b>Conjunto de casa de banho <\/b><\/strong><strong><b>Especifica\u00e7\u00e3o<\/b><\/strong><\/h2>\n<table>\n<tbody>\n<tr>\n<td><strong><b>Especifica\u00e7\u00e3o<\/b><\/strong><\/td>\n<td><strong><b>Detalhes<\/b><\/strong><\/td>\n<\/tr>\n<tr>\n<td>Modelo<\/td>\n<td>Sanita: SH-8604 Lavat\u00f3rio:SH-B104 Bid\u00e9:SH-F004B<\/td>\n<\/tr>\n<tr>\n<td>Tipo de sanita<\/td>\n<td>Conjunto de casa de banho<\/td>\n<\/tr>\n<tr>\n<td>Volume de descarga<\/td>\n<td>3.0-4.5L<\/td>\n<\/tr>\n<tr>\n<td>Sistema de descarga<\/td>\n<td>Lavagem sem aro<\/td>\n<\/tr>\n<tr>\n<td>Carater\u00edstica do assento<\/td>\n<td>Assento com fecho suave<\/td>\n<\/tr>\n<tr>\n<td>Servi\u00e7o OEM e ODM<\/td>\n<td>Log\u00f3tipo, cores, embalagem, forma do produto e carater\u00edsticas personalizadas dispon\u00edveis<\/td>\n<\/tr>\n<tr>\n<td>MOQ<\/td>\n<td>50 unidades, flex\u00edvel para discuss\u00e3o posterior<\/td>\n<\/tr>\n<\/tbody>\n<\/table>\n<p>&nbsp;<\/p>\n<p><script src=\"chrome-extension:\/\/fpelahbljekknahkcaegamhcndkfpfnc\/iFrame.js\" type=\"text\/javascript\"><\/script><\/p>\n<p>\n<script src=\"chrome-extension:\/\/fpelahbljekknahkcaegamhcndkfpfnc\/iFrame.js\" type=\"text\/javascript\"><\/script><\/p>","protected":false},"featured_media":1530,"comment_status":"closed","ping_status":"closed","template":"","meta":{"_acf_changed":true},"product_brand":[],"product_cat":[22],"product_tag":[],"class_list":{"0":"post-1529","1":"product","2":"type-product","3":"status-publish","4":"has-post-thumbnail","6":"product_cat-wholesale-bathroom-sets","8":"first","9":"instock","10":"shipping-taxable","11":"product-type-simple"},"acf":[],"_links":{"self":[{"href":"https:\/\/www.southvillabath.com\/pt\/wp-json\/wp\/v2\/product\/1529","targetHints":{"allow":["GET"]}}],"collection":[{"href":"https:\/\/www.southvillabath.com\/pt\/wp-json\/wp\/v2\/product"}],"about":[{"href":"https:\/\/www.southvillabath.com\/pt\/wp-json\/wp\/v2\/types\/product"}],"replies":[{"embeddable":true,"href":"https:\/\/www.southvillabath.com\/pt\/wp-json\/wp\/v2\/comments?post=1529"}],"wp:featuredmedia":[{"embeddable":true,"href":"https:\/\/www.southvillabath.com\/pt\/wp-json\/wp\/v2\/media\/1530"}],"wp:attachment":[{"href":"https:\/\/www.southvillabath.com\/pt\/wp-json\/wp\/v2\/media?parent=1529"}],"wp:term":[{"taxonomy":"product_brand","embeddable":true,"href":"https:\/\/www.southvillabath.com\/pt\/wp-json\/wp\/v2\/product_brand?post=1529"},{"taxonomy":"product_cat","embeddable":true,"href":"https:\/\/www.southvillabath.com\/pt\/wp-json\/wp\/v2\/product_cat?post=1529"},{"taxonomy":"product_tag","embeddable":true,"href":"https:\/\/www.southvillabath.com\/pt\/wp-json\/wp\/v2\/product_tag?post=1529"}],"curies":[{"name":"wp","href":"https:\/\/api.w.org\/{rel}","templated":true}]}}