{"id":1522,"date":"2026-04-17T06:58:04","date_gmt":"2026-04-17T06:58:04","guid":{"rendered":"https:\/\/www.southvillabath.com\/?post_type=product&#038;p=1522"},"modified":"2026-04-17T07:00:39","modified_gmt":"2026-04-17T07:00:39","slug":"wholesale-bathroom-suite-with-factory-price","status":"publish","type":"product","link":"https:\/\/www.southvillabath.com\/pt\/product\/wholesale-bathroom-suite-with-factory-price\/","title":{"rendered":"Conjunto de casa de banho por atacado com pre\u00e7o de f\u00e1brica - sanita de uma pe\u00e7a, sanita suspensa e conjunto de bid\u00e9 SH-5101 \/ SH-3381 \/ SH-F001B"},"content":{"rendered":"<div class=\"wp-block-columns is-layout-flex wp-container-core-columns-is-layout-9d6595d7 wp-block-columns-is-layout-flex\">\n<div class=\"wp-block-column is-layout-flow wp-block-column-is-layout-flow\">\n<h3 class=\"wp-block-heading\">Carater\u00edsticas da casa de banho<\/h3>\n\n\n\n<ul class=\"wp-block-list\">\n<li><strong>Solu\u00e7\u00e3o completa para a casa de banho:<\/strong> Inclui sanita de uma pe\u00e7a, sanita suspensa e bid\u00e9, oferecendo combina\u00e7\u00f5es flex\u00edveis para satisfazer diferentes necessidades de instala\u00e7\u00e3o e exig\u00eancias do mercado.<\/li>\n\n\n\n<li><strong>Constru\u00e7\u00e3o em cer\u00e2mica dur\u00e1vel:<\/strong> Fabricado em cer\u00e2mica de alta qualidade com uma superf\u00edcie lisa e esmaltada, garante uma durabilidade duradoura, uma limpeza f\u00e1cil e resist\u00eancia ao desgaste di\u00e1rio.<\/li>\n\n\n\n<li><strong>Suporte \u00e0 personaliza\u00e7\u00e3o OEM\/ODM:<\/strong> Como fabricante experiente, oferecemos op\u00e7\u00f5es flex\u00edveis de personaliza\u00e7\u00e3o, incluindo log\u00f3tipo, ajustes de design e embalagem para satisfazer os requisitos regionais e da marca.<\/li>\n\n\n\n<li><strong>Vantagem do fornecimento direto da f\u00e1brica:<\/strong> Os pre\u00e7os competitivos, a capacidade de produ\u00e7\u00e3o est\u00e1vel e os prazos de entrega fi\u00e1veis garantem um fornecimento eficiente aos grossistas e distribuidores em todo o mundo.<\/li>\n<\/ul>\n<\/div>\n\n\n\n<div class=\"wp-block-column is-layout-flow wp-block-column-is-layout-flow\">\n<figure class=\"wp-block-image size-full\"><img decoding=\"async\" width=\"910\" height=\"778\" src=\"https:\/\/www.southvillabath.com\/wp-content\/uploads\/2026\/04\/Wholesale-Bathroom-Set-SH-5101-1.png\" alt=\"\" class=\"wp-image-1524\" srcset=\"https:\/\/www.southvillabath.com\/wp-content\/uploads\/2026\/04\/Wholesale-Bathroom-Set-SH-5101-1.png 910w, https:\/\/www.southvillabath.com\/wp-content\/uploads\/2026\/04\/Wholesale-Bathroom-Set-SH-5101-1-300x256.png 300w, https:\/\/www.southvillabath.com\/wp-content\/uploads\/2026\/04\/Wholesale-Bathroom-Set-SH-5101-1-768x657.png 768w, https:\/\/www.southvillabath.com\/wp-content\/uploads\/2026\/04\/Wholesale-Bathroom-Set-SH-5101-1-14x12.png 14w, https:\/\/www.southvillabath.com\/wp-content\/uploads\/2026\/04\/Wholesale-Bathroom-Set-SH-5101-1-600x513.png 600w\" sizes=\"(max-width: 910px) 100vw, 910px\" \/><\/figure>\n<\/div>\n<\/div>","protected":false},"excerpt":{"rendered":"<p>Este conjunto de casa de banho por atacado combina um design moderno com funcionalidade pr\u00e1tica, apresentando uma sanita de uma pe\u00e7a, uma sanita suspensa e um bid\u00e9 a condizer (SH-5101 \/ SH-3381 \/ SH-F001B). Concebido para satisfazer as diversas necessidades dos mercados globais, este conjunto oferece solu\u00e7\u00f5es flex\u00edveis para projectos de casas de banho residenciais, de hotelaria e comerciais.<\/p>\n<p>Como uma f\u00e1brica profissional de sanita, n\u00f3s fornecemos pre\u00e7os de f\u00e1brica e servi\u00e7o OEM&amp;ODM. Contacte-nos agora!<\/p>\n<h2><strong><b>Conjunto de casa de banho <\/b><\/strong><strong><b>Especifica\u00e7\u00e3o<\/b><\/strong><\/h2>\n<table>\n<tbody>\n<tr>\n<td><strong><b>Especifica\u00e7\u00e3o<\/b><\/strong><\/td>\n<td><strong><b>Detalhes<\/b><\/strong><\/td>\n<\/tr>\n<tr>\n<td>Modelo<\/td>\n<td>Sanita: SH-5101\/SH-3381 Bid\u00e9:SH-F001B<\/td>\n<\/tr>\n<tr>\n<td>Tipo de produto<\/td>\n<td>Suite de casa de banho<\/td>\n<\/tr>\n<tr>\n<td>Volume de descarga<\/td>\n<td>3.0-4.5L<\/td>\n<\/tr>\n<tr>\n<td>Sistema de descarga<\/td>\n<td>Lavagem sem aro<\/td>\n<\/tr>\n<tr>\n<td>Carater\u00edstica do assento<\/td>\n<td>Assento com fecho suave<\/td>\n<\/tr>\n<tr>\n<td>Servi\u00e7o OEM e ODM<\/td>\n<td>Log\u00f3tipo, cores, embalagem, forma do produto e carater\u00edsticas personalizadas dispon\u00edveis<\/td>\n<\/tr>\n<tr>\n<td>Tipo de drenagem(5101)<\/td>\n<td>P-trap:180mm \/ S-trap: 100\/250mm<\/td>\n<\/tr>\n<tr>\n<td>Tipo de drenagem(3381)<\/td>\n<td>P-trap:180mm<\/td>\n<\/tr>\n<tr>\n<td>MOQ<\/td>\n<td>50 unidades, flex\u00edvel para discuss\u00e3o posterior<\/td>\n<\/tr>\n<\/tbody>\n<\/table>\n<p>&nbsp;<\/p>","protected":false},"featured_media":1523,"comment_status":"closed","ping_status":"closed","template":"","meta":{"_acf_changed":true},"product_brand":[],"product_cat":[22],"product_tag":[],"class_list":{"0":"post-1522","1":"product","2":"type-product","3":"status-publish","4":"has-post-thumbnail","6":"product_cat-wholesale-bathroom-sets","8":"first","9":"instock","10":"shipping-taxable","11":"product-type-simple"},"acf":[],"_links":{"self":[{"href":"https:\/\/www.southvillabath.com\/pt\/wp-json\/wp\/v2\/product\/1522","targetHints":{"allow":["GET"]}}],"collection":[{"href":"https:\/\/www.southvillabath.com\/pt\/wp-json\/wp\/v2\/product"}],"about":[{"href":"https:\/\/www.southvillabath.com\/pt\/wp-json\/wp\/v2\/types\/product"}],"replies":[{"embeddable":true,"href":"https:\/\/www.southvillabath.com\/pt\/wp-json\/wp\/v2\/comments?post=1522"}],"wp:featuredmedia":[{"embeddable":true,"href":"https:\/\/www.southvillabath.com\/pt\/wp-json\/wp\/v2\/media\/1523"}],"wp:attachment":[{"href":"https:\/\/www.southvillabath.com\/pt\/wp-json\/wp\/v2\/media?parent=1522"}],"wp:term":[{"taxonomy":"product_brand","embeddable":true,"href":"https:\/\/www.southvillabath.com\/pt\/wp-json\/wp\/v2\/product_brand?post=1522"},{"taxonomy":"product_cat","embeddable":true,"href":"https:\/\/www.southvillabath.com\/pt\/wp-json\/wp\/v2\/product_cat?post=1522"},{"taxonomy":"product_tag","embeddable":true,"href":"https:\/\/www.southvillabath.com\/pt\/wp-json\/wp\/v2\/product_tag?post=1522"}],"curies":[{"name":"wp","href":"https:\/\/api.w.org\/{rel}","templated":true}]}}