{"id":1515,"date":"2026-04-17T06:34:55","date_gmt":"2026-04-17T06:34:55","guid":{"rendered":"https:\/\/www.southvillabath.com\/?post_type=product&#038;p=1515"},"modified":"2026-04-17T06:39:32","modified_gmt":"2026-04-17T06:39:32","slug":"wholesale-new-style-toilet-and-washbasin-set","status":"publish","type":"product","link":"https:\/\/www.southvillabath.com\/pt\/product\/wholesale-new-style-toilet-and-washbasin-set\/","title":{"rendered":"Conjunto de casa de banho por atacado, conjunto de sanita e lavat\u00f3rio de estilo novo - SH-6688 \/ SH-088 \/ SH-188 S\u00e9rie mais vendida"},"content":{"rendered":"<div class=\"wp-block-columns is-layout-flex wp-container-core-columns-is-layout-9d6595d7 wp-block-columns-is-layout-flex\">\n<div class=\"wp-block-column is-layout-flow wp-block-column-is-layout-flow\">\n<h3 class=\"wp-block-heading\">Carater\u00edsticas do conjunto de casa de banho<\/h3>\n\n\n\n<ul class=\"wp-block-list\">\n<li><strong>Est\u00e9tica moderna integrada:<\/strong> O conjunto apresenta uma silhueta coesa e quadrada que proporciona um aspeto elegante e uniforme para projectos de casas de banho de alta qualidade. O perfil minimalista foi concebido para apelar aos designers de interiores que procuram um toque contempor\u00e2neo.<\/li>\n\n\n\n<li><strong>Design avan\u00e7ado sem aros: <\/strong>Tanto a sanita de uma pe\u00e7a como a sanita de parede desta s\u00e9rie apresentam um design sem rebordo, eliminando \u00e1reas de dif\u00edcil acesso onde as bact\u00e9rias e o calc\u00e1rio se acumulam frequentemente, garantindo uma sanita mais limpa a cada descarga.<\/li>\n\n\n\n<li><strong>Constru\u00e7\u00e3o em cer\u00e2mica de qualidade comercial: <\/strong>Cozidos a altas temperaturas para uma densidade m\u00e1xima, os nossos produtos cer\u00e2micos apresentam baixas taxas de absor\u00e7\u00e3o de \u00e1gua e uma elevada capacidade de carga. Isto garante uma resist\u00eancia \u00e0 fissura\u00e7\u00e3o e \u00e0s manchas, tornando-os um investimento ideal para uma utiliza\u00e7\u00e3o comercial a longo prazo.<\/li>\n<\/ul>\n<\/div>\n\n\n\n<div class=\"wp-block-column is-layout-flow wp-block-column-is-layout-flow\">\n<figure class=\"wp-block-image size-full\"><img decoding=\"async\" width=\"925\" height=\"758\" src=\"https:\/\/www.southvillabath.com\/wp-content\/uploads\/2026\/04\/Wholesale-Bathroom-Set-SH-6688-SH-088-1.png\" alt=\"\" class=\"wp-image-1517\" srcset=\"https:\/\/www.southvillabath.com\/wp-content\/uploads\/2026\/04\/Wholesale-Bathroom-Set-SH-6688-SH-088-1.png 925w, https:\/\/www.southvillabath.com\/wp-content\/uploads\/2026\/04\/Wholesale-Bathroom-Set-SH-6688-SH-088-1-300x246.png 300w, https:\/\/www.southvillabath.com\/wp-content\/uploads\/2026\/04\/Wholesale-Bathroom-Set-SH-6688-SH-088-1-768x629.png 768w, https:\/\/www.southvillabath.com\/wp-content\/uploads\/2026\/04\/Wholesale-Bathroom-Set-SH-6688-SH-088-1-15x12.png 15w, https:\/\/www.southvillabath.com\/wp-content\/uploads\/2026\/04\/Wholesale-Bathroom-Set-SH-6688-SH-088-1-600x492.png 600w\" sizes=\"(max-width: 925px) 100vw, 925px\" \/><\/figure>\n<\/div>\n<\/div>","protected":false},"excerpt":{"rendered":"<p>Como fabricante dedicado de sanit\u00e1rios, oferecemos conjuntos de casa de banho em cer\u00e2mica de alto desempenho que combinam minimalismo arquitet\u00f3nico com tecnologia sanit\u00e1ria avan\u00e7ada. A s\u00e9rie \u201cZUN\u201d apresenta uma linguagem de design unificada e angular, dirigida a empreendimentos residenciais contempor\u00e2neos, hot\u00e9is de luxo e projectos de renova\u00e7\u00e3o comercial. Compreendendo as complexidades da cadeia de fornecimento global, oferecemos op\u00e7\u00f5es flex\u00edveis de encomendas a granel e pre\u00e7os fortes por grosso. Contacte-nos para obter uma cota\u00e7\u00e3o de f\u00e1brica.<\/p>\n<h2><strong><b>Suite de casa de banho\u00a0<\/b><\/strong><strong><b>Especifica\u00e7\u00e3o<\/b><\/strong><\/h2>\n<table>\n<tbody>\n<tr>\n<td><strong><b>Especifica\u00e7\u00e3o<\/b><\/strong><\/td>\n<td><strong><b>Detalhes<\/b><\/strong><\/td>\n<\/tr>\n<tr>\n<td>Modelo<\/td>\n<td>Sanita: SH-6688\/SH-088 Washbasin:SH-188<\/td>\n<\/tr>\n<tr>\n<td>Tipo de sanita<\/td>\n<td>Conjunto de casa de banho<\/td>\n<\/tr>\n<tr>\n<td>Volume de descarga<\/td>\n<td>3.0-4.5L<\/td>\n<\/tr>\n<tr>\n<td>Sistema de descarga<\/td>\n<td>Lavagem sem aro<\/td>\n<\/tr>\n<tr>\n<td>Carater\u00edstica do assento<\/td>\n<td>Assento com fecho suave<\/td>\n<\/tr>\n<tr>\n<td>Servi\u00e7o OEM e ODM<\/td>\n<td>Log\u00f3tipo, cores, embalagem, forma do produto e carater\u00edsticas personalizadas dispon\u00edveis<\/td>\n<\/tr>\n<tr>\n<td>Tipo de drenagem<\/td>\n<td>Coletor P:180mm \/ Coletor S: 250mm<\/td>\n<\/tr>\n<tr>\n<td>MOQ<\/td>\n<td>50 unidades, flex\u00edvel para discuss\u00e3o posterior<\/td>\n<\/tr>\n<\/tbody>\n<\/table>\n<p>&nbsp;<\/p>\n<p>\n<script src=\"chrome-extension:\/\/fpelahbljekknahkcaegamhcndkfpfnc\/iFrame.js\" type=\"text\/javascript\"><\/script><\/p>","protected":false},"featured_media":1516,"comment_status":"closed","ping_status":"closed","template":"","meta":{"_acf_changed":false},"product_brand":[],"product_cat":[22],"product_tag":[],"class_list":{"0":"post-1515","1":"product","2":"type-product","3":"status-publish","4":"has-post-thumbnail","6":"product_cat-wholesale-bathroom-sets","8":"first","9":"instock","10":"shipping-taxable","11":"product-type-simple"},"acf":[],"_links":{"self":[{"href":"https:\/\/www.southvillabath.com\/pt\/wp-json\/wp\/v2\/product\/1515","targetHints":{"allow":["GET"]}}],"collection":[{"href":"https:\/\/www.southvillabath.com\/pt\/wp-json\/wp\/v2\/product"}],"about":[{"href":"https:\/\/www.southvillabath.com\/pt\/wp-json\/wp\/v2\/types\/product"}],"replies":[{"embeddable":true,"href":"https:\/\/www.southvillabath.com\/pt\/wp-json\/wp\/v2\/comments?post=1515"}],"wp:featuredmedia":[{"embeddable":true,"href":"https:\/\/www.southvillabath.com\/pt\/wp-json\/wp\/v2\/media\/1516"}],"wp:attachment":[{"href":"https:\/\/www.southvillabath.com\/pt\/wp-json\/wp\/v2\/media?parent=1515"}],"wp:term":[{"taxonomy":"product_brand","embeddable":true,"href":"https:\/\/www.southvillabath.com\/pt\/wp-json\/wp\/v2\/product_brand?post=1515"},{"taxonomy":"product_cat","embeddable":true,"href":"https:\/\/www.southvillabath.com\/pt\/wp-json\/wp\/v2\/product_cat?post=1515"},{"taxonomy":"product_tag","embeddable":true,"href":"https:\/\/www.southvillabath.com\/pt\/wp-json\/wp\/v2\/product_tag?post=1515"}],"curies":[{"name":"wp","href":"https:\/\/api.w.org\/{rel}","templated":true}]}}