{"id":1486,"date":"2026-04-17T07:56:33","date_gmt":"2026-04-17T07:56:33","guid":{"rendered":"https:\/\/www.southvillabath.com\/?post_type=product&#038;p=1486"},"modified":"2026-04-18T02:30:55","modified_gmt":"2026-04-18T02:30:55","slug":"wholesale-floor-mounted-ceramic-bidet","status":"publish","type":"product","link":"https:\/\/www.southvillabath.com\/pt\/product\/wholesale-floor-mounted-ceramic-bidet\/","title":{"rendered":"Atacado Bid\u00e9 de Cer\u00e2mica de Ch\u00e3o SH-F001B - Fabricante de Bid\u00e9 B2B de Alta Qualidade"},"content":{"rendered":"<div class=\"wp-block-columns is-layout-flex wp-container-core-columns-is-layout-9d6595d7 wp-block-columns-is-layout-flex\">\n<div class=\"wp-block-column is-layout-flow wp-block-column-is-layout-flow\">\n<h3 class=\"wp-block-heading\">Bid\u00e9 em cer\u00e2mica montado no ch\u00e3o<\/h3>\n\n\n\n<ul class=\"wp-block-list\">\n<li><strong>Constru\u00e7\u00e3o em cer\u00e2mica de alta qualidade: <\/strong>Fabricado em material cer\u00e2mico de alta qualidade, o bid\u00e9 apresenta uma superf\u00edcie lisa e n\u00e3o porosa que resiste \u00e0s manchas e garante uma longa durabilidade na utiliza\u00e7\u00e3o di\u00e1ria.<\/li>\n\n\n\n<li><strong>Montagem no ch\u00e3o Design pr\u00e1tico: <\/strong>A estrutura de ch\u00e3o permite uma instala\u00e7\u00e3o simples e uma ampla compatibilidade com sistemas de canaliza\u00e7\u00e3o padr\u00e3o, ideal para v\u00e1rios requisitos de projectos.<\/li>\n\n\n\n<li><strong>Est\u00e9tica moderna e vers\u00e1til: <\/strong>Concebido com linhas simples e um aspeto minimalista, este bid\u00e9 complementa uma vasta gama de estilos de casa de banho, desde ambientes residenciais a comerciais.<\/li>\n\n\n\n<li><strong>Fornecimento fi\u00e1vel para compradores B2B: <\/strong>Como um fabricante profissional de bid\u00e9, temos uma capacidade de produ\u00e7\u00e3o est\u00e1vel e um controlo de qualidade rigoroso, garantindo a qualidade consistente do produto e a entrega atempada para encomendas globais a granel.<\/li>\n<\/ul>\n<\/div>\n\n\n\n<div class=\"wp-block-column is-layout-flow wp-block-column-is-layout-flow\">\n<figure class=\"wp-block-image size-full\"><img decoding=\"async\" width=\"728\" height=\"924\" src=\"https:\/\/www.southvillabath.com\/wp-content\/uploads\/2026\/04\/Wholesale-Bidet-SH-F001B-4.jpg\" alt=\"\" class=\"wp-image-1489\" srcset=\"https:\/\/www.southvillabath.com\/wp-content\/uploads\/2026\/04\/Wholesale-Bidet-SH-F001B-4.jpg 728w, https:\/\/www.southvillabath.com\/wp-content\/uploads\/2026\/04\/Wholesale-Bidet-SH-F001B-4-236x300.jpg 236w, https:\/\/www.southvillabath.com\/wp-content\/uploads\/2026\/04\/Wholesale-Bidet-SH-F001B-4-9x12.jpg 9w, https:\/\/www.southvillabath.com\/wp-content\/uploads\/2026\/04\/Wholesale-Bidet-SH-F001B-4-600x762.jpg 600w\" sizes=\"(max-width: 728px) 100vw, 728px\" \/><\/figure>\n<\/div>\n<\/div>","protected":false},"excerpt":{"rendered":"<p data-pm-slice=\"0 0 []\">Bid\u00e9 de cer\u00e2mica por atacado. O bid\u00e9 de parede SH-F001B representa uma fus\u00e3o de est\u00e9tica contempor\u00e2nea e engenharia de economia de espa\u00e7o, tornando-o uma escolha ideal para carteiras de casas de banho de alta qualidade. Para grossistas e distribuidores, o SH-F001B oferece uma solu\u00e7\u00e3o vers\u00e1til para diversas necessidades do mercado. O seu tamanho compacto permite-lhe adaptar-se confortavelmente a empreendimentos de apartamentos urbanos, hot\u00e9is de luxo e renova\u00e7\u00f5es residenciais modernas. Contacte-nos para obter um or\u00e7amento de f\u00e1brica.<\/p>\n<h2><strong><b>Bid\u00e9 de ch\u00e3o <\/b><\/strong><strong><b>Especifica\u00e7\u00e3o<\/b><\/strong><\/h2>\n<table>\n<tbody>\n<tr>\n<td><strong><b>Especifica\u00e7\u00e3o<\/b><\/strong><\/td>\n<td><strong><b>Detalhes<\/b><\/strong><\/td>\n<\/tr>\n<tr>\n<td>Modelo<\/td>\n<td>SH-F001B<\/td>\n<\/tr>\n<tr>\n<td>Tipo de sanita<\/td>\n<td>Bid\u00e9 de ch\u00e3o<\/td>\n<\/tr>\n<tr>\n<td>Tamanho<\/td>\n<td>555 mm x 360 mm x 410 mm<\/td>\n<\/tr>\n<tr>\n<td>Servi\u00e7o OEM e ODM<\/td>\n<td>Log\u00f3tipo, cores, embalagem, forma do produto e carater\u00edsticas personalizadas dispon\u00edveis<\/td>\n<\/tr>\n<tr>\n<td>MOQ<\/td>\n<td>50 unidades, flex\u00edvel para discuss\u00e3o posterior<\/td>\n<\/tr>\n<\/tbody>\n<\/table>\n<p>&nbsp;<\/p>","protected":false},"featured_media":1490,"comment_status":"closed","ping_status":"closed","template":"","meta":{"_acf_changed":false},"product_brand":[],"product_cat":[39],"product_tag":[],"class_list":{"0":"post-1486","1":"product","2":"type-product","3":"status-publish","4":"has-post-thumbnail","6":"product_cat-wholesale-bidets","8":"first","9":"instock","10":"shipping-taxable","11":"product-type-simple"},"acf":[],"_links":{"self":[{"href":"https:\/\/www.southvillabath.com\/pt\/wp-json\/wp\/v2\/product\/1486","targetHints":{"allow":["GET"]}}],"collection":[{"href":"https:\/\/www.southvillabath.com\/pt\/wp-json\/wp\/v2\/product"}],"about":[{"href":"https:\/\/www.southvillabath.com\/pt\/wp-json\/wp\/v2\/types\/product"}],"replies":[{"embeddable":true,"href":"https:\/\/www.southvillabath.com\/pt\/wp-json\/wp\/v2\/comments?post=1486"}],"wp:featuredmedia":[{"embeddable":true,"href":"https:\/\/www.southvillabath.com\/pt\/wp-json\/wp\/v2\/media\/1490"}],"wp:attachment":[{"href":"https:\/\/www.southvillabath.com\/pt\/wp-json\/wp\/v2\/media?parent=1486"}],"wp:term":[{"taxonomy":"product_brand","embeddable":true,"href":"https:\/\/www.southvillabath.com\/pt\/wp-json\/wp\/v2\/product_brand?post=1486"},{"taxonomy":"product_cat","embeddable":true,"href":"https:\/\/www.southvillabath.com\/pt\/wp-json\/wp\/v2\/product_cat?post=1486"},{"taxonomy":"product_tag","embeddable":true,"href":"https:\/\/www.southvillabath.com\/pt\/wp-json\/wp\/v2\/product_tag?post=1486"}],"curies":[{"name":"wp","href":"https:\/\/api.w.org\/{rel}","templated":true}]}}