{"id":1482,"date":"2026-04-18T06:39:32","date_gmt":"2026-04-18T06:39:32","guid":{"rendered":"https:\/\/www.southvillabath.com\/?post_type=product&#038;p=1482"},"modified":"2026-04-18T06:39:33","modified_gmt":"2026-04-18T06:39:33","slug":"wholesale-wall-hung-bidet-with-stylish-modern-aesthetic","status":"publish","type":"product","link":"https:\/\/www.southvillabath.com\/pt\/product\/wholesale-wall-hung-bidet-with-stylish-modern-aesthetic\/","title":{"rendered":"Wholesale Wall-Hung Bidet SH-006B - Apresenta uma est\u00e9tica moderna e elegante"},"content":{"rendered":"<div class=\"wp-block-columns is-layout-flex wp-container-core-columns-is-layout-9d6595d7 wp-block-columns-is-layout-flex\">\n<div class=\"wp-block-column is-layout-flow wp-block-column-is-layout-flow\">\n<h3 class=\"wp-block-heading\">Bid\u00e9 de parede Carater\u00edsticas<\/h3>\n\n\n\n<ul class=\"wp-block-list\">\n<li><strong>Design est\u00e9tico moderno e elegante: <\/strong>O SH-006B \u00e9 definido pelo seu estilo visual elegante e contempor\u00e2neo, tornando-o ideal para interiores de casas de banho modernas que privilegiam a eleg\u00e2ncia e a simplicidade.<\/li>\n\n\n\n<li><strong>Estrutura suspensa que poupa espa\u00e7o:<\/strong> A sua instala\u00e7\u00e3o flutuante cria uma disposi\u00e7\u00e3o limpa e aberta na casa de banho, melhorando o aspeto visual e a utiliza\u00e7\u00e3o funcional do espa\u00e7o.<\/li>\n\n\n\n<li><strong>Apoia a fixa\u00e7\u00e3o de pre\u00e7os mais elevados: <\/strong>O design est\u00e9tico elegante e topo de gama do SH-006B permite que o produto entre numa gama de pre\u00e7os mais elevada e melhore as margens de lucro globais.<\/li>\n\n\n\n<li><strong>Suporte \u00e0 personaliza\u00e7\u00e3o OEM\/ODM:<\/strong> Est\u00e3o dispon\u00edveis op\u00e7\u00f5es de personaliza\u00e7\u00e3o flex\u00edveis para ajustes de marca, embalagem e design para ajudar os clientes a criar linhas de produtos diferenciadas.<\/li>\n<\/ul>\n<\/div>\n\n\n\n<div class=\"wp-block-column is-layout-flow wp-block-column-is-layout-flow\">\n<figure class=\"wp-block-image size-full\"><img decoding=\"async\" width=\"1213\" height=\"736\" src=\"https:\/\/www.southvillabath.com\/wp-content\/uploads\/2026\/04\/Wholesale-Wall-hung-Bidet-SH-006B-2.jpg\" alt=\"\" class=\"wp-image-1485\" srcset=\"https:\/\/www.southvillabath.com\/wp-content\/uploads\/2026\/04\/Wholesale-Wall-hung-Bidet-SH-006B-2.jpg 1213w, https:\/\/www.southvillabath.com\/wp-content\/uploads\/2026\/04\/Wholesale-Wall-hung-Bidet-SH-006B-2-300x182.jpg 300w, https:\/\/www.southvillabath.com\/wp-content\/uploads\/2026\/04\/Wholesale-Wall-hung-Bidet-SH-006B-2-768x466.jpg 768w, https:\/\/www.southvillabath.com\/wp-content\/uploads\/2026\/04\/Wholesale-Wall-hung-Bidet-SH-006B-2-18x12.jpg 18w, https:\/\/www.southvillabath.com\/wp-content\/uploads\/2026\/04\/Wholesale-Wall-hung-Bidet-SH-006B-2-1200x728.jpg 1200w, https:\/\/www.southvillabath.com\/wp-content\/uploads\/2026\/04\/Wholesale-Wall-hung-Bidet-SH-006B-2-600x364.jpg 600w\" sizes=\"(max-width: 1213px) 100vw, 1213px\" \/><\/figure>\n<\/div>\n<\/div>","protected":false},"excerpt":{"rendered":"<p data-pm-slice=\"0 0 []\">O Bid\u00e9 de Parede Wholesale SH-006B foi concebido com um forte enfoque numa est\u00e9tica elegante e moderna, o que o torna uma excelente escolha para projectos de casas de banho contempor\u00e2neas em todo o mundo. A sua apar\u00eancia elegante torna-o particularmente adequado para hot\u00e9is, apartamentos de luxo e empreendimentos residenciais de luxo. Contacte-nos para obter pre\u00e7os de f\u00e1brica.<\/p>\n<h2><strong><b>Bid\u00e9 de parede <\/b><\/strong><strong><b>Especifica\u00e7\u00e3o<\/b><\/strong><\/h2>\n<table>\n<tbody>\n<tr>\n<td><strong><b>Especifica\u00e7\u00e3o<\/b><\/strong><\/td>\n<td><strong><b>Detalhes<\/b><\/strong><\/td>\n<\/tr>\n<tr>\n<td>Modelo<\/td>\n<td>SH-006B<\/td>\n<\/tr>\n<tr>\n<td>Tipo de sanita<\/td>\n<td>Bid\u00e9 de parede<\/td>\n<\/tr>\n<tr>\n<td>Tamanho<\/td>\n<td>515 mm x 360 mm x 360 mm<\/td>\n<\/tr>\n<tr>\n<td>Servi\u00e7o OEM e ODM<\/td>\n<td>Log\u00f3tipo, cores, embalagem, forma do produto e carater\u00edsticas personalizadas dispon\u00edveis<\/td>\n<\/tr>\n<tr>\n<td>Tipo de drenagem<\/td>\n<td>P-trap: 180mm<\/td>\n<\/tr>\n<tr>\n<td>MOQ<\/td>\n<td>50 unidades, flex\u00edvel para discuss\u00e3o posterior<\/td>\n<\/tr>\n<\/tbody>\n<\/table>\n<p>&nbsp;<\/p>\n<p>\n<script src=\"chrome-extension:\/\/fpelahbljekknahkcaegamhcndkfpfnc\/iFrame.js\" type=\"text\/javascript\"><\/script><\/p>","protected":false},"featured_media":1484,"comment_status":"closed","ping_status":"closed","template":"","meta":{"_acf_changed":false},"product_brand":[],"product_cat":[39],"product_tag":[],"class_list":{"0":"post-1482","1":"product","2":"type-product","3":"status-publish","4":"has-post-thumbnail","6":"product_cat-wholesale-bidets","8":"first","9":"instock","10":"shipping-taxable","11":"product-type-simple"},"acf":[],"_links":{"self":[{"href":"https:\/\/www.southvillabath.com\/pt\/wp-json\/wp\/v2\/product\/1482","targetHints":{"allow":["GET"]}}],"collection":[{"href":"https:\/\/www.southvillabath.com\/pt\/wp-json\/wp\/v2\/product"}],"about":[{"href":"https:\/\/www.southvillabath.com\/pt\/wp-json\/wp\/v2\/types\/product"}],"replies":[{"embeddable":true,"href":"https:\/\/www.southvillabath.com\/pt\/wp-json\/wp\/v2\/comments?post=1482"}],"wp:featuredmedia":[{"embeddable":true,"href":"https:\/\/www.southvillabath.com\/pt\/wp-json\/wp\/v2\/media\/1484"}],"wp:attachment":[{"href":"https:\/\/www.southvillabath.com\/pt\/wp-json\/wp\/v2\/media?parent=1482"}],"wp:term":[{"taxonomy":"product_brand","embeddable":true,"href":"https:\/\/www.southvillabath.com\/pt\/wp-json\/wp\/v2\/product_brand?post=1482"},{"taxonomy":"product_cat","embeddable":true,"href":"https:\/\/www.southvillabath.com\/pt\/wp-json\/wp\/v2\/product_cat?post=1482"},{"taxonomy":"product_tag","embeddable":true,"href":"https:\/\/www.southvillabath.com\/pt\/wp-json\/wp\/v2\/product_tag?post=1482"}],"curies":[{"name":"wp","href":"https:\/\/api.w.org\/{rel}","templated":true}]}}