{"id":1472,"date":"2026-04-17T08:18:28","date_gmt":"2026-04-17T08:18:28","guid":{"rendered":"https:\/\/www.southvillabath.com\/?post_type=product&#038;p=1472"},"modified":"2026-04-18T02:30:50","modified_gmt":"2026-04-18T02:30:50","slug":"wholesale-wall-hung-bidets","status":"publish","type":"product","link":"https:\/\/www.southvillabath.com\/pt\/product\/wholesale-wall-hung-bidets\/","title":{"rendered":"Bid\u00e9 de parede por atacado SH-002B - F\u00e1brica profissional de bid\u00e9 na China"},"content":{"rendered":"<div class=\"wp-block-columns is-layout-flex wp-container-core-columns-is-layout-9d6595d7 wp-block-columns-is-layout-flex\">\n<div class=\"wp-block-column is-layout-flow wp-block-column-is-layout-flow\">\n<h3 class=\"wp-block-heading\">Bid\u00e9 de parede Carater\u00edsticas<\/h3>\n\n\n\n<ul class=\"wp-block-list\">\n<li><strong>Design suspenso que poupa espa\u00e7o:<\/strong> A instala\u00e7\u00e3o na parede maximiza o espa\u00e7o no ch\u00e3o e cria um aspeto limpo e moderno, tornando-a especialmente adequada para casas de banho compactas e projectos de luxo.<\/li>\n\n\n\n<li><strong>F\u00e1cil manuten\u00e7\u00e3o e higiene: <\/strong>A superf\u00edcie lisa vidrada reduz a acumula\u00e7\u00e3o de sujidade e permite uma limpeza r\u00e1pida, ajudando a manter os padr\u00f5es de higiene em ambientes residenciais e comerciais.<\/li>\n\n\n\n<li><strong>Cen\u00e1rios de aplica\u00e7\u00e3o vers\u00e1teis: <\/strong>Ideal para hot\u00e9is, apartamentos, edif\u00edcios de escrit\u00f3rios e solu\u00e7\u00f5es de casa de banho de retalho, satisfazendo as diversas exig\u00eancias do mercado.<\/li>\n\n\n\n<li><strong>Suporte \u00e0 personaliza\u00e7\u00e3o OEM e ODM: <\/strong>Como fabricante experiente, fornecemos solu\u00e7\u00f5es personalizadas, incluindo modifica\u00e7\u00f5es de marca, embalagem e design, para satisfazer necessidades comerciais espec\u00edficas.<\/li>\n<\/ul>\n<\/div>\n\n\n\n<div class=\"wp-block-column is-layout-flow wp-block-column-is-layout-flow\">\n<figure class=\"wp-block-image size-full\"><img decoding=\"async\" width=\"1214\" height=\"736\" src=\"https:\/\/www.southvillabath.com\/wp-content\/uploads\/2026\/04\/Wholesale-Wall-hung-Bidet-SH-002B-2.jpg\" alt=\"\" class=\"wp-image-1474\" srcset=\"https:\/\/www.southvillabath.com\/wp-content\/uploads\/2026\/04\/Wholesale-Wall-hung-Bidet-SH-002B-2.jpg 1214w, https:\/\/www.southvillabath.com\/wp-content\/uploads\/2026\/04\/Wholesale-Wall-hung-Bidet-SH-002B-2-300x182.jpg 300w, https:\/\/www.southvillabath.com\/wp-content\/uploads\/2026\/04\/Wholesale-Wall-hung-Bidet-SH-002B-2-768x466.jpg 768w, https:\/\/www.southvillabath.com\/wp-content\/uploads\/2026\/04\/Wholesale-Wall-hung-Bidet-SH-002B-2-18x12.jpg 18w, https:\/\/www.southvillabath.com\/wp-content\/uploads\/2026\/04\/Wholesale-Wall-hung-Bidet-SH-002B-2-1200x728.jpg 1200w, https:\/\/www.southvillabath.com\/wp-content\/uploads\/2026\/04\/Wholesale-Wall-hung-Bidet-SH-002B-2-600x364.jpg 600w\" sizes=\"(max-width: 1214px) 100vw, 1214px\" \/><\/figure>\n<\/div>\n<\/div>","protected":false},"excerpt":{"rendered":"<p data-pm-slice=\"0 0 []\">Bid\u00e9 de cer\u00e2mica por atacado. O SH-002B apresenta um design aerodin\u00e2mico e suspenso que maximiza o espa\u00e7o no ch\u00e3o e simplifica a limpeza di\u00e1ria. Fabricado em cer\u00e2mica de alta qualidade, possui durabilidade a longo prazo e resist\u00eancia a manchas, atendendo aos padr\u00f5es internacionais. Contacte-nos para obter pre\u00e7os de f\u00e1brica.<\/p>\n<h2><strong><b>Bid\u00e9 de parede <\/b><\/strong><strong><b>Especifica\u00e7\u00f5es<\/b><\/strong><\/h2>\n<table>\n<tbody>\n<tr>\n<td><strong><b>Especifica\u00e7\u00e3o<\/b><\/strong><\/td>\n<td><strong><b>Detalhes<\/b><\/strong><\/td>\n<\/tr>\n<tr>\n<td>Modelo<\/td>\n<td>SH-002B<\/td>\n<\/tr>\n<tr>\n<td>Tipo de sanita<\/td>\n<td>Bid\u00e9 de parede<\/td>\n<\/tr>\n<tr>\n<td>Tamanho<\/td>\n<td>\n<p>485 mm x 360 mm x 360 mm<\/p>\n<\/td>\n<\/tr>\n<tr>\n<td>Servi\u00e7o OEM e ODM<\/td>\n<td>Log\u00f3tipo, cores, embalagem, forma do produto e carater\u00edsticas personalizadas dispon\u00edveis<\/td>\n<\/tr>\n<tr>\n<td>Tipo de drenagem<\/td>\n<td>P-trap: 180mm<\/td>\n<\/tr>\n<tr>\n<td>MOQ<\/td>\n<td>50 unidades, flex\u00edvel para discuss\u00e3o posterior<\/td>\n<\/tr>\n<\/tbody>\n<\/table>","protected":false},"featured_media":1473,"comment_status":"closed","ping_status":"closed","template":"","meta":{"_acf_changed":false},"product_brand":[],"product_cat":[39],"product_tag":[],"class_list":{"0":"post-1472","1":"product","2":"type-product","3":"status-publish","4":"has-post-thumbnail","6":"product_cat-wholesale-bidets","8":"first","9":"instock","10":"shipping-taxable","11":"product-type-simple"},"acf":[],"_links":{"self":[{"href":"https:\/\/www.southvillabath.com\/pt\/wp-json\/wp\/v2\/product\/1472","targetHints":{"allow":["GET"]}}],"collection":[{"href":"https:\/\/www.southvillabath.com\/pt\/wp-json\/wp\/v2\/product"}],"about":[{"href":"https:\/\/www.southvillabath.com\/pt\/wp-json\/wp\/v2\/types\/product"}],"replies":[{"embeddable":true,"href":"https:\/\/www.southvillabath.com\/pt\/wp-json\/wp\/v2\/comments?post=1472"}],"wp:featuredmedia":[{"embeddable":true,"href":"https:\/\/www.southvillabath.com\/pt\/wp-json\/wp\/v2\/media\/1473"}],"wp:attachment":[{"href":"https:\/\/www.southvillabath.com\/pt\/wp-json\/wp\/v2\/media?parent=1472"}],"wp:term":[{"taxonomy":"product_brand","embeddable":true,"href":"https:\/\/www.southvillabath.com\/pt\/wp-json\/wp\/v2\/product_brand?post=1472"},{"taxonomy":"product_cat","embeddable":true,"href":"https:\/\/www.southvillabath.com\/pt\/wp-json\/wp\/v2\/product_cat?post=1472"},{"taxonomy":"product_tag","embeddable":true,"href":"https:\/\/www.southvillabath.com\/pt\/wp-json\/wp\/v2\/product_tag?post=1472"}],"curies":[{"name":"wp","href":"https:\/\/api.w.org\/{rel}","templated":true}]}}