{"id":1448,"date":"2026-04-17T09:04:58","date_gmt":"2026-04-17T09:04:58","guid":{"rendered":"https:\/\/www.southvillabath.com\/?post_type=product&#038;p=1448"},"modified":"2026-04-18T02:30:37","modified_gmt":"2026-04-18T02:30:37","slug":"wholesale-wall-hung-bidet-manufacturer","status":"publish","type":"product","link":"https:\/\/www.southvillabath.com\/pt\/product\/wholesale-wall-hung-bidet-manufacturer\/","title":{"rendered":"Atacado Bid\u00e9 de Parede SH-001B - Fabricante de Bid\u00e9 de Cer\u00e2mica"},"content":{"rendered":"<div class=\"wp-block-columns is-layout-flex wp-container-core-columns-is-layout-9d6595d7 wp-block-columns-is-layout-flex\">\n<div class=\"wp-block-column is-layout-flow wp-block-column-is-layout-flow\">\n<h3 class=\"wp-block-heading\">Bid\u00e9 de parede Carater\u00edsticas<\/h3>\n\n\n\n<ul class=\"wp-block-list\">\n<li><strong>Wall-hung Space-saving Design: <\/strong>The wall-mounted structure maximizes floor space and creates a clean, modern look, making it suitable for compact bathrooms and premium interior designs.<\/li>\n\n\n\n<li><strong>Easy Maintenance &amp; Hygiene: <\/strong>The smooth glazed surface reduces dirt buildup and simplifies cleaning, helping maintain hygiene standards in both residential and commercial settings.<\/li>\n\n\n\n<li><strong>Ideal for B2B Projects: <\/strong>Perfect for wholesalers, contractors, and project buyers supplying hotels, apartments, and renovation projects requiring consistent product quality.<\/li>\n\n\n\n<li><strong>OEM &amp; ODM Customization Available: <\/strong>Flexible customization options, including logo, packaging, and design adjustments to support private label development and diverse market needs.<\/li>\n<\/ul>\n<\/div>\n\n\n\n<div class=\"wp-block-column is-layout-flow wp-block-column-is-layout-flow\">\n<figure class=\"wp-block-image size-full\"><img decoding=\"async\" width=\"1213\" height=\"737\" src=\"https:\/\/www.southvillabath.com\/wp-content\/uploads\/2026\/04\/Wholesale-Wall-hung-Bidet-SH-001B-1.jpg\" alt=\"\" class=\"wp-image-1465\" srcset=\"https:\/\/www.southvillabath.com\/wp-content\/uploads\/2026\/04\/Wholesale-Wall-hung-Bidet-SH-001B-1.jpg 1213w, https:\/\/www.southvillabath.com\/wp-content\/uploads\/2026\/04\/Wholesale-Wall-hung-Bidet-SH-001B-1-300x182.jpg 300w, https:\/\/www.southvillabath.com\/wp-content\/uploads\/2026\/04\/Wholesale-Wall-hung-Bidet-SH-001B-1-768x467.jpg 768w, https:\/\/www.southvillabath.com\/wp-content\/uploads\/2026\/04\/Wholesale-Wall-hung-Bidet-SH-001B-1-18x12.jpg 18w, https:\/\/www.southvillabath.com\/wp-content\/uploads\/2026\/04\/Wholesale-Wall-hung-Bidet-SH-001B-1-1200x729.jpg 1200w, https:\/\/www.southvillabath.com\/wp-content\/uploads\/2026\/04\/Wholesale-Wall-hung-Bidet-SH-001B-1-600x365.jpg 600w\" sizes=\"(max-width: 1213px) 100vw, 1213px\" \/><\/figure>\n<\/div>\n<\/div>","protected":false},"excerpt":{"rendered":"<p data-pm-slice=\"0 0 []\">The Wholesale Wall-hung Bidet SH-001B is designed to meet the evolving needs of modern bathrooms, combining minimalist aesthetics with practical functionality. Crafted from high-quality ceramic, this bidet ensures long-lasting durability and resistance to daily wear. Contact us for factory pricing.<\/p>\n<h2><strong><b>Bid\u00e9 de parede <\/b><\/strong><strong><b>Especifica\u00e7\u00e3o<\/b><\/strong><\/h2>\n<table>\n<tbody>\n<tr>\n<td><strong><b>Especifica\u00e7\u00e3o<\/b><\/strong><\/td>\n<td><strong><b>Detalhes<\/b><\/strong><\/td>\n<\/tr>\n<tr>\n<td>Modelo<\/td>\n<td>SH-001B<\/td>\n<\/tr>\n<tr>\n<td>Tipo de sanita<\/td>\n<td>Bid\u00e9 de parede<\/td>\n<\/tr>\n<tr>\n<td>Tamanho<\/td>\n<td>485 mm x 360 mm x 360 mm<\/td>\n<\/tr>\n<tr>\n<td>Servi\u00e7o OEM e ODM<\/td>\n<td>Log\u00f3tipo, cores, embalagem, forma do produto e carater\u00edsticas personalizadas dispon\u00edveis<\/td>\n<\/tr>\n<tr>\n<td>Tipo de drenagem<\/td>\n<td>P-trap: 180mm<\/td>\n<\/tr>\n<tr>\n<td>MOQ<\/td>\n<td>50 unidades, flex\u00edvel para discuss\u00e3o posterior<\/td>\n<\/tr>\n<\/tbody>\n<\/table>\n<p>&nbsp;<\/p>","protected":false},"featured_media":1464,"comment_status":"closed","ping_status":"closed","template":"","meta":{"_acf_changed":false},"product_brand":[],"product_cat":[39],"product_tag":[],"class_list":{"0":"post-1448","1":"product","2":"type-product","3":"status-publish","4":"has-post-thumbnail","6":"product_cat-wholesale-bidets","8":"first","9":"instock","10":"shipping-taxable","11":"product-type-simple"},"acf":[],"_links":{"self":[{"href":"https:\/\/www.southvillabath.com\/pt\/wp-json\/wp\/v2\/product\/1448","targetHints":{"allow":["GET"]}}],"collection":[{"href":"https:\/\/www.southvillabath.com\/pt\/wp-json\/wp\/v2\/product"}],"about":[{"href":"https:\/\/www.southvillabath.com\/pt\/wp-json\/wp\/v2\/types\/product"}],"replies":[{"embeddable":true,"href":"https:\/\/www.southvillabath.com\/pt\/wp-json\/wp\/v2\/comments?post=1448"}],"wp:featuredmedia":[{"embeddable":true,"href":"https:\/\/www.southvillabath.com\/pt\/wp-json\/wp\/v2\/media\/1464"}],"wp:attachment":[{"href":"https:\/\/www.southvillabath.com\/pt\/wp-json\/wp\/v2\/media?parent=1448"}],"wp:term":[{"taxonomy":"product_brand","embeddable":true,"href":"https:\/\/www.southvillabath.com\/pt\/wp-json\/wp\/v2\/product_brand?post=1448"},{"taxonomy":"product_cat","embeddable":true,"href":"https:\/\/www.southvillabath.com\/pt\/wp-json\/wp\/v2\/product_cat?post=1448"},{"taxonomy":"product_tag","embeddable":true,"href":"https:\/\/www.southvillabath.com\/pt\/wp-json\/wp\/v2\/product_tag?post=1448"}],"curies":[{"name":"wp","href":"https:\/\/api.w.org\/{rel}","templated":true}]}}