{"id":1447,"date":"2026-04-17T07:23:13","date_gmt":"2026-04-17T07:23:13","guid":{"rendered":"https:\/\/www.southvillabath.com\/?post_type=product&#038;p=1447"},"modified":"2026-04-21T09:38:01","modified_gmt":"2026-04-21T09:38:01","slug":"factory-direct-supply-two-piece-tornado-flush-toilet","status":"publish","type":"product","link":"https:\/\/www.southvillabath.com\/pt\/product\/factory-direct-supply-two-piece-tornado-flush-toilet\/","title":{"rendered":"Fornecimento direto da f\u00e1brica sanita de descarga Tornado de duas pe\u00e7as SH-5202 - Fabricante de sanitas"},"content":{"rendered":"<div class=\"wp-block-columns is-layout-flex wp-container-core-columns-is-layout-9d6595d7 wp-block-columns-is-layout-flex\">\n<div class=\"wp-block-column is-layout-flow wp-block-column-is-layout-flow\">\n<h3 class=\"wp-block-heading\">Carater\u00edsticas da sanita de duas pe\u00e7as<\/h3>\n\n\n\n<ul class=\"wp-block-list\">\n<li><strong>Sistema Tornado Flush eficiente:<\/strong> Concebida para criar um forte fluxo de \u00e1gua em turbilh\u00e3o, garantindo um desempenho de limpeza eficaz e melhorando os padr\u00f5es gerais de higiene.<\/li>\n\n\n\n<li><strong>Constru\u00e7\u00e3o em cer\u00e2mica dur\u00e1vel: <\/strong>Fabricado em material cer\u00e2mico de alta qualidade com uma superf\u00edcie lisa e esmaltada, oferece durabilidade a longo prazo e f\u00e1cil manuten\u00e7\u00e3o para utiliza\u00e7\u00e3o di\u00e1ria.<\/li>\n\n\n\n<li><strong>Design pr\u00e1tico de duas pe\u00e7as:<\/strong> A estrutura separada do dep\u00f3sito e da cuba simplifica o transporte, reduz os custos de expedi\u00e7\u00e3o e permite uma instala\u00e7\u00e3o flex\u00edvel em diferentes mercados.<\/li>\n\n\n\n<li><strong>Cen\u00e1rios de aplica\u00e7\u00e3o vers\u00e1teis: <\/strong>Adequado para projectos de habita\u00e7\u00e3o, hot\u00e9is, apartamentos e edif\u00edcios comerciais, satisfazendo diversos requisitos de projectos.<\/li>\n\n\n\n<li><strong>Fornecimento direto da f\u00e1brica e a granel: <\/strong>Como fabricante direto, fornecemos uma capacidade de produ\u00e7\u00e3o est\u00e1vel, pre\u00e7os competitivos e entrega fi\u00e1vel para encomendas por grosso em grande escala.<\/li>\n<\/ul>\n<\/div>\n\n\n\n<div class=\"wp-block-column is-layout-flow wp-block-column-is-layout-flow\">\n<figure class=\"wp-block-image size-full\"><img decoding=\"async\" width=\"1825\" height=\"2296\" src=\"https:\/\/www.southvillabath.com\/wp-content\/uploads\/2026\/04\/Wholesale-Two-piece-toilet-SH-5202-1.jpg\" alt=\"\" class=\"wp-image-1510\" srcset=\"https:\/\/www.southvillabath.com\/wp-content\/uploads\/2026\/04\/Wholesale-Two-piece-toilet-SH-5202-1.jpg 1825w, https:\/\/www.southvillabath.com\/wp-content\/uploads\/2026\/04\/Wholesale-Two-piece-toilet-SH-5202-1-238x300.jpg 238w, https:\/\/www.southvillabath.com\/wp-content\/uploads\/2026\/04\/Wholesale-Two-piece-toilet-SH-5202-1-768x966.jpg 768w, https:\/\/www.southvillabath.com\/wp-content\/uploads\/2026\/04\/Wholesale-Two-piece-toilet-SH-5202-1-10x12.jpg 10w, https:\/\/www.southvillabath.com\/wp-content\/uploads\/2026\/04\/Wholesale-Two-piece-toilet-SH-5202-1-1200x1510.jpg 1200w, https:\/\/www.southvillabath.com\/wp-content\/uploads\/2026\/04\/Wholesale-Two-piece-toilet-SH-5202-1-600x755.jpg 600w\" sizes=\"(max-width: 1825px) 100vw, 1825px\" \/><\/figure>\n<\/div>\n<\/div>","protected":false},"excerpt":{"rendered":"<p>A sanita Tornado Flush SH-5202 de duas pe\u00e7as foi concebida para proporcionar uma experi\u00eancia de descarga potente e eficiente, tornando-a uma escolha fi\u00e1vel para projectos de casas de banho modernas. Como fabricante profissional com capacidades de fornecimento direto da f\u00e1brica, fornecemos produtos de qualidade consistente e pre\u00e7os competitivos adaptados \u00e0s necessidades dos grossistas, distribuidores e importadores globais.<\/p>\n<h2><strong><b>Sanita de duas pe\u00e7as <\/b><\/strong><strong><b>Especifica\u00e7\u00f5es<\/b><\/strong><\/h2>\n<table>\n<tbody>\n<tr>\n<td><strong><b>Especifica\u00e7\u00e3o<\/b><\/strong><\/td>\n<td><strong><b>Detalhes<\/b><\/strong><\/td>\n<\/tr>\n<tr>\n<td>Modelo<\/td>\n<td>SH-5202<\/td>\n<\/tr>\n<tr>\n<td>Tipo de sanita<\/td>\n<td>Sanita de duas pe\u00e7as<\/td>\n<\/tr>\n<tr>\n<td>Tamanho<\/td>\n<td>620 mm x 365 mm x 820 mm<\/td>\n<\/tr>\n<tr>\n<td>Sistema de descarga<\/td>\n<td>Tornado de lavagem<\/td>\n<\/tr>\n<tr>\n<td>Carater\u00edstica do assento<\/td>\n<td>Assento com fecho suave<\/td>\n<\/tr>\n<tr>\n<td>Servi\u00e7o OEM e ODM<\/td>\n<td>Log\u00f3tipo, cores, embalagem, forma do produto e carater\u00edsticas personalizadas dispon\u00edveis<\/td>\n<\/tr>\n<tr>\n<td>Tipo de drenagem<\/td>\n<td>Coletor P:180mm \/ Coletor S: 250mm<\/td>\n<\/tr>\n<tr>\n<td>MOQ<\/td>\n<td>50 unidades, flex\u00edvel para discuss\u00e3o posterior<\/td>\n<\/tr>\n<\/tbody>\n<\/table>\n<p>&nbsp;<\/p>\n<p><script src=\"chrome-extension:\/\/fpelahbljekknahkcaegamhcndkfpfnc\/iFrame.js\" type=\"text\/javascript\"><\/script><\/p>","protected":false},"featured_media":1511,"comment_status":"closed","ping_status":"closed","template":"","meta":{"_acf_changed":true},"product_brand":[],"product_cat":[18],"product_tag":[],"class_list":{"0":"post-1447","1":"product","2":"type-product","3":"status-publish","4":"has-post-thumbnail","6":"product_cat-wholesale-two-piece-toilets","8":"first","9":"instock","10":"shipping-taxable","11":"product-type-simple"},"acf":[],"_links":{"self":[{"href":"https:\/\/www.southvillabath.com\/pt\/wp-json\/wp\/v2\/product\/1447","targetHints":{"allow":["GET"]}}],"collection":[{"href":"https:\/\/www.southvillabath.com\/pt\/wp-json\/wp\/v2\/product"}],"about":[{"href":"https:\/\/www.southvillabath.com\/pt\/wp-json\/wp\/v2\/types\/product"}],"replies":[{"embeddable":true,"href":"https:\/\/www.southvillabath.com\/pt\/wp-json\/wp\/v2\/comments?post=1447"}],"wp:featuredmedia":[{"embeddable":true,"href":"https:\/\/www.southvillabath.com\/pt\/wp-json\/wp\/v2\/media\/1511"}],"wp:attachment":[{"href":"https:\/\/www.southvillabath.com\/pt\/wp-json\/wp\/v2\/media?parent=1447"}],"wp:term":[{"taxonomy":"product_brand","embeddable":true,"href":"https:\/\/www.southvillabath.com\/pt\/wp-json\/wp\/v2\/product_brand?post=1447"},{"taxonomy":"product_cat","embeddable":true,"href":"https:\/\/www.southvillabath.com\/pt\/wp-json\/wp\/v2\/product_cat?post=1447"},{"taxonomy":"product_tag","embeddable":true,"href":"https:\/\/www.southvillabath.com\/pt\/wp-json\/wp\/v2\/product_tag?post=1447"}],"curies":[{"name":"wp","href":"https:\/\/api.w.org\/{rel}","templated":true}]}}